{"id":989916,"date":"2025-07-13T22:46:14","date_gmt":"2025-07-13T22:46:14","guid":{"rendered":"https:\/\/agrovetazerbaijan.az\/?post_type=product&#038;p=989916"},"modified":"2025-07-13T22:46:27","modified_gmt":"2025-07-13T22:46:27","slug":"petline-sensiplus-sterilised-cat-pate-with-salmon","status":"publish","type":"product","link":"https:\/\/agrovetazerbaijan.az\/ru\/product\/petline-sensiplus-sterilised-cat-pate-with-salmon\/","title":{"rendered":"Petline Sensiplus \u2013 \u041f\u0430\u0448\u0442\u0435\u0442 \u0434\u043b\u044f \u0441\u0442\u0435\u0440\u0438\u043b\u0438\u0437\u043e\u0432\u0430\u043d\u043d\u044b\u0445 \u043a\u043e\u0448\u0435\u043a \u0441 \u043b\u043e\u0441\u043e\u0441\u0435\u043c"},"content":{"rendered":"<div class=\"vgblk-rw-wrapper limit-wrapper\">\n<h2 data-start=\"175\" data-end=\"238\">\ud83d\udc31 <strong data-start=\"181\" data-end=\"236\">Petline Sensiplus \u2013 \u041f\u0430\u0448\u0442\u0435\u0442 \u0434\u043b\u044f \u0441\u0442\u0435\u0440\u0438\u043b\u0438\u0437\u043e\u0432\u0430\u043d\u043d\u044b\u0445 \u043a\u043e\u0448\u0435\u043a \u0441 \u043b\u043e\u0441\u043e\u0441\u0435\u043c<\/strong><\/h2>\n<p data-start=\"239\" data-end=\"308\"><strong data-start=\"239\" data-end=\"308\">\u0411\u0435\u0437\u0437\u0435\u0440\u043d\u043e\u0432\u043e\u0439 | \u0412\u043b\u0430\u0436\u043d\u044b\u0439 \u043a\u043e\u0440\u043c \u0441\u0443\u043f\u0435\u0440-\u043f\u0440\u0435\u043c\u0438\u0443\u043c \u043a\u043b\u0430\u0441\u0441\u0430 | \u0421\u043f\u0435\u0446\u0438\u0430\u043b\u044c\u043d\u043e \u0434\u043b\u044f \u0441\u0442\u0435\u0440\u0438\u043b\u0438\u0437\u043e\u0432\u0430\u043d\u043d\u044b\u0445 \u043a\u043e\u0448\u0435\u043a<\/strong><\/p>\n<hr data-start=\"310\" data-end=\"313\" \/>\n<h3 data-start=\"315\" data-end=\"349\">\u2728 <strong data-start=\"321\" data-end=\"349\">\u041e\u0441\u043e\u0431\u0435\u043d\u043d\u043e\u0441\u0442\u0438 \u043f\u0440\u043e\u0434\u0443\u043a\u0442\u0430:<\/strong><\/h3>\n<p data-start=\"351\" data-end=\"824\">\u2705 <strong data-start=\"353\" data-end=\"402\">\u0421\u043f\u0435\u0446\u0438\u0430\u043b\u044c\u043d\u0430\u044f \u0444\u043e\u0440\u043c\u0443\u043b\u0430 \u0434\u043b\u044f \u0441\u0442\u0435\u0440\u0438\u043b\u0438\u0437\u043e\u0432\u0430\u043d\u043d\u044b\u0445 \u043a\u043e\u0448\u0435\u043a<\/strong> \u2013 \u043a\u043e\u043d\u0442\u0440\u043e\u043b\u0438\u0440\u0443\u0435\u0442 \u0432\u0435\u0441 \u0438 \u043c\u043e\u0447\u0435\u0432\u044b\u0432\u043e\u0434\u044f\u0449\u0438\u0435 \u043f\u0443\u0442\u0438<br data-start=\"449\" data-end=\"452\" \/>\u2705 <strong data-start=\"454\" data-end=\"508\">\u0412\u043a\u0443\u0441\u043d\u044b\u0439 \u0438 \u043a\u0430\u0447\u0435\u0441\u0442\u0432\u0435\u043d\u043d\u044b\u0439 \u043b\u043e\u0441\u043e\u0441\u044c<\/strong> \u0432\u043b\u0430\u0436\u043d\u044b\u0439 \u043a\u043e\u0440\u043c, \u043f\u0440\u0438\u0433\u043e\u0442\u043e\u0432\u043b\u0435\u043d\u043d\u044b\u0439 \u0441<br data-start=\"532\" data-end=\"535\" \/>\u2705 <strong data-start=\"537\" data-end=\"562\">\u0411\u0435\u0437 \u0437\u0435\u0440\u043d\u0430<\/strong> \u2013 \u043f\u043e\u0434\u0445\u043e\u0434\u0438\u0442 \u0434\u043b\u044f \u043a\u043e\u0448\u0435\u043a \u0441 \u0447\u0443\u0432\u0441\u0442\u0432\u0438\u0442\u0435\u043b\u044c\u043d\u043e\u0439 \u043f\u0438\u0449\u0435\u0432\u0430\u0440\u0438\u0442\u0435\u043b\u044c\u043d\u043e\u0439 \u0441\u0438\u0441\u0442\u0435\u043c\u043e\u0439<br data-start=\"608\" data-end=\"611\" \/>\u2705 <strong data-start=\"613\" data-end=\"637\">\u041d\u0430\u0442\u0443\u0440\u0430\u043b\u044c\u043d\u044b\u0435 \u0438\u043d\u0433\u0440\u0435\u0434\u0438\u0435\u043d\u0442\u044b<\/strong> \u2013 \u0431\u0435\u0437 \u0438\u0441\u043a\u0443\u0441\u0441\u0442\u0432\u0435\u043d\u043d\u044b\u0445 \u043a\u0440\u0430\u0441\u0438\u0442\u0435\u043b\u0435\u0439, \u043a\u043e\u043d\u0441\u0435\u0440\u0432\u0430\u043d\u0442\u043e\u0432 \u0438 \u043f\u043e\u0434\u0441\u043b\u0430\u0441\u0442\u0438\u0442\u0435\u043b\u0435\u0439<br data-start=\"686\" data-end=\"689\" \/>\u2705 <strong data-start=\"691\" data-end=\"717\">\u041c\u044f\u0433\u043a\u0430\u044f \u0442\u0435\u043a\u0441\u0442\u0443\u0440\u0430 (\u043f\u0430\u0448\u0442\u0435\u0442)<\/strong> \u2013 \u0438\u0434\u0435\u0430\u043b\u044c\u043d\u043e \u043f\u043e\u0434\u0445\u043e\u0434\u0438\u0442 \u0434\u043b\u044f \u043a\u043e\u0448\u0435\u043a \u0441 \u043f\u0440\u0438\u0434\u0438\u0440\u0447\u0438\u0432\u044b\u043c\u0438 \u0432\u043a\u0443\u0441\u0430\u043c\u0438<br data-start=\"753\" data-end=\"756\" \/>\u2705 <strong data-start=\"758\" data-end=\"783\">\u041f\u043e\u0440\u0446\u0438\u043e\u043d\u043d\u044b\u0435 \u043a\u043e\u043d\u0441\u0435\u0440\u0432\u044b<\/strong> \u2013 \u043e\u0431\u0435\u0441\u043f\u0435\u0447\u0438\u0432\u0430\u0435\u0442 \u0441\u0432\u0435\u0436\u0435\u0435 \u0438 \u0433\u0438\u0433\u0438\u0435\u043d\u0438\u0447\u043d\u043e\u0435 \u043f\u0438\u0442\u0430\u043d\u0438\u0435<\/p>\n<hr data-start=\"826\" data-end=\"829\" \/>\n<h3 data-start=\"831\" data-end=\"858\">\ud83d\udccc <strong data-start=\"838\" data-end=\"858\">\u041e \u043f\u0440\u043e\u0434\u0443\u043a\u0442\u0435:<\/strong><\/h3>\n<ul data-start=\"860\" data-end=\"1124\">\n<li data-start=\"860\" data-end=\"918\">\n<p data-start=\"862\" data-end=\"918\"><strong data-start=\"862\" data-end=\"877\">\u041d\u0430\u0437\u0432\u0430\u043d\u0438\u0435 \u043f\u0440\u043e\u0434\u0443\u043a\u0442\u0430:<\/strong> \u041f\u0430\u0448\u0442\u0435\u0442 \u0438\u0437 \u0441\u0442\u0435\u0440\u0438\u043b\u0438\u0437\u043e\u0432\u0430\u043d\u043d\u043e\u0433\u043e \u043a\u043e\u0448\u0430\u0447\u044c\u0435\u0433\u043e \u043c\u044f\u0441\u0430 \u2013 \u041b\u043e\u0441\u043e\u0441\u044c<\/p>\n<\/li>\n<li data-start=\"919\" data-end=\"958\">\n<p data-start=\"921\" data-end=\"958\"><strong data-start=\"921\" data-end=\"950\">\u041d\u043e\u043c\u0435\u0440 \u0438\u043d\u0432\u0435\u043d\u0442\u0430\u0440\u044f:<\/strong> 50201<\/p>\n<\/li>\n<li data-start=\"959\" data-end=\"992\">\n<p data-start=\"961\" data-end=\"992\"><strong data-start=\"961\" data-end=\"971\">\u0411\u0440\u0435\u043d\u0434:<\/strong> Petline\u00ae Sensiplus<\/p>\n<\/li>\n<li data-start=\"993\" data-end=\"1032\">\n<p data-start=\"995\" data-end=\"1032\"><strong data-start=\"995\" data-end=\"1007\">\u0424\u043e\u0440\u043c\u0430:<\/strong> \u0412\u043b\u0430\u0436\u043d\u044b\u0439 \u043a\u043e\u0440\u043c \/ \u041a\u043e\u043d\u0441\u0435\u0440\u0432\u0438\u0440\u043e\u0432\u0430\u043d\u043d\u044b\u0439 \u043f\u0430\u0448\u0442\u0435\u0442<\/p>\n<\/li>\n<li data-start=\"1033\" data-end=\"1088\">\n<p data-start=\"1035\" data-end=\"1088\"><strong data-start=\"1035\" data-end=\"1052\">\u0426\u0435\u043b\u0435\u0432\u043e\u0435 \u0436\u0438\u0432\u043e\u0442\u043d\u043e\u0435:<\/strong> \u0421\u0442\u0435\u0440\u0438\u043b\u0438\u0437\u043e\u0432\u0430\u043d\u043d\u044b\u0435 \u0432\u0437\u0440\u043e\u0441\u043b\u044b\u0435 \u043a\u043e\u0448\u043a\u0438<\/p>\n<\/li>\n<li data-start=\"1089\" data-end=\"1124\">\n<p data-start=\"1091\" data-end=\"1124\"><strong data-start=\"1091\" data-end=\"1102\">\u0421\u043e\u0441\u0442\u0430\u0432:<\/strong> \u0411\u0435\u0437 \u0437\u0435\u0440\u043d\u0430<\/p>\n<\/li>\n<\/ul>\n<hr data-start=\"1126\" data-end=\"1129\" \/>\n<h3 data-start=\"1131\" data-end=\"1150\">\ud83e\uddea <strong data-start=\"1138\" data-end=\"1150\">\u0418\u043d\u0433\u0440\u0435\u0434\u0438\u0435\u043d\u0442\u044b:<\/strong><\/h3>\n<blockquote data-start=\"1152\" data-end=\"1299\">\n<p data-start=\"1154\" data-end=\"1299\"><strong data-start=\"1154\" data-end=\"1181\">\u041b\u043e\u0441\u043e\u0441\u044c<\/strong>, \u0440\u044b\u0431\u043d\u0430\u044f \u0432\u043e\u0434\u0430, \u043d\u0430\u0442\u0443\u0440\u0430\u043b\u044c\u043d\u044b\u0435 \u0432\u043e\u043b\u043e\u043a\u043d\u0430, \u0432\u0438\u0442\u0430\u043c\u0438\u043d\u043d\u043e-\u043c\u0438\u043d\u0435\u0440\u0430\u043b\u044c\u043d\u044b\u0439 \u043a\u043e\u043c\u043f\u043b\u0435\u043a\u0441, \u0436\u0435\u043b\u0430\u0442\u0438\u043d\u0438\u0437\u0438\u0440\u0443\u044e\u0449\u0438\u0435 \u0430\u0433\u0435\u043d\u0442\u044b, \u0442\u0430\u0443\u0440\u0438\u043d, \u043d\u0430\u0442\u0443\u0440\u0430\u043b\u044c\u043d\u044b\u0435 \u0430\u043d\u0442\u0438\u043e\u043a\u0441\u0438\u0434\u0430\u043d\u0442\u044b.<\/p>\n<\/blockquote>\n<p data-start=\"1301\" data-end=\"1367\">\ud83d\udccc <strong data-start=\"1304\" data-end=\"1367\">\u041d\u0435 \u0441\u043e\u0434\u0435\u0440\u0436\u0438\u0442 \u0438\u0441\u043a\u0443\u0441\u0441\u0442\u0432\u0435\u043d\u043d\u044b\u0445 \u043f\u043e\u0434\u0441\u043b\u0430\u0441\u0442\u0438\u0442\u0435\u043b\u0435\u0439, \u043a\u0440\u0430\u0441\u0438\u0442\u0435\u043b\u0435\u0439 \u0438 \u043a\u043e\u043d\u0441\u0435\u0440\u0432\u0430\u043d\u0442\u043e\u0432.<\/strong><\/p>\n<hr data-start=\"1369\" data-end=\"1372\" \/>\n<h3 data-start=\"1374\" data-end=\"1394\">\ud83d\udc3e <strong data-start=\"1381\" data-end=\"1394\">\u0421\u043e\u0432\u043c\u0435\u0441\u0442\u0438\u043c\u043e\u0441\u0442\u044c:<\/strong><\/h3>\n<p data-start=\"1396\" data-end=\"1590\">\ud83e\udd63 <strong data-start=\"1399\" data-end=\"1452\">\u0415\u0436\u0435\u0434\u043d\u0435\u0432\u043d\u044b\u0439 \u0432\u043b\u0430\u0436\u043d\u044b\u0439 \u043a\u043e\u0440\u043c \u0434\u043b\u044f \u0441\u0442\u0435\u0440\u0438\u043b\u0438\u0437\u043e\u0432\u0430\u043d\u043d\u044b\u0445 \u043a\u043e\u0448\u0435\u043a<\/strong><br data-start=\"1452\" data-end=\"1455\" \/>\u2696\ufe0f <strong data-start=\"1458\" data-end=\"1522\">\u0421\u043f\u043e\u0441\u043e\u0431\u0441\u0442\u0432\u0443\u0435\u0442 \u043a\u043e\u043d\u0442\u0440\u043e\u043b\u044e \u0432\u0435\u0441\u0430 \u0438 \u0437\u0434\u043e\u0440\u043e\u0432\u044c\u044e \u043c\u043e\u0447\u0435\u0432\u044b\u0432\u043e\u0434\u044f\u0449\u0438\u0445 \u043f\u0443\u0442\u0435\u0439<\/strong><br data-start=\"1522\" data-end=\"1525\" \/>\ud83d\udca7 <strong data-start=\"1528\" data-end=\"1560\">\u041e\u0431\u0435\u0441\u043f\u0435\u0447\u0438\u0432\u0430\u0435\u0442 \u0434\u043e\u043f\u043e\u043b\u043d\u0438\u0442\u0435\u043b\u044c\u043d\u043e\u0435 \u0443\u0432\u043b\u0430\u0436\u043d\u0435\u043d\u0438\u0435<\/strong> \u2013 \u0432\u0430\u0436\u0435\u043d \u0434\u043b\u044f \u043c\u043e\u0447\u0435\u0432\u044b\u0432\u043e\u0434\u044f\u0449\u0438\u0445 \u043f\u0443\u0442\u0435\u0439<\/p>\n<\/div>\n<p><!-- .vgblk-rw-wrapper --><\/p>","protected":false},"excerpt":{"rendered":"<p>\ud83d\udc31 Petline Sensiplus \u2013 Sterilised Cat P\u00e2t\u00e9 with Salmon Grain-Free | Super Premium Wet Food | Special for Sterilised Cats \u2728 M\u0259hsulun X\u00fcsusiyy\u0259tl\u0259ri: \u2705 Steriliz\u0259 olunmu\u015f pi\u015fikl\u0259r \u00fc\u00e7\u00fcn x\u00fcsusi formul \u2013 \u00e7\u0259kini v\u0259 sidik yollar\u0131n\u0131 n\u0259zar\u0259td\u0259 saxlay\u0131r\u2705 L\u0259zz\u0259tli v\u0259 y\u00fcks\u0259k keyfiyy\u0259tli q\u0131z\u0131lbal\u0131q (salmon) il\u0259 haz\u0131rlanm\u0131\u015f ya\u015f yem\u2705 Tax\u0131ls\u0131z (Grain-Free) \u2013 h\u0259ssas h\u0259zm sistemli pi\u015fikl\u0259r \u00fc\u00e7\u00fcn&#8230;<\/p>","protected":false},"featured_media":989917,"comment_status":"closed","ping_status":"closed","template":"","meta":{"nf_dc_page":"","_monsterinsights_skip_tracking":false,"_monsterinsights_sitenote_active":false,"_monsterinsights_sitenote_note":"","_monsterinsights_sitenote_category":0},"product_brand":[],"product_cat":[51,244,245],"product_tag":[],"class_list":{"0":"post-989916","1":"product","2":"type-product","3":"status-publish","4":"has-post-thumbnail","6":"product_cat-cat","7":"product_cat-it-ve-pisik-mehsullari","8":"product_cat-yemler","10":"first","11":"instock","12":"shipping-taxable","13":"product-type-simple"},"jetpack_sharing_enabled":true,"_links":{"self":[{"href":"https:\/\/agrovetazerbaijan.az\/ru\/wp-json\/wp\/v2\/product\/989916","targetHints":{"allow":["GET"]}}],"collection":[{"href":"https:\/\/agrovetazerbaijan.az\/ru\/wp-json\/wp\/v2\/product"}],"about":[{"href":"https:\/\/agrovetazerbaijan.az\/ru\/wp-json\/wp\/v2\/types\/product"}],"replies":[{"embeddable":true,"href":"https:\/\/agrovetazerbaijan.az\/ru\/wp-json\/wp\/v2\/comments?post=989916"}],"version-history":[{"count":2,"href":"https:\/\/agrovetazerbaijan.az\/ru\/wp-json\/wp\/v2\/product\/989916\/revisions"}],"predecessor-version":[{"id":989919,"href":"https:\/\/agrovetazerbaijan.az\/ru\/wp-json\/wp\/v2\/product\/989916\/revisions\/989919"}],"wp:featuredmedia":[{"embeddable":true,"href":"https:\/\/agrovetazerbaijan.az\/ru\/wp-json\/wp\/v2\/media\/989917"}],"wp:attachment":[{"href":"https:\/\/agrovetazerbaijan.az\/ru\/wp-json\/wp\/v2\/media?parent=989916"}],"wp:term":[{"taxonomy":"product_brand","embeddable":true,"href":"https:\/\/agrovetazerbaijan.az\/ru\/wp-json\/wp\/v2\/product_brand?post=989916"},{"taxonomy":"product_cat","embeddable":true,"href":"https:\/\/agrovetazerbaijan.az\/ru\/wp-json\/wp\/v2\/product_cat?post=989916"},{"taxonomy":"product_tag","embeddable":true,"href":"https:\/\/agrovetazerbaijan.az\/ru\/wp-json\/wp\/v2\/product_tag?post=989916"}],"curies":[{"name":"WP","href":"https:\/\/api.w.org\/{rel}","templated":true}]}}