{"id":989913,"date":"2025-07-13T22:13:57","date_gmt":"2025-07-13T22:13:57","guid":{"rendered":"https:\/\/agrovetazerbaijan.az\/?post_type=product&#038;p=989913"},"modified":"2025-07-13T22:14:11","modified_gmt":"2025-07-13T22:14:11","slug":"petline-serenity-adult-cat-pate-with-lamb","status":"publish","type":"product","link":"https:\/\/agrovetazerbaijan.az\/ru\/product\/petline-serenity-adult-cat-pate-with-lamb\/","title":{"rendered":"Petline Serenity \u2013 \u041f\u0430\u0448\u0442\u0435\u0442 \u0434\u043b\u044f \u0432\u0437\u0440\u043e\u0441\u043b\u044b\u0445 \u043a\u043e\u0448\u0435\u043a \u0441 \u044f\u0433\u043d\u0435\u043d\u043a\u043e\u043c"},"content":{"rendered":"<div class=\"vgblk-rw-wrapper limit-wrapper\">\n<h2 data-start=\"165\" data-end=\"220\">\ud83d\udc31 <strong data-start=\"171\" data-end=\"218\">Petline Serenity \u2013 \u041f\u0430\u0448\u0442\u0435\u0442 \u0434\u043b\u044f \u0432\u0437\u0440\u043e\u0441\u043b\u044b\u0445 \u043a\u043e\u0448\u0435\u043a \u0441 \u044f\u0433\u043d\u0435\u043d\u043a\u043e\u043c<\/strong><\/h2>\n<p data-start=\"221\" data-end=\"282\"><strong data-start=\"221\" data-end=\"282\">\u0411\u0435\u0437\u0437\u0435\u0440\u043d\u043e\u0432\u043e\u0439 | \u0412\u043b\u0430\u0436\u043d\u044b\u0439 \u043a\u043e\u0440\u043c \u0441\u0443\u043f\u0435\u0440-\u043f\u0440\u0435\u043c\u0438\u0443\u043c \u043a\u043b\u0430\u0441\u0441\u0430 | \u041f\u043e\u043b\u043d\u043e\u0440\u0430\u0446\u0438\u043e\u043d\u043d\u044b\u0439 \u0438 \u0441\u0431\u0430\u043b\u0430\u043d\u0441\u0438\u0440\u043e\u0432\u0430\u043d\u043d\u044b\u0439<\/strong><\/p>\n<hr data-start=\"284\" data-end=\"287\" \/>\n<h3 data-start=\"289\" data-end=\"323\">\u2728 <strong data-start=\"295\" data-end=\"323\">\u041e\u0441\u043e\u0431\u0435\u043d\u043d\u043e\u0441\u0442\u0438 \u043f\u0440\u043e\u0434\u0443\u043a\u0442\u0430:<\/strong><\/h3>\n<p data-start=\"325\" data-end=\"735\">\u2705 <strong data-start=\"327\" data-end=\"348\">\u0412\u043a\u0443\u0441\u043d\u0430\u044f \u0431\u0430\u0440\u0430\u043d\u0438\u043d\u0430<\/strong> \u0432\u044b\u0441\u043e\u043a\u043e\u043a\u0430\u0447\u0435\u0441\u0442\u0432\u0435\u043d\u043d\u044b\u0439 \u0432\u043b\u0430\u0436\u043d\u044b\u0439 \u043a\u043e\u0440\u043c, \u043f\u0440\u0438\u0433\u043e\u0442\u043e\u0432\u043b\u0435\u043d\u043d\u044b\u0439 \u0438\u0437<br data-start=\"391\" data-end=\"394\" \/>\u2705 <strong data-start=\"396\" data-end=\"415\">\u0412\u0437\u0440\u043e\u0441\u043b\u044b\u0435 \u043a\u043e\u0448\u043a\u0438<\/strong> \u043f\u043e\u043b\u043d\u043e\u0446\u0435\u043d\u043d\u044b\u0439 \u0438 \u0441\u0431\u0430\u043b\u0430\u043d\u0441\u0438\u0440\u043e\u0432\u0430\u043d\u043d\u044b\u0439 \u0438\u0441\u0442\u043e\u0447\u043d\u0438\u043a \u043f\u0438\u0442\u0430\u043d\u0438\u044f \u0434\u043b\u044f<br data-start=\"458\" data-end=\"461\" \/>\u2705 <strong data-start=\"463\" data-end=\"488\">\u0411\u0435\u0437 \u0437\u0435\u0440\u043d\u0430<\/strong> \u2013 \u043f\u043e\u0434\u0445\u043e\u0434\u0438\u0442 \u0434\u043b\u044f \u043a\u043e\u0448\u0435\u043a, \u0441\u043a\u043b\u043e\u043d\u043d\u044b\u0445 \u043a \u0430\u043b\u043b\u0435\u0440\u0433\u0438\u0438 \u0438 \u0438\u043c\u0435\u044e\u0449\u0438\u0445 \u0447\u0443\u0432\u0441\u0442\u0432\u0438\u0442\u0435\u043b\u044c\u043d\u0443\u044e \u043f\u0438\u0449\u0435\u0432\u0430\u0440\u0438\u0442\u0435\u043b\u044c\u043d\u0443\u044e \u0441\u0438\u0441\u0442\u0435\u043c\u0443<br data-start=\"554\" data-end=\"557\" \/>\u2705 <strong data-start=\"559\" data-end=\"585\">\u041c\u044f\u0433\u043a\u0430\u044f \u0442\u0435\u043a\u0441\u0442\u0443\u0440\u0430 (\u043f\u0430\u0448\u0442\u0435\u0442)<\/strong> \u2013 \u0438\u0434\u0435\u0430\u043b\u044c\u043d\u043e \u043f\u043e\u0434\u0445\u043e\u0434\u0438\u0442 \u0434\u043b\u044f \u043f\u0440\u0438\u0432\u0435\u0440\u0435\u0434\u043b\u0438\u0432\u044b\u0445 \u0438 \u043d\u0435\u0436\u043d\u044b\u0445 \u043a\u043e\u0448\u0435\u043a<br data-start=\"623\" data-end=\"626\" \/>\u2705 <strong data-start=\"628\" data-end=\"675\">\u0411\u0435\u0437 \u0438\u0441\u043a\u0443\u0441\u0441\u0442\u0432\u0435\u043d\u043d\u044b\u0445 \u043a\u0440\u0430\u0441\u0438\u0442\u0435\u043b\u0435\u0439 \u0438 \u043a\u043e\u043d\u0441\u0435\u0440\u0432\u0430\u043d\u0442\u043e\u0432.<\/strong><br data-start=\"675\" data-end=\"678\" \/>\u2705 <strong data-start=\"680\" data-end=\"705\">\u041f\u043e\u0440\u0446\u0438\u043e\u043d\u043d\u044b\u0435 \u043a\u043e\u043d\u0441\u0435\u0440\u0432\u044b<\/strong> \u2013 \u043a\u043e\u043c\u0444\u043e\u0440\u0442\u043d\u043e\u0435 \u0438 \u0433\u0438\u0433\u0438\u0435\u043d\u0438\u0447\u043d\u043e\u0435 \u0438\u0441\u043f\u043e\u043b\u044c\u0437\u043e\u0432\u0430\u043d\u0438\u0435<\/p>\n<hr data-start=\"737\" data-end=\"740\" \/>\n<h3 data-start=\"742\" data-end=\"769\">\ud83d\udccc <strong data-start=\"749\" data-end=\"769\">\u041e \u043f\u0440\u043e\u0434\u0443\u043a\u0442\u0435:<\/strong><\/h3>\n<ul data-start=\"771\" data-end=\"1027\">\n<li data-start=\"771\" data-end=\"822\">\n<p data-start=\"773\" data-end=\"822\"><strong data-start=\"773\" data-end=\"788\">\u041d\u0430\u0437\u0432\u0430\u043d\u0438\u0435 \u043f\u0440\u043e\u0434\u0443\u043a\u0442\u0430:<\/strong> \u041f\u0430\u0448\u0442\u0435\u0442 \u0434\u043b\u044f \u0432\u0437\u0440\u043e\u0441\u043b\u044b\u0445 \u043a\u043e\u0448\u0435\u043a \u2013 \u043e\u0442\u0431\u043e\u0440\u043d\u0430\u044f \u044f\u0433\u043d\u0451\u043d\u043a\u0430<\/p>\n<\/li>\n<li data-start=\"823\" data-end=\"862\">\n<p data-start=\"825\" data-end=\"862\"><strong data-start=\"825\" data-end=\"854\">\u041d\u043e\u043c\u0435\u0440 \u0438\u043d\u0432\u0435\u043d\u0442\u0430\u0440\u044f:<\/strong> 50205<\/p>\n<\/li>\n<li data-start=\"863\" data-end=\"895\">\n<p data-start=\"865\" data-end=\"895\"><strong data-start=\"865\" data-end=\"875\">\u0411\u0440\u0435\u043d\u0434:<\/strong> Petline\u00ae Serenity<\/p>\n<\/li>\n<li data-start=\"896\" data-end=\"935\">\n<p data-start=\"898\" data-end=\"935\"><strong data-start=\"898\" data-end=\"910\">\u0424\u043e\u0440\u043c\u0430:<\/strong> \u0412\u043b\u0430\u0436\u043d\u044b\u0439 \u043a\u043e\u0440\u043c (\u043a\u043e\u043d\u0441\u0435\u0440\u0432\u0438\u0440\u043e\u0432\u0430\u043d\u043d\u044b\u0439 \u043f\u0430\u0448\u0442\u0435\u0442)<\/p>\n<\/li>\n<li data-start=\"936\" data-end=\"986\">\n<p data-start=\"938\" data-end=\"986\"><strong data-start=\"938\" data-end=\"955\">\u041f\u043e\u0434\u0445\u043e\u0434\u044f\u0449\u0435\u0435 \u0436\u0438\u0432\u043e\u0442\u043d\u043e\u0435:<\/strong> \u0412\u0437\u0440\u043e\u0441\u043b\u044b\u0435 \u043a\u043e\u0448\u043a\u0438<\/p>\n<\/li>\n<li data-start=\"987\" data-end=\"1027\">\n<p data-start=\"989\" data-end=\"1027\"><strong data-start=\"989\" data-end=\"1001\">\u0418\u043d\u0433\u0440\u0435\u0434\u0438\u0435\u043d\u0442\u044b:<\/strong> <strong data-start=\"1002\" data-end=\"1027\">\u0411\u0435\u0437 \u0437\u0435\u0440\u043d\u0430<\/strong><\/p>\n<\/li>\n<\/ul>\n<hr data-start=\"1029\" data-end=\"1032\" \/>\n<h3 data-start=\"1034\" data-end=\"1053\">\ud83e\uddea <strong data-start=\"1041\" data-end=\"1053\">\u0418\u043d\u0433\u0440\u0435\u0434\u0438\u0435\u043d\u0442\u044b:<\/strong><\/h3>\n<blockquote data-start=\"1055\" data-end=\"1188\">\n<p data-start=\"1057\" data-end=\"1188\"><strong data-start=\"1057\" data-end=\"1075\">\u041d\u0430\u0442\u0443\u0440\u0430\u043b\u044c\u043d\u0430\u044f \u0431\u0430\u0440\u0430\u043d\u0438\u043d\u0430<\/strong>, \u043c\u044f\u0441\u043d\u043e\u0439 \u0431\u0443\u043b\u044c\u043e\u043d, \u043d\u0430\u0442\u0443\u0440\u0430\u043b\u044c\u043d\u044b\u0435 \u0432\u043e\u043b\u043e\u043a\u043d\u0430, \u0441\u043c\u0435\u0441\u044c \u0432\u0438\u0442\u0430\u043c\u0438\u043d\u043e\u0432 \u0438 \u043c\u0438\u043d\u0435\u0440\u0430\u043b\u043e\u0432, \u0442\u0430\u0443\u0440\u0438\u043d, \u0436\u0435\u043b\u0430\u0442\u0438\u043d\u0438\u0437\u0438\u0440\u0443\u044e\u0449\u0438\u0435 \u0430\u0433\u0435\u043d\u0442\u044b, \u043d\u0430\u0442\u0443\u0440\u0430\u043b\u044c\u043d\u044b\u0435 \u0430\u043d\u0442\u0438\u043e\u043a\u0441\u0438\u0434\u0430\u043d\u0442\u044b.<\/p>\n<\/blockquote>\n<p data-start=\"1190\" data-end=\"1252\">\ud83d\udccc \u041d\u0435 \u0441\u043e\u0434\u0435\u0440\u0436\u0438\u0442 \u0438\u0441\u043a\u0443\u0441\u0441\u0442\u0432\u0435\u043d\u043d\u044b\u0445 \u043f\u043e\u0434\u0441\u043b\u0430\u0441\u0442\u0438\u0442\u0435\u043b\u0435\u0439, \u043a\u0440\u0430\u0441\u0438\u0442\u0435\u043b\u0435\u0439 \u0438 \u043a\u043e\u043d\u0441\u0435\u0440\u0432\u0430\u043d\u0442\u043e\u0432.<\/p>\n<hr data-start=\"1254\" data-end=\"1257\" \/>\n<h3 data-start=\"1259\" data-end=\"1279\">\ud83d\udc3e <strong data-start=\"1266\" data-end=\"1279\">\u0421\u043e\u0432\u043c\u0435\u0441\u0442\u0438\u043c\u043e\u0441\u0442\u044c:<\/strong><\/h3>\n<p data-start=\"1281\" data-end=\"1474\">\ud83e\udd63 <strong data-start=\"1284\" data-end=\"1342\">\u0414\u043b\u044f \u0432\u0437\u0440\u043e\u0441\u043b\u044b\u0445 \u043a\u043e\u0448\u0435\u043a \u0441 \u0447\u0443\u0432\u0441\u0442\u0432\u0438\u0442\u0435\u043b\u044c\u043d\u044b\u043c \u0436\u0435\u043b\u0443\u0434\u043a\u043e\u043c \u0438 \u043f\u0440\u0438\u0434\u0438\u0440\u0447\u0438\u0432\u044b\u043c\u0438 \u0432\u043a\u0443\u0441\u043e\u0432\u044b\u043c\u0438 \u0440\u0435\u0446\u0435\u043f\u0442\u043e\u0440\u0430\u043c\u0438<\/strong> \u042d\u0442\u043e \u0432\u043b\u0430\u0436\u043d\u044b\u0439 \u043a\u043e\u0440\u043c, \u043a\u043e\u0442\u043e\u0440\u044b\u0439 \u043c\u043e\u0436\u043d\u043e \u0438\u0441\u043f\u043e\u043b\u044c\u0437\u043e\u0432\u0430\u0442\u044c \u043a\u0430\u0436\u0434\u044b\u0439 \u0434\u0435\u043d\u044c.<br data-start=\"1391\" data-end=\"1394\" \/>\ud83d\udca7 \u0423\u0432\u0435\u043b\u0438\u0447\u0438\u0432\u0430\u0435\u0442 \u0433\u0438\u0434\u0440\u0430\u0442\u0430\u0446\u0438\u044e \u043e\u0440\u0433\u0430\u043d\u0438\u0437\u043c\u0430 \u0438 \u043f\u043e\u0434\u0434\u0435\u0440\u0436\u0438\u0432\u0430\u0435\u0442 \u0437\u0434\u043e\u0440\u043e\u0432\u044c\u0435 \u043c\u043e\u0447\u0435\u0432\u044b\u0432\u043e\u0434\u044f\u0449\u0438\u0445 \u043f\u0443\u0442\u0435\u0439.<\/p>\n<\/div>\n<p><!-- .vgblk-rw-wrapper --><\/p>","protected":false},"excerpt":{"rendered":"<p>\ud83d\udc31 Petline Serenity \u2013 Adult Cat P\u00e2t\u00e9 with Lamb Grain-Free | Super Premium Wet Food | Complete &amp; Balanced \u2728 M\u0259hsulun X\u00fcsusiyy\u0259tl\u0259ri: \u2705 L\u0259zz\u0259tli quzu \u0259ti il\u0259 haz\u0131rlanm\u0131\u015f y\u00fcks\u0259k keyfiyy\u0259tli ya\u015f yem\u2705 Yetkin pi\u015fikl\u0259r \u00fc\u00e7\u00fcn tam v\u0259 balansla\u015fd\u0131r\u0131lm\u0131\u015f qida m\u0259nb\u0259yi\u2705 Tax\u0131ls\u0131z (Grain-Free) \u2013 allergiyaya meyilli v\u0259 h\u0259ssas h\u0259zm sistemli pi\u015fikl\u0259r \u00fc\u00e7\u00fcn uy\u011fun\u2705 Yum\u015faq tekstura (p\u00e2t\u00e9)&#8230;<\/p>","protected":false},"featured_media":989914,"comment_status":"closed","ping_status":"closed","template":"","meta":{"nf_dc_page":"","_monsterinsights_skip_tracking":false,"_monsterinsights_sitenote_active":false,"_monsterinsights_sitenote_note":"","_monsterinsights_sitenote_category":0},"product_brand":[],"product_cat":[244,51,245],"product_tag":[],"class_list":{"0":"post-989913","1":"product","2":"type-product","3":"status-publish","4":"has-post-thumbnail","6":"product_cat-it-ve-pisik-mehsullari","7":"product_cat-cat","8":"product_cat-yemler","10":"first","11":"instock","12":"shipping-taxable","13":"product-type-simple"},"jetpack_sharing_enabled":true,"_links":{"self":[{"href":"https:\/\/agrovetazerbaijan.az\/ru\/wp-json\/wp\/v2\/product\/989913","targetHints":{"allow":["GET"]}}],"collection":[{"href":"https:\/\/agrovetazerbaijan.az\/ru\/wp-json\/wp\/v2\/product"}],"about":[{"href":"https:\/\/agrovetazerbaijan.az\/ru\/wp-json\/wp\/v2\/types\/product"}],"replies":[{"embeddable":true,"href":"https:\/\/agrovetazerbaijan.az\/ru\/wp-json\/wp\/v2\/comments?post=989913"}],"version-history":[{"count":1,"href":"https:\/\/agrovetazerbaijan.az\/ru\/wp-json\/wp\/v2\/product\/989913\/revisions"}],"predecessor-version":[{"id":989915,"href":"https:\/\/agrovetazerbaijan.az\/ru\/wp-json\/wp\/v2\/product\/989913\/revisions\/989915"}],"wp:featuredmedia":[{"embeddable":true,"href":"https:\/\/agrovetazerbaijan.az\/ru\/wp-json\/wp\/v2\/media\/989914"}],"wp:attachment":[{"href":"https:\/\/agrovetazerbaijan.az\/ru\/wp-json\/wp\/v2\/media?parent=989913"}],"wp:term":[{"taxonomy":"product_brand","embeddable":true,"href":"https:\/\/agrovetazerbaijan.az\/ru\/wp-json\/wp\/v2\/product_brand?post=989913"},{"taxonomy":"product_cat","embeddable":true,"href":"https:\/\/agrovetazerbaijan.az\/ru\/wp-json\/wp\/v2\/product_cat?post=989913"},{"taxonomy":"product_tag","embeddable":true,"href":"https:\/\/agrovetazerbaijan.az\/ru\/wp-json\/wp\/v2\/product_tag?post=989913"}],"curies":[{"name":"WP","href":"https:\/\/api.w.org\/{rel}","templated":true}]}}