{"id":989910,"date":"2025-07-13T22:11:07","date_gmt":"2025-07-13T22:11:07","guid":{"rendered":"https:\/\/agrovetazerbaijan.az\/?post_type=product&#038;p=989910"},"modified":"2025-07-13T22:11:20","modified_gmt":"2025-07-13T22:11:20","slug":"petline-balance-adult-cat-pate-with-beef-liver","status":"publish","type":"product","link":"https:\/\/agrovetazerbaijan.az\/ru\/product\/petline-balance-adult-cat-pate-with-beef-liver\/","title":{"rendered":"Petline Balance \u2013 \u041f\u0430\u0448\u0442\u0435\u0442 \u0434\u043b\u044f \u0432\u0437\u0440\u043e\u0441\u043b\u044b\u0445 \u043a\u043e\u0448\u0435\u043a \u0441 \u0433\u043e\u0432\u044f\u0434\u0438\u043d\u043e\u0439 \u0438 \u043f\u0435\u0447\u0435\u043d\u044c\u044e"},"content":{"rendered":"<div class=\"vgblk-rw-wrapper limit-wrapper\">\n<h2 data-start=\"175\" data-end=\"237\">\ud83d\udc31 <strong data-start=\"181\" data-end=\"235\">Petline Balance \u2013 \u041f\u0430\u0448\u0442\u0435\u0442 \u0434\u043b\u044f \u0432\u0437\u0440\u043e\u0441\u043b\u044b\u0445 \u043a\u043e\u0448\u0435\u043a \u0441 \u0433\u043e\u0432\u044f\u0434\u0438\u043d\u043e\u0439 \u0438 \u043f\u0435\u0447\u0435\u043d\u044c\u044e<\/strong><\/h2>\n<p data-start=\"238\" data-end=\"299\"><strong data-start=\"238\" data-end=\"299\">\u0411\u0435\u0437\u0437\u0435\u0440\u043d\u043e\u0432\u043e\u0439 | \u0412\u043b\u0430\u0436\u043d\u044b\u0439 \u043a\u043e\u0440\u043c \u0441\u0443\u043f\u0435\u0440-\u043f\u0440\u0435\u043c\u0438\u0443\u043c \u043a\u043b\u0430\u0441\u0441\u0430 | \u041f\u043e\u043b\u043d\u043e\u0440\u0430\u0446\u0438\u043e\u043d\u043d\u044b\u0439 \u0438 \u0441\u0431\u0430\u043b\u0430\u043d\u0441\u0438\u0440\u043e\u0432\u0430\u043d\u043d\u044b\u0439<\/strong><\/p>\n<hr data-start=\"301\" data-end=\"304\" \/>\n<h3 data-start=\"306\" data-end=\"340\"><strong data-start=\"310\" data-end=\"340\">\u2728 \u041e\u0441\u043e\u0431\u0435\u043d\u043d\u043e\u0441\u0442\u0438 \u043f\u0440\u043e\u0434\u0443\u043a\u0442\u0430:<\/strong><\/h3>\n<ul data-start=\"342\" data-end=\"748\">\n<li data-start=\"342\" data-end=\"410\">\n<p data-start=\"344\" data-end=\"410\">\u2705 <strong data-start=\"346\" data-end=\"408\">\u041e\u0447\u0435\u043d\u044c \u0432\u043a\u0443\u0441\u043d\u044b\u0439 \u0432\u043b\u0430\u0436\u043d\u044b\u0439 \u043a\u043e\u0440\u043c \u0438\u0437 \u0433\u043e\u0432\u044f\u0434\u0438\u043d\u044b \u0438 \u043f\u0435\u0447\u0435\u043d\u0438<\/strong><\/p>\n<\/li>\n<li data-start=\"411\" data-end=\"473\">\n<p data-start=\"413\" data-end=\"473\">\u2705 <strong data-start=\"415\" data-end=\"471\">\u041f\u043e\u043b\u043d\u043e\u0446\u0435\u043d\u043d\u044b\u0439 \u0438 \u0441\u0431\u0430\u043b\u0430\u043d\u0441\u0438\u0440\u043e\u0432\u0430\u043d\u043d\u044b\u0439 \u043a\u043e\u0440\u043c \u0434\u043b\u044f \u0432\u0437\u0440\u043e\u0441\u043b\u044b\u0445 \u043a\u043e\u0448\u0435\u043a<\/strong><\/p>\n<\/li>\n<li data-start=\"474\" data-end=\"547\">\n<p data-start=\"476\" data-end=\"547\">\u2705 <strong data-start=\"478\" data-end=\"503\">\u0411\u0435\u0437 \u0437\u0435\u0440\u043d\u0430<\/strong> \u2013 \u0438\u0434\u0435\u0430\u043b\u044c\u043d\u043e \u043f\u043e\u0434\u0445\u043e\u0434\u0438\u0442 \u0434\u043b\u044f \u043a\u043e\u0448\u0435\u043a, \u0441\u043a\u043b\u043e\u043d\u043d\u044b\u0445 \u043a \u0430\u043b\u043b\u0435\u0440\u0433\u0438\u0438<\/p>\n<\/li>\n<li data-start=\"548\" data-end=\"618\">\n<p data-start=\"550\" data-end=\"618\">\u2705 <strong data-start=\"552\" data-end=\"578\">\u041c\u044f\u0433\u043a\u0430\u044f \u0442\u0435\u043a\u0441\u0442\u0443\u0440\u0430 (\u043f\u0430\u0448\u0442\u0435\u0442)<\/strong> \u2013 \u043f\u043e\u0434\u0445\u043e\u0434\u0438\u0442 \u0434\u043b\u044f \u043f\u0440\u0438\u0432\u0435\u0440\u0435\u0434\u043b\u0438\u0432\u044b\u0445 \u0438 \u043d\u0435\u0436\u043d\u044b\u0445 \u043a\u043e\u0448\u0435\u043a<\/p>\n<\/li>\n<li data-start=\"619\" data-end=\"686\">\n<p data-start=\"621\" data-end=\"686\">\u2705 <strong data-start=\"623\" data-end=\"647\">\u041d\u0430\u0442\u0443\u0440\u0430\u043b\u044c\u043d\u044b\u0435 \u0438\u043d\u0433\u0440\u0435\u0434\u0438\u0435\u043d\u0442\u044b<\/strong> \u2013 \u0431\u0435\u0437 \u0438\u0441\u043a\u0443\u0441\u0441\u0442\u0432\u0435\u043d\u043d\u044b\u0445 \u043a\u0440\u0430\u0441\u0438\u0442\u0435\u043b\u0435\u0439 \u0438 \u043a\u043e\u043d\u0441\u0435\u0440\u0432\u0430\u043d\u0442\u043e\u0432<\/p>\n<\/li>\n<li data-start=\"687\" data-end=\"748\">\n<p data-start=\"689\" data-end=\"748\">\u2705 <strong data-start=\"691\" data-end=\"720\">\u041e\u0434\u043d\u043e\u0440\u0430\u0437\u043e\u0432\u0430\u044f \u0443\u043f\u0430\u043a\u043e\u0432\u043a\u0430<\/strong> \u2013 \u0441\u0432\u0435\u0436\u0435\u0435 \u0438 \u043f\u0440\u0430\u043a\u0442\u0438\u0447\u043d\u043e\u0435 \u043f\u0438\u0442\u0430\u043d\u0438\u0435<\/p>\n<\/li>\n<\/ul>\n<hr data-start=\"750\" data-end=\"753\" \/>\n<h3 data-start=\"755\" data-end=\"779\"><strong data-start=\"759\" data-end=\"779\">\u041e \u043f\u0440\u043e\u0434\u0443\u043a\u0442\u0435:<\/strong><\/h3>\n<ul data-start=\"781\" data-end=\"1034\">\n<li data-start=\"781\" data-end=\"843\">\n<p data-start=\"783\" data-end=\"843\">\ud83d\udccc <strong data-start=\"786\" data-end=\"801\">\u041d\u0430\u0437\u0432\u0430\u043d\u0438\u0435 \u043f\u0440\u043e\u0434\u0443\u043a\u0442\u0430:<\/strong> \u041f\u0430\u0448\u0442\u0435\u0442 \u0434\u043b\u044f \u0432\u0437\u0440\u043e\u0441\u043b\u044b\u0445 \u043a\u043e\u0448\u0435\u043a \u2013 \u0430\u0441\u0441\u043e\u0440\u0442\u0438 \u0438\u0437 \u0433\u043e\u0432\u044f\u0434\u0438\u043d\u044b \u0438 \u043f\u0435\u0447\u0435\u043d\u0438<\/p>\n<\/li>\n<li data-start=\"844\" data-end=\"894\">\n<p data-start=\"846\" data-end=\"894\">\ud83d\udce6 <strong data-start=\"849\" data-end=\"867\">\u0424\u043e\u0440\u043c\u0430 \u0443\u043f\u0430\u043a\u043e\u0432\u043a\u0438:<\/strong> \u041a\u043e\u043d\u0441\u0435\u0440\u0432\u044b \/ \u041f\u0430\u0448\u0442\u0435\u0442 (\u0432\u043b\u0430\u0436\u043d\u044b\u0439 \u043a\u043e\u0440\u043c)<\/p>\n<\/li>\n<li data-start=\"895\" data-end=\"948\">\n<p data-start=\"897\" data-end=\"948\">\ud83d\udc31 <strong data-start=\"900\" data-end=\"917\">\u0426\u0435\u043b\u0435\u0432\u043e\u0435 \u0436\u0438\u0432\u043e\u0442\u043d\u043e\u0435:<\/strong> \u0412\u0437\u0440\u043e\u0441\u043b\u044b\u0435 \u043a\u043e\u0448\u043a\u0438<\/p>\n<\/li>\n<li data-start=\"949\" data-end=\"991\">\n<p data-start=\"951\" data-end=\"991\">\ud83e\uddfe <strong data-start=\"954\" data-end=\"983\">\u041d\u043e\u043c\u0435\u0440 \u0438\u043d\u0432\u0435\u043d\u0442\u0430\u0440\u044f:<\/strong> 50204<\/p>\n<\/li>\n<li data-start=\"992\" data-end=\"1034\">\n<p data-start=\"994\" data-end=\"1034\">\ud83c\udf3e <strong data-start=\"997\" data-end=\"1008\">\u0421\u043e\u0441\u0442\u0430\u0432:<\/strong> <strong data-start=\"1009\" data-end=\"1023\">\u0411\u0435\u0437 \u0437\u0435\u0440\u043d\u0430<\/strong> (\u0431\u0435\u0437 \u0437\u0435\u0440\u043d\u0430)<\/p>\n<\/li>\n<\/ul>\n<hr data-start=\"1036\" data-end=\"1039\" \/>\n<h3 data-start=\"1041\" data-end=\"1057\"><strong data-start=\"1045\" data-end=\"1057\">\u0418\u043d\u0433\u0440\u0435\u0434\u0438\u0435\u043d\u0442\u044b:<\/strong><\/h3>\n<blockquote data-start=\"1059\" data-end=\"1203\">\n<p data-start=\"1061\" data-end=\"1203\"><strong data-start=\"1061\" data-end=\"1073\">\u0422\u0435\u043b\u044f\u0442\u0438\u043d\u0430<\/strong>, <strong data-start=\"1075\" data-end=\"1088\">\u043f\u0435\u0447\u0435\u043d\u044c<\/strong>, \u043c\u044f\u0441\u043d\u043e\u0439 \u0431\u0443\u043b\u044c\u043e\u043d, \u043d\u0430\u0442\u0443\u0440\u0430\u043b\u044c\u043d\u044b\u0435 \u0432\u043e\u043b\u043e\u043a\u043d\u0430, \u0432\u0438\u0442\u0430\u043c\u0438\u043d\u043d\u043e-\u043c\u0438\u043d\u0435\u0440\u0430\u043b\u044c\u043d\u044b\u0439 \u043a\u043e\u043c\u043f\u043b\u0435\u043a\u0441, \u0436\u0435\u043b\u0430\u0442\u0438\u043d\u0438\u0437\u0438\u0440\u0443\u044e\u0449\u0438\u0435 \u0430\u0433\u0435\u043d\u0442\u044b, \u0442\u0430\u0443\u0440\u0438\u043d, \u043d\u0430\u0442\u0443\u0440\u0430\u043b\u044c\u043d\u044b\u0435 \u0430\u043d\u0442\u0438\u043e\u043a\u0441\u0438\u0434\u0430\u043d\u0442\u044b.<\/p>\n<\/blockquote>\n<p data-start=\"1205\" data-end=\"1257\"><em data-start=\"1205\" data-end=\"1257\">\u041d\u0435 \u0441\u043e\u0434\u0435\u0440\u0436\u0438\u0442 \u0438\u0441\u043a\u0443\u0441\u0441\u0442\u0432\u0435\u043d\u043d\u044b\u0445 \u0430\u0440\u043e\u043c\u0430\u0442\u0438\u0437\u0430\u0442\u043e\u0440\u043e\u0432, \u043a\u0440\u0430\u0441\u0438\u0442\u0435\u043b\u0435\u0439 \u0438 \u043a\u043e\u043d\u0441\u0435\u0440\u0432\u0430\u043d\u0442\u043e\u0432.<\/em><\/p>\n<hr data-start=\"1259\" data-end=\"1262\" \/>\n<h3 data-start=\"1264\" data-end=\"1281\"><strong data-start=\"1268\" data-end=\"1281\">\u0421\u043e\u0432\u043c\u0435\u0441\u0442\u0438\u043c\u043e\u0441\u0442\u044c:<\/strong><\/h3>\n<p data-start=\"1283\" data-end=\"1465\">\ud83e\udd63 \u0427\u0443\u0432\u0441\u0442\u0432\u0438\u0442\u0435\u043b\u044c\u043d\u044b\u0439 \u0436\u0435\u043b\u0443\u0434\u043e\u043a \u0438 \u043f\u0440\u0438\u0434\u0438\u0440\u0447\u0438\u0432\u044b\u0439 \u0432\u043a\u0443\u0441 <strong data-start=\"1323\" data-end=\"1347\">\u0434\u043b\u044f \u0432\u0437\u0440\u043e\u0441\u043b\u044b\u0445 \u043a\u043e\u0448\u0435\u043a<\/strong> \u0418\u0441\u043f\u043e\u043b\u044c\u0437\u0443\u0435\u0442\u0441\u044f \u0432 \u043a\u0430\u0447\u0435\u0441\u0442\u0432\u0435 \u0435\u0436\u0435\u0434\u043d\u0435\u0432\u043d\u043e\u0433\u043e \u0432\u043b\u0430\u0436\u043d\u043e\u0433\u043e \u043a\u043e\u0440\u043c\u0430.<br data-start=\"1387\" data-end=\"1390\" \/>\ud83d\udca7 <strong data-start=\"1393\" data-end=\"1446\">\u0423\u0432\u0435\u043b\u0438\u0447\u044c\u0442\u0435 \u0433\u0438\u0434\u0440\u0430\u0442\u0430\u0446\u0438\u044e \u0438 \u0437\u0430\u0449\u0438\u0442\u0438\u0442\u0435 \u043c\u043e\u0447\u0435\u0432\u044b\u0432\u043e\u0434\u044f\u0449\u0438\u0435 \u043f\u0443\u0442\u0438<\/strong> \u043e\u0442\u043b\u0438\u0447\u043d\u044b\u0439 \u0432\u044b\u0431\u043e\u0440 \u0434\u043b\u044f.<\/p>\n<\/div>\n<p><!-- .vgblk-rw-wrapper --><\/p>","protected":false},"excerpt":{"rendered":"<p>\ud83d\udc31 Petline Balance \u2013 Adult Cat P\u00e2t\u00e9 with Beef &amp; Liver Grain-Free | Super Premium Wet Food | Complete &amp; Balanced \u2728 M\u0259hsulun X\u00fcsusiyy\u0259tl\u0259ri: \u2705 Dana \u0259ti v\u0259 qaraciy\u0259r il\u0259 haz\u0131rlanm\u0131\u015f y\u00fcks\u0259k dadl\u0131 ya\u015f yem \u2705 Yetkin pi\u015fikl\u0259r \u00fc\u00e7\u00fcn tam v\u0259 balansla\u015fd\u0131r\u0131lm\u0131\u015f formul \u2705 Tax\u0131ls\u0131z (Grain-Free) \u2013 allergiyaya meyilli pi\u015fikl\u0259r \u00fc\u00e7\u00fcn ideal \u2705 Yum\u015faq tekstura&#8230;<\/p>","protected":false},"featured_media":989911,"comment_status":"closed","ping_status":"closed","template":"","meta":{"nf_dc_page":"","_monsterinsights_skip_tracking":false,"_monsterinsights_sitenote_active":false,"_monsterinsights_sitenote_note":"","_monsterinsights_sitenote_category":0},"product_brand":[],"product_cat":[244,51,245],"product_tag":[],"class_list":{"0":"post-989910","1":"product","2":"type-product","3":"status-publish","4":"has-post-thumbnail","6":"product_cat-it-ve-pisik-mehsullari","7":"product_cat-cat","8":"product_cat-yemler","10":"first","11":"instock","12":"shipping-taxable","13":"product-type-simple"},"jetpack_sharing_enabled":true,"_links":{"self":[{"href":"https:\/\/agrovetazerbaijan.az\/ru\/wp-json\/wp\/v2\/product\/989910","targetHints":{"allow":["GET"]}}],"collection":[{"href":"https:\/\/agrovetazerbaijan.az\/ru\/wp-json\/wp\/v2\/product"}],"about":[{"href":"https:\/\/agrovetazerbaijan.az\/ru\/wp-json\/wp\/v2\/types\/product"}],"replies":[{"embeddable":true,"href":"https:\/\/agrovetazerbaijan.az\/ru\/wp-json\/wp\/v2\/comments?post=989910"}],"version-history":[{"count":1,"href":"https:\/\/agrovetazerbaijan.az\/ru\/wp-json\/wp\/v2\/product\/989910\/revisions"}],"predecessor-version":[{"id":989912,"href":"https:\/\/agrovetazerbaijan.az\/ru\/wp-json\/wp\/v2\/product\/989910\/revisions\/989912"}],"wp:featuredmedia":[{"embeddable":true,"href":"https:\/\/agrovetazerbaijan.az\/ru\/wp-json\/wp\/v2\/media\/989911"}],"wp:attachment":[{"href":"https:\/\/agrovetazerbaijan.az\/ru\/wp-json\/wp\/v2\/media?parent=989910"}],"wp:term":[{"taxonomy":"product_brand","embeddable":true,"href":"https:\/\/agrovetazerbaijan.az\/ru\/wp-json\/wp\/v2\/product_brand?post=989910"},{"taxonomy":"product_cat","embeddable":true,"href":"https:\/\/agrovetazerbaijan.az\/ru\/wp-json\/wp\/v2\/product_cat?post=989910"},{"taxonomy":"product_tag","embeddable":true,"href":"https:\/\/agrovetazerbaijan.az\/ru\/wp-json\/wp\/v2\/product_tag?post=989910"}],"curies":[{"name":"WP","href":"https:\/\/api.w.org\/{rel}","templated":true}]}}