{"id":989907,"date":"2025-07-13T22:08:34","date_gmt":"2025-07-13T22:08:34","guid":{"rendered":"https:\/\/agrovetazerbaijan.az\/?post_type=product&#038;p=989907"},"modified":"2025-07-13T22:08:49","modified_gmt":"2025-07-13T22:08:49","slug":"petline-legend-adult-dog-pate-with-lamb","status":"publish","type":"product","link":"https:\/\/agrovetazerbaijan.az\/ru\/product\/petline-legend-adult-dog-pate-with-lamb\/","title":{"rendered":"Petline Legend \u2013 \u041f\u0430\u0448\u0442\u0435\u0442 \u0434\u043b\u044f \u0432\u0437\u0440\u043e\u0441\u043b\u044b\u0445 \u0441\u043e\u0431\u0430\u043a \u0441 \u044f\u0433\u043d\u0435\u043d\u043a\u043e\u043c"},"content":{"rendered":"<div class=\"vgblk-rw-wrapper limit-wrapper\">\n<h3 data-start=\"294\" data-end=\"328\"><strong data-start=\"298\" data-end=\"328\">\u2728 \u041e\u0441\u043e\u0431\u0435\u043d\u043d\u043e\u0441\u0442\u0438 \u043f\u0440\u043e\u0434\u0443\u043a\u0442\u0430:<\/strong><\/h3>\n<ul data-start=\"330\" data-end=\"721\">\n<li data-start=\"330\" data-end=\"385\">\n<p data-start=\"332\" data-end=\"385\">\u2705 <strong data-start=\"334\" data-end=\"383\">\u041c\u044f\u0433\u043a\u0438\u0439 \u0438 \u0432\u043a\u0443\u0441\u043d\u044b\u0439 \u043f\u0430\u0448\u0442\u0435\u0442 \u0438\u0437 \u0431\u0430\u0440\u0430\u043d\u0438\u043d\u044b<\/strong><\/p>\n<\/li>\n<li data-start=\"386\" data-end=\"446\">\n<p data-start=\"388\" data-end=\"446\">\u2705 <strong data-start=\"390\" data-end=\"444\">\u041f\u043e\u043b\u043d\u043e\u0440\u0430\u0446\u0438\u043e\u043d\u043d\u044b\u0439 \u0438 \u0441\u0431\u0430\u043b\u0430\u043d\u0441\u0438\u0440\u043e\u0432\u0430\u043d\u043d\u044b\u0439 \u0432\u043b\u0430\u0436\u043d\u044b\u0439 \u043a\u043e\u0440\u043c \u0434\u043b\u044f \u0432\u0437\u0440\u043e\u0441\u043b\u044b\u0445 \u0441\u043e\u0431\u0430\u043a<\/strong><\/p>\n<\/li>\n<li data-start=\"447\" data-end=\"536\">\n<p data-start=\"449\" data-end=\"536\">\u2705 <strong data-start=\"451\" data-end=\"475\">\u041d\u0430\u0442\u0443\u0440\u0430\u043b\u044c\u043d\u044b\u0435 \u0438\u043d\u0433\u0440\u0435\u0434\u0438\u0435\u043d\u0442\u044b<\/strong> \u0411\u043e\u0433\u0430\u0442 \u2013 \u0431\u0435\u0437 \u0438\u0441\u043a\u0443\u0441\u0441\u0442\u0432\u0435\u043d\u043d\u044b\u0445 \u043a\u0440\u0430\u0441\u0438\u0442\u0435\u043b\u0435\u0439 \u0438 \u043a\u043e\u043d\u0441\u0435\u0440\u0432\u0430\u043d\u0442\u043e\u0432<\/p>\n<\/li>\n<li data-start=\"537\" data-end=\"596\">\n<p data-start=\"539\" data-end=\"596\">\u2705 <strong data-start=\"541\" data-end=\"560\">\u0412\u044b\u0441\u043e\u043a\u0438\u0435 \u0432\u043a\u0443\u0441\u043e\u0432\u044b\u0435 \u043a\u0430\u0447\u0435\u0441\u0442\u0432\u0430<\/strong> \u2013 \u0438\u0434\u0435\u0430\u043b\u044c\u043d\u043e \u043f\u043e\u0434\u0445\u043e\u0434\u0438\u0442 \u0434\u043b\u044f \u043f\u0440\u0438\u0432\u0435\u0440\u0435\u0434\u043b\u0438\u0432\u044b\u0445 (\u0434\u0435\u043b\u0438\u043a\u0430\u0442\u043d\u044b\u0445) \u0441\u043e\u0431\u0430\u043a<\/p>\n<\/li>\n<li data-start=\"597\" data-end=\"655\">\n<p data-start=\"599\" data-end=\"655\">\u2705 <strong data-start=\"601\" data-end=\"630\">\u041f\u043e\u0434\u0445\u043e\u0434\u0438\u0442 \u0434\u043b\u044f \u043e\u0434\u043d\u043e\u0439 \u043f\u043e\u0440\u0446\u0438\u0438.<\/strong> \u2013 \u043f\u0440\u0430\u043a\u0442\u0438\u0447\u043d\u0430\u044f \u0443\u043f\u0430\u043a\u043e\u0432\u043a\u0430<\/p>\n<\/li>\n<li data-start=\"656\" data-end=\"721\">\n<p data-start=\"658\" data-end=\"721\">\u2705 <strong data-start=\"660\" data-end=\"721\">\u041f\u043e\u0434\u0445\u043e\u0434\u0438\u0442 \u0434\u043b\u044f \u0438\u0441\u043f\u043e\u043b\u044c\u0437\u043e\u0432\u0430\u043d\u0438\u044f \u0441 \u0441\u0443\u0445\u0438\u043c \u043a\u043e\u0440\u043c\u043e\u043c \u0438\u043b\u0438 \u043e\u0442\u0434\u0435\u043b\u044c\u043d\u043e.<\/strong><\/p>\n<\/li>\n<\/ul>\n<hr data-start=\"723\" data-end=\"726\" \/>\n<h3 data-start=\"728\" data-end=\"752\"><strong data-start=\"732\" data-end=\"752\">\u041e \u043f\u0440\u043e\u0434\u0443\u043a\u0442\u0435:<\/strong><\/h3>\n<ul data-start=\"754\" data-end=\"951\">\n<li data-start=\"754\" data-end=\"808\">\n<p data-start=\"756\" data-end=\"808\">\ud83d\udccc <strong data-start=\"759\" data-end=\"774\">\u041d\u0430\u0437\u0432\u0430\u043d\u0438\u0435 \u043f\u0440\u043e\u0434\u0443\u043a\u0442\u0430:<\/strong> \u041f\u0430\u0448\u0442\u0435\u0442 \u0434\u043b\u044f \u0432\u0437\u0440\u043e\u0441\u043b\u044b\u0445 \u0441\u043e\u0431\u0430\u043a \u2013 \u043e\u0442\u0431\u043e\u0440\u043d\u0430\u044f \u0431\u0430\u0440\u0430\u043d\u0438\u043d\u0430<\/p>\n<\/li>\n<li data-start=\"809\" data-end=\"859\">\n<p data-start=\"811\" data-end=\"859\">\ud83d\udce6 <strong data-start=\"814\" data-end=\"832\">\u0424\u043e\u0440\u043c\u0430 \u0443\u043f\u0430\u043a\u043e\u0432\u043a\u0438:<\/strong> \u041a\u043e\u043d\u0441\u0435\u0440\u0432\u044b \/ \u041f\u0430\u0448\u0442\u0435\u0442 (\u0432\u043b\u0430\u0436\u043d\u044b\u0439 \u043a\u043e\u0440\u043c)<\/p>\n<\/li>\n<li data-start=\"860\" data-end=\"910\">\n<p data-start=\"862\" data-end=\"910\">\ud83d\udc15 <strong data-start=\"865\" data-end=\"882\">\u0426\u0435\u043b\u0435\u0432\u043e\u0435 \u0436\u0438\u0432\u043e\u0442\u043d\u043e\u0435:<\/strong> \u0412\u0437\u0440\u043e\u0441\u043b\u044b\u0435 \u0441\u043e\u0431\u0430\u043a\u0438<\/p>\n<\/li>\n<li data-start=\"911\" data-end=\"951\">\n<p data-start=\"913\" data-end=\"951\">\ud83e\uddfe <strong data-start=\"916\" data-end=\"945\">\u041d\u043e\u043c\u0435\u0440 \u0438\u043d\u0432\u0435\u043d\u0442\u0430\u0440\u044f:<\/strong> 50214<\/p>\n<\/li>\n<\/ul>\n<hr data-start=\"953\" data-end=\"956\" \/>\n<h3 data-start=\"958\" data-end=\"974\"><strong data-start=\"962\" data-end=\"974\">\u0418\u043d\u0433\u0440\u0435\u0434\u0438\u0435\u043d\u0442\u044b:<\/strong><\/h3>\n<blockquote data-start=\"976\" data-end=\"1104\">\n<p data-start=\"978\" data-end=\"1104\"><strong data-start=\"978\" data-end=\"996\">\u041d\u0430\u0442\u0443\u0440\u0430\u043b\u044c\u043d\u0430\u044f \u0431\u0430\u0440\u0430\u043d\u0438\u043d\u0430<\/strong>, \u043c\u044f\u0441\u043d\u043e\u0439 \u0431\u0443\u043b\u044c\u043e\u043d, \u0440\u0430\u0441\u0442\u0438\u0442\u0435\u043b\u044c\u043d\u044b\u0435 \u044d\u043a\u0441\u0442\u0440\u0430\u043a\u0442\u044b, \u0432\u0438\u0442\u0430\u043c\u0438\u043d\u044b \u0438 \u043c\u0438\u043d\u0435\u0440\u0430\u043b\u044b, \u0436\u0435\u043b\u0430\u0442\u0438\u043d\u0438\u0437\u0438\u0440\u0443\u044e\u0449\u0438\u0435 \u0430\u0433\u0435\u043d\u0442\u044b, \u043d\u0430\u0442\u0443\u0440\u0430\u043b\u044c\u043d\u044b\u0435 \u0430\u043d\u0442\u0438\u043e\u043a\u0441\u0438\u0434\u0430\u043d\u0442\u044b.<\/p>\n<\/blockquote>\n<p data-start=\"1106\" data-end=\"1160\"><em data-start=\"1106\" data-end=\"1160\">\u041d\u0435 \u0441\u043e\u0434\u0435\u0440\u0436\u0438\u0442 \u0438\u0441\u043a\u0443\u0441\u0441\u0442\u0432\u0435\u043d\u043d\u044b\u0445 \u0430\u0440\u043e\u043c\u0430\u0442\u0438\u0437\u0430\u0442\u043e\u0440\u043e\u0432, \u043a\u0440\u0430\u0441\u0438\u0442\u0435\u043b\u0435\u0439 \u0438 \u043a\u043e\u043d\u0441\u0435\u0440\u0432\u0430\u043d\u0442\u043e\u0432.<\/em><\/p>\n<hr data-start=\"1162\" data-end=\"1165\" \/>\n<h3 data-start=\"1167\" data-end=\"1184\"><strong data-start=\"1171\" data-end=\"1184\">\u0421\u043e\u0432\u043c\u0435\u0441\u0442\u0438\u043c\u043e\u0441\u0442\u044c:<\/strong><\/h3>\n<p data-start=\"1186\" data-end=\"1325\">\ud83e\udd63 \u0412 \u043a\u0430\u0447\u0435\u0441\u0442\u0432\u0435 \u043e\u0442\u0434\u0435\u043b\u044c\u043d\u043e\u0433\u043e \u0431\u043b\u044e\u0434\u0430 \u0438\u043b\u0438 <strong data-start=\"1212\" data-end=\"1239\">\u0441\u043c\u0435\u0448\u0430\u043d\u043d\u044b\u0439 \u0441 \u0441\u0443\u0445\u0438\u043c \u043a\u043e\u0440\u043c\u043e\u043c<\/strong> \u041c\u043e\u0436\u043d\u043e \u0434\u0430\u0432\u0430\u0442\u044c. \u0414\u043b\u044f \u0441\u043e\u0431\u0430\u043a, \u043a\u043e\u0442\u043e\u0440\u044b\u0435 \u043f\u0440\u0438\u0432\u0435\u0440\u0435\u0434\u043b\u0438\u0432\u044b \u0438 \u0442\u0440\u0435\u0431\u0443\u044e\u0442 \u0434\u0435\u043b\u0438\u043a\u0430\u0442\u043d\u043e\u0433\u043e \u0432\u043a\u0443\u0441\u0430. <strong data-start=\"1296\" data-end=\"1325\">\u042d\u0442\u043e \u0438\u0434\u0435\u0430\u043b\u044c\u043d\u044b\u0439 \u0432\u044b\u0431\u043e\u0440 \u0434\u043b\u044f \u0432\u043b\u0430\u0436\u043d\u043e\u0433\u043e \u043a\u043e\u0440\u043c\u0430.<\/strong><\/p>\n<\/div>\n<p><!-- .vgblk-rw-wrapper --><\/p>","protected":false},"excerpt":{"rendered":"<p>\u2728 M\u0259hsulun X\u00fcsusiyy\u0259tl\u0259ri: \u2705 Quzu \u0259tind\u0259n haz\u0131rlanm\u0131\u015f yum\u015faq v\u0259 dadl\u0131 pate \u2705 Yetkin itl\u0259r \u00fc\u00e7\u00fcn tam v\u0259 balansla\u015fd\u0131r\u0131lm\u0131\u015f ya\u015f yem \u2705 T\u0259bii inqrediyentl\u0259r il\u0259 z\u0259ngin \u2013 he\u00e7 bir s\u00fcni r\u0259ngl\u0259ndirici v\u0259 qoruyucu yoxdur \u2705 Y\u00fcks\u0259k dadl\u0131l\u0131q \u2013 se\u00e7ici (n\u0259zli) itl\u0259r \u00fc\u00e7\u00fcn ideal \u2705 T\u0259k porsiya \u00fc\u00e7\u00fcn uy\u011fundur \u2013 praktiki qabla\u015fd\u0131rma \u2705 Quru yeml\u0259rl\u0259 birg\u0259 v\u0259&#8230;<\/p>","protected":false},"featured_media":989908,"comment_status":"closed","ping_status":"closed","template":"","meta":{"nf_dc_page":"","_monsterinsights_skip_tracking":false,"_monsterinsights_sitenote_active":false,"_monsterinsights_sitenote_note":"","_monsterinsights_sitenote_category":0},"product_brand":[],"product_cat":[244,58,245],"product_tag":[],"class_list":{"0":"post-989907","1":"product","2":"type-product","3":"status-publish","4":"has-post-thumbnail","6":"product_cat-it-ve-pisik-mehsullari","7":"product_cat-dog","8":"product_cat-yemler","10":"first","11":"instock","12":"shipping-taxable","13":"product-type-simple"},"jetpack_sharing_enabled":true,"_links":{"self":[{"href":"https:\/\/agrovetazerbaijan.az\/ru\/wp-json\/wp\/v2\/product\/989907","targetHints":{"allow":["GET"]}}],"collection":[{"href":"https:\/\/agrovetazerbaijan.az\/ru\/wp-json\/wp\/v2\/product"}],"about":[{"href":"https:\/\/agrovetazerbaijan.az\/ru\/wp-json\/wp\/v2\/types\/product"}],"replies":[{"embeddable":true,"href":"https:\/\/agrovetazerbaijan.az\/ru\/wp-json\/wp\/v2\/comments?post=989907"}],"version-history":[{"count":1,"href":"https:\/\/agrovetazerbaijan.az\/ru\/wp-json\/wp\/v2\/product\/989907\/revisions"}],"predecessor-version":[{"id":989909,"href":"https:\/\/agrovetazerbaijan.az\/ru\/wp-json\/wp\/v2\/product\/989907\/revisions\/989909"}],"wp:featuredmedia":[{"embeddable":true,"href":"https:\/\/agrovetazerbaijan.az\/ru\/wp-json\/wp\/v2\/media\/989908"}],"wp:attachment":[{"href":"https:\/\/agrovetazerbaijan.az\/ru\/wp-json\/wp\/v2\/media?parent=989907"}],"wp:term":[{"taxonomy":"product_brand","embeddable":true,"href":"https:\/\/agrovetazerbaijan.az\/ru\/wp-json\/wp\/v2\/product_brand?post=989907"},{"taxonomy":"product_cat","embeddable":true,"href":"https:\/\/agrovetazerbaijan.az\/ru\/wp-json\/wp\/v2\/product_cat?post=989907"},{"taxonomy":"product_tag","embeddable":true,"href":"https:\/\/agrovetazerbaijan.az\/ru\/wp-json\/wp\/v2\/product_tag?post=989907"}],"curies":[{"name":"WP","href":"https:\/\/api.w.org\/{rel}","templated":true}]}}