{"id":989902,"date":"2025-07-13T12:38:55","date_gmt":"2025-07-13T12:38:55","guid":{"rendered":"https:\/\/agrovetazerbaijan.az\/?post_type=product&#038;p=989902"},"modified":"2025-07-13T12:39:07","modified_gmt":"2025-07-13T12:39:07","slug":"petline-sterilised-salmon-selection-2","status":"publish","type":"product","link":"https:\/\/agrovetazerbaijan.az\/ru\/product\/petline-sterilised-salmon-selection-2\/","title":{"rendered":"Petline Sterilized Salmon Selection"},"content":{"rendered":"<div class=\"vgblk-rw-wrapper limit-wrapper\">\n<p data-start=\"160\" data-end=\"243\"><strong data-start=\"160\" data-end=\"243\">\u041a\u043e\u0440\u043c \u0434\u043b\u044f \u043a\u043e\u0448\u0435\u043a \u0441\u0443\u043f\u0435\u0440-\u043f\u0440\u0435\u043c\u0438\u0443\u043c \u043a\u043b\u0430\u0441\u0441\u0430 \u2013 \u0440\u0435\u0446\u0435\u043f\u0442 \u0441 \u043b\u043e\u0441\u043e\u0441\u0435\u043c \u0434\u043b\u044f \u043a\u0430\u0441\u0442\u0440\u0438\u0440\u043e\u0432\u0430\u043d\u043d\u044b\u0445 \u043a\u043e\u0448\u0435\u043a<\/strong><\/p>\n<p data-start=\"245\" data-end=\"510\">Petline Sterilised Salmon Selection \u2014 \u044d\u0442\u043e \u0441\u0431\u0430\u043b\u0430\u043d\u0441\u0438\u0440\u043e\u0432\u0430\u043d\u043d\u044b\u0439 \u0438 \u0432\u043a\u0443\u0441\u043d\u044b\u0439 \u043a\u043e\u0440\u043c, \u0440\u0430\u0437\u0440\u0430\u0431\u043e\u0442\u0430\u043d\u043d\u044b\u0439 \u0441 \u0443\u0447\u0451\u0442\u043e\u043c \u043e\u0441\u043e\u0431\u044b\u0445 \u043f\u043e\u0442\u0440\u0435\u0431\u043d\u043e\u0441\u0442\u0435\u0439 \u0441\u0442\u0435\u0440\u0438\u043b\u0438\u0437\u043e\u0432\u0430\u043d\u043d\u044b\u0445 \u043a\u043e\u0448\u0435\u043a. \u0411\u043b\u0430\u0433\u043e\u0434\u0430\u0440\u044f \u0431\u043e\u0433\u0430\u0442\u043e\u043c\u0443 \u0431\u0435\u043b\u043a\u043e\u043c \u0441\u043e\u0441\u0442\u0430\u0432\u0443, \u043e\u043f\u0442\u0438\u043c\u0430\u043b\u044c\u043d\u043e\u043c\u0443 \u0441\u043e\u0434\u0435\u0440\u0436\u0430\u043d\u0438\u044e \u0436\u0438\u0440\u0430 \u0438 \u0432\u043a\u0443\u0441\u0443 \u043b\u043e\u0441\u043e\u0441\u044f, \u043e\u043d \u043f\u043e\u0434\u0434\u0435\u0440\u0436\u0438\u0432\u0430\u0435\u0442 \u0437\u0434\u043e\u0440\u043e\u0432\u044c\u0435 \u0438 \u0430\u043f\u043f\u0435\u0442\u0438\u0442 \u0432\u0430\u0448\u0435\u0439 \u043a\u043e\u0448\u043a\u0438.<\/p>\n<p data-start=\"512\" data-end=\"550\"><strong data-start=\"512\" data-end=\"548\">\u0421\u043e\u0441\u0442\u0430\u0432 (\u0430\u043d\u0430\u043b\u0438\u0442\u0438\u0447\u0435\u0441\u043a\u0438\u0435 \u043f\u0430\u0440\u0430\u043c\u0435\u0442\u0440\u044b):<\/strong><\/p>\n<ul data-start=\"551\" data-end=\"594\">\n<li data-start=\"551\" data-end=\"575\">\n<p data-start=\"553\" data-end=\"575\"><strong data-start=\"553\" data-end=\"569\">\u0421\u044b\u0440\u043e\u0439 \u043f\u0440\u043e\u0442\u0435\u0438\u043d:<\/strong>\u00a034%<\/p>\n<\/li>\n<li data-start=\"576\" data-end=\"594\">\n<p data-start=\"578\" data-end=\"594\"><strong data-start=\"578\" data-end=\"590\">\u0421\u044b\u0440\u0430\u044f \u043d\u0435\u0444\u0442\u044c:<\/strong>\u00a012%<\/p>\n<\/li>\n<\/ul>\n<p data-start=\"596\" data-end=\"808\"><strong data-start=\"596\" data-end=\"618\">\u041e\u0441\u043d\u043e\u0432\u043d\u044b\u0435 \u043f\u0440\u0435\u0438\u043c\u0443\u0449\u0435\u0441\u0442\u0432\u0430:<\/strong><br data-start=\"618\" data-end=\"621\" \/>\u2705 \u041f\u043e\u043c\u043e\u0433\u0430\u0435\u0442 \u043f\u043e\u0434\u0434\u0435\u0440\u0436\u0438\u0432\u0430\u0442\u044c \u0438\u0434\u0435\u0430\u043b\u044c\u043d\u044b\u0439 \u0432\u0435\u0441 \u0442\u0435\u043b\u0430<br data-start=\"667\" data-end=\"670\" \/>\u2705 \u0421\u043f\u0435\u0446\u0438\u0430\u043b\u044c\u043d\u043e \u0441\u0431\u0430\u043b\u0430\u043d\u0441\u0438\u0440\u043e\u0432\u0430\u043d \u0434\u043b\u044f \u0441\u0442\u0435\u0440\u0438\u043b\u0438\u0437\u043e\u0432\u0430\u043d\u043d\u044b\u0445 \u043a\u043e\u0448\u0435\u043a<br data-start=\"726\" data-end=\"729\" \/>\u2705 \u041f\u043e\u0434\u0434\u0435\u0440\u0436\u0438\u0432\u0430\u0435\u0442 \u043f\u0438\u0449\u0435\u0432\u0430\u0440\u0435\u043d\u0438\u0435 \u0438 \u0438\u043c\u043c\u0443\u043d\u0438\u0442\u0435\u0442<br data-start=\"763\" data-end=\"766\" \/>\u2705 \u0411\u043e\u0433\u0430\u0442\u044b\u0439 \u043d\u0430\u0442\u0443\u0440\u0430\u043b\u044c\u043d\u044b\u0439 \u0432\u043a\u0443\u0441 \u043b\u043e\u0441\u043e\u0441\u044f<\/p>\n<\/div>\n<p><!-- .vgblk-rw-wrapper --><\/p>","protected":false},"excerpt":{"rendered":"<p>Super Premium pi\u015fik yem\u0259yi \u2013 Q\u0131s\u0131rla\u015fd\u0131r\u0131lm\u0131\u015f pi\u015fikl\u0259r \u00fc\u00e7\u00fcn q\u0131z\u0131lbal\u0131ql\u0131 resept Petline Sterilised Salmon Selection q\u0131s\u0131rla\u015fd\u0131r\u0131lm\u0131\u015f pi\u015fikl\u0259rin x\u00fcsusi ehtiyaclar\u0131na uy\u011fun olaraq haz\u0131rlanm\u0131\u015f balansl\u0131 v\u0259 l\u0259zz\u0259tli yem\u0259kdir. Z\u00fclalla z\u0259ngin t\u0259rkibi, ideal ya\u011f s\u0259viyy\u0259si v\u0259 q\u0131z\u0131lbal\u0131q l\u0259zz\u0259ti il\u0259 pi\u015fiyinizin h\u0259m sa\u011flaml\u0131\u011f\u0131n\u0131, h\u0259m d\u0259 i\u015ftah\u0131n\u0131 qoruyur. T\u0259rkibi (Analitik g\u00f6st\u0259ricil\u0259r): Xam protein:\u00a034% Xam ya\u011f:\u00a012% \u018fsas \u00fcst\u00fcnl\u00fckl\u0259ri:\u2705 \u0130deal b\u0259d\u0259n \u00e7\u0259kisinin qorunmas\u0131na&#8230;<\/p>","protected":false},"featured_media":989903,"comment_status":"closed","ping_status":"closed","template":"","meta":{"nf_dc_page":"","_monsterinsights_skip_tracking":false,"_monsterinsights_sitenote_active":false,"_monsterinsights_sitenote_note":"","_monsterinsights_sitenote_category":0},"product_brand":[],"product_cat":[244,58,245],"product_tag":[],"class_list":{"0":"post-989902","1":"product","2":"type-product","3":"status-publish","4":"has-post-thumbnail","6":"product_cat-it-ve-pisik-mehsullari","7":"product_cat-dog","8":"product_cat-yemler","10":"first","11":"instock","12":"shipping-taxable","13":"product-type-simple"},"jetpack_sharing_enabled":true,"_links":{"self":[{"href":"https:\/\/agrovetazerbaijan.az\/ru\/wp-json\/wp\/v2\/product\/989902","targetHints":{"allow":["GET"]}}],"collection":[{"href":"https:\/\/agrovetazerbaijan.az\/ru\/wp-json\/wp\/v2\/product"}],"about":[{"href":"https:\/\/agrovetazerbaijan.az\/ru\/wp-json\/wp\/v2\/types\/product"}],"replies":[{"embeddable":true,"href":"https:\/\/agrovetazerbaijan.az\/ru\/wp-json\/wp\/v2\/comments?post=989902"}],"version-history":[{"count":1,"href":"https:\/\/agrovetazerbaijan.az\/ru\/wp-json\/wp\/v2\/product\/989902\/revisions"}],"predecessor-version":[{"id":989904,"href":"https:\/\/agrovetazerbaijan.az\/ru\/wp-json\/wp\/v2\/product\/989902\/revisions\/989904"}],"wp:featuredmedia":[{"embeddable":true,"href":"https:\/\/agrovetazerbaijan.az\/ru\/wp-json\/wp\/v2\/media\/989903"}],"wp:attachment":[{"href":"https:\/\/agrovetazerbaijan.az\/ru\/wp-json\/wp\/v2\/media?parent=989902"}],"wp:term":[{"taxonomy":"product_brand","embeddable":true,"href":"https:\/\/agrovetazerbaijan.az\/ru\/wp-json\/wp\/v2\/product_brand?post=989902"},{"taxonomy":"product_cat","embeddable":true,"href":"https:\/\/agrovetazerbaijan.az\/ru\/wp-json\/wp\/v2\/product_cat?post=989902"},{"taxonomy":"product_tag","embeddable":true,"href":"https:\/\/agrovetazerbaijan.az\/ru\/wp-json\/wp\/v2\/product_tag?post=989902"}],"curies":[{"name":"WP","href":"https:\/\/api.w.org\/{rel}","templated":true}]}}