{"id":989899,"date":"2025-07-13T12:34:41","date_gmt":"2025-07-13T12:34:41","guid":{"rendered":"https:\/\/agrovetazerbaijan.az\/?post_type=product&#038;p=989899"},"modified":"2025-07-13T12:34:58","modified_gmt":"2025-07-13T12:34:58","slug":"petline-small-mini-adult-lamb-recipe","status":"publish","type":"product","link":"https:\/\/agrovetazerbaijan.az\/ru\/product\/petline-small-mini-adult-lamb-recipe\/","title":{"rendered":"Petline Small &amp; Mini Adult \u2013 \u0420\u0435\u0446\u0435\u043f\u0442 \u0441 \u0431\u0430\u0440\u0430\u043d\u0438\u043d\u043e\u0439"},"content":{"rendered":"<div class=\"vgblk-rw-wrapper limit-wrapper\">\n<h3 data-start=\"329\" data-end=\"363\"><strong data-start=\"333\" data-end=\"363\">\u2728 \u041e\u0441\u043e\u0431\u0435\u043d\u043d\u043e\u0441\u0442\u0438 \u043f\u0440\u043e\u0434\u0443\u043a\u0442\u0430:<\/strong><\/h3>\n<ul data-start=\"365\" data-end=\"796\">\n<li data-start=\"365\" data-end=\"452\">\n<p data-start=\"367\" data-end=\"452\">\u2705 <strong data-start=\"369\" data-end=\"404\">\u0413\u0438\u0434\u0440\u043e\u043b\u0438\u0437\u043e\u0432\u0430\u043d\u043d\u044b\u0439 \u044f\u0433\u043d\u0435\u043d\u043e\u043a<\/strong> \u2013 \u043b\u0435\u0433\u043a\u043e \u0443\u0441\u0432\u0430\u0438\u0432\u0430\u0435\u0442\u0441\u044f, \u0441\u043d\u0438\u0436\u0430\u0435\u0442 \u0440\u0438\u0441\u043a \u0430\u043b\u043b\u0435\u0440\u0433\u0438\u0438<\/p>\n<\/li>\n<li data-start=\"453\" data-end=\"507\">\n<p data-start=\"455\" data-end=\"507\">\u2705 <strong data-start=\"457\" data-end=\"505\">\u0421\u043f\u0435\u0446\u0438\u0430\u043b\u044c\u043d\u0430\u044f \u0444\u043e\u0440\u043c\u0443\u043b\u0430 \u0434\u043b\u044f \u0441\u043e\u0431\u0430\u043a \u043c\u0435\u043b\u043a\u0438\u0445 \u0438 \u043c\u0438\u043d\u0438\u0430\u0442\u044e\u0440\u043d\u044b\u0445 \u043f\u043e\u0440\u043e\u0434<\/strong><\/p>\n<\/li>\n<li data-start=\"508\" data-end=\"590\">\n<p data-start=\"510\" data-end=\"590\">\u2705 <strong data-start=\"512\" data-end=\"547\">\u041d\u0438\u0437\u043a\u043e\u0435 \u0437\u0435\u0440\u043d\u043e<\/strong> \u2013 \u0431\u0435\u0437 \u0433\u043b\u044e\u0442\u0435\u043d\u0430 \u0438 \u043f\u043e\u0434\u0445\u043e\u0434\u0438\u0442 \u0434\u043b\u044f \u043b\u044e\u0434\u0435\u0439 \u0441 \u0447\u0443\u0432\u0441\u0442\u0432\u0438\u0442\u0435\u043b\u044c\u043d\u044b\u043c \u0436\u0435\u043b\u0443\u0434\u043a\u043e\u043c<\/p>\n<\/li>\n<li data-start=\"591\" data-end=\"645\">\n<p data-start=\"593\" data-end=\"645\">\u2705 <strong data-start=\"595\" data-end=\"643\">\u0411\u043e\u0433\u0430\u0442 \u0432\u0438\u0442\u0430\u043c\u0438\u043d\u0430\u043c\u0438 \u0438 \u043d\u0430\u0442\u0443\u0440\u0430\u043b\u044c\u043d\u044b\u043c\u0438 \u0430\u043d\u0442\u0438\u043e\u043a\u0441\u0438\u0434\u0430\u043d\u0442\u0430\u043c\u0438<\/strong><\/p>\n<\/li>\n<li data-start=\"646\" data-end=\"728\">\n<p data-start=\"648\" data-end=\"728\">\u2705 <strong data-start=\"650\" data-end=\"726\">\u041e\u0431\u043e\u0433\u0430\u0449\u0435\u043d\u043e \u0436\u0438\u0440\u043d\u044b\u043c\u0438 \u043a\u0438\u0441\u043b\u043e\u0442\u0430\u043c\u0438 \u041e\u043c\u0435\u0433\u0430 \u0434\u043b\u044f \u0437\u0434\u043e\u0440\u043e\u0432\u044c\u044f \u043a\u043e\u0436\u0438 \u0438 \u0448\u0435\u0440\u0441\u0442\u0438<\/strong><\/p>\n<\/li>\n<li data-start=\"729\" data-end=\"796\">\n<p data-start=\"731\" data-end=\"796\">\u2705 <strong data-start=\"733\" data-end=\"754\">\u0413\u0438\u043f\u043e\u0430\u043b\u043b\u0435\u0440\u0433\u0435\u043d\u043d\u0430\u044f \u0435\u0434\u0430<\/strong> \u2013 \u043f\u043e\u0434\u0445\u043e\u0434\u0438\u0442 \u0434\u043b\u044f \u0441\u043e\u0431\u0430\u043a, \u0441\u043a\u043b\u043e\u043d\u043d\u044b\u0445 \u043a \u0430\u043b\u043b\u0435\u0440\u0433\u0438\u0438<\/p>\n<\/li>\n<\/ul>\n<hr data-start=\"798\" data-end=\"801\" \/>\n<h3 data-start=\"803\" data-end=\"855\"><strong data-start=\"807\" data-end=\"827\">\u0410\u043d\u0430\u043b\u0438\u0442\u0438\u0447\u0435\u0441\u043a\u0438\u0439 \u0441\u043e\u0441\u0442\u0430\u0432:<\/strong> <em data-start=\"828\" data-end=\"855\">(\u0410\u043d\u0430\u043b\u0438\u0442\u0438\u0447\u0435\u0441\u043a\u0438\u0435 \u0441\u043e\u0441\u0442\u0430\u0432\u043b\u044f\u044e\u0449\u0438\u0435)<\/em><\/h3>\n<div class=\"_tableContainer_80l1q_1\">\n<div class=\"_tableWrapper_80l1q_14 group flex w-fit flex-col-reverse\" tabindex=\"-1\">\n<table class=\"w-fit min-w-(--thread-content-width)\" data-start=\"857\" data-end=\"980\">\n<thead data-start=\"857\" data-end=\"876\">\n<tr data-start=\"857\" data-end=\"876\">\n<th data-start=\"857\" data-end=\"865\" data-col-size=\"sm\">\u0421\u0442\u0430\u0442\u044c\u044f<\/th>\n<th data-start=\"865\" data-end=\"876\" data-col-size=\"sm\">\u041a\u043e\u043b\u0438\u0447\u0435\u0441\u0442\u0432\u043e<\/th>\n<\/tr>\n<\/thead>\n<tbody data-start=\"897\" data-end=\"980\">\n<tr data-start=\"897\" data-end=\"938\">\n<td data-start=\"897\" data-end=\"931\" data-col-size=\"sm\"><strong data-start=\"899\" data-end=\"914\">\u0421\u044b\u0440\u043e\u0439 \u043f\u0440\u043e\u0442\u0435\u0438\u043d<\/strong> (\u0441\u044b\u0440\u043e\u0439 \u043f\u0440\u043e\u0442\u0435\u0438\u043d)<\/td>\n<td data-col-size=\"sm\" data-start=\"931\" data-end=\"938\">27%<\/td>\n<\/tr>\n<tr data-start=\"939\" data-end=\"980\">\n<td data-start=\"939\" data-end=\"973\" data-col-size=\"sm\"><strong data-start=\"941\" data-end=\"952\">\u0421\u044b\u0440\u0430\u044f \u043d\u0435\u0444\u0442\u044c<\/strong> (\u0441\u044b\u0440\u043e\u0439 \u0436\u0438\u0440)<\/td>\n<td data-col-size=\"sm\" data-start=\"973\" data-end=\"980\">16%<\/td>\n<\/tr>\n<\/tbody>\n<\/table>\n<div class=\"sticky end-(--thread-content-margin) h-0 self-end select-none\">\n<div class=\"absolute end-0 flex items-end\"><\/div>\n<\/div>\n<\/div>\n<\/div>\n<hr data-start=\"982\" data-end=\"985\" \/>\n<h3 data-start=\"987\" data-end=\"1003\"><strong data-start=\"991\" data-end=\"1003\">\u0418\u043d\u0433\u0440\u0435\u0434\u0438\u0435\u043d\u0442\u044b:<\/strong><\/h3>\n<blockquote data-start=\"1005\" data-end=\"1234\">\n<p data-start=\"1007\" data-end=\"1234\"><strong data-start=\"1007\" data-end=\"1037\">\u0413\u0438\u0434\u0440\u043e\u043b\u0438\u0437\u043e\u0432\u0430\u043d\u043d\u043e\u0435 \u043c\u044f\u0441\u043e \u044f\u0433\u043d\u0435\u043d\u043a\u0430<\/strong>, \u0440\u0438\u0441, \u0441\u0443\u0448\u0435\u043d\u044b\u0439 \u043a\u0430\u0440\u0442\u043e\u0444\u0435\u043b\u044c, \u0440\u044b\u0431\u0438\u0439 \u0436\u0438\u0440, \u043f\u0438\u0432\u043d\u044b\u0435 \u0434\u0440\u043e\u0436\u0436\u0438, \u043a\u043e\u043a\u043e\u0441\u043e\u0432\u043e\u0435 \u043c\u0430\u0441\u043b\u043e, \u0432\u0438\u0442\u0430\u043c\u0438\u043d\u043d\u043e-\u043c\u0438\u043d\u0435\u0440\u0430\u043b\u044c\u043d\u044b\u0439 \u043a\u043e\u043c\u043f\u043b\u0435\u043a\u0441, \u043d\u0430\u0442\u0443\u0440\u0430\u043b\u044c\u043d\u044b\u0435 \u0430\u043d\u0442\u0438\u043e\u043a\u0441\u0438\u0434\u0430\u043d\u0442\u044b, \u043f\u0440\u0435\u0431\u0438\u043e\u0442\u0438\u043a\u0438 (\u0424\u041e\u0421 \u0438 \u041c\u041e\u0421), \u043b\u044c\u043d\u044f\u043d\u043e\u0435 \u0441\u0435\u043c\u044f, \u0441\u0443\u0448\u0435\u043d\u0430\u044f \u043c\u043e\u0440\u043a\u043e\u0432\u044c, \u0441\u0443\u0448\u0435\u043d\u044b\u0435 \u044f\u0439\u0446\u0430.<\/p>\n<\/blockquote>\n<hr data-start=\"1236\" data-end=\"1239\" \/>\n<h3 data-start=\"1241\" data-end=\"1258\"><strong data-start=\"1245\" data-end=\"1258\">\u0421\u043e\u0432\u043c\u0435\u0441\u0442\u0438\u043c\u043e\u0441\u0442\u044c:<\/strong><\/h3>\n<p data-start=\"1260\" data-end=\"1364\">\ud83d\udc15\u200d\ud83e\uddba <strong data-start=\"1266\" data-end=\"1306\">\u0414\u043b\u044f \u0432\u0437\u0440\u043e\u0441\u043b\u044b\u0445 \u0441\u043e\u0431\u0430\u043a \u043c\u0435\u043b\u043a\u0438\u0445 \u0438 \u043c\u0438\u043d\u0438\u0430\u0442\u044e\u0440\u043d\u044b\u0445 \u043f\u043e\u0440\u043e\u0434<\/strong> \u2013 \u043e\u0431\u0435\u0441\u043f\u0435\u0447\u0438\u0432\u0430\u0435\u0442 \u0435\u0436\u0435\u0434\u043d\u0435\u0432\u043d\u0443\u044e \u044d\u043d\u0435\u0440\u0433\u0438\u044e, \u043f\u043e\u0434\u0434\u0435\u0440\u0436\u043a\u0443 \u0437\u0434\u043e\u0440\u043e\u0432\u044c\u044f \u0438 \u0438\u043c\u043c\u0443\u043d\u0438\u0442\u0435\u0442\u0430.<\/p>\n<\/div>\n<p><!-- .vgblk-rw-wrapper --><\/p>","protected":false},"excerpt":{"rendered":"<p>\u2728 M\u0259hsulun X\u00fcsusiyy\u0259tl\u0259ri: \u2705 Hidroliz\u0259 olunmu\u015f quzu proteini \u2013 asan h\u0259zm olunur, allergiya riskini azald\u0131r \u2705 Ki\u00e7ik v\u0259 mini cins itl\u0259r \u00fc\u00e7\u00fcn x\u00fcsusi formula \u2705 A\u015fa\u011f\u0131 tax\u0131l t\u0259rkibi (Low Grain) \u2013 ql\u00fctensiz v\u0259 h\u0259ssas m\u0259d\u0259 \u00fc\u00e7\u00fcn uy\u011fundur \u2705 Vitaminl\u0259r v\u0259 t\u0259bii antioksidantlarla z\u0259ngin \u2705 D\u0259ri v\u0259 t\u00fck sa\u011flaml\u0131\u011f\u0131 \u00fc\u00e7\u00fcn Omeqa ya\u011f tur\u015fular\u0131 il\u0259 z\u0259nginl\u0259\u015fdirilmi\u015fdir \u2705&#8230;<\/p>","protected":false},"featured_media":989900,"comment_status":"closed","ping_status":"closed","template":"","meta":{"nf_dc_page":"","_monsterinsights_skip_tracking":false,"_monsterinsights_sitenote_active":false,"_monsterinsights_sitenote_note":"","_monsterinsights_sitenote_category":0},"product_brand":[],"product_cat":[244,58,245],"product_tag":[],"class_list":{"0":"post-989899","1":"product","2":"type-product","3":"status-publish","4":"has-post-thumbnail","6":"product_cat-it-ve-pisik-mehsullari","7":"product_cat-dog","8":"product_cat-yemler","10":"first","11":"instock","12":"shipping-taxable","13":"product-type-simple"},"jetpack_sharing_enabled":true,"_links":{"self":[{"href":"https:\/\/agrovetazerbaijan.az\/ru\/wp-json\/wp\/v2\/product\/989899","targetHints":{"allow":["GET"]}}],"collection":[{"href":"https:\/\/agrovetazerbaijan.az\/ru\/wp-json\/wp\/v2\/product"}],"about":[{"href":"https:\/\/agrovetazerbaijan.az\/ru\/wp-json\/wp\/v2\/types\/product"}],"replies":[{"embeddable":true,"href":"https:\/\/agrovetazerbaijan.az\/ru\/wp-json\/wp\/v2\/comments?post=989899"}],"version-history":[{"count":1,"href":"https:\/\/agrovetazerbaijan.az\/ru\/wp-json\/wp\/v2\/product\/989899\/revisions"}],"predecessor-version":[{"id":989901,"href":"https:\/\/agrovetazerbaijan.az\/ru\/wp-json\/wp\/v2\/product\/989899\/revisions\/989901"}],"wp:featuredmedia":[{"embeddable":true,"href":"https:\/\/agrovetazerbaijan.az\/ru\/wp-json\/wp\/v2\/media\/989900"}],"wp:attachment":[{"href":"https:\/\/agrovetazerbaijan.az\/ru\/wp-json\/wp\/v2\/media?parent=989899"}],"wp:term":[{"taxonomy":"product_brand","embeddable":true,"href":"https:\/\/agrovetazerbaijan.az\/ru\/wp-json\/wp\/v2\/product_brand?post=989899"},{"taxonomy":"product_cat","embeddable":true,"href":"https:\/\/agrovetazerbaijan.az\/ru\/wp-json\/wp\/v2\/product_cat?post=989899"},{"taxonomy":"product_tag","embeddable":true,"href":"https:\/\/agrovetazerbaijan.az\/ru\/wp-json\/wp\/v2\/product_tag?post=989899"}],"curies":[{"name":"WP","href":"https:\/\/api.w.org\/{rel}","templated":true}]}}