{"id":989896,"date":"2025-07-13T12:29:46","date_gmt":"2025-07-13T12:29:46","guid":{"rendered":"https:\/\/agrovetazerbaijan.az\/?post_type=product&#038;p=989896"},"modified":"2025-07-13T12:29:59","modified_gmt":"2025-07-13T12:29:59","slug":"petline-puppy-salmon-selection-2","status":"publish","type":"product","link":"https:\/\/agrovetazerbaijan.az\/ru\/product\/petline-puppy-salmon-selection-2\/","title":{"rendered":"Petline \u2013 \u0429\u0435\u043d\u043e\u043a \u2013 \u0412\u044b\u0431\u043e\u0440 \u043b\u043e\u0441\u043e\u0441\u044f"},"content":{"rendered":"<div class=\"vgblk-rw-wrapper limit-wrapper\">\n<h2 data-start=\"165\" data-end=\"207\">\ud83d\udc36 <strong data-start=\"171\" data-end=\"205\">\u041a\u043e\u0440\u043c \u0434\u043b\u044f \u0441\u043e\u0431\u0430\u043a Petline Super Premium<\/strong><\/h2>\n<h3 data-start=\"208\" data-end=\"242\"><strong data-start=\"212\" data-end=\"240\">\u0429\u0435\u043d\u043e\u043a \u2013 \u0412\u044b\u0431\u043e\u0440 \u043b\u043e\u0441\u043e\u0441\u044f<\/strong><\/h3>\n<p>&nbsp;<\/p>\n<h3 data-start=\"316\" data-end=\"350\"><strong data-start=\"320\" data-end=\"350\">\u2728 \u041e\u0441\u043e\u0431\u0435\u043d\u043d\u043e\u0441\u0442\u0438 \u043f\u0440\u043e\u0434\u0443\u043a\u0442\u0430:<\/strong><\/h3>\n<ul data-start=\"352\" data-end=\"771\">\n<li data-start=\"352\" data-end=\"425\">\n<p data-start=\"354\" data-end=\"425\">\u2705 <strong data-start=\"356\" data-end=\"401\">\u0412\u044b\u0441\u043e\u043a\u043e\u043a\u0430\u0447\u0435\u0441\u0442\u0432\u0435\u043d\u043d\u044b\u0439 \u0440\u044b\u0431\u043d\u044b\u0439 \u0431\u0435\u043b\u043e\u043a (\u043b\u043e\u0441\u043e\u0441\u044c)<\/strong> \u2013 \u0434\u043b\u044f \u0437\u0434\u043e\u0440\u043e\u0432\u043e\u0433\u043e \u0440\u0430\u0437\u0432\u0438\u0442\u0438\u044f<\/p>\n<\/li>\n<li data-start=\"426\" data-end=\"493\">\n<p data-start=\"428\" data-end=\"493\">\u2705 <strong data-start=\"430\" data-end=\"461\">86% \u0436\u0438\u0432\u043e\u0442\u043d\u044b\u0439 \u0431\u0435\u043b\u043e\u043a<\/strong> \u2013 \u0438\u0434\u0435\u0430\u043b\u044c\u043d\u043e \u043f\u043e\u0434\u0445\u043e\u0434\u0438\u0442 \u0434\u043b\u044f \u0440\u0430\u0441\u0442\u0443\u0449\u0435\u0433\u043e \u043e\u0440\u0433\u0430\u043d\u0438\u0437\u043c\u0430<\/p>\n<\/li>\n<li data-start=\"494\" data-end=\"573\">\n<p data-start=\"496\" data-end=\"573\">\u2705 <strong data-start=\"498\" data-end=\"516\">\u0411\u043e\u0433\u0430\u0442\u043e DHA<\/strong> \u2013 \u043f\u043e\u0434\u0434\u0435\u0440\u0436\u0438\u0432\u0430\u0435\u0442 \u0440\u0430\u0437\u0432\u0438\u0442\u0438\u0435 \u043c\u043e\u0437\u0433\u0430 \u0438 \u0437\u0440\u0435\u043d\u0438\u044f<\/p>\n<\/li>\n<li data-start=\"574\" data-end=\"638\">\n<p data-start=\"576\" data-end=\"638\">\u2705 <strong data-start=\"578\" data-end=\"606\">\u0421\u0435\u043b\u0435\u043d \u0438 \u0430\u043d\u0442\u0438\u043e\u043a\u0441\u0438\u0434\u0430\u043d\u0442\u044b<\/strong> \u2013 \u0443\u043a\u0440\u0435\u043f\u043b\u044f\u0435\u0442 \u0438\u043c\u043c\u0443\u043d\u043d\u0443\u044e \u0441\u0438\u0441\u0442\u0435\u043c\u0443<\/p>\n<\/li>\n<li data-start=\"639\" data-end=\"710\">\n<p data-start=\"641\" data-end=\"710\">\u2705 <strong data-start=\"643\" data-end=\"672\">\u041d\u0438\u0437\u043a\u043e\u0435 \u0437\u0435\u0440\u043d\u043e<\/strong> \u2013 \u043f\u043e\u0434\u0445\u043e\u0434\u0438\u0442 \u0434\u043b\u044f \u0447\u0443\u0432\u0441\u0442\u0432\u0438\u0442\u0435\u043b\u044c\u043d\u043e\u0439 \u043f\u0438\u0449\u0435\u0432\u0430\u0440\u0438\u0442\u0435\u043b\u044c\u043d\u043e\u0439 \u0441\u0438\u0441\u0442\u0435\u043c\u044b<\/p>\n<\/li>\n<li data-start=\"711\" data-end=\"771\">\n<p data-start=\"713\" data-end=\"771\">\u2705 <strong data-start=\"715\" data-end=\"771\">\u0421\u0431\u0430\u043b\u0430\u043d\u0441\u0438\u0440\u043e\u0432\u0430\u043d\u043d\u043e\u0435 \u0438 \u043f\u043e\u043b\u043d\u043e\u0446\u0435\u043d\u043d\u043e\u0435 \u043f\u0438\u0442\u0430\u043d\u0438\u0435 \u0434\u043b\u044f \u0449\u0435\u043d\u043a\u043e\u0432 \u0432 \u043f\u0435\u0440\u0438\u043e\u0434 \u0440\u043e\u0441\u0442\u0430<\/strong><\/p>\n<\/li>\n<\/ul>\n<hr data-start=\"773\" data-end=\"776\" \/>\n<h3 data-start=\"778\" data-end=\"830\"><strong data-start=\"782\" data-end=\"802\">\u0410\u043d\u0430\u043b\u0438\u0442\u0438\u0447\u0435\u0441\u043a\u0438\u0439 \u0441\u043e\u0441\u0442\u0430\u0432:<\/strong> <em data-start=\"803\" data-end=\"830\">(\u0410\u043d\u0430\u043b\u0438\u0442\u0438\u0447\u0435\u0441\u043a\u0438\u0435 \u0441\u043e\u0441\u0442\u0430\u0432\u043b\u044f\u044e\u0449\u0438\u0435)<\/em><\/h3>\n<div class=\"_tableContainer_80l1q_1\">\n<div class=\"_tableWrapper_80l1q_14 group flex w-fit flex-col-reverse\" tabindex=\"-1\">\n<table class=\"w-fit min-w-(--thread-content-width)\" data-start=\"832\" data-end=\"955\">\n<thead data-start=\"832\" data-end=\"851\">\n<tr data-start=\"832\" data-end=\"851\">\n<th data-start=\"832\" data-end=\"840\" data-col-size=\"sm\">\u0421\u0442\u0430\u0442\u044c\u044f<\/th>\n<th data-start=\"840\" data-end=\"851\" data-col-size=\"sm\">\u041a\u043e\u043b\u0438\u0447\u0435\u0441\u0442\u0432\u043e<\/th>\n<\/tr>\n<\/thead>\n<tbody data-start=\"872\" data-end=\"955\">\n<tr data-start=\"872\" data-end=\"913\">\n<td data-start=\"872\" data-end=\"906\" data-col-size=\"sm\"><strong data-start=\"874\" data-end=\"889\">\u0421\u044b\u0440\u043e\u0439 \u043f\u0440\u043e\u0442\u0435\u0438\u043d<\/strong> (\u0441\u044b\u0440\u043e\u0439 \u043f\u0440\u043e\u0442\u0435\u0438\u043d)<\/td>\n<td data-col-size=\"sm\" data-start=\"906\" data-end=\"913\">28%<\/td>\n<\/tr>\n<tr data-start=\"914\" data-end=\"955\">\n<td data-start=\"914\" data-end=\"948\" data-col-size=\"sm\"><strong data-start=\"916\" data-end=\"927\">\u0421\u044b\u0440\u0430\u044f \u043d\u0435\u0444\u0442\u044c<\/strong> (\u0441\u044b\u0440\u043e\u0439 \u0436\u0438\u0440)<\/td>\n<td data-col-size=\"sm\" data-start=\"948\" data-end=\"955\">16%<\/td>\n<\/tr>\n<\/tbody>\n<\/table>\n<div class=\"sticky end-(--thread-content-margin) h-0 self-end select-none\">\n<div class=\"absolute end-0 flex items-end\"><\/div>\n<\/div>\n<\/div>\n<\/div>\n<hr data-start=\"957\" data-end=\"960\" \/>\n<h3 data-start=\"962\" data-end=\"978\"><strong data-start=\"966\" data-end=\"978\">\u0418\u043d\u0433\u0440\u0435\u0434\u0438\u0435\u043d\u0442\u044b:<\/strong><\/h3>\n<blockquote data-start=\"980\" data-end=\"1191\">\n<p data-start=\"982\" data-end=\"1191\"><strong data-start=\"982\" data-end=\"1003\">\u041c\u0443\u043a\u0430 \u0438\u0437 \u043b\u043e\u0441\u043e\u0441\u044f (\u0440\u044b\u0431\u044b)<\/strong>, \u0440\u0438\u0441, \u0441\u0443\u0448\u0435\u043d\u044b\u0439 \u043a\u0430\u0440\u0442\u043e\u0444\u0435\u043b\u044c, \u0440\u044b\u0431\u0438\u0439 \u0436\u0438\u0440 (\u0438\u0441\u0442\u043e\u0447\u043d\u0438\u043a \u0414\u0413\u041a), \u043f\u0438\u0432\u043d\u044b\u0435 \u0434\u0440\u043e\u0436\u0436\u0438, \u0432\u0438\u0442\u0430\u043c\u0438\u043d\u044b \u0438 \u043c\u0438\u043d\u0435\u0440\u0430\u043b\u044b, \u0441\u0435\u043b\u0435\u043d, \u043d\u0430\u0442\u0443\u0440\u0430\u043b\u044c\u043d\u044b\u0435 \u0430\u043d\u0442\u0438\u043e\u043a\u0441\u0438\u0434\u0430\u043d\u0442\u044b, \u0424\u041e\u0421 \u0438 \u041c\u041e\u0421 (\u043f\u0440\u0435\u0431\u0438\u043e\u0442\u0438\u043a\u0438), \u044f\u0438\u0447\u043d\u044b\u0439 \u043f\u043e\u0440\u043e\u0448\u043e\u043a, \u043a\u043e\u043a\u043e\u0441\u043e\u0432\u043e\u0435 \u043c\u0430\u0441\u043b\u043e, \u043b\u044c\u043d\u044f\u043d\u043e\u0435 \u0441\u0435\u043c\u044f.<\/p>\n<\/blockquote>\n<hr data-start=\"1193\" data-end=\"1196\" \/>\n<h3 data-start=\"1198\" data-end=\"1215\"><strong data-start=\"1202\" data-end=\"1215\">\u0421\u043e\u0432\u043c\u0435\u0441\u0442\u0438\u043c\u043e\u0441\u0442\u044c:<\/strong><\/h3>\n<p data-start=\"1217\" data-end=\"1312\">\ud83d\udc15 <strong data-start=\"1220\" data-end=\"1244\">\u0429\u0435\u043d\u043a\u0438<\/strong> \u0434\u043b\u044f \u2013 \u043e\u0431\u0435\u0441\u043f\u0435\u0447\u0438\u0432\u0430\u0435\u0442 \u043f\u043e\u043b\u043d\u043e\u0446\u0435\u043d\u043d\u043e\u0435 \u043f\u0438\u0442\u0430\u043d\u0438\u0435 \u0432 \u043f\u0435\u0440\u0438\u043e\u0434 \u0440\u043e\u0441\u0442\u0430 \u0441 2 \u043c\u0435\u0441\u044f\u0446\u0435\u0432.<\/p>\n<\/div>\n<p><!-- .vgblk-rw-wrapper --><\/p>","protected":false},"excerpt":{"rendered":"<p>\ud83d\udc36 Petline Super Premium Dog Food Puppy \u2013 Salmon Selection &nbsp; \u2728 M\u0259hsulun X\u00fcsusiyy\u0259tl\u0259ri: \u2705 Y\u00fcks\u0259k keyfiyy\u0259tli bal\u0131q (somon) proteini \u2013 sa\u011flam inki\u015faf \u00fc\u00e7\u00fcn \u2705 86% heyvani m\u0259n\u015f\u0259li protein \u2013 b\u00f6y\u00fcy\u0259n orqanizm \u00fc\u00e7\u00fcn ideal \u2705 DHA il\u0259 z\u0259ngin \u2013 beyin v\u0259 g\u00f6rm\u0259 qabiliyy\u0259tinin inki\u015faf\u0131n\u0131 d\u0259st\u0259kl\u0259yir \u2705 Selen v\u0259 antioksidantlar \u2013 immun sistemini g\u00fccl\u0259ndirir \u2705 A\u015fa\u011f\u0131&#8230;<\/p>","protected":false},"featured_media":989897,"comment_status":"closed","ping_status":"closed","template":"","meta":{"nf_dc_page":"","_monsterinsights_skip_tracking":false,"_monsterinsights_sitenote_active":false,"_monsterinsights_sitenote_note":"","_monsterinsights_sitenote_category":0},"product_brand":[],"product_cat":[244,58,245],"product_tag":[],"class_list":{"0":"post-989896","1":"product","2":"type-product","3":"status-publish","4":"has-post-thumbnail","6":"product_cat-it-ve-pisik-mehsullari","7":"product_cat-dog","8":"product_cat-yemler","10":"first","11":"instock","12":"shipping-taxable","13":"product-type-simple"},"jetpack_sharing_enabled":true,"_links":{"self":[{"href":"https:\/\/agrovetazerbaijan.az\/ru\/wp-json\/wp\/v2\/product\/989896","targetHints":{"allow":["GET"]}}],"collection":[{"href":"https:\/\/agrovetazerbaijan.az\/ru\/wp-json\/wp\/v2\/product"}],"about":[{"href":"https:\/\/agrovetazerbaijan.az\/ru\/wp-json\/wp\/v2\/types\/product"}],"replies":[{"embeddable":true,"href":"https:\/\/agrovetazerbaijan.az\/ru\/wp-json\/wp\/v2\/comments?post=989896"}],"version-history":[{"count":1,"href":"https:\/\/agrovetazerbaijan.az\/ru\/wp-json\/wp\/v2\/product\/989896\/revisions"}],"predecessor-version":[{"id":989898,"href":"https:\/\/agrovetazerbaijan.az\/ru\/wp-json\/wp\/v2\/product\/989896\/revisions\/989898"}],"wp:featuredmedia":[{"embeddable":true,"href":"https:\/\/agrovetazerbaijan.az\/ru\/wp-json\/wp\/v2\/media\/989897"}],"wp:attachment":[{"href":"https:\/\/agrovetazerbaijan.az\/ru\/wp-json\/wp\/v2\/media?parent=989896"}],"wp:term":[{"taxonomy":"product_brand","embeddable":true,"href":"https:\/\/agrovetazerbaijan.az\/ru\/wp-json\/wp\/v2\/product_brand?post=989896"},{"taxonomy":"product_cat","embeddable":true,"href":"https:\/\/agrovetazerbaijan.az\/ru\/wp-json\/wp\/v2\/product_cat?post=989896"},{"taxonomy":"product_tag","embeddable":true,"href":"https:\/\/agrovetazerbaijan.az\/ru\/wp-json\/wp\/v2\/product_tag?post=989896"}],"curies":[{"name":"WP","href":"https:\/\/api.w.org\/{rel}","templated":true}]}}