{"id":989893,"date":"2025-07-13T12:24:45","date_gmt":"2025-07-13T12:24:45","guid":{"rendered":"https:\/\/agrovetazerbaijan.az\/?post_type=product&#038;p=989893"},"modified":"2025-07-13T12:25:01","modified_gmt":"2025-07-13T12:25:01","slug":"petline-chicken-recipe-hairball-control","status":"publish","type":"product","link":"https:\/\/agrovetazerbaijan.az\/ru\/product\/petline-chicken-recipe-hairball-control\/","title":{"rendered":"Petline \u2013 \u0420\u0435\u0446\u0435\u043f\u0442 \u043a\u0443\u0440\u0438\u0446\u044b (\u043a\u043e\u043d\u0442\u0440\u043e\u043b\u044c \u043e\u0431\u0440\u0430\u0437\u043e\u0432\u0430\u043d\u0438\u044f \u043a\u043e\u043c\u043a\u043e\u0432 \u0448\u0435\u0440\u0441\u0442\u0438)"},"content":{"rendered":"<div class=\"vgblk-rw-wrapper limit-wrapper\">\n<h3 data-start=\"333\" data-end=\"367\"><strong data-start=\"337\" data-end=\"367\">\u2728 \u041e\u0441\u043e\u0431\u0435\u043d\u043d\u043e\u0441\u0442\u0438 \u043f\u0440\u043e\u0434\u0443\u043a\u0442\u0430:<\/strong><\/h3>\n<ul data-start=\"369\" data-end=\"754\">\n<li data-start=\"369\" data-end=\"436\">\n<p data-start=\"371\" data-end=\"436\">\u2705 <strong data-start=\"373\" data-end=\"434\">\u0421\u043f\u0435\u0446\u0438\u0430\u043b\u044c\u043d\u0430\u044f \u0444\u043e\u0440\u043c\u0443\u043b\u0430 \u0434\u043b\u044f \u0441\u0442\u0435\u0440\u0438\u043b\u0438\u0437\u043e\u0432\u0430\u043d\u043d\u044b\u0445 (\u043a\u0430\u0441\u0442\u0440\u0438\u0440\u043e\u0432\u0430\u043d\u043d\u044b\u0445) \u043a\u043e\u0448\u0435\u043a<\/strong><\/p>\n<\/li>\n<li data-start=\"437\" data-end=\"516\">\n<p data-start=\"439\" data-end=\"516\">\u2705 <strong data-start=\"441\" data-end=\"485\">\u041a\u043e\u043d\u0442\u0440\u043e\u043b\u044c \u0437\u0430 \u043e\u0431\u0440\u0430\u0437\u043e\u0432\u0430\u043d\u0438\u0435\u043c \u043a\u043e\u043c\u043a\u043e\u0432 \u0448\u0435\u0440\u0441\u0442\u0438<\/strong> \u2013 \u041f\u043e\u0434\u0434\u0435\u0440\u0436\u0438\u0432\u0430\u0435\u0442 \u043f\u0438\u0449\u0435\u0432\u0430\u0440\u0438\u0442\u0435\u043b\u044c\u043d\u0443\u044e \u0441\u0438\u0441\u0442\u0435\u043c\u0443<\/p>\n<\/li>\n<li data-start=\"517\" data-end=\"571\">\n<p data-start=\"519\" data-end=\"571\">\u2705 <strong data-start=\"521\" data-end=\"569\">\u0411\u043e\u0433\u0430\u0442 \u0432\u044b\u0441\u043e\u043a\u043e\u043a\u0430\u0447\u0435\u0441\u0442\u0432\u0435\u043d\u043d\u044b\u043c \u043a\u0443\u0440\u0438\u043d\u044b\u043c \u0431\u0435\u043b\u043a\u043e\u043c<\/strong><\/p>\n<\/li>\n<li data-start=\"572\" data-end=\"627\">\n<p data-start=\"574\" data-end=\"627\">\u2705 <strong data-start=\"576\" data-end=\"625\">\u041d\u0438\u0437\u043a\u043e\u0435 \u0441\u043e\u0434\u0435\u0440\u0436\u0430\u043d\u0438\u0435 \u0436\u0438\u0440\u0430 \u2013 \u0431\u0430\u043b\u0430\u043d\u0441 \u043f\u0440\u043e\u0442\u0438\u0432 \u043b\u0438\u0448\u043d\u0435\u0433\u043e \u0432\u0435\u0441\u0430<\/strong><\/p>\n<\/li>\n<li data-start=\"628\" data-end=\"693\">\n<p data-start=\"630\" data-end=\"693\">\u2705 <strong data-start=\"632\" data-end=\"662\">\u041d\u0438\u0437\u043a\u043e\u0437\u0435\u0440\u043d\u0438\u0441\u0442\u044b\u0439 \u0438 \u0433\u0438\u043f\u043e\u0430\u043b\u043b\u0435\u0440\u0433\u0435\u043d\u043d\u044b\u0439<\/strong> \u2013 \u041f\u043e\u0434\u0445\u043e\u0434\u0438\u0442 \u0434\u043b\u044f \u0447\u0443\u0432\u0441\u0442\u0432\u0438\u0442\u0435\u043b\u044c\u043d\u044b\u0445 \u043a\u043e\u0448\u0435\u043a<\/p>\n<\/li>\n<li data-start=\"694\" data-end=\"754\">\n<p data-start=\"696\" data-end=\"754\">\u2705 <strong data-start=\"698\" data-end=\"754\">\u0423\u043b\u0443\u0447\u0448\u0435\u043d\u043d\u0430\u044f \u043f\u043e\u0434\u0434\u0435\u0440\u0436\u043a\u0430 \u0438\u043c\u043c\u0443\u043d\u0438\u0442\u0435\u0442\u0430 \u0441 \u043f\u043e\u043c\u043e\u0449\u044c\u044e \u0432\u0438\u0442\u0430\u043c\u0438\u043d\u043e\u0432 \u0438 \u043c\u0438\u043d\u0435\u0440\u0430\u043b\u043e\u0432<\/strong><\/p>\n<\/li>\n<\/ul>\n<hr data-start=\"756\" data-end=\"759\" \/>\n<h3 data-start=\"761\" data-end=\"813\"><strong data-start=\"765\" data-end=\"785\">\u0410\u043d\u0430\u043b\u0438\u0442\u0438\u0447\u0435\u0441\u043a\u0438\u0439 \u0441\u043e\u0441\u0442\u0430\u0432:<\/strong> <em data-start=\"786\" data-end=\"813\">(\u0410\u043d\u0430\u043b\u0438\u0442\u0438\u0447\u0435\u0441\u043a\u0438\u0435 \u0441\u043e\u0441\u0442\u0430\u0432\u043b\u044f\u044e\u0449\u0438\u0435)<\/em><\/h3>\n<div class=\"_tableContainer_80l1q_1\">\n<div class=\"_tableWrapper_80l1q_14 group flex w-fit flex-col-reverse\" tabindex=\"-1\">\n<table class=\"w-fit min-w-(--thread-content-width)\" data-start=\"815\" data-end=\"938\">\n<thead data-start=\"815\" data-end=\"834\">\n<tr data-start=\"815\" data-end=\"834\">\n<th data-start=\"815\" data-end=\"823\" data-col-size=\"sm\">\u0421\u0442\u0430\u0442\u044c\u044f<\/th>\n<th data-start=\"823\" data-end=\"834\" data-col-size=\"sm\">\u041a\u043e\u043b\u0438\u0447\u0435\u0441\u0442\u0432\u043e<\/th>\n<\/tr>\n<\/thead>\n<tbody data-start=\"855\" data-end=\"938\">\n<tr data-start=\"855\" data-end=\"896\">\n<td data-start=\"855\" data-end=\"889\" data-col-size=\"sm\"><strong data-start=\"857\" data-end=\"872\">\u0421\u044b\u0440\u043e\u0439 \u043f\u0440\u043e\u0442\u0435\u0438\u043d<\/strong> (\u0441\u044b\u0440\u043e\u0439 \u043f\u0440\u043e\u0442\u0435\u0438\u043d)<\/td>\n<td data-col-size=\"sm\" data-start=\"889\" data-end=\"896\">34%<\/td>\n<\/tr>\n<tr data-start=\"897\" data-end=\"938\">\n<td data-start=\"897\" data-end=\"931\" data-col-size=\"sm\"><strong data-start=\"899\" data-end=\"910\">\u0421\u044b\u0440\u0430\u044f \u043d\u0435\u0444\u0442\u044c<\/strong> (\u0441\u044b\u0440\u043e\u0439 \u0436\u0438\u0440)<\/td>\n<td data-col-size=\"sm\" data-start=\"931\" data-end=\"938\">12%<\/td>\n<\/tr>\n<\/tbody>\n<\/table>\n<div class=\"sticky end-(--thread-content-margin) h-0 self-end select-none\">\n<div class=\"absolute end-0 flex items-end\"><\/div>\n<\/div>\n<\/div>\n<\/div>\n<hr data-start=\"940\" data-end=\"943\" \/>\n<h3 data-start=\"945\" data-end=\"961\"><strong data-start=\"949\" data-end=\"961\">\u0418\u043d\u0433\u0440\u0435\u0434\u0438\u0435\u043d\u0442\u044b:<\/strong><\/h3>\n<blockquote data-start=\"963\" data-end=\"1192\">\n<p data-start=\"965\" data-end=\"1192\"><strong data-start=\"965\" data-end=\"982\">\u041a\u0443\u0440\u0438\u043d\u043e\u0435 \u043c\u044f\u0441\u043e<\/strong>, \u0447\u0430\u0441\u0442\u0438\u0447\u043d\u043e \u0433\u0438\u0434\u0440\u043e\u043b\u0438\u0437\u043e\u0432\u0430\u043d\u043d\u044b\u0439 \u0440\u0438\u0441, \u0441\u0443\u0448\u0435\u043d\u044b\u0439 \u043a\u0430\u0440\u0442\u043e\u0444\u0435\u043b\u044c, \u0440\u044b\u0431\u0438\u0439 \u0436\u0438\u0440, \u043d\u0430\u0442\u0443\u0440\u0430\u043b\u044c\u043d\u044b\u0435 \u0432\u043e\u043b\u043e\u043a\u043d\u0430 (\u0434\u043b\u044f \u043a\u043e\u043d\u0442\u0440\u043e\u043b\u044f \u0437\u0430 \u043e\u0431\u0440\u0430\u0437\u043e\u0432\u0430\u043d\u0438\u0435\u043c \u0432\u043e\u043b\u043e\u0441\u044f\u043d\u044b\u0445 \u043a\u043e\u043c\u043a\u043e\u0432), \u043f\u0438\u0432\u043d\u044b\u0435 \u0434\u0440\u043e\u0436\u0436\u0438, \u0432\u0438\u0442\u0430\u043c\u0438\u043d\u043d\u043e-\u043c\u0438\u043d\u0435\u0440\u0430\u043b\u044c\u043d\u0430\u044f \u0441\u043c\u0435\u0441\u044c, FOS \u0438 MOS (\u043f\u0440\u0435\u0431\u0438\u043e\u0442\u0438\u043a\u0438), L-\u043a\u0430\u0440\u043d\u0438\u0442\u0438\u043d, \u0442\u0430\u0443\u0440\u0438\u043d, \u0430\u043d\u0442\u0438\u043e\u043a\u0441\u0438\u0434\u0430\u043d\u0442\u044b.<\/p>\n<\/blockquote>\n<hr data-start=\"1194\" data-end=\"1197\" \/>\n<h3 data-start=\"1199\" data-end=\"1216\"><strong data-start=\"1203\" data-end=\"1216\">\u0421\u043e\u0432\u043c\u0435\u0441\u0442\u0438\u043c\u043e\u0441\u0442\u044c:<\/strong><\/h3>\n<p data-start=\"1218\" data-end=\"1379\">\ud83d\udc3e <strong data-start=\"1221\" data-end=\"1269\">\u0421\u0442\u0435\u0440\u0438\u043b\u0438\u0437\u043e\u0432\u0430\u043d\u043d\u044b\u0435 (\u043a\u0430\u0441\u0442\u0440\u0438\u0440\u043e\u0432\u0430\u043d\u043d\u044b\u0435) \u0432\u0437\u0440\u043e\u0441\u043b\u044b\u0435 \u043a\u043e\u0448\u043a\u0438<\/strong> \u0434\u043b\u044f \u2013 \u0441\u0431\u0430\u043b\u0430\u043d\u0441\u0438\u0440\u043e\u0432\u0430\u043d\u043d\u043e\u0433\u043e \u043f\u0438\u0442\u0430\u043d\u0438\u044f, \u043f\u0440\u0435\u0434\u043d\u0430\u0437\u043d\u0430\u0447\u0435\u043d\u043d\u043e\u0433\u043e \u0434\u043b\u044f \u043a\u043e\u043d\u0442\u0440\u043e\u043b\u044f \u0432\u0435\u0441\u0430 \u0438 \u043f\u0440\u0435\u0434\u043e\u0442\u0432\u0440\u0430\u0449\u0435\u043d\u0438\u044f \u043e\u0431\u0440\u0430\u0437\u043e\u0432\u0430\u043d\u0438\u044f \u043a\u043e\u043c\u043a\u043e\u0432 \u0448\u0435\u0440\u0441\u0442\u0438.<\/p>\n<hr data-start=\"1381\" data-end=\"1384\" \/>\n<h3 data-start=\"1386\" data-end=\"1409\"><strong data-start=\"1390\" data-end=\"1407\">\u0420\u0430\u0437\u043c\u0435\u0440 \u0443\u043f\u0430\u043a\u043e\u0432\u043a\u0438:<\/strong><\/h3>\n<p data-start=\"1410\" data-end=\"1421\">\ud83d\udce6 <strong data-start=\"1413\" data-end=\"1421\">6 \u043a\u0433<\/strong><\/p>\n<\/div>\n<p><!-- .vgblk-rw-wrapper --><\/p>","protected":false},"excerpt":{"rendered":"<p>\u2728 M\u0259hsulun X\u00fcsusiyy\u0259tl\u0259ri: \u2705 Steriliz\u0259 olunmu\u015f (neutered) pi\u015fikl\u0259r \u00fc\u00e7\u00fcn x\u00fcsusi formula \u2705 T\u00fck yumrular\u0131na qar\u015f\u0131 (Hairball Control) \u2013 H\u0259zm sistemini d\u0259st\u0259kl\u0259yir \u2705 Y\u00fcks\u0259k keyfiyy\u0259tli toyuq proteini il\u0259 z\u0259ngin \u2705 A\u015fa\u011f\u0131 ya\u011f t\u0259rkibi \u2013 art\u0131q \u00e7\u0259kiy\u0259 qar\u015f\u0131 balans \u2705 Low Grain &amp; Hypoallergenic \u2013 H\u0259ssas pi\u015fikl\u0259r \u00fc\u00e7\u00fcn uy\u011fun \u2705 Vitamin v\u0259 minerallarla g\u00fccl\u0259ndirilmi\u015f immun d\u0259st\u0259yi Analitik&#8230;<\/p>","protected":false},"featured_media":989894,"comment_status":"closed","ping_status":"closed","template":"","meta":{"nf_dc_page":"","_monsterinsights_skip_tracking":false,"_monsterinsights_sitenote_active":false,"_monsterinsights_sitenote_note":"","_monsterinsights_sitenote_category":0},"product_brand":[],"product_cat":[245,244,51],"product_tag":[],"class_list":{"0":"post-989893","1":"product","2":"type-product","3":"status-publish","4":"has-post-thumbnail","6":"product_cat-yemler","7":"product_cat-it-ve-pisik-mehsullari","8":"product_cat-cat","10":"first","11":"instock","12":"shipping-taxable","13":"product-type-simple"},"jetpack_sharing_enabled":true,"_links":{"self":[{"href":"https:\/\/agrovetazerbaijan.az\/ru\/wp-json\/wp\/v2\/product\/989893","targetHints":{"allow":["GET"]}}],"collection":[{"href":"https:\/\/agrovetazerbaijan.az\/ru\/wp-json\/wp\/v2\/product"}],"about":[{"href":"https:\/\/agrovetazerbaijan.az\/ru\/wp-json\/wp\/v2\/types\/product"}],"replies":[{"embeddable":true,"href":"https:\/\/agrovetazerbaijan.az\/ru\/wp-json\/wp\/v2\/comments?post=989893"}],"version-history":[{"count":1,"href":"https:\/\/agrovetazerbaijan.az\/ru\/wp-json\/wp\/v2\/product\/989893\/revisions"}],"predecessor-version":[{"id":989895,"href":"https:\/\/agrovetazerbaijan.az\/ru\/wp-json\/wp\/v2\/product\/989893\/revisions\/989895"}],"wp:featuredmedia":[{"embeddable":true,"href":"https:\/\/agrovetazerbaijan.az\/ru\/wp-json\/wp\/v2\/media\/989894"}],"wp:attachment":[{"href":"https:\/\/agrovetazerbaijan.az\/ru\/wp-json\/wp\/v2\/media?parent=989893"}],"wp:term":[{"taxonomy":"product_brand","embeddable":true,"href":"https:\/\/agrovetazerbaijan.az\/ru\/wp-json\/wp\/v2\/product_brand?post=989893"},{"taxonomy":"product_cat","embeddable":true,"href":"https:\/\/agrovetazerbaijan.az\/ru\/wp-json\/wp\/v2\/product_cat?post=989893"},{"taxonomy":"product_tag","embeddable":true,"href":"https:\/\/agrovetazerbaijan.az\/ru\/wp-json\/wp\/v2\/product_tag?post=989893"}],"curies":[{"name":"WP","href":"https:\/\/api.w.org\/{rel}","templated":true}]}}