{"id":989889,"date":"2025-07-13T10:22:30","date_gmt":"2025-07-13T10:22:30","guid":{"rendered":"https:\/\/agrovetazerbaijan.az\/?post_type=product&#038;p=989889"},"modified":"2025-07-13T10:26:17","modified_gmt":"2025-07-13T10:26:17","slug":"petline-food-mother-baby-chicken-recipe","status":"publish","type":"product","link":"https:\/\/agrovetazerbaijan.az\/ru\/product\/petline-food-mother-baby-chicken-recipe\/","title":{"rendered":"Petline Food Mother &amp; Baby \u2013 \u0420\u0435\u0446\u0435\u043f\u0442 \u0441 \u043a\u0443\u0440\u0438\u0446\u0435\u0439"},"content":{"rendered":"<div class=\"vgblk-rw-wrapper limit-wrapper\">\n<h3 data-start=\"302\" data-end=\"336\"><strong data-start=\"306\" data-end=\"336\">\u2728 \u041e\u0441\u043e\u0431\u0435\u043d\u043d\u043e\u0441\u0442\u0438 \u043f\u0440\u043e\u0434\u0443\u043a\u0442\u0430:<\/strong><\/h3>\n<ul data-start=\"338\" data-end=\"691\">\n<li data-start=\"338\" data-end=\"384\">\n<p data-start=\"340\" data-end=\"384\">\u2705 <strong data-start=\"342\" data-end=\"382\">\u0418\u043d\u0433\u0440\u0435\u0434\u0438\u0435\u043d\u0442 \u043d\u0430 \u043e\u0441\u043d\u043e\u0432\u0435 \u043a\u0443\u0440\u0438\u0446\u044b \u0441 \u0432\u044b\u0441\u043e\u043a\u0438\u043c \u0441\u043e\u0434\u0435\u0440\u0436\u0430\u043d\u0438\u0435\u043c \u0431\u0435\u043b\u043a\u0430<\/strong><\/p>\n<\/li>\n<li data-start=\"385\" data-end=\"448\">\n<p data-start=\"387\" data-end=\"448\">\u2705 <strong data-start=\"389\" data-end=\"446\">\u0421\u043f\u0435\u0446\u0438\u0430\u043b\u044c\u043d\u043e \u0440\u0430\u0437\u0440\u0430\u0431\u043e\u0442\u0430\u043d\u043e \u0434\u043b\u044f \u043c\u0430\u0442\u0435\u0440\u0435\u0439 \u0438 \u0434\u0435\u0442\u0435\u043d\u044b\u0448\u0435\u0439 \u0436\u0438\u0432\u043e\u0442\u043d\u044b\u0445<\/strong><\/p>\n<\/li>\n<li data-start=\"449\" data-end=\"493\">\n<p data-start=\"451\" data-end=\"493\">\u2705 <strong data-start=\"453\" data-end=\"491\">\u0413\u0438\u043f\u043e\u0430\u043b\u043b\u0435\u0440\u0433\u0435\u043d\u043d\u044b\u0435 \u0438 \u043b\u0435\u0433\u043a\u043e\u0443\u0441\u0432\u043e\u044f\u0435\u043c\u044b\u0435 \u0438\u043d\u0433\u0440\u0435\u0434\u0438\u0435\u043d\u0442\u044b<\/strong><\/p>\n<\/li>\n<li data-start=\"494\" data-end=\"551\">\n<p data-start=\"496\" data-end=\"551\">\u2705 <strong data-start=\"498\" data-end=\"549\">\u041e\u0431\u043e\u0433\u0430\u0449\u0435\u043d \u043d\u0430\u0442\u0443\u0440\u0430\u043b\u044c\u043d\u044b\u043c\u0438 \u0432\u0438\u0442\u0430\u043c\u0438\u043d\u0430\u043c\u0438 \u0438 \u043c\u0438\u043d\u0435\u0440\u0430\u043b\u0430\u043c\u0438<\/strong><\/p>\n<\/li>\n<li data-start=\"552\" data-end=\"633\">\n<p data-start=\"554\" data-end=\"633\">\u2705 <strong data-start=\"556\" data-end=\"591\">\u041d\u0438\u0437\u043a\u043e\u0435 \u0437\u0435\u0440\u043d\u043e<\/strong> \u2013 \u041f\u043e\u0434\u0445\u043e\u0434\u0438\u0442 \u0434\u043b\u044f \u0447\u0443\u0432\u0441\u0442\u0432\u0438\u0442\u0435\u043b\u044c\u043d\u043e\u0433\u043e \u043a\u0438\u0448\u0435\u0447\u043d\u0438\u043a\u0430<\/p>\n<\/li>\n<li data-start=\"634\" data-end=\"691\">\n<p data-start=\"636\" data-end=\"691\">\u2705 <strong data-start=\"638\" data-end=\"691\">\u0418\u0434\u0435\u0430\u043b\u044c\u043d\u044b\u0439 \u0431\u0430\u043b\u0430\u043d\u0441 \u043f\u0438\u0442\u0430\u0442\u0435\u043b\u044c\u043d\u044b\u0445 \u0432\u0435\u0449\u0435\u0441\u0442\u0432 \u0434\u043b\u044f \u0440\u0430\u0437\u0432\u0438\u0442\u0438\u044f \u043c\u043e\u043b\u043e\u0434\u044b\u0445 \u0436\u0438\u0432\u043e\u0442\u043d\u044b\u0445<\/strong><\/p>\n<\/li>\n<\/ul>\n<hr data-start=\"693\" data-end=\"696\" \/>\n<h3 data-start=\"698\" data-end=\"750\"><strong data-start=\"702\" data-end=\"722\">\u0410\u043d\u0430\u043b\u0438\u0442\u0438\u0447\u0435\u0441\u043a\u0438\u0439 \u0441\u043e\u0441\u0442\u0430\u0432:<\/strong> <em data-start=\"723\" data-end=\"750\">(\u0410\u043d\u0430\u043b\u0438\u0442\u0438\u0447\u0435\u0441\u043a\u0438\u0435 \u0441\u043e\u0441\u0442\u0430\u0432\u043b\u044f\u044e\u0449\u0438\u0435)<\/em><\/h3>\n<div class=\"_tableContainer_80l1q_1\">\n<div class=\"_tableWrapper_80l1q_14 group flex w-fit flex-col-reverse\" tabindex=\"-1\">\n<table class=\"w-fit min-w-(--thread-content-width)\" data-start=\"752\" data-end=\"875\">\n<thead data-start=\"752\" data-end=\"771\">\n<tr data-start=\"752\" data-end=\"771\">\n<th data-start=\"752\" data-end=\"760\" data-col-size=\"sm\">\u0421\u0442\u0430\u0442\u044c\u044f<\/th>\n<th data-start=\"760\" data-end=\"771\" data-col-size=\"sm\">\u041a\u043e\u043b\u0438\u0447\u0435\u0441\u0442\u0432\u043e<\/th>\n<\/tr>\n<\/thead>\n<tbody data-start=\"792\" data-end=\"875\">\n<tr data-start=\"792\" data-end=\"833\">\n<td data-start=\"792\" data-end=\"826\" data-col-size=\"sm\"><strong data-start=\"794\" data-end=\"809\">\u0421\u044b\u0440\u043e\u0439 \u043f\u0440\u043e\u0442\u0435\u0438\u043d<\/strong> (\u0441\u044b\u0440\u043e\u0439 \u043f\u0440\u043e\u0442\u0435\u0438\u043d)<\/td>\n<td data-col-size=\"sm\" data-start=\"826\" data-end=\"833\">40%<\/td>\n<\/tr>\n<tr data-start=\"834\" data-end=\"875\">\n<td data-start=\"834\" data-end=\"868\" data-col-size=\"sm\"><strong data-start=\"836\" data-end=\"847\">\u0421\u044b\u0440\u0430\u044f \u043d\u0435\u0444\u0442\u044c<\/strong> (\u0441\u044b\u0440\u043e\u0439 \u0436\u0438\u0440)<\/td>\n<td data-col-size=\"sm\" data-start=\"868\" data-end=\"875\">22%<\/td>\n<\/tr>\n<\/tbody>\n<\/table>\n<div class=\"sticky end-(--thread-content-margin) h-0 self-end select-none\">\n<div class=\"absolute end-0 flex items-end\"><\/div>\n<\/div>\n<\/div>\n<\/div>\n<hr data-start=\"877\" data-end=\"880\" \/>\n<h3 data-start=\"882\" data-end=\"898\"><strong data-start=\"886\" data-end=\"898\">\u0418\u043d\u0433\u0440\u0435\u0434\u0438\u0435\u043d\u0442\u044b:<\/strong><\/h3>\n<blockquote data-start=\"900\" data-end=\"1162\">\n<p data-start=\"902\" data-end=\"1162\"><strong data-start=\"902\" data-end=\"919\">\u041a\u0443\u0440\u0438\u043d\u043e\u0435 \u043c\u044f\u0441\u043e<\/strong>, \u0433\u0438\u0434\u0440\u043e\u043b\u0438\u0437\u043e\u0432\u0430\u043d\u043d\u044b\u0439 \u0440\u0438\u0441, \u0441\u0443\u0448\u0435\u043d\u044b\u0439 \u043a\u0430\u0440\u0442\u043e\u0444\u0435\u043b\u044c, \u0440\u044b\u0431\u0438\u0439 \u0436\u0438\u0440, \u043a\u043e\u043a\u043e\u0441\u043e\u0432\u043e\u0435 \u043c\u0430\u0441\u043b\u043e, \u043f\u0438\u0432\u043d\u044b\u0435 \u0434\u0440\u043e\u0436\u0436\u0438, \u043f\u0440\u0435\u0431\u0438\u043e\u0442\u0438\u043a\u0438 (\u0424\u041e\u0421, \u041c\u041e\u0421), \u0432\u0438\u0442\u0430\u043c\u0438\u043d\u044b \u0438 \u043c\u0438\u043d\u0435\u0440\u0430\u043b\u044b, \u0430\u043d\u0442\u0438\u043e\u043a\u0441\u0438\u0434\u0430\u043d\u0442\u044b, \u0414\u0413\u041a \u0438 \u042d\u041f\u041a (\u0434\u043b\u044f \u0440\u0430\u0437\u0432\u0438\u0442\u0438\u044f \u043c\u043e\u0437\u0433\u0430 \u0438 \u0437\u0440\u0435\u043d\u0438\u044f), \u043a\u0430\u043b\u044c\u0446\u0438\u0439 \u0438 \u0444\u043e\u0441\u0444\u043e\u0440 (\u0434\u043b\u044f \u043a\u0440\u0435\u043f\u043a\u0438\u0445 \u043a\u043e\u0441\u0442\u0435\u0439).<\/p>\n<\/blockquote>\n<hr data-start=\"1164\" data-end=\"1167\" \/>\n<h3 data-start=\"1169\" data-end=\"1186\"><strong data-start=\"1173\" data-end=\"1186\">\u0421\u043e\u0432\u043c\u0435\u0441\u0442\u0438\u043c\u043e\u0441\u0442\u044c:<\/strong><\/h3>\n<p data-start=\"1188\" data-end=\"1309\">\ud83d\udc69\u200d\ud83d\udc67\u200d\ud83d\udc66 <strong data-start=\"1197\" data-end=\"1234\">\u041c\u0430\u0442\u0435\u0440\u0438-\u0436\u0438\u0432\u043e\u0442\u043d\u044b\u0435 \u0438 \u0438\u0445 \u0434\u0435\u0442\u0435\u043d\u044b\u0448\u0438<\/strong> \u0434\u043b\u044f \u2013 \u043f\u043e\u043b\u043d\u043e\u0446\u0435\u043d\u043d\u043e\u0433\u043e \u043f\u043e\u0434\u0434\u0435\u0440\u0436\u0438\u0432\u0430\u044e\u0449\u0435\u0433\u043e \u043f\u0438\u0442\u0430\u043d\u0438\u044f \u0432\u043e \u0432\u0440\u0435\u043c\u044f \u0431\u0435\u0440\u0435\u043c\u0435\u043d\u043d\u043e\u0441\u0442\u0438, \u043b\u0430\u043a\u0442\u0430\u0446\u0438\u0438 \u0438 \u0440\u0430\u043d\u043d\u0435\u0433\u043e \u0440\u043e\u0441\u0442\u0430.<\/p>\n<hr data-start=\"1311\" data-end=\"1314\" \/>\n<h3 data-start=\"1316\" data-end=\"1339\"><\/h3>\n<\/div>\n<p><!-- .vgblk-rw-wrapper --><\/p>","protected":false},"excerpt":{"rendered":"<p>\u2728 M\u0259hsulun X\u00fcsusiyy\u0259tl\u0259ri: \u2705 Toyuq \u0259sasl\u0131 y\u00fcks\u0259k proteinli t\u0259rkib \u2705 Ana v\u0259 bala heyvanlar \u00fc\u00e7\u00fcn x\u00fcsusi haz\u0131rlanm\u0131\u015f formula \u2705 Hipoallergen v\u0259 h\u0259zm\u0259 uy\u011fun t\u0259rkib \u2705 T\u0259bii vitamin v\u0259 minerallarla z\u0259nginl\u0259\u015fdirilmi\u015f \u2705 A\u015fa\u011f\u0131 tax\u0131l t\u0259rkibi (Low Grain) \u2013 H\u0259ssas ba\u011f\u0131rsaq sistemi \u00fc\u00e7\u00fcn uy\u011fundur \u2705 Bala heyvanlar\u0131n inki\u015faf\u0131 \u00fc\u00e7\u00fcn ideal qida balans\u0131 Analitik T\u0259rkib: (Analytical Constituents) Madd\u0259&#8230;<\/p>","protected":false},"featured_media":989890,"comment_status":"closed","ping_status":"closed","template":"","meta":{"nf_dc_page":"","_monsterinsights_skip_tracking":false,"_monsterinsights_sitenote_active":false,"_monsterinsights_sitenote_note":"","_monsterinsights_sitenote_category":0},"product_brand":[],"product_cat":[244,51,245],"product_tag":[],"class_list":{"0":"post-989889","1":"product","2":"type-product","3":"status-publish","4":"has-post-thumbnail","6":"product_cat-it-ve-pisik-mehsullari","7":"product_cat-cat","8":"product_cat-yemler","10":"first","11":"instock","12":"shipping-taxable","13":"product-type-simple"},"jetpack_sharing_enabled":true,"_links":{"self":[{"href":"https:\/\/agrovetazerbaijan.az\/ru\/wp-json\/wp\/v2\/product\/989889","targetHints":{"allow":["GET"]}}],"collection":[{"href":"https:\/\/agrovetazerbaijan.az\/ru\/wp-json\/wp\/v2\/product"}],"about":[{"href":"https:\/\/agrovetazerbaijan.az\/ru\/wp-json\/wp\/v2\/types\/product"}],"replies":[{"embeddable":true,"href":"https:\/\/agrovetazerbaijan.az\/ru\/wp-json\/wp\/v2\/comments?post=989889"}],"version-history":[{"count":2,"href":"https:\/\/agrovetazerbaijan.az\/ru\/wp-json\/wp\/v2\/product\/989889\/revisions"}],"predecessor-version":[{"id":989892,"href":"https:\/\/agrovetazerbaijan.az\/ru\/wp-json\/wp\/v2\/product\/989889\/revisions\/989892"}],"wp:featuredmedia":[{"embeddable":true,"href":"https:\/\/agrovetazerbaijan.az\/ru\/wp-json\/wp\/v2\/media\/989890"}],"wp:attachment":[{"href":"https:\/\/agrovetazerbaijan.az\/ru\/wp-json\/wp\/v2\/media?parent=989889"}],"wp:term":[{"taxonomy":"product_brand","embeddable":true,"href":"https:\/\/agrovetazerbaijan.az\/ru\/wp-json\/wp\/v2\/product_brand?post=989889"},{"taxonomy":"product_cat","embeddable":true,"href":"https:\/\/agrovetazerbaijan.az\/ru\/wp-json\/wp\/v2\/product_cat?post=989889"},{"taxonomy":"product_tag","embeddable":true,"href":"https:\/\/agrovetazerbaijan.az\/ru\/wp-json\/wp\/v2\/product_tag?post=989889"}],"curies":[{"name":"WP","href":"https:\/\/api.w.org\/{rel}","templated":true}]}}