{"id":989886,"date":"2025-07-13T09:49:43","date_gmt":"2025-07-13T09:49:43","guid":{"rendered":"https:\/\/agrovetazerbaijan.az\/?post_type=product&#038;p=989886"},"modified":"2025-07-13T09:50:15","modified_gmt":"2025-07-13T09:50:15","slug":"petline-super-premium-cat-food-adult-lamb-recipe","status":"publish","type":"product","link":"https:\/\/agrovetazerbaijan.az\/ru\/product\/petline-super-premium-cat-food-adult-lamb-recipe\/","title":{"rendered":"\u041a\u043e\u0440\u043c \u0434\u043b\u044f \u043a\u043e\u0448\u0435\u043a Petline Super Premium Adult \u0441 \u044f\u0433\u043d\u0435\u043d\u043a\u043e\u043c"},"content":{"rendered":"<div class=\"vgblk-rw-wrapper limit-wrapper\">\n<h2 data-start=\"159\" data-end=\"201\"><strong data-start=\"165\" data-end=\"199\">\u041a\u043e\u0440\u043c \u0434\u043b\u044f \u043a\u043e\u0448\u0435\u043a Petline Super Premium<\/strong><\/h2>\n<h3 data-start=\"202\" data-end=\"231\"><strong data-start=\"206\" data-end=\"229\">\u0420\u0435\u0446\u0435\u043f\u0442 \u0434\u043b\u044f \u0432\u0437\u0440\u043e\u0441\u043b\u044b\u0445 \u2013 \u042f\u0433\u043d\u0435\u043d\u043e\u043a<\/strong><\/h3>\n<p data-start=\"232\" data-end=\"290\"><strong data-start=\"232\" data-end=\"290\">\u041d\u0438\u0437\u043a\u043e\u0435 \u0441\u043e\u0434\u0435\u0440\u0436\u0430\u043d\u0438\u0435 \u0437\u0435\u0440\u043d\u0430 | \u0413\u0438\u043f\u043e\u0430\u043b\u043b\u0435\u0440\u0433\u0435\u043d\u043d\u044b\u0439 \u043c\u043e\u043d\u043e\u043f\u0440\u043e\u0442\u0435\u0438\u043d | \u0423\u0445\u043e\u0434 \u0437\u0430 \u043a\u043e\u0436\u0435\u0439<\/strong><\/p>\n<hr data-start=\"292\" data-end=\"295\" \/>\n<h3 data-start=\"297\" data-end=\"331\"><strong data-start=\"301\" data-end=\"331\">\u2728 \u041e\u0441\u043e\u0431\u0435\u043d\u043d\u043e\u0441\u0442\u0438 \u043f\u0440\u043e\u0434\u0443\u043a\u0442\u0430:<\/strong><\/h3>\n<ul data-start=\"333\" data-end=\"661\">\n<li data-start=\"333\" data-end=\"373\">\n<p data-start=\"335\" data-end=\"373\">\u2705 <strong data-start=\"337\" data-end=\"371\">\u0415\u0434\u0438\u043d\u0441\u0442\u0432\u0435\u043d\u043d\u044b\u0439 \u0438\u0441\u0442\u043e\u0447\u043d\u0438\u043a \u0431\u0435\u043b\u043a\u0430 \u2013 \u0431\u0430\u0440\u0430\u043d\u0438\u043d\u0430<\/strong><\/p>\n<\/li>\n<li data-start=\"374\" data-end=\"436\">\n<p data-start=\"376\" data-end=\"436\">\u2705 <strong data-start=\"378\" data-end=\"402\">\u0413\u0438\u043f\u043e\u0430\u043b\u043b\u0435\u0440\u0433\u0435\u043d\u043d\u0430\u044f \u0444\u043e\u0440\u043c\u0443\u043b\u0430<\/strong> \u2013 \u0418\u0434\u0435\u0430\u043b\u044c\u043d\u043e \u043f\u043e\u0434\u0445\u043e\u0434\u0438\u0442 \u0434\u043b\u044f \u0447\u0443\u0432\u0441\u0442\u0432\u0438\u0442\u0435\u043b\u044c\u043d\u044b\u0445 \u043a\u043e\u0448\u0435\u043a<\/p>\n<\/li>\n<li data-start=\"437\" data-end=\"479\">\n<p data-start=\"439\" data-end=\"479\">\u2705 <strong data-start=\"441\" data-end=\"477\">\u0423\u0445\u043e\u0434 \u0437\u0430 \u043a\u043e\u0436\u0435\u0439 \u0438 \u0432\u043e\u043b\u043e\u0441\u0430\u043c\u0438 \u0441 EPA \u0438 DHA<\/strong><\/p>\n<\/li>\n<li data-start=\"480\" data-end=\"542\">\n<p data-start=\"482\" data-end=\"542\">\u2705 <strong data-start=\"484\" data-end=\"513\">\u041d\u0438\u0437\u043a\u043e\u0435 \u0437\u0435\u0440\u043d\u043e<\/strong> \u2013 \u041d\u0435 \u0441\u043e\u0434\u0435\u0440\u0436\u0438\u0442 \u0433\u043b\u044e\u0442\u0435\u043d\u0430 \u0438 \u043b\u0435\u0433\u043a\u043e \u0443\u0441\u0432\u0430\u0438\u0432\u0430\u0435\u0442\u0441\u044f<\/p>\n<\/li>\n<li data-start=\"543\" data-end=\"603\">\n<p data-start=\"545\" data-end=\"603\">\u2705 <strong data-start=\"547\" data-end=\"569\">\u0421\u0438\u0441\u0442\u0435\u043c\u0430 Derma Care<\/strong> \u2013 \u041f\u043e\u0434\u0434\u0435\u0440\u0436\u0438\u0432\u0430\u0435\u0442 \u0437\u0434\u043e\u0440\u043e\u0432\u044c\u0435 \u043a\u043e\u0436\u0438<\/p>\n<\/li>\n<li data-start=\"604\" data-end=\"661\">\n<p data-start=\"606\" data-end=\"661\">\u2705 <strong data-start=\"608\" data-end=\"661\">\u0421\u0431\u0430\u043b\u0430\u043d\u0441\u0438\u0440\u043e\u0432\u0430\u043d\u043d\u043e\u0435 \u043f\u0438\u0442\u0430\u043d\u0438\u0435, \u0431\u043e\u0433\u0430\u0442\u043e\u0435 \u0432\u0438\u0442\u0430\u043c\u0438\u043d\u0430\u043c\u0438 \u0438 \u043c\u0438\u043d\u0435\u0440\u0430\u043b\u0430\u043c\u0438<\/strong><\/p>\n<\/li>\n<\/ul>\n<hr data-start=\"663\" data-end=\"666\" \/>\n<h3 data-start=\"668\" data-end=\"720\"><strong data-start=\"672\" data-end=\"692\">\u0410\u043d\u0430\u043b\u0438\u0442\u0438\u0447\u0435\u0441\u043a\u0438\u0439 \u0441\u043e\u0441\u0442\u0430\u0432:<\/strong> <em data-start=\"693\" data-end=\"720\">(\u0410\u043d\u0430\u043b\u0438\u0442\u0438\u0447\u0435\u0441\u043a\u0438\u0435 \u0441\u043e\u0441\u0442\u0430\u0432\u043b\u044f\u044e\u0449\u0438\u0435)<\/em><\/h3>\n<div class=\"_tableContainer_80l1q_1\">\n<div class=\"_tableWrapper_80l1q_14 group flex w-fit flex-col-reverse\" tabindex=\"-1\">\n<table class=\"w-fit min-w-(--thread-content-width)\" data-start=\"722\" data-end=\"845\">\n<thead data-start=\"722\" data-end=\"741\">\n<tr data-start=\"722\" data-end=\"741\">\n<th data-start=\"722\" data-end=\"730\" data-col-size=\"sm\">\u0421\u0442\u0430\u0442\u044c\u044f<\/th>\n<th data-start=\"730\" data-end=\"741\" data-col-size=\"sm\">\u041a\u043e\u043b\u0438\u0447\u0435\u0441\u0442\u0432\u043e<\/th>\n<\/tr>\n<\/thead>\n<tbody data-start=\"762\" data-end=\"845\">\n<tr data-start=\"762\" data-end=\"803\">\n<td data-start=\"762\" data-end=\"796\" data-col-size=\"sm\"><strong data-start=\"764\" data-end=\"779\">\u0421\u044b\u0440\u043e\u0439 \u043f\u0440\u043e\u0442\u0435\u0438\u043d<\/strong> (\u0441\u044b\u0440\u043e\u0439 \u043f\u0440\u043e\u0442\u0435\u0438\u043d)<\/td>\n<td data-col-size=\"sm\" data-start=\"796\" data-end=\"803\">32%<\/td>\n<\/tr>\n<tr data-start=\"804\" data-end=\"845\">\n<td data-start=\"804\" data-end=\"838\" data-col-size=\"sm\"><strong data-start=\"806\" data-end=\"817\">\u0421\u044b\u0440\u0430\u044f \u043d\u0435\u0444\u0442\u044c<\/strong> (\u0441\u044b\u0440\u043e\u0439 \u0436\u0438\u0440)<\/td>\n<td data-col-size=\"sm\" data-start=\"838\" data-end=\"845\">14%<\/td>\n<\/tr>\n<\/tbody>\n<\/table>\n<div class=\"sticky end-(--thread-content-margin) h-0 self-end select-none\">\n<div class=\"absolute end-0 flex items-end\"><\/div>\n<\/div>\n<\/div>\n<\/div>\n<hr data-start=\"847\" data-end=\"850\" \/>\n<h3 data-start=\"852\" data-end=\"868\"><strong data-start=\"856\" data-end=\"868\">\u0418\u043d\u0433\u0440\u0435\u0434\u0438\u0435\u043d\u0442\u044b:<\/strong><\/h3>\n<blockquote data-start=\"870\" data-end=\"1109\">\n<p data-start=\"872\" data-end=\"1109\">\u0418\u0441\u0442\u043e\u0447\u043d\u0438\u043a \u043c\u043e\u043d\u043e\u043d\u0435\u043d\u0430\u0441\u044b\u0449\u0435\u043d\u043d\u043e\u0433\u043e \u0431\u0435\u043b\u043a\u0430 <strong data-start=\"898\" data-end=\"914\">\u043c\u0443\u043a\u0430 \u0438\u0437 \u0431\u0430\u0440\u0430\u043d\u0438\u043d\u044b<\/strong>, \u0447\u0430\u0441\u0442\u0438\u0447\u043d\u043e \u0433\u0438\u0434\u0440\u043e\u043b\u0438\u0437\u043e\u0432\u0430\u043d\u043d\u044b\u0439 \u0440\u0438\u0441, \u043a\u0430\u0440\u0442\u043e\u0444\u0435\u043b\u044c, \u0440\u044b\u0431\u0438\u0439 \u0436\u0438\u0440 (\u0438\u0441\u0442\u043e\u0447\u043d\u0438\u043a \u042d\u041f\u041a \u0438 \u0414\u0413\u041a), \u043f\u0438\u0432\u043d\u044b\u0435 \u0434\u0440\u043e\u0436\u0436\u0438, \u0432\u0438\u0442\u0430\u043c\u0438\u043d\u043d\u043e-\u043c\u0438\u043d\u0435\u0440\u0430\u043b\u044c\u043d\u044b\u0439 \u043a\u043e\u043c\u043f\u043b\u0435\u043a\u0441, \u0424\u041e\u0421 \u0438 \u041c\u041e\u0421 (\u043f\u0440\u0435\u0431\u0438\u043e\u0442\u0438\u043a\u0438), \u043d\u0430\u0442\u0443\u0440\u0430\u043b\u044c\u043d\u044b\u0435 \u0436\u0438\u0440\u043d\u044b\u0435 \u043a\u0438\u0441\u043b\u043e\u0442\u044b, \u0437\u0430\u0449\u0438\u0449\u0430\u044e\u0449\u0438\u0435 \u043a\u043e\u0436\u0443 \u0438 \u0448\u0435\u0440\u0441\u0442\u044c.<\/p>\n<\/blockquote>\n<hr data-start=\"1111\" data-end=\"1114\" \/>\n<h3 data-start=\"1116\" data-end=\"1133\"><strong data-start=\"1120\" data-end=\"1133\">\u0421\u043e\u0432\u043c\u0435\u0441\u0442\u0438\u043c\u043e\u0441\u0442\u044c:<\/strong><\/h3>\n<p data-start=\"1135\" data-end=\"1233\">\ud83d\udc31 <strong data-start=\"1138\" data-end=\"1170\">\u0412\u0437\u0440\u043e\u0441\u043b\u044b\u0435 \u043a\u043e\u0448\u043a\u0438<\/strong> \u0421\u0431\u0430\u043b\u0430\u043d\u0441\u0438\u0440\u043e\u0432\u0430\u043d\u043d\u043e\u0435 \u0438 \u043f\u043e\u043b\u043d\u043e\u0446\u0435\u043d\u043d\u043e\u0435 \u043f\u0438\u0442\u0430\u043d\u0438\u0435, \u043f\u0440\u0435\u0434\u043d\u0430\u0437\u043d\u0430\u0447\u0435\u043d\u043d\u043e\u0435 \u0434\u043b\u044f \u0435\u0436\u0435\u0434\u043d\u0435\u0432\u043d\u043e\u0433\u043e \u043f\u0438\u0442\u0430\u043d\u0438\u044f.<\/p>\n<hr data-start=\"1235\" data-end=\"1238\" \/>\n<h3 data-start=\"1240\" data-end=\"1263\"><strong data-start=\"1244\" data-end=\"1261\">\u0420\u0430\u0437\u043c\u0435\u0440 \u0443\u043f\u0430\u043a\u043e\u0432\u043a\u0438:<\/strong><\/h3>\n<p data-start=\"1264\" data-end=\"1277\">\ud83d\udce6 <strong data-start=\"1267\" data-end=\"1277\">1,5 \u043a\u0433<\/strong><\/p>\n<\/div>\n<p><!-- .vgblk-rw-wrapper --><\/p>","protected":false},"excerpt":{"rendered":"<p>Petline Super Premium Cat Food Adult \u2013 Lamb Recipe Low Grain | Hypoallergenic | Mono Protein | Derma Care \u2728 M\u0259hsulun X\u00fcsusiyy\u0259tl\u0259ri: \u2705 T\u0259k protein m\u0259nb\u0259yi \u2013 Quzu \u0259ti \u2705 Hipoallergen formula \u2013 H\u0259ssas pi\u015fikl\u0259r \u00fc\u00e7\u00fcn ideald\u0131r \u2705 EPA &amp; DHA il\u0259 D\u0259ri v\u0259 T\u00fck Bax\u0131m\u0131 \u2705 A\u015fa\u011f\u0131 tax\u0131ll\u0131 (Low Grain) \u2013 Ql\u00fctensiz v\u0259 h\u0259zm\u0259&#8230;<\/p>","protected":false},"featured_media":989887,"comment_status":"closed","ping_status":"closed","template":"","meta":{"nf_dc_page":"","_monsterinsights_skip_tracking":false,"_monsterinsights_sitenote_active":false,"_monsterinsights_sitenote_note":"","_monsterinsights_sitenote_category":0},"product_brand":[],"product_cat":[244,51,245],"product_tag":[],"class_list":{"0":"post-989886","1":"product","2":"type-product","3":"status-publish","4":"has-post-thumbnail","6":"product_cat-it-ve-pisik-mehsullari","7":"product_cat-cat","8":"product_cat-yemler","10":"first","11":"instock","12":"shipping-taxable","13":"product-type-simple"},"jetpack_sharing_enabled":true,"_links":{"self":[{"href":"https:\/\/agrovetazerbaijan.az\/ru\/wp-json\/wp\/v2\/product\/989886","targetHints":{"allow":["GET"]}}],"collection":[{"href":"https:\/\/agrovetazerbaijan.az\/ru\/wp-json\/wp\/v2\/product"}],"about":[{"href":"https:\/\/agrovetazerbaijan.az\/ru\/wp-json\/wp\/v2\/types\/product"}],"replies":[{"embeddable":true,"href":"https:\/\/agrovetazerbaijan.az\/ru\/wp-json\/wp\/v2\/comments?post=989886"}],"version-history":[{"count":1,"href":"https:\/\/agrovetazerbaijan.az\/ru\/wp-json\/wp\/v2\/product\/989886\/revisions"}],"predecessor-version":[{"id":989888,"href":"https:\/\/agrovetazerbaijan.az\/ru\/wp-json\/wp\/v2\/product\/989886\/revisions\/989888"}],"wp:featuredmedia":[{"embeddable":true,"href":"https:\/\/agrovetazerbaijan.az\/ru\/wp-json\/wp\/v2\/media\/989887"}],"wp:attachment":[{"href":"https:\/\/agrovetazerbaijan.az\/ru\/wp-json\/wp\/v2\/media?parent=989886"}],"wp:term":[{"taxonomy":"product_brand","embeddable":true,"href":"https:\/\/agrovetazerbaijan.az\/ru\/wp-json\/wp\/v2\/product_brand?post=989886"},{"taxonomy":"product_cat","embeddable":true,"href":"https:\/\/agrovetazerbaijan.az\/ru\/wp-json\/wp\/v2\/product_cat?post=989886"},{"taxonomy":"product_tag","embeddable":true,"href":"https:\/\/agrovetazerbaijan.az\/ru\/wp-json\/wp\/v2\/product_tag?post=989886"}],"curies":[{"name":"WP","href":"https:\/\/api.w.org\/{rel}","templated":true}]}}