{"id":989878,"date":"2025-07-12T00:00:19","date_gmt":"2025-07-12T00:00:19","guid":{"rendered":"https:\/\/agrovetazerbaijan.az\/?post_type=product&#038;p=989878"},"modified":"2025-07-12T00:00:33","modified_gmt":"2025-07-12T00:00:33","slug":"petline-sport-adult","status":"publish","type":"product","link":"https:\/\/agrovetazerbaijan.az\/ru\/product\/petline-sport-adult\/","title":{"rendered":"Petline Sport Adult"},"content":{"rendered":"<div class=\"vgblk-rw-wrapper limit-wrapper\">\n<p data-start=\"97\" data-end=\"176\"><strong data-start=\"97\" data-end=\"120\">Petline Sport Adult<\/strong><br data-start=\"120\" data-end=\"123\" \/>\u041a\u043e\u0440\u043c \u0434\u043b\u044f \u0441\u043e\u0431\u0430\u043a \u0441\u0443\u043f\u0435\u0440-\u043f\u0440\u0435\u043c\u0438\u0443\u043c \u043a\u043b\u0430\u0441\u0441\u0430 \u2013 \u0412\u044b\u0441\u043e\u043a\u043e\u044d\u043d\u0435\u0440\u0433\u0435\u0442\u0438\u0447\u0435\u0441\u043a\u0438\u0439 \u0434\u043b\u044f \u0432\u0437\u0440\u043e\u0441\u043b\u044b\u0445<\/p>\n<p data-start=\"178\" data-end=\"402\">Petline Sport Adult \u2014 \u043a\u043e\u0440\u043c \u0434\u043b\u044f \u0441\u043e\u0431\u0430\u043a \u0441\u0443\u043f\u0435\u0440\u043f\u0440\u0435\u043c\u0438\u0443\u043c-\u043a\u043b\u0430\u0441\u0441\u0430 \u0441 \u0432\u044b\u0441\u043e\u043a\u043e\u043a\u0430\u0447\u0435\u0441\u0442\u0432\u0435\u043d\u043d\u043e\u0439 \u0438 \u0441\u0431\u0430\u043b\u0430\u043d\u0441\u0438\u0440\u043e\u0432\u0430\u043d\u043d\u043e\u0439 \u0444\u043e\u0440\u043c\u0443\u043b\u043e\u0439, \u0443\u0434\u043e\u0432\u043b\u0435\u0442\u0432\u043e\u0440\u044f\u044e\u0449\u0435\u0439 \u0441\u0443\u0442\u043e\u0447\u043d\u0443\u044e \u043f\u043e\u0442\u0440\u0435\u0431\u043d\u043e\u0441\u0442\u044c \u0432 \u044d\u043d\u0435\u0440\u0433\u0438\u0438. \u0418\u0434\u0435\u0430\u043b\u044c\u043d\u044b\u0439 \u0432\u044b\u0431\u043e\u0440 \u0434\u043b\u044f \u0437\u0434\u043e\u0440\u043e\u0432\u044c\u044f \u043c\u044b\u0448\u0446, \u043a\u0440\u0435\u043f\u043a\u043e\u0433\u043e \u0438\u043c\u043c\u0443\u043d\u0438\u0442\u0435\u0442\u0430 \u0438 \u0430\u043a\u0442\u0438\u0432\u043d\u043e\u0433\u043e \u043e\u0431\u0440\u0430\u0437\u0430 \u0436\u0438\u0437\u043d\u0438.<\/p>\n<p data-start=\"404\" data-end=\"455\"><strong data-start=\"404\" data-end=\"419\">\u0421\u043e\u0434\u0435\u0440\u0436\u0438\u0442:<\/strong><br data-start=\"419\" data-end=\"422\" \/>\u0421\u044b\u0440\u043e\u0439 \u043f\u0440\u043e\u0442\u0435\u0438\u043d: 28%<br data-start=\"438\" data-end=\"441\" \/>\u0421\u044b\u0440\u0430\u044f \u043d\u0435\u0444\u0442\u044c: 18%<\/p>\n<p data-start=\"457\" data-end=\"477\"><strong data-start=\"457\" data-end=\"475\">\u0424\u0443\u043d\u043a\u0446\u0438\u0438:<\/strong><\/p>\n<ul data-start=\"478\" data-end=\"622\">\n<li data-start=\"478\" data-end=\"530\">\n<p data-start=\"480\" data-end=\"530\">\u0412\u044b\u0441\u043e\u043a\u043e\u044d\u043d\u0435\u0440\u0433\u0435\u0442\u0438\u0447\u0435\u0441\u043a\u0430\u044f \u0444\u043e\u0440\u043c\u0443\u043b\u0430 \u0441 \u0432\u044b\u0441\u043e\u043a\u0438\u043c \u0441\u043e\u0434\u0435\u0440\u0436\u0430\u043d\u0438\u0435\u043c \u0436\u0438\u0432\u043e\u0442\u043d\u043e\u0433\u043e \u0431\u0435\u043b\u043a\u0430<\/p>\n<\/li>\n<li data-start=\"531\" data-end=\"582\">\n<p data-start=\"533\" data-end=\"582\">\u041f\u043e\u0434\u0434\u0435\u0440\u0436\u043a\u0430 \u0430\u043a\u0442\u0438\u0432\u043d\u043e\u0439 \u0436\u0438\u0437\u043d\u0438 \u0441 L-\u043a\u0430\u0440\u043d\u0438\u0442\u0438\u043d\u043e\u043c \u0438 \u0436\u0435\u043b\u0435\u0437\u043e\u043c<\/p>\n<\/li>\n<li data-start=\"583\" data-end=\"622\">\n<p data-start=\"585\" data-end=\"622\">\u041d\u0438\u0437\u043a\u043e\u0437\u0435\u0440\u043d\u0438\u0441\u0442\u044b\u0439, \u043b\u0435\u0433\u043a\u043e \u0443\u0441\u0432\u0430\u0438\u0432\u0430\u0435\u043c\u044b\u0439<\/p>\n<\/li>\n<\/ul>\n<\/div>\n<p><!-- .vgblk-rw-wrapper --><\/p>","protected":false},"excerpt":{"rendered":"<p>Petline Sport AdultSuper Premium it yemi \u2013 B\u00f6y\u00fckl\u0259r \u00fc\u00e7\u00fcn y\u00fcks\u0259k enerji Petline Sport Adult \u2013 g\u00fcnd\u0259lik enerji ehtiyac\u0131n\u0131 qar\u015f\u0131layan, y\u00fcks\u0259k keyfiyy\u0259tli v\u0259 balansla\u015fd\u0131r\u0131lm\u0131\u015f formul il\u0259 haz\u0131rlanm\u0131\u015f super premium it yemidir. Sa\u011flam \u0259z\u0259l\u0259l\u0259r, g\u00fccl\u00fc immunitet v\u0259 aktiv h\u0259yat t\u0259rzi \u00fc\u00e7\u00fcn ideal se\u00e7imdir. T\u0259rkibind\u0259:Xam protein: 28%Xam ya\u011f: 18% X\u00fcsusiyy\u0259tl\u0259r: Y\u00fcks\u0259k enerji v\u0259 heyvan z\u00fclal\u0131 il\u0259 z\u0259ngin formul&#8230;<\/p>","protected":false},"featured_media":989879,"comment_status":"closed","ping_status":"closed","template":"","meta":{"nf_dc_page":"","_monsterinsights_skip_tracking":false,"_monsterinsights_sitenote_active":false,"_monsterinsights_sitenote_note":"","_monsterinsights_sitenote_category":0},"product_brand":[],"product_cat":[245,58,244],"product_tag":[],"class_list":{"0":"post-989878","1":"product","2":"type-product","3":"status-publish","4":"has-post-thumbnail","6":"product_cat-yemler","7":"product_cat-dog","8":"product_cat-it-ve-pisik-mehsullari","10":"first","11":"instock","12":"shipping-taxable","13":"product-type-simple"},"jetpack_sharing_enabled":true,"_links":{"self":[{"href":"https:\/\/agrovetazerbaijan.az\/ru\/wp-json\/wp\/v2\/product\/989878","targetHints":{"allow":["GET"]}}],"collection":[{"href":"https:\/\/agrovetazerbaijan.az\/ru\/wp-json\/wp\/v2\/product"}],"about":[{"href":"https:\/\/agrovetazerbaijan.az\/ru\/wp-json\/wp\/v2\/types\/product"}],"replies":[{"embeddable":true,"href":"https:\/\/agrovetazerbaijan.az\/ru\/wp-json\/wp\/v2\/comments?post=989878"}],"version-history":[{"count":1,"href":"https:\/\/agrovetazerbaijan.az\/ru\/wp-json\/wp\/v2\/product\/989878\/revisions"}],"predecessor-version":[{"id":989880,"href":"https:\/\/agrovetazerbaijan.az\/ru\/wp-json\/wp\/v2\/product\/989878\/revisions\/989880"}],"wp:featuredmedia":[{"embeddable":true,"href":"https:\/\/agrovetazerbaijan.az\/ru\/wp-json\/wp\/v2\/media\/989879"}],"wp:attachment":[{"href":"https:\/\/agrovetazerbaijan.az\/ru\/wp-json\/wp\/v2\/media?parent=989878"}],"wp:term":[{"taxonomy":"product_brand","embeddable":true,"href":"https:\/\/agrovetazerbaijan.az\/ru\/wp-json\/wp\/v2\/product_brand?post=989878"},{"taxonomy":"product_cat","embeddable":true,"href":"https:\/\/agrovetazerbaijan.az\/ru\/wp-json\/wp\/v2\/product_cat?post=989878"},{"taxonomy":"product_tag","embeddable":true,"href":"https:\/\/agrovetazerbaijan.az\/ru\/wp-json\/wp\/v2\/product_tag?post=989878"}],"curies":[{"name":"WP","href":"https:\/\/api.w.org\/{rel}","templated":true}]}}