{"id":989875,"date":"2025-07-11T23:57:16","date_gmt":"2025-07-11T23:57:16","guid":{"rendered":"https:\/\/agrovetazerbaijan.az\/?post_type=product&#038;p=989875"},"modified":"2025-07-11T23:57:59","modified_gmt":"2025-07-11T23:57:59","slug":"petline-kitten-salmon-recipe-lovely","status":"publish","type":"product","link":"https:\/\/agrovetazerbaijan.az\/ru\/product\/petline-kitten-salmon-recipe-lovely\/","title":{"rendered":"\u0420\u0435\u0446\u0435\u043f\u0442 \u043a\u043e\u0442\u0435\u043d\u043a\u0430 \u0438\u0437 \u043b\u043e\u0441\u043e\u0441\u044f Petline \u2013 \u041f\u0440\u0435\u043a\u0440\u0430\u0441\u043d\u044b\u0439"},"content":{"rendered":"<div class=\"vgblk-rw-wrapper limit-wrapper\">\n<p data-start=\"149\" data-end=\"236\"><strong data-start=\"149\" data-end=\"236\">\u041a\u043e\u0440\u043c \u0434\u043b\u044f \u043a\u043e\u0448\u0435\u043a Super Premium \u2013 \u0413\u0438\u043f\u043e\u0430\u043b\u043b\u0435\u0440\u0433\u0435\u043d\u043d\u0430\u044f \u0444\u043e\u0440\u043c\u0443\u043b\u0430 \u0441 \u043b\u043e\u0441\u043e\u0441\u0435\u043c \u0434\u043b\u044f \u043c\u0435\u043b\u043a\u0438\u0445 \u043a\u043e\u0448\u0435\u043a<\/strong><\/p>\n<p data-start=\"238\" data-end=\"527\">\u041a\u043e\u0440\u043c Petline Kitten Salmon Selection \u0441\u043f\u0435\u0446\u0438\u0430\u043b\u044c\u043d\u043e \u0440\u0430\u0437\u0440\u0430\u0431\u043e\u0442\u0430\u043d \u0434\u043b\u044f \u043f\u0435\u0440\u0438\u043e\u0434\u0430 \u0440\u043e\u0441\u0442\u0430 \u043c\u043e\u043b\u043e\u0434\u044b\u0445 \u043a\u043e\u0448\u0435\u043a. <strong data-start=\"334\" data-end=\"379\">\u0433\u0438\u043f\u043e\u0430\u043b\u043b\u0435\u0440\u0433\u0435\u043d\u043d\u044b\u0439 \u0438 \u043d\u0438\u0437\u043a\u043e\u0437\u0435\u0440\u043d\u0438\u0441\u0442\u044b\u0439 (Low Grain)<\/strong> \u0424\u043e\u0440\u043c\u0443\u043b\u0430. \u041e\u0431\u043e\u0433\u0430\u0449\u0451\u043d\u043d\u044b\u0439 \u043b\u0435\u0433\u043a\u043e\u0443\u0441\u0432\u043e\u044f\u0435\u043c\u044b\u043c \u0431\u0435\u043b\u043a\u043e\u043c \u043b\u043e\u0441\u043e\u0441\u044f, \u044d\u0442\u043e\u0442 \u043a\u043e\u0440\u043c \u0441\u043f\u043e\u0441\u043e\u0431\u0441\u0442\u0432\u0443\u0435\u0442 \u0437\u0434\u043e\u0440\u043e\u0432\u043e\u043c\u0443 \u0440\u043e\u0441\u0442\u0443 \u0438 \u0443\u043a\u0440\u0435\u043f\u043b\u0435\u043d\u0438\u044e \u0438\u043c\u043c\u0443\u043d\u0438\u0442\u0435\u0442\u0430.<\/p>\n<p data-start=\"529\" data-end=\"567\"><strong data-start=\"529\" data-end=\"565\">\u0421\u043e\u0441\u0442\u0430\u0432 (\u0430\u043d\u0430\u043b\u0438\u0442\u0438\u0447\u0435\u0441\u043a\u0438\u0435 \u043f\u0430\u0440\u0430\u043c\u0435\u0442\u0440\u044b):<\/strong><\/p>\n<ul data-start=\"568\" data-end=\"611\">\n<li data-start=\"568\" data-end=\"592\">\n<p data-start=\"570\" data-end=\"592\"><strong data-start=\"570\" data-end=\"586\">\u0421\u044b\u0440\u043e\u0439 \u043f\u0440\u043e\u0442\u0435\u0438\u043d:<\/strong> 36%<\/p>\n<\/li>\n<li data-start=\"593\" data-end=\"611\">\n<p data-start=\"595\" data-end=\"611\"><strong data-start=\"595\" data-end=\"607\">\u0421\u044b\u0440\u0430\u044f \u043d\u0435\u0444\u0442\u044c:<\/strong> 18%<\/p>\n<\/li>\n<\/ul>\n<p data-start=\"613\" data-end=\"889\"><strong data-start=\"613\" data-end=\"635\">\u041e\u0441\u043d\u043e\u0432\u043d\u044b\u0435 \u043f\u0440\u0435\u0438\u043c\u0443\u0449\u0435\u0441\u0442\u0432\u0430:<\/strong><br data-start=\"635\" data-end=\"638\" \/>\u2705 \u0413\u0438\u043f\u043e\u0430\u043b\u043b\u0435\u0440\u0433\u0435\u043d\u043d\u044b\u0439 \u0438\u043d\u0433\u0440\u0435\u0434\u0438\u0435\u043d\u0442 \u2013 \u043f\u043e\u0434\u0445\u043e\u0434\u0438\u0442 \u0434\u043b\u044f \u0447\u0443\u0432\u0441\u0442\u0432\u0438\u0442\u0435\u043b\u044c\u043d\u044b\u0445 \u043a\u043e\u0448\u0435\u043a<br data-start=\"691\" data-end=\"694\" \/>\u2705 \u0412\u044b\u0441\u043e\u043a\u043e\u0435 \u0441\u043e\u0434\u0435\u0440\u0436\u0430\u043d\u0438\u0435 \u0431\u0435\u043b\u043a\u0430 \u2014 \u0434\u043b\u044f \u0437\u0434\u043e\u0440\u043e\u0432\u043e\u0433\u043e \u0440\u0430\u0437\u0432\u0438\u0442\u0438\u044f \u043c\u044b\u0448\u0446 \u0438 \u043a\u043e\u0441\u0442\u0435\u0439<br data-start=\"748\" data-end=\"751\" \/>\u2705 \u041b\u043e\u0441\u043e\u0441\u044c, \u0431\u043e\u0433\u0430\u0442\u044b\u0439 \u041e\u043c\u0435\u0433\u0430-3 \u2013 \u0437\u0434\u043e\u0440\u043e\u0432\u0430\u044f \u043a\u043e\u0436\u0430 \u0438 \u0431\u043b\u0435\u0441\u0442\u044f\u0449\u0430\u044f \u0448\u0435\u0440\u0441\u0442\u044c<br data-start=\"817\" data-end=\"820\" \/>\u2705 \u041d\u0438\u0437\u043a\u043e\u0437\u0435\u0440\u043d\u043e\u0432\u0430\u044f \u0444\u043e\u0440\u043c\u0443\u043b\u0430 \u2014 \u043b\u0435\u0433\u043a\u0430\u044f \u0438 \u043f\u043e\u043b\u0435\u0437\u043d\u0430\u044f \u0434\u043b\u044f \u0436\u0435\u043b\u0443\u0434\u043e\u0447\u043d\u043e-\u043a\u0438\u0448\u0435\u0447\u043d\u043e\u0433\u043e \u0442\u0440\u0430\u043a\u0442\u0430<\/p>\n<\/div>\n<p><!-- .vgblk-rw-wrapper --><\/p>","protected":false},"excerpt":{"rendered":"<p>Super Premium pi\u015fik yem\u0259yi \u2013 Balaca pi\u015fikl\u0259r \u00fc\u00e7\u00fcn q\u0131z\u0131lbal\u0131ql\u0131, hipoallergen formul Petline Kitten Salmon Selection, balaca pi\u015fikl\u0259rin b\u00f6y\u00fcm\u0259 d\u00f6vr\u00fc \u00fc\u00e7\u00fcn x\u00fcsusi olaraq haz\u0131rlanm\u0131\u015f, hipoallergen v\u0259 a\u015fa\u011f\u0131 tax\u0131ll\u0131 (Low Grain) formulad\u0131r. Y\u00fcks\u0259k d\u0259r\u0259c\u0259d\u0259 h\u0259zm olunabil\u0259n q\u0131z\u0131lbal\u0131q proteini il\u0259 z\u0259nginl\u0259\u015fdirilmi\u015f bu yem, sa\u011flam inki\u015faf\u0131 v\u0259 g\u00fccl\u00fc immun sistemini d\u0259st\u0259kl\u0259yir. T\u0259rkibi (Analitik g\u00f6st\u0259ricil\u0259r): Xam protein: 36% Xam ya\u011f:&#8230;<\/p>","protected":false},"featured_media":989877,"comment_status":"closed","ping_status":"closed","template":"","meta":{"nf_dc_page":"","_monsterinsights_skip_tracking":false,"_monsterinsights_sitenote_active":false,"_monsterinsights_sitenote_note":"","_monsterinsights_sitenote_category":0},"product_brand":[],"product_cat":[245,244,51],"product_tag":[],"class_list":{"0":"post-989875","1":"product","2":"type-product","3":"status-publish","4":"has-post-thumbnail","6":"product_cat-yemler","7":"product_cat-it-ve-pisik-mehsullari","8":"product_cat-cat","10":"first","11":"instock","12":"shipping-taxable","13":"product-type-simple"},"jetpack_sharing_enabled":true,"_links":{"self":[{"href":"https:\/\/agrovetazerbaijan.az\/ru\/wp-json\/wp\/v2\/product\/989875","targetHints":{"allow":["GET"]}}],"collection":[{"href":"https:\/\/agrovetazerbaijan.az\/ru\/wp-json\/wp\/v2\/product"}],"about":[{"href":"https:\/\/agrovetazerbaijan.az\/ru\/wp-json\/wp\/v2\/types\/product"}],"replies":[{"embeddable":true,"href":"https:\/\/agrovetazerbaijan.az\/ru\/wp-json\/wp\/v2\/comments?post=989875"}],"version-history":[{"count":1,"href":"https:\/\/agrovetazerbaijan.az\/ru\/wp-json\/wp\/v2\/product\/989875\/revisions"}],"predecessor-version":[{"id":989876,"href":"https:\/\/agrovetazerbaijan.az\/ru\/wp-json\/wp\/v2\/product\/989875\/revisions\/989876"}],"wp:featuredmedia":[{"embeddable":true,"href":"https:\/\/agrovetazerbaijan.az\/ru\/wp-json\/wp\/v2\/media\/989877"}],"wp:attachment":[{"href":"https:\/\/agrovetazerbaijan.az\/ru\/wp-json\/wp\/v2\/media?parent=989875"}],"wp:term":[{"taxonomy":"product_brand","embeddable":true,"href":"https:\/\/agrovetazerbaijan.az\/ru\/wp-json\/wp\/v2\/product_brand?post=989875"},{"taxonomy":"product_cat","embeddable":true,"href":"https:\/\/agrovetazerbaijan.az\/ru\/wp-json\/wp\/v2\/product_cat?post=989875"},{"taxonomy":"product_tag","embeddable":true,"href":"https:\/\/agrovetazerbaijan.az\/ru\/wp-json\/wp\/v2\/product_tag?post=989875"}],"curies":[{"name":"WP","href":"https:\/\/api.w.org\/{rel}","templated":true}]}}