{"id":989872,"date":"2025-07-11T23:54:40","date_gmt":"2025-07-11T23:54:40","guid":{"rendered":"https:\/\/agrovetazerbaijan.az\/?post_type=product&#038;p=989872"},"modified":"2025-07-11T23:54:53","modified_gmt":"2025-07-11T23:54:53","slug":"petline-adult-salmon-selection-sensitive","status":"publish","type":"product","link":"https:\/\/agrovetazerbaijan.az\/ru\/product\/petline-adult-salmon-selection-sensitive\/","title":{"rendered":"Petline Adult Salmon Selection \u2013 \u0427\u0443\u0432\u0441\u0442\u0432\u0438\u0442\u0435\u043b\u044c\u043d\u044b\u0439"},"content":{"rendered":"<div class=\"vgblk-rw-wrapper limit-wrapper\">\n<h3 data-start=\"103\" data-end=\"158\">\ud83d\udc15 <strong data-start=\"110\" data-end=\"156\">Petline Adult Salmon Selection \u2013 \u0427\u0443\u0432\u0441\u0442\u0432\u0438\u0442\u0435\u043b\u044c\u043d\u044b\u0439<\/strong><\/h3>\n<p data-start=\"159\" data-end=\"243\"><strong data-start=\"159\" data-end=\"243\">Super Premium it yem\u0259yi \u2013 H\u0259ssas h\u0259zm sistemli b\u00f6y\u00fckl\u0259r \u00fc\u00e7\u00fcn q\u0131z\u0131lbal\u0131ql\u0131 resept<\/strong><\/p>\n<p data-start=\"245\" data-end=\"518\">Petline Adult Salmon Selection, h\u0259ssas v\u0259 se\u00e7ici b\u00f6y\u00fckl\u0259r \u00fc\u00e7\u00fcn haz\u0131rlanm\u0131\u015f, a\u015fa\u011f\u0131 tax\u0131ll\u0131, y\u00fcks\u0259k h\u0259zm olunabil\u0259n <strong data-start=\"359\" data-end=\"387\">q\u0131z\u0131lbal\u0131q \u0259sasl\u0131 yemdir<\/strong>. 81% heyvani m\u0259n\u015f\u0259li proteinl\u0259 z\u0259nginl\u0259\u015fdirilmi\u015fdir v\u0259 sa\u011flam d\u0259ri, parlaq t\u00fck \u00f6rt\u00fcy\u00fc, el\u0259c\u0259 d\u0259 g\u00fccl\u00fc immun sistemini d\u0259st\u0259kl\u0259yir.<\/p>\n<p data-start=\"520\" data-end=\"558\"><strong data-start=\"520\" data-end=\"556\">\u0421\u043e\u0441\u0442\u0430\u0432 (\u0430\u043d\u0430\u043b\u0438\u0442\u0438\u0447\u0435\u0441\u043a\u0438\u0435 \u043f\u0430\u0440\u0430\u043c\u0435\u0442\u0440\u044b):<\/strong><\/p>\n<ul data-start=\"559\" data-end=\"602\">\n<li data-start=\"559\" data-end=\"583\">\n<p data-start=\"561\" data-end=\"583\"><strong data-start=\"561\" data-end=\"577\">\u0421\u044b\u0440\u043e\u0439 \u043f\u0440\u043e\u0442\u0435\u0438\u043d:<\/strong> 25%<\/p>\n<\/li>\n<li data-start=\"584\" data-end=\"602\">\n<p data-start=\"586\" data-end=\"602\"><strong data-start=\"586\" data-end=\"598\">\u0421\u044b\u0440\u0430\u044f \u043d\u0435\u0444\u0442\u044c:<\/strong> 14%<\/p>\n<\/li>\n<\/ul>\n<p data-start=\"604\" data-end=\"839\"><strong data-start=\"604\" data-end=\"626\">\u041e\u0441\u043d\u043e\u0432\u043d\u044b\u0435 \u043f\u0440\u0435\u0438\u043c\u0443\u0449\u0435\u0441\u0442\u0432\u0430:<\/strong><br data-start=\"626\" data-end=\"629\" \/>\u2705 81% heyvani protein<br data-start=\"650\" data-end=\"653\" \/>\u2705 D\u0259mir, biotin v\u0259 krill ya\u011f\u0131 il\u0259 z\u0259nginl\u0259\u015fdirilmi\u015f t\u0259rkib<br data-start=\"711\" data-end=\"714\" \/>\u2705 H\u0259ssas d\u0259ri v\u0259 h\u0259zm sistemi \u00fc\u00e7\u00fcn ideal se\u00e7im<br data-start=\"760\" data-end=\"763\" \/>\u2705 A\u015fa\u011f\u0131 tax\u0131ll\u0131 formul \u2013 Low Grain<br data-start=\"797\" data-end=\"800\" \/>\u2705 T\u0259bii vitamin v\u0259 mineral kompleksl\u0259ri<\/p>\n<\/div>\n<p><!-- .vgblk-rw-wrapper --><\/p>","protected":false},"excerpt":{"rendered":"<p>\ud83d\udc15 Petline Adult Salmon Selection \u2013 Sensitive Super Premium it yem\u0259yi \u2013 H\u0259ssas h\u0259zm sistemli b\u00f6y\u00fckl\u0259r \u00fc\u00e7\u00fcn q\u0131z\u0131lbal\u0131ql\u0131 resept Petline Adult Salmon Selection, h\u0259ssas v\u0259 se\u00e7ici b\u00f6y\u00fckl\u0259r \u00fc\u00e7\u00fcn haz\u0131rlanm\u0131\u015f, a\u015fa\u011f\u0131 tax\u0131ll\u0131, y\u00fcks\u0259k h\u0259zm olunabil\u0259n q\u0131z\u0131lbal\u0131q \u0259sasl\u0131 yemdir. 81% heyvani m\u0259n\u015f\u0259li proteinl\u0259 z\u0259nginl\u0259\u015fdirilmi\u015fdir v\u0259 sa\u011flam d\u0259ri, parlaq t\u00fck \u00f6rt\u00fcy\u00fc, el\u0259c\u0259 d\u0259 g\u00fccl\u00fc immun sistemini d\u0259st\u0259kl\u0259yir. T\u0259rkibi&#8230;<\/p>","protected":false},"featured_media":989873,"comment_status":"closed","ping_status":"closed","template":"","meta":{"nf_dc_page":"","_monsterinsights_skip_tracking":false,"_monsterinsights_sitenote_active":false,"_monsterinsights_sitenote_note":"","_monsterinsights_sitenote_category":0},"product_brand":[],"product_cat":[244,58,245],"product_tag":[],"class_list":{"0":"post-989872","1":"product","2":"type-product","3":"status-publish","4":"has-post-thumbnail","6":"product_cat-it-ve-pisik-mehsullari","7":"product_cat-dog","8":"product_cat-yemler","10":"first","11":"instock","12":"shipping-taxable","13":"product-type-simple"},"jetpack_sharing_enabled":true,"_links":{"self":[{"href":"https:\/\/agrovetazerbaijan.az\/ru\/wp-json\/wp\/v2\/product\/989872","targetHints":{"allow":["GET"]}}],"collection":[{"href":"https:\/\/agrovetazerbaijan.az\/ru\/wp-json\/wp\/v2\/product"}],"about":[{"href":"https:\/\/agrovetazerbaijan.az\/ru\/wp-json\/wp\/v2\/types\/product"}],"replies":[{"embeddable":true,"href":"https:\/\/agrovetazerbaijan.az\/ru\/wp-json\/wp\/v2\/comments?post=989872"}],"version-history":[{"count":1,"href":"https:\/\/agrovetazerbaijan.az\/ru\/wp-json\/wp\/v2\/product\/989872\/revisions"}],"predecessor-version":[{"id":989874,"href":"https:\/\/agrovetazerbaijan.az\/ru\/wp-json\/wp\/v2\/product\/989872\/revisions\/989874"}],"wp:featuredmedia":[{"embeddable":true,"href":"https:\/\/agrovetazerbaijan.az\/ru\/wp-json\/wp\/v2\/media\/989873"}],"wp:attachment":[{"href":"https:\/\/agrovetazerbaijan.az\/ru\/wp-json\/wp\/v2\/media?parent=989872"}],"wp:term":[{"taxonomy":"product_brand","embeddable":true,"href":"https:\/\/agrovetazerbaijan.az\/ru\/wp-json\/wp\/v2\/product_brand?post=989872"},{"taxonomy":"product_cat","embeddable":true,"href":"https:\/\/agrovetazerbaijan.az\/ru\/wp-json\/wp\/v2\/product_cat?post=989872"},{"taxonomy":"product_tag","embeddable":true,"href":"https:\/\/agrovetazerbaijan.az\/ru\/wp-json\/wp\/v2\/product_tag?post=989872"}],"curies":[{"name":"WP","href":"https:\/\/api.w.org\/{rel}","templated":true}]}}