{"id":989869,"date":"2025-07-11T23:52:29","date_gmt":"2025-07-11T23:52:29","guid":{"rendered":"https:\/\/agrovetazerbaijan.az\/?post_type=product&#038;p=989869"},"modified":"2025-07-11T23:52:42","modified_gmt":"2025-07-11T23:52:42","slug":"petline-puppy-salmon-selection","status":"publish","type":"product","link":"https:\/\/agrovetazerbaijan.az\/ru\/product\/petline-puppy-salmon-selection\/","title":{"rendered":"Petline Puppy Salmon Selection"},"content":{"rendered":"<div class=\"vgblk-rw-wrapper limit-wrapper\">\n<h3 data-start=\"86\" data-end=\"129\">\ud83d\udc36 <strong data-start=\"93\" data-end=\"127\">Petline Puppy Salmon Selection<\/strong><\/h3>\n<p data-start=\"130\" data-end=\"196\"><strong data-start=\"130\" data-end=\"196\">\u041a\u043e\u0440\u043c \u0434\u043b\u044f \u0441\u043e\u0431\u0430\u043a \u0441\u0443\u043f\u0435\u0440-\u043f\u0440\u0435\u043c\u0438\u0443\u043c \u043a\u043b\u0430\u0441\u0441\u0430 \u2013 \u0440\u0435\u0446\u0435\u043f\u0442 \u0441 \u043b\u043e\u0441\u043e\u0441\u0435\u043c \u0434\u043b\u044f \u0449\u0435\u043d\u043a\u043e\u0432<\/strong><\/p>\n<p data-start=\"198\" data-end=\"448\">\u041a\u043e\u0440\u043c Petline Puppy Salmon Selection \u0440\u0430\u0437\u0440\u0430\u0431\u043e\u0442\u0430\u043d \u0434\u043b\u044f \u043e\u0431\u0435\u0441\u043f\u0435\u0447\u0435\u043d\u0438\u044f \u0441\u0431\u0430\u043b\u0430\u043d\u0441\u0438\u0440\u043e\u0432\u0430\u043d\u043d\u043e\u0433\u043e \u043f\u0438\u0442\u0430\u043d\u0438\u044f, \u043d\u0435\u043e\u0431\u0445\u043e\u0434\u0438\u043c\u043e\u0433\u043e \u0449\u0435\u043d\u043a\u0430\u043c \u0432 \u043f\u0435\u0440\u0438\u043e\u0434 \u0440\u043e\u0441\u0442\u0430. \u042d\u0442\u043e\u0442 \u043d\u0438\u0437\u043a\u043e\u0437\u0435\u0440\u043d\u043e\u0432\u043e\u0439 \u043a\u043e\u0440\u043c \u043d\u0430 \u043e\u0441\u043d\u043e\u0432\u0435 \u043b\u043e\u0441\u043e\u0441\u044f \u043e\u0442\u043b\u0438\u0447\u0430\u0435\u0442\u0441\u044f \u0432\u044b\u0441\u043e\u043a\u0438\u043c \u0441\u043e\u0434\u0435\u0440\u0436\u0430\u043d\u0438\u0435\u043c \u0436\u0438\u0432\u043e\u0442\u043d\u043e\u0433\u043e \u0431\u0435\u043b\u043a\u0430 \u0438 \u0441\u043f\u043e\u0441\u043e\u0431\u0441\u0442\u0432\u0443\u0435\u0442 \u0437\u0434\u043e\u0440\u043e\u0432\u043e\u043c\u0443 \u0440\u0430\u0437\u0432\u0438\u0442\u0438\u044e.<\/p>\n<p data-start=\"450\" data-end=\"488\"><strong data-start=\"450\" data-end=\"486\">\u0421\u043e\u0441\u0442\u0430\u0432 (\u0430\u043d\u0430\u043b\u0438\u0442\u0438\u0447\u0435\u0441\u043a\u0438\u0435 \u043f\u0430\u0440\u0430\u043c\u0435\u0442\u0440\u044b):<\/strong><\/p>\n<ul data-start=\"489\" data-end=\"532\">\n<li data-start=\"489\" data-end=\"513\">\n<p data-start=\"491\" data-end=\"513\"><strong data-start=\"491\" data-end=\"507\">\u0421\u044b\u0440\u043e\u0439 \u043f\u0440\u043e\u0442\u0435\u0438\u043d:<\/strong> 28%<\/p>\n<\/li>\n<li data-start=\"514\" data-end=\"532\">\n<p data-start=\"516\" data-end=\"532\"><strong data-start=\"516\" data-end=\"528\">\u0421\u044b\u0440\u0430\u044f \u043d\u0435\u0444\u0442\u044c:<\/strong> 16%<\/p>\n<\/li>\n<\/ul>\n<p data-start=\"534\" data-end=\"802\"><strong data-start=\"534\" data-end=\"556\">\u041e\u0441\u043d\u043e\u0432\u043d\u044b\u0435 \u043f\u0440\u0435\u0438\u043c\u0443\u0449\u0435\u0441\u0442\u0432\u0430:<\/strong><br data-start=\"556\" data-end=\"559\" \/>\u2705 86% \u0436\u0438\u0432\u043e\u0442\u043d\u044b\u0439 \u0431\u0435\u043b\u043e\u043a<br data-start=\"588\" data-end=\"591\" \/>\u2705 \u041e\u0431\u043e\u0433\u0430\u0449\u0435\u043d\u043e \u0414\u0413\u041a \u0438 \u0441\u0435\u043b\u0435\u043d\u043e\u043c<br data-start=\"631\" data-end=\"634\" \/>\u2705 \u0423\u043a\u0440\u0435\u043f\u043b\u044f\u0435\u0442 \u0438\u043c\u043c\u0443\u043d\u043d\u0443\u044e \u0441\u0438\u0441\u0442\u0435\u043c\u0443 \u0431\u043b\u0430\u0433\u043e\u0434\u0430\u0440\u044f \u0430\u043d\u0442\u0438\u043e\u043a\u0441\u0438\u0434\u0430\u043d\u0442\u0430\u043c<br data-start=\"687\" data-end=\"690\" \/>\u2705 \u0418\u0434\u0435\u0430\u043b\u044c\u043d\u0430\u044f \u0444\u043e\u0440\u043c\u0443\u043b\u0430 \u0434\u043b\u044f \u0437\u0434\u043e\u0440\u043e\u0432\u043e\u0439 \u043a\u043e\u0436\u0438 \u0438 \u0431\u043b\u0435\u0441\u0442\u044f\u0449\u0438\u0445 \u0432\u043e\u043b\u043e\u0441<br data-start=\"738\" data-end=\"741\" \/>\u2705 \u041d\u0438\u0437\u043a\u043e\u0435 \u0441\u043e\u0434\u0435\u0440\u0436\u0430\u043d\u0438\u0435 \u0437\u0435\u0440\u043d\u0430 \u2014 \u043f\u043e\u0434\u0445\u043e\u0434\u0438\u0442 \u0434\u043b\u044f \u043b\u044e\u0434\u0435\u0439 \u0441 \u0447\u0443\u0432\u0441\u0442\u0432\u0438\u0442\u0435\u043b\u044c\u043d\u043e\u0439 \u043f\u0438\u0449\u0435\u0432\u0430\u0440\u0438\u0442\u0435\u043b\u044c\u043d\u043e\u0439 \u0441\u0438\u0441\u0442\u0435\u043c\u043e\u0439<\/p>\n<p data-start=\"804\" data-end=\"873\">\u0418\u0434\u0435\u0430\u043b\u044c\u043d\u043e \u043f\u043e\u0434\u0445\u043e\u0434\u0438\u0442 \u0434\u043b\u044f \u0432\u0441\u0435\u0445 \u0440\u0430\u0441\u0442\u0443\u0449\u0438\u0445 \u043f\u043e\u0440\u043e\u0434 \u0441\u043e\u0431\u0430\u043a.<\/p>\n<\/div>\n<p><!-- .vgblk-rw-wrapper --><\/p>","protected":false},"excerpt":{"rendered":"<p>\ud83d\udc36 Petline Puppy Salmon Selection Super Premium it yem\u0259yi \u2013 Yavru itl\u0259r \u00fc\u00e7\u00fcn q\u0131z\u0131lbal\u0131ql\u0131 resept Petline Puppy Salmon Selection yavru itl\u0259rin b\u00f6y\u00fcm\u0259 m\u0259rh\u0259l\u0259sind\u0259 ehtiyac duydu\u011fu qida balans\u0131n\u0131 t\u0259min etm\u0259k \u00fc\u00e7\u00fcn haz\u0131rlanm\u0131\u015fd\u0131r. Q\u0131z\u0131lbal\u0131q \u0259sasl\u0131 bu az tax\u0131ll\u0131 (low grain) yem y\u00fcks\u0259k heyvani protein t\u0259rkibin\u0259 malikdir v\u0259 sa\u011flam inki\u015faf\u0131 d\u0259st\u0259kl\u0259yir. T\u0259rkibi (Analitik g\u00f6st\u0259ricil\u0259r): Xam protein: 28% Xam&#8230;<\/p>","protected":false},"featured_media":989870,"comment_status":"closed","ping_status":"closed","template":"","meta":{"nf_dc_page":"","_monsterinsights_skip_tracking":false,"_monsterinsights_sitenote_active":false,"_monsterinsights_sitenote_note":"","_monsterinsights_sitenote_category":0},"product_brand":[],"product_cat":[244,58,245],"product_tag":[],"class_list":{"0":"post-989869","1":"product","2":"type-product","3":"status-publish","4":"has-post-thumbnail","6":"product_cat-it-ve-pisik-mehsullari","7":"product_cat-dog","8":"product_cat-yemler","10":"first","11":"instock","12":"shipping-taxable","13":"product-type-simple"},"jetpack_sharing_enabled":true,"_links":{"self":[{"href":"https:\/\/agrovetazerbaijan.az\/ru\/wp-json\/wp\/v2\/product\/989869","targetHints":{"allow":["GET"]}}],"collection":[{"href":"https:\/\/agrovetazerbaijan.az\/ru\/wp-json\/wp\/v2\/product"}],"about":[{"href":"https:\/\/agrovetazerbaijan.az\/ru\/wp-json\/wp\/v2\/types\/product"}],"replies":[{"embeddable":true,"href":"https:\/\/agrovetazerbaijan.az\/ru\/wp-json\/wp\/v2\/comments?post=989869"}],"version-history":[{"count":1,"href":"https:\/\/agrovetazerbaijan.az\/ru\/wp-json\/wp\/v2\/product\/989869\/revisions"}],"predecessor-version":[{"id":989871,"href":"https:\/\/agrovetazerbaijan.az\/ru\/wp-json\/wp\/v2\/product\/989869\/revisions\/989871"}],"wp:featuredmedia":[{"embeddable":true,"href":"https:\/\/agrovetazerbaijan.az\/ru\/wp-json\/wp\/v2\/media\/989870"}],"wp:attachment":[{"href":"https:\/\/agrovetazerbaijan.az\/ru\/wp-json\/wp\/v2\/media?parent=989869"}],"wp:term":[{"taxonomy":"product_brand","embeddable":true,"href":"https:\/\/agrovetazerbaijan.az\/ru\/wp-json\/wp\/v2\/product_brand?post=989869"},{"taxonomy":"product_cat","embeddable":true,"href":"https:\/\/agrovetazerbaijan.az\/ru\/wp-json\/wp\/v2\/product_cat?post=989869"},{"taxonomy":"product_tag","embeddable":true,"href":"https:\/\/agrovetazerbaijan.az\/ru\/wp-json\/wp\/v2\/product_tag?post=989869"}],"curies":[{"name":"WP","href":"https:\/\/api.w.org\/{rel}","templated":true}]}}