{"id":989862,"date":"2025-07-11T23:45:51","date_gmt":"2025-07-11T23:45:51","guid":{"rendered":"https:\/\/agrovetazerbaijan.az\/?post_type=product&#038;p=989862"},"modified":"2025-07-11T23:46:05","modified_gmt":"2025-07-11T23:46:05","slug":"petline-adult-gourmet-selection","status":"publish","type":"product","link":"https:\/\/agrovetazerbaijan.az\/ru\/product\/petline-adult-gourmet-selection\/","title":{"rendered":"Petline Adult Gourmet Selection"},"content":{"rendered":"<div class=\"vgblk-rw-wrapper limit-wrapper\">\n<h3 data-start=\"150\" data-end=\"191\"><strong data-start=\"154\" data-end=\"189\">Petline Adult Gourmet Selection<\/strong><\/h3>\n<p data-start=\"192\" data-end=\"255\"><strong data-start=\"192\" data-end=\"255\">\u041a\u043e\u0440\u043c \u0434\u043b\u044f \u043a\u043e\u0448\u0435\u043a Super Premium \u2013 \u0412\u043a\u0443\u0441\u043d\u0430\u044f \u0441\u043c\u0435\u0441\u044c \u0434\u043b\u044f \u0432\u0437\u0440\u043e\u0441\u043b\u044b\u0445<\/strong><\/p>\n<p data-start=\"257\" data-end=\"486\">Petline Adult Gourmet Selection \u2014 \u044d\u0442\u043e \u0441\u043f\u0435\u0446\u0438\u0430\u043b\u044c\u043d\u0430\u044f \u0444\u043e\u0440\u043c\u0443\u043b\u0430, \u0441\u043e\u0447\u0435\u0442\u0430\u044e\u0449\u0430\u044f \u0432 \u0441\u0435\u0431\u0435 \u0440\u0430\u0437\u043d\u043e\u043e\u0431\u0440\u0430\u0437\u043d\u044b\u0435 \u0432\u043a\u0443\u0441\u044b \u0438 \u043e\u0442\u0432\u0435\u0447\u0430\u044e\u0449\u0430\u044f \u0432\u043a\u0443\u0441\u043e\u0432\u044b\u043c \u0440\u0435\u0446\u0435\u043f\u0442\u043e\u0440\u0430\u043c \u0432\u0430\u0448\u0435\u0439 \u043a\u043e\u0448\u043a\u0438. \u0411\u043b\u0430\u0433\u043e\u0434\u0430\u0440\u044f \u0432\u044b\u0441\u043e\u043a\u043e\u043a\u0430\u0447\u0435\u0441\u0442\u0432\u0435\u043d\u043d\u044b\u043c \u0438\u043d\u0433\u0440\u0435\u0434\u0438\u0435\u043d\u0442\u0430\u043c, \u043a\u043e\u0440\u043c \u043f\u043e\u043b\u043d\u043e\u0441\u0442\u044c\u044e \u0443\u0434\u043e\u0432\u043b\u0435\u0442\u0432\u043e\u0440\u044f\u0435\u0442 \u0435\u0436\u0435\u0434\u043d\u0435\u0432\u043d\u044b\u0435 \u043f\u043e\u0442\u0440\u0435\u0431\u043d\u043e\u0441\u0442\u0438 \u0432\u0430\u0448\u0435\u0439 \u043a\u043e\u0448\u043a\u0438 \u0432 \u044d\u043d\u0435\u0440\u0433\u0438\u0438 \u0438 \u043f\u0438\u0442\u0430\u0442\u0435\u043b\u044c\u043d\u044b\u0445 \u0432\u0435\u0449\u0435\u0441\u0442\u0432\u0430\u0445.<\/p>\n<p data-start=\"488\" data-end=\"526\"><strong data-start=\"488\" data-end=\"524\">\u0421\u043e\u0441\u0442\u0430\u0432 (\u0430\u043d\u0430\u043b\u0438\u0442\u0438\u0447\u0435\u0441\u043a\u0438\u0435 \u043f\u0430\u0440\u0430\u043c\u0435\u0442\u0440\u044b):<\/strong><\/p>\n<ul data-start=\"527\" data-end=\"572\">\n<li data-start=\"527\" data-end=\"551\">\n<p data-start=\"529\" data-end=\"551\"><strong data-start=\"529\" data-end=\"545\">\u0421\u044b\u0440\u043e\u0439 \u043f\u0440\u043e\u0442\u0435\u0438\u043d:<\/strong> 32%<\/p>\n<\/li>\n<li data-start=\"552\" data-end=\"572\">\n<p data-start=\"554\" data-end=\"572\"><strong data-start=\"554\" data-end=\"566\">\u0421\u044b\u0440\u0430\u044f \u043d\u0435\u0444\u0442\u044c:<\/strong> 13%<\/p>\n<\/li>\n<\/ul>\n<p data-start=\"574\" data-end=\"598\"><strong data-start=\"574\" data-end=\"596\">\u041e\u0441\u043d\u043e\u0432\u043d\u044b\u0435 \u043f\u0440\u0435\u0438\u043c\u0443\u0449\u0435\u0441\u0442\u0432\u0430:<\/strong><\/p>\n<ul data-start=\"599\" data-end=\"784\">\n<li data-start=\"599\" data-end=\"630\">\n<p data-start=\"601\" data-end=\"630\">\u0412\u043a\u0443\u0441\u043d\u044b\u0439 \u0438 \u0441\u0431\u0430\u043b\u0430\u043d\u0441\u0438\u0440\u043e\u0432\u0430\u043d\u043d\u044b\u0439 \u0440\u0435\u0446\u0435\u043f\u0442<\/p>\n<\/li>\n<li data-start=\"631\" data-end=\"696\">\n<p data-start=\"633\" data-end=\"696\">\u041f\u043e\u0434\u0434\u0435\u0440\u0436\u0438\u0432\u0430\u044e\u0449\u0438\u0435 \u0432\u0438\u0442\u0430\u043c\u0438\u043d\u044b \u0434\u043b\u044f \u0437\u0434\u043e\u0440\u043e\u0432\u043e\u0439 \u043a\u043e\u0436\u0438 \u0438 \u0431\u043b\u0435\u0441\u0442\u044f\u0449\u0435\u0439 \u0448\u0435\u0440\u0441\u0442\u0438<\/p>\n<\/li>\n<li data-start=\"697\" data-end=\"742\">\n<p data-start=\"699\" data-end=\"742\">\u041d\u0430\u0442\u0443\u0440\u0430\u043b\u044c\u043d\u044b\u0435 \u0438\u043d\u0433\u0440\u0435\u0434\u0438\u0435\u043d\u0442\u044b, \u0443\u043a\u0440\u0435\u043f\u043b\u044f\u044e\u0449\u0438\u0435 \u043f\u0438\u0449\u0435\u0432\u0430\u0440\u0438\u0442\u0435\u043b\u044c\u043d\u0443\u044e \u0441\u0438\u0441\u0442\u0435\u043c\u0443<\/p>\n<\/li>\n<li data-start=\"743\" data-end=\"784\">\n<p data-start=\"745\" data-end=\"784\">\u0424\u043e\u0440\u043c\u0443\u043b\u0430, \u043e\u0431\u043e\u0433\u0430\u0449\u0435\u043d\u043d\u0430\u044f \u0431\u0435\u0442\u0430-\u043a\u0430\u0440\u043e\u0442\u0438\u043d\u043e\u043c<\/p>\n<\/li>\n<\/ul>\n<\/div>\n<p><!-- .vgblk-rw-wrapper --><\/p>","protected":false},"excerpt":{"rendered":"<p>Petline Adult Gourmet Selection Super Premium pi\u015fik yem\u0259yi \u2013 B\u00f6y\u00fckl\u0259r \u00fc\u00e7\u00fcn l\u0259zz\u0259tli qar\u0131\u015f\u0131q Petline Adult Gourmet Selection \u2013 m\u00fcxt\u0259lif l\u0259zz\u0259tl\u0259ri bir araya g\u0259tir\u0259n v\u0259 pi\u015fiyinizin dad duy\u011fusunu ox\u015fayan x\u00fcsusi formulad\u0131r. Y\u00fcks\u0259k keyfiyy\u0259tli t\u0259rkibi il\u0259 pi\u015fiyinizin g\u00fcnd\u0259lik enerji v\u0259 qida ehtiyac\u0131n\u0131 tam \u015f\u0259kild\u0259 qar\u015f\u0131lay\u0131r. T\u0259rkibi (Analitik g\u00f6st\u0259ricil\u0259r): Xam protein: 32% Xam ya\u011f: 13% \u018fsas \u00fcst\u00fcnl\u00fckl\u0259ri: L\u0259zz\u0259tli&#8230;<\/p>","protected":false},"featured_media":989863,"comment_status":"closed","ping_status":"closed","template":"","meta":{"nf_dc_page":"","_monsterinsights_skip_tracking":false,"_monsterinsights_sitenote_active":false,"_monsterinsights_sitenote_note":"","_monsterinsights_sitenote_category":0},"product_brand":[],"product_cat":[244,51,245],"product_tag":[],"class_list":{"0":"post-989862","1":"product","2":"type-product","3":"status-publish","4":"has-post-thumbnail","6":"product_cat-it-ve-pisik-mehsullari","7":"product_cat-cat","8":"product_cat-yemler","10":"first","11":"instock","12":"shipping-taxable","13":"product-type-simple"},"jetpack_sharing_enabled":true,"_links":{"self":[{"href":"https:\/\/agrovetazerbaijan.az\/ru\/wp-json\/wp\/v2\/product\/989862","targetHints":{"allow":["GET"]}}],"collection":[{"href":"https:\/\/agrovetazerbaijan.az\/ru\/wp-json\/wp\/v2\/product"}],"about":[{"href":"https:\/\/agrovetazerbaijan.az\/ru\/wp-json\/wp\/v2\/types\/product"}],"replies":[{"embeddable":true,"href":"https:\/\/agrovetazerbaijan.az\/ru\/wp-json\/wp\/v2\/comments?post=989862"}],"version-history":[{"count":2,"href":"https:\/\/agrovetazerbaijan.az\/ru\/wp-json\/wp\/v2\/product\/989862\/revisions"}],"predecessor-version":[{"id":989865,"href":"https:\/\/agrovetazerbaijan.az\/ru\/wp-json\/wp\/v2\/product\/989862\/revisions\/989865"}],"wp:featuredmedia":[{"embeddable":true,"href":"https:\/\/agrovetazerbaijan.az\/ru\/wp-json\/wp\/v2\/media\/989863"}],"wp:attachment":[{"href":"https:\/\/agrovetazerbaijan.az\/ru\/wp-json\/wp\/v2\/media?parent=989862"}],"wp:term":[{"taxonomy":"product_brand","embeddable":true,"href":"https:\/\/agrovetazerbaijan.az\/ru\/wp-json\/wp\/v2\/product_brand?post=989862"},{"taxonomy":"product_cat","embeddable":true,"href":"https:\/\/agrovetazerbaijan.az\/ru\/wp-json\/wp\/v2\/product_cat?post=989862"},{"taxonomy":"product_tag","embeddable":true,"href":"https:\/\/agrovetazerbaijan.az\/ru\/wp-json\/wp\/v2\/product_tag?post=989862"}],"curies":[{"name":"WP","href":"https:\/\/api.w.org\/{rel}","templated":true}]}}