{"id":989858,"date":"2025-07-11T23:41:13","date_gmt":"2025-07-11T23:41:13","guid":{"rendered":"https:\/\/agrovetazerbaijan.az\/?post_type=product&#038;p=989858"},"modified":"2025-07-11T23:42:12","modified_gmt":"2025-07-11T23:42:12","slug":"petline-adult-chicken-selection","status":"publish","type":"product","link":"https:\/\/agrovetazerbaijan.az\/ru\/product\/petline-adult-chicken-selection\/","title":{"rendered":"Petline Adult Chicken Selection"},"content":{"rendered":"<div class=\"vgblk-rw-wrapper limit-wrapper\">\n<h3 data-start=\"114\" data-end=\"155\"><strong data-start=\"118\" data-end=\"153\">Petline Adult Chicken Selection<\/strong><\/h3>\n<p data-start=\"156\" data-end=\"216\"><strong data-start=\"156\" data-end=\"216\">\u041a\u043e\u0440\u043c \u0434\u043b\u044f \u043a\u043e\u0448\u0435\u043a Super Premium \u2013 \u0432\u0430\u0440\u0438\u0430\u043d\u0442 \u0441 \u043a\u0443\u0440\u0438\u0446\u0435\u0439 \u0434\u043b\u044f \u0432\u0437\u0440\u043e\u0441\u043b\u044b\u0445<\/strong><\/p>\n<p data-start=\"218\" data-end=\"445\">Petline Adult Chicken Selection \u2014 \u0432\u044b\u0441\u043e\u043a\u043e\u043a\u0430\u0447\u0435\u0441\u0442\u0432\u0435\u043d\u043d\u044b\u0439 \u0438 \u0441\u0431\u0430\u043b\u0430\u043d\u0441\u0438\u0440\u043e\u0432\u0430\u043d\u043d\u044b\u0439 \u043a\u043e\u0440\u043c \u0441\u0443\u043f\u0435\u0440-\u043f\u0440\u0435\u043c\u0438\u0443\u043c \u043a\u043b\u0430\u0441\u0441\u0430 \u0434\u043b\u044f \u043a\u043e\u0448\u0435\u043a \u043d\u0430 \u043e\u0441\u043d\u043e\u0432\u0435 \u043a\u0443\u0440\u0438\u0446\u044b, \u0443\u0434\u043e\u0432\u043b\u0435\u0442\u0432\u043e\u0440\u044f\u044e\u0449\u0438\u0439 \u0441\u0443\u0442\u043e\u0447\u043d\u0443\u044e \u043f\u043e\u0442\u0440\u0435\u0431\u043d\u043e\u0441\u0442\u044c \u0432 \u044d\u043d\u0435\u0440\u0433\u0438\u0438. \u0418\u0434\u0435\u0430\u043b\u044c\u043d\u044b\u0439 \u0432\u044b\u0431\u043e\u0440 \u0434\u043b\u044f \u0437\u0434\u043e\u0440\u043e\u0432\u043e\u0433\u043e \u043f\u0438\u0449\u0435\u0432\u0430\u0440\u0435\u043d\u0438\u044f, \u0431\u043b\u0435\u0441\u0442\u044f\u0449\u0435\u0439 \u0448\u0435\u0440\u0441\u0442\u0438 \u0438 \u043a\u0440\u0435\u043f\u043a\u043e\u0433\u043e \u0438\u043c\u043c\u0443\u043d\u0438\u0442\u0435\u0442\u0430.<\/p>\n<p data-start=\"447\" data-end=\"464\"><strong data-start=\"447\" data-end=\"462\">\u0421\u043e\u0434\u0435\u0440\u0436\u0438\u0442:<\/strong><\/p>\n<ul data-start=\"465\" data-end=\"508\">\n<li data-start=\"465\" data-end=\"489\">\n<p data-start=\"467\" data-end=\"489\"><strong data-start=\"467\" data-end=\"483\">\u0421\u044b\u0440\u043e\u0439 \u043f\u0440\u043e\u0442\u0435\u0438\u043d:<\/strong> 34%<\/p>\n<\/li>\n<li data-start=\"490\" data-end=\"508\">\n<p data-start=\"492\" data-end=\"508\"><strong data-start=\"492\" data-end=\"504\">\u0421\u044b\u0440\u0430\u044f \u043d\u0435\u0444\u0442\u044c:<\/strong> 15%<\/p>\n<\/li>\n<\/ul>\n<p data-start=\"510\" data-end=\"530\"><strong data-start=\"510\" data-end=\"528\">\u0424\u0443\u043d\u043a\u0446\u0438\u0438:<\/strong><\/p>\n<ul data-start=\"531\" data-end=\"749\">\n<li data-start=\"531\" data-end=\"591\">\n<p data-start=\"533\" data-end=\"591\">\u0412\u044b\u0441\u043e\u043a\u043e\u0431\u0435\u043b\u043a\u043e\u0432\u0430\u044f \u0444\u043e\u0440\u043c\u0443\u043b\u0430 \u0438\u0437 \u043a\u0443\u0440\u0438\u0446\u044b<\/p>\n<\/li>\n<li data-start=\"592\" data-end=\"640\">\n<p data-start=\"594\" data-end=\"640\">\u0418\u0434\u0435\u0430\u043b\u044c\u043d\u043e \u043f\u043e\u0434\u0445\u043e\u0434\u0438\u0442 \u0434\u043b\u044f \u0437\u0434\u043e\u0440\u043e\u0432\u044b\u0445 \u043c\u044b\u0448\u0446 \u0438 \u044d\u043d\u0435\u0440\u0433\u0438\u0447\u043d\u043e\u0439 \u0436\u0438\u0437\u043d\u0438<\/p>\n<\/li>\n<li data-start=\"641\" data-end=\"699\">\n<p data-start=\"643\" data-end=\"699\">\u0411\u043e\u0433\u0430\u0442 \u043d\u0430\u0442\u0443\u0440\u0430\u043b\u044c\u043d\u044b\u043c\u0438 \u043f\u0440\u0435\u0431\u0438\u043e\u0442\u0438\u043a\u0430\u043c\u0438, \u043a\u043e\u0442\u043e\u0440\u044b\u0435 \u043f\u043e\u0434\u0434\u0435\u0440\u0436\u0438\u0432\u0430\u044e\u0442 \u043f\u0438\u0449\u0435\u0432\u0430\u0440\u0438\u0442\u0435\u043b\u044c\u043d\u0443\u044e \u0441\u0438\u0441\u0442\u0435\u043c\u0443.<\/p>\n<\/li>\n<li data-start=\"700\" data-end=\"749\">\n<p data-start=\"702\" data-end=\"749\">\u0421\u0431\u0430\u043b\u0430\u043d\u0441\u0438\u0440\u043e\u0432\u0430\u043d\u043d\u044b\u0439 \u0438 \u0432\u043a\u0443\u0441\u043d\u044b\u0439 \u0432\u044b\u0431\u043e\u0440 \u0434\u043b\u044f \u0435\u0436\u0435\u0434\u043d\u0435\u0432\u043d\u043e\u0433\u043e \u043f\u0438\u0442\u0430\u043d\u0438\u044f<\/p>\n<\/li>\n<\/ul>\n<\/div>\n<p><!-- .vgblk-rw-wrapper --><\/p>","protected":false},"excerpt":{"rendered":"<p>Petline Adult Chicken Selection Super Premium pi\u015fik yem\u0259yi \u2013 B\u00f6y\u00fckl\u0259r \u00fc\u00e7\u00fcn toyuqlu se\u00e7im Petline Adult Chicken Selection \u2013 g\u00fcnd\u0259lik enerji ehtiyac\u0131n\u0131 qar\u015f\u0131layan, y\u00fcks\u0259k keyfiyy\u0259tli v\u0259 balansla\u015fd\u0131r\u0131lm\u0131\u015f toyuq \u0259sasl\u0131 super premium pi\u015fik yem\u0259yidir. Sa\u011flam h\u0259zm, parlaq t\u00fck \u00f6rt\u00fcy\u00fc v\u0259 g\u00fccl\u00fc immunitet \u00fc\u00e7\u00fcn ideal se\u00e7imdir. T\u0259rkibind\u0259: Xam protein: 34% Xam ya\u011f: 15% X\u00fcsusiyy\u0259tl\u0259r: Toyuq \u0259tind\u0259n haz\u0131rlanm\u0131\u015f y\u00fcks\u0259k&#8230;<\/p>","protected":false},"featured_media":989859,"comment_status":"closed","ping_status":"closed","template":"","meta":{"nf_dc_page":"","_monsterinsights_skip_tracking":false,"_monsterinsights_sitenote_active":false,"_monsterinsights_sitenote_note":"","_monsterinsights_sitenote_category":0},"product_brand":[],"product_cat":[244,51,245],"product_tag":[],"class_list":{"0":"post-989858","1":"product","2":"type-product","3":"status-publish","4":"has-post-thumbnail","6":"product_cat-it-ve-pisik-mehsullari","7":"product_cat-cat","8":"product_cat-yemler","10":"first","11":"instock","12":"shipping-taxable","13":"product-type-simple"},"jetpack_sharing_enabled":true,"_links":{"self":[{"href":"https:\/\/agrovetazerbaijan.az\/ru\/wp-json\/wp\/v2\/product\/989858","targetHints":{"allow":["GET"]}}],"collection":[{"href":"https:\/\/agrovetazerbaijan.az\/ru\/wp-json\/wp\/v2\/product"}],"about":[{"href":"https:\/\/agrovetazerbaijan.az\/ru\/wp-json\/wp\/v2\/types\/product"}],"replies":[{"embeddable":true,"href":"https:\/\/agrovetazerbaijan.az\/ru\/wp-json\/wp\/v2\/comments?post=989858"}],"version-history":[{"count":2,"href":"https:\/\/agrovetazerbaijan.az\/ru\/wp-json\/wp\/v2\/product\/989858\/revisions"}],"predecessor-version":[{"id":989861,"href":"https:\/\/agrovetazerbaijan.az\/ru\/wp-json\/wp\/v2\/product\/989858\/revisions\/989861"}],"wp:featuredmedia":[{"embeddable":true,"href":"https:\/\/agrovetazerbaijan.az\/ru\/wp-json\/wp\/v2\/media\/989859"}],"wp:attachment":[{"href":"https:\/\/agrovetazerbaijan.az\/ru\/wp-json\/wp\/v2\/media?parent=989858"}],"wp:term":[{"taxonomy":"product_brand","embeddable":true,"href":"https:\/\/agrovetazerbaijan.az\/ru\/wp-json\/wp\/v2\/product_brand?post=989858"},{"taxonomy":"product_cat","embeddable":true,"href":"https:\/\/agrovetazerbaijan.az\/ru\/wp-json\/wp\/v2\/product_cat?post=989858"},{"taxonomy":"product_tag","embeddable":true,"href":"https:\/\/agrovetazerbaijan.az\/ru\/wp-json\/wp\/v2\/product_tag?post=989858"}],"curies":[{"name":"WP","href":"https:\/\/api.w.org\/{rel}","templated":true}]}}