{"id":989855,"date":"2025-07-11T23:28:55","date_gmt":"2025-07-11T23:28:55","guid":{"rendered":"https:\/\/agrovetazerbaijan.az\/?post_type=product&#038;p=989855"},"modified":"2025-07-11T23:36:03","modified_gmt":"2025-07-11T23:36:03","slug":"petline-kitten-chicken-selection","status":"publish","type":"product","link":"https:\/\/agrovetazerbaijan.az\/ru\/product\/petline-kitten-chicken-selection\/","title":{"rendered":"Petline Kitten Chicken Selection"},"content":{"rendered":"<div class=\"vgblk-rw-wrapper limit-wrapper\">\n<h3 data-start=\"142\" data-end=\"184\"><strong data-start=\"146\" data-end=\"182\">Petline Kitten Chicken Selection<\/strong><\/h3>\n<p data-start=\"185\" data-end=\"251\"><strong data-start=\"185\" data-end=\"251\">\u041a\u043e\u0440\u043c \u0434\u043b\u044f \u043a\u043e\u0448\u0435\u043a Super Premium \u2013 \u0432\u0430\u0440\u0438\u0430\u043d\u0442 \u0441 \u043a\u0443\u0440\u0438\u0446\u0435\u0439 \u0434\u043b\u044f \u043a\u043e\u0442\u044f\u0442<\/strong><\/p>\n<p data-start=\"253\" data-end=\"509\">Petline Kitten Chicken Selection \u2014 \u044d\u0442\u043e \u0432\u044b\u0441\u043e\u043a\u043e\u043a\u0430\u0447\u0435\u0441\u0442\u0432\u0435\u043d\u043d\u044b\u0439 \u043a\u043e\u0440\u043c \u0441\u0443\u043f\u0435\u0440-\u043f\u0440\u0435\u043c\u0438\u0443\u043c \u043a\u043b\u0430\u0441\u0441\u0430, \u0441\u043f\u0435\u0446\u0438\u0430\u043b\u044c\u043d\u043e \u0440\u0430\u0437\u0440\u0430\u0431\u043e\u0442\u0430\u043d\u043d\u044b\u0439 \u0434\u043b\u044f \u043a\u043e\u0442\u044f\u0442 \u0432 \u043f\u0435\u0440\u0438\u043e\u0434 \u0438\u0445 \u0431\u044b\u0441\u0442\u0440\u043e\u0433\u043e \u0440\u043e\u0441\u0442\u0430. \u0424\u043e\u0440\u043c\u0443\u043b\u0430 \u0441 \u0432\u044b\u0441\u043e\u043a\u0438\u043c \u0441\u043e\u0434\u0435\u0440\u0436\u0430\u043d\u0438\u0435\u043c \u043a\u0443\u0440\u0438\u0446\u044b \u0443\u043a\u0440\u0435\u043f\u043b\u044f\u0435\u0442 \u0438\u043c\u043c\u0443\u043d\u0438\u0442\u0435\u0442 \u0438 \u0441\u043f\u043e\u0441\u043e\u0431\u0441\u0442\u0432\u0443\u0435\u0442 \u0437\u0434\u043e\u0440\u043e\u0432\u043e\u043c\u0443 \u0440\u0430\u0437\u0432\u0438\u0442\u0438\u044e \u043a\u043e\u0441\u0442\u0435\u0439 \u0438 \u043c\u044b\u0448\u0446.<\/p>\n<p data-start=\"511\" data-end=\"528\"><strong data-start=\"511\" data-end=\"526\">\u0421\u043e\u0434\u0435\u0440\u0436\u0438\u0442:<\/strong><\/p>\n<ul data-start=\"529\" data-end=\"572\">\n<li data-start=\"529\" data-end=\"553\">\n<p data-start=\"531\" data-end=\"553\"><strong data-start=\"531\" data-end=\"547\">\u0421\u044b\u0440\u043e\u0439 \u043f\u0440\u043e\u0442\u0435\u0438\u043d:<\/strong> 36%<\/p>\n<\/li>\n<li data-start=\"554\" data-end=\"572\">\n<p data-start=\"556\" data-end=\"572\"><strong data-start=\"556\" data-end=\"568\">\u0421\u044b\u0440\u0430\u044f \u043d\u0435\u0444\u0442\u044c:<\/strong> 20%<\/p>\n<\/li>\n<\/ul>\n<p data-start=\"574\" data-end=\"594\"><strong data-start=\"574\" data-end=\"592\">\u0424\u0443\u043d\u043a\u0446\u0438\u0438:<\/strong><\/p>\n<ul data-start=\"595\" data-end=\"802\">\n<li data-start=\"595\" data-end=\"639\">\n<p data-start=\"597\" data-end=\"639\">\u041d\u0430 \u043e\u0441\u043d\u043e\u0432\u0435 \u043a\u0443\u0440\u0438\u0446\u044b, \u0432\u044b\u0441\u043e\u043a\u0430\u044f \u043f\u0438\u0442\u0430\u0442\u0435\u043b\u044c\u043d\u0430\u044f \u0446\u0435\u043d\u043d\u043e\u0441\u0442\u044c<\/p>\n<\/li>\n<li data-start=\"640\" data-end=\"680\">\n<p data-start=\"642\" data-end=\"680\">\u0411\u043e\u0433\u0430\u0442\u0430\u044f \u0444\u043e\u0440\u043c\u0443\u043b\u0430 \u0434\u043b\u044f \u0440\u043e\u0441\u0442\u0430 \u0438 \u0440\u0430\u0437\u0432\u0438\u0442\u0438\u044f<\/p>\n<\/li>\n<li data-start=\"681\" data-end=\"751\">\n<p data-start=\"683\" data-end=\"751\">\u0421\u0431\u0430\u043b\u0430\u043d\u0441\u0438\u0440\u043e\u0432\u0430\u043d\u043d\u044b\u0439 \u0441\u043e\u0441\u0442\u0430\u0432 \u0434\u043b\u044f \u043a\u0440\u0435\u043f\u043a\u043e\u0433\u043e \u0438\u043c\u043c\u0443\u043d\u0438\u0442\u0435\u0442\u0430 \u0438 \u0437\u0434\u043e\u0440\u043e\u0432\u043e\u0439 \u0448\u0435\u0440\u0441\u0442\u0438<\/p>\n<\/li>\n<li data-start=\"752\" data-end=\"802\">\n<p data-start=\"754\" data-end=\"802\">\u0411\u043e\u0433\u0430\u0442 \u043f\u0440\u0435\u0431\u0438\u043e\u0442\u0438\u043a\u0430\u043c\u0438, \u043a\u043e\u0442\u043e\u0440\u044b\u0435 \u043f\u043e\u0434\u0434\u0435\u0440\u0436\u0438\u0432\u0430\u044e\u0442 \u043f\u0438\u0449\u0435\u0432\u0430\u0440\u0438\u0442\u0435\u043b\u044c\u043d\u0443\u044e \u0441\u0438\u0441\u0442\u0435\u043c\u0443.<\/p>\n<\/li>\n<\/ul>\n<\/div>\n<p><!-- .vgblk-rw-wrapper --><\/p>","protected":false},"excerpt":{"rendered":"<p>Petline Kitten Chicken Selection Super Premium pi\u015fik yem\u0259yi \u2013 Yavru pi\u015fikl\u0259r \u00fc\u00e7\u00fcn toyuqlu se\u00e7im Petline Kitten Chicken Selection \u2013 s\u00fcr\u0259tli b\u00f6y\u00fcm\u0259 d\u00f6vr\u00fcnd\u0259 olan pi\u015fik balalar\u0131 \u00fc\u00e7\u00fcn x\u00fcsusi olaraq haz\u0131rlanm\u0131\u015f y\u00fcks\u0259k keyfiyy\u0259tli super premium qidad\u0131r. Z\u0259ngin toyuq t\u0259rkibli formul, immun sistemini g\u00fccl\u0259ndirir, sa\u011flam s\u00fcm\u00fck v\u0259 \u0259z\u0259l\u0259 inki\u015faf\u0131n\u0131 d\u0259st\u0259kl\u0259yir. T\u0259rkibind\u0259: Xam protein: 36% Xam ya\u011f: 20% X\u00fcsusiyy\u0259tl\u0259r:&#8230;<\/p>","protected":false},"featured_media":989856,"comment_status":"closed","ping_status":"closed","template":"","meta":{"nf_dc_page":"","_monsterinsights_skip_tracking":false,"_monsterinsights_sitenote_active":false,"_monsterinsights_sitenote_note":"","_monsterinsights_sitenote_category":0},"product_brand":[],"product_cat":[244,51,245],"product_tag":[],"class_list":{"0":"post-989855","1":"product","2":"type-product","3":"status-publish","4":"has-post-thumbnail","6":"product_cat-it-ve-pisik-mehsullari","7":"product_cat-cat","8":"product_cat-yemler","10":"first","11":"instock","12":"shipping-taxable","13":"product-type-simple"},"jetpack_sharing_enabled":true,"_links":{"self":[{"href":"https:\/\/agrovetazerbaijan.az\/ru\/wp-json\/wp\/v2\/product\/989855","targetHints":{"allow":["GET"]}}],"collection":[{"href":"https:\/\/agrovetazerbaijan.az\/ru\/wp-json\/wp\/v2\/product"}],"about":[{"href":"https:\/\/agrovetazerbaijan.az\/ru\/wp-json\/wp\/v2\/types\/product"}],"replies":[{"embeddable":true,"href":"https:\/\/agrovetazerbaijan.az\/ru\/wp-json\/wp\/v2\/comments?post=989855"}],"version-history":[{"count":1,"href":"https:\/\/agrovetazerbaijan.az\/ru\/wp-json\/wp\/v2\/product\/989855\/revisions"}],"predecessor-version":[{"id":989857,"href":"https:\/\/agrovetazerbaijan.az\/ru\/wp-json\/wp\/v2\/product\/989855\/revisions\/989857"}],"wp:featuredmedia":[{"embeddable":true,"href":"https:\/\/agrovetazerbaijan.az\/ru\/wp-json\/wp\/v2\/media\/989856"}],"wp:attachment":[{"href":"https:\/\/agrovetazerbaijan.az\/ru\/wp-json\/wp\/v2\/media?parent=989855"}],"wp:term":[{"taxonomy":"product_brand","embeddable":true,"href":"https:\/\/agrovetazerbaijan.az\/ru\/wp-json\/wp\/v2\/product_brand?post=989855"},{"taxonomy":"product_cat","embeddable":true,"href":"https:\/\/agrovetazerbaijan.az\/ru\/wp-json\/wp\/v2\/product_cat?post=989855"},{"taxonomy":"product_tag","embeddable":true,"href":"https:\/\/agrovetazerbaijan.az\/ru\/wp-json\/wp\/v2\/product_tag?post=989855"}],"curies":[{"name":"WP","href":"https:\/\/api.w.org\/{rel}","templated":true}]}}