{"id":989793,"date":"2025-07-10T11:37:05","date_gmt":"2025-07-10T11:37:05","guid":{"rendered":"https:\/\/agrovetazerbaijan.az\/?post_type=product&#038;p=989793"},"modified":"2025-07-10T11:37:23","modified_gmt":"2025-07-10T11:37:23","slug":"carnaval-baby-powder-clumping-cat-litter-pisik-qumu-usaq-pudrasi-2","status":"publish","type":"product","link":"https:\/\/agrovetazerbaijan.az\/ru\/product\/carnaval-baby-powder-clumping-cat-litter-pisik-qumu-usaq-pudrasi-2\/","title":{"rendered":"\u041a\u043e\u043c\u043a\u0443\u044e\u0449\u0438\u0439\u0441\u044f \u043d\u0430\u043f\u043e\u043b\u043d\u0438\u0442\u0435\u043b\u044c \u0434\u043b\u044f \u043a\u043e\u0448\u0430\u0447\u044c\u0435\u0433\u043e \u0442\u0443\u0430\u043b\u0435\u0442\u0430 Carnaval Baby Powder"},"content":{"rendered":"<div class=\"vgblk-rw-wrapper limit-wrapper\">\n<h3 data-start=\"144\" data-end=\"190\"><strong data-start=\"148\" data-end=\"190\">\u041d\u0430\u0442\u0443\u0440\u0430\u043b\u044c\u043d\u044b\u0439 \u0431\u0435\u043d\u0442\u043e\u043d\u0438\u0442\u043e\u0432\u044b\u0439 \u043d\u0430\u043f\u043e\u043b\u043d\u0438\u0442\u0435\u043b\u044c \u0434\u043b\u044f \u043a\u043e\u0448\u0430\u0447\u044c\u0435\u0433\u043e \u0442\u0443\u0430\u043b\u0435\u0442\u0430 \u0441 \u0430\u0440\u043e\u043c\u0430\u0442\u043e\u043c \u043f\u043e\u0440\u043e\u0448\u043a\u0430<\/strong><\/h3>\n<p data-start=\"192\" data-end=\"460\">\u0418\u0437\u0432\u0435\u0441\u0442\u043d\u044b\u0439 \u0442\u0443\u0440\u0435\u0446\u043a\u0438\u0439 \u043f\u0440\u043e\u0438\u0437\u0432\u043e\u0434\u0438\u0442\u0435\u043b\u044c <em data-start=\"225\" data-end=\"244\">\u041a\u043e\u0440\u043c \u0434\u043b\u044f \u0436\u0438\u0432\u043e\u0442\u043d\u044b\u0445 Carnaval<\/em> \u042d\u0442\u043e\u0442 \u043d\u0430\u043f\u043e\u043b\u043d\u0438\u0442\u0435\u043b\u044c \u0434\u043b\u044f \u043a\u043e\u0448\u0430\u0447\u044c\u0435\u0433\u043e \u0442\u0443\u0430\u043b\u0435\u0442\u0430 \u0438\u0437\u0433\u043e\u0442\u043e\u0432\u043b\u0435\u043d \u0438\u0437 \u0432\u044b\u0441\u043e\u043a\u043e\u043a\u0430\u0447\u0435\u0441\u0442\u0432\u0435\u043d\u043d\u043e\u0433\u043e \u0431\u0435\u043d\u0442\u043e\u043d\u0438\u0442\u0430. \u0411\u043b\u0430\u0433\u043e\u0434\u0430\u0440\u044f \u0441\u0432\u043e\u0435\u0439 \u043d\u0430\u0442\u0443\u0440\u0430\u043b\u044c\u043d\u043e\u0439 \u043a\u043e\u043c\u043a\u0443\u044e\u0449\u0435\u0439\u0441\u044f \u0441\u0442\u0440\u0443\u043a\u0442\u0443\u0440\u0435 \u0438 \u043b\u0451\u0433\u043a\u043e\u043c\u0443 \u0430\u0440\u043e\u043c\u0430\u0442\u0443 \u043e\u043d \u043e\u0431\u0435\u0441\u043f\u0435\u0447\u0438\u0442 \u043a\u043e\u043c\u0444\u043e\u0440\u0442 \u0432\u0430\u0448\u0435\u0439 \u043a\u043e\u0448\u043a\u0435 \u0438 \u0447\u0438\u0441\u0442\u043e\u0442\u0443 \u0432\u0430\u0448\u0435\u0433\u043e \u0434\u043e\u043c\u0430.<\/p>\n<p data-start=\"462\" data-end=\"485\"><strong data-start=\"462\" data-end=\"485\">\u041e\u0441\u043d\u043e\u0432\u043d\u044b\u0435 \u0445\u0430\u0440\u0430\u043a\u0442\u0435\u0440\u0438\u0441\u0442\u0438\u043a\u0438:<\/strong><\/p>\n<ul data-start=\"487\" data-end=\"1150\">\n<li data-start=\"487\" data-end=\"578\">\n<p data-start=\"489\" data-end=\"578\"><strong data-start=\"489\" data-end=\"515\">\u0415\u0441\u0442\u0435\u0441\u0442\u0432\u0435\u043d\u043d\u043e \u0441\u043e\u0431\u0440\u0430\u043d\u043d\u0430\u044f \u0444\u043e\u0440\u043c\u0443\u043b\u0430:<\/strong> \u041e\u043d \u044d\u0444\u0444\u0435\u043a\u0442\u0438\u0432\u043d\u043e \u0432\u043f\u0438\u0442\u044b\u0432\u0430\u0435\u0442 \u0436\u0438\u0434\u043a\u043e\u0441\u0442\u044c, \u043c\u0433\u043d\u043e\u0432\u0435\u043d\u043d\u043e \u0441\u043b\u0438\u043f\u0430\u044f\u0441\u044c \u043f\u0440\u0438 \u043a\u043e\u043d\u0442\u0430\u043a\u0442\u0435 \u0441 \u043c\u043e\u0447\u043e\u0439.<\/p>\n<\/li>\n<li data-start=\"579\" data-end=\"694\">\n<p data-start=\"581\" data-end=\"694\"><strong data-start=\"581\" data-end=\"620\">\u041f\u043e\u0440\u043e\u0448\u043e\u043a, \u043f\u043e\u0433\u043b\u043e\u0449\u0430\u044e\u0449\u0438\u0439 \u0437\u0430\u043f\u0430\u0445\u0438, \u0441 \u0430\u0440\u043e\u043c\u0430\u0442\u0438\u0447\u0435\u0441\u043a\u0438\u043c\u0438 \u0447\u0430\u0441\u0442\u0438\u0446\u0430\u043c\u0438:<\/strong> \u041f\u043e\u0434\u0430\u0432\u043b\u044f\u0435\u0442 \u043d\u0435\u043f\u0440\u0438\u044f\u0442\u043d\u044b\u0435 \u0437\u0430\u043f\u0430\u0445\u0438 \u0438 \u043f\u0440\u0435\u0434\u043e\u0442\u0432\u0440\u0430\u0449\u0430\u0435\u0442 \u0440\u0430\u0441\u043f\u0440\u043e\u0441\u0442\u0440\u0430\u043d\u0435\u043d\u0438\u0435 \u0437\u0430\u043f\u0430\u0445\u0430 \u043c\u043e\u0447\u0438.<\/p>\n<\/li>\n<li data-start=\"695\" data-end=\"769\">\n<p data-start=\"697\" data-end=\"769\"><strong data-start=\"697\" data-end=\"720\">\u041d\u0435 \u043b\u0438\u043f\u043d\u0435\u0442 \u043a \u043b\u0430\u043f\u043a\u0430\u043c:<\/strong> \u041f\u0435\u0441\u043e\u043a \u043d\u0435 \u0440\u0430\u0437\u043d\u043e\u0441\u0438\u0442\u0441\u044f \u043f\u043e \u0432\u0441\u0435\u043c\u0443 \u0434\u043e\u043c\u0443, \u0430 \u043f\u043e\u043b \u0438 \u043c\u0435\u0431\u0435\u043b\u044c \u043e\u0441\u0442\u0430\u044e\u0442\u0441\u044f \u0447\u0438\u0441\u0442\u044b\u043c\u0438.<\/p>\n<\/li>\n<li data-start=\"770\" data-end=\"873\">\n<p data-start=\"772\" data-end=\"873\"><strong data-start=\"772\" data-end=\"801\">\u0412\u044b\u0441\u043e\u043a\u0430\u044f \u0432\u043e\u0434\u043e\u0443\u0434\u0435\u0440\u0436\u0438\u0432\u0430\u044e\u0449\u0430\u044f \u0441\u043f\u043e\u0441\u043e\u0431\u043d\u043e\u0441\u0442\u044c:<\/strong> \u0411\u044b\u0441\u0442\u0440\u043e \u0432\u043f\u0438\u0442\u044b\u0432\u0430\u0435\u0442 \u0432\u043b\u0430\u0433\u0443, \u0433\u0430\u0440\u0430\u043d\u0442\u0438\u0440\u0443\u044f, \u0447\u0442\u043e \u043a\u043e\u043d\u0442\u0435\u0439\u043d\u0435\u0440 \u043e\u0441\u0442\u0430\u043d\u0435\u0442\u0441\u044f \u0441\u0443\u0445\u0438\u043c \u0438 \u0433\u0438\u0433\u0438\u0435\u043d\u0438\u0447\u043d\u044b\u043c.<\/p>\n<\/li>\n<li data-start=\"874\" data-end=\"963\">\n<p data-start=\"876\" data-end=\"963\"><strong data-start=\"876\" data-end=\"893\">99.5% \u0431\u0435\u0437 \u043f\u044b\u043b\u0438:<\/strong> \u0411\u043b\u0430\u0433\u043e\u0434\u0430\u0440\u044f \u0441\u0432\u043e\u0435\u043c\u0443 \u043c\u044f\u0433\u043a\u043e\u043c\u0443 \u0441\u043e\u0441\u0442\u0430\u0432\u0443 \u043e\u043d \u043d\u0435 \u0437\u0430\u0442\u0440\u0443\u0434\u043d\u044f\u0435\u0442 \u0434\u044b\u0445\u0430\u043d\u0438\u0435 \u0438 \u0441\u043d\u0438\u0436\u0430\u0435\u0442 \u0440\u0438\u0441\u043a \u0432\u043e\u0437\u043d\u0438\u043a\u043d\u043e\u0432\u0435\u043d\u0438\u044f \u0430\u043b\u043b\u0435\u0440\u0433\u0438\u0438.<\/p>\n<\/li>\n<li data-start=\"964\" data-end=\"1050\">\n<p data-start=\"966\" data-end=\"1050\"><strong data-start=\"966\" data-end=\"985\">\u041b\u0435\u0433\u043a\u0430\u044f \u043e\u0447\u0438\u0441\u0442\u043a\u0430:<\/strong> \u0411\u043b\u0430\u0433\u043e\u0434\u0430\u0440\u044f \u0441\u043e\u0431\u0440\u0430\u043d\u043d\u044b\u043c \u043f\u0435\u0441\u0447\u0438\u043d\u043a\u0430\u043c \u043e\u0442\u0445\u043e\u0434\u044b \u043b\u0435\u0433\u043a\u043e \u0443\u0434\u0430\u043b\u044f\u044e\u0442\u0441\u044f.<\/p>\n<\/li>\n<li data-start=\"1051\" data-end=\"1150\">\n<p data-start=\"1053\" data-end=\"1150\"><strong data-start=\"1053\" data-end=\"1094\">100% \u2014 \u043d\u0430\u0442\u0443\u0440\u0430\u043b\u044c\u043d\u044b\u0439 \u0438 \u044d\u043a\u043e\u043b\u043e\u0433\u0438\u0447\u0435\u0441\u043a\u0438 \u0447\u0438\u0441\u0442\u044b\u0439 \u043c\u0430\u0442\u0435\u0440\u0438\u0430\u043b:<\/strong> \u0411\u0435\u0437 \u0445\u0438\u043c\u0438\u0447\u0435\u0441\u043a\u0438\u0445 \u0434\u043e\u0431\u0430\u0432\u043e\u043a \u2014 \u0431\u0435\u0437\u043e\u043f\u0430\u0441\u043d\u043e \u0434\u043b\u044f \u0432\u0430\u0448\u0435\u0439 \u043a\u043e\u0448\u043a\u0438.<\/p>\n<\/li>\n<\/ul>\n<p data-start=\"1152\" data-end=\"1237\"><strong data-start=\"1152\" data-end=\"1176\">\u0422\u0438\u043f\u044b \u0443\u043f\u0430\u043a\u043e\u0432\u043a\u0438:<\/strong> 5\u043b, 10\u043b, 20\u043b<br data-start=\"1189\" data-end=\"1192\" \/><strong data-start=\"1192\" data-end=\"1207\">\u041f\u0440\u043e\u0438\u0437\u0432\u043e\u0434\u0438\u0442\u0435\u043b\u044c:<\/strong> <em data-start=\"1208\" data-end=\"1227\">\u041a\u043e\u0440\u043c \u0434\u043b\u044f \u0436\u0438\u0432\u043e\u0442\u043d\u044b\u0445 Carnaval<\/em> - \u0422\u0443\u0440\u0446\u0438\u044f<\/p>\n<\/div>\n<p><!-- .vgblk-rw-wrapper --><\/p>","protected":false},"excerpt":{"rendered":"<p>Pudra \u018ftirli T\u0259bii Bentonit Pi\u015fik Qumu T\u00fcrkiy\u0259nin tan\u0131nm\u0131\u015f istehsal\u00e7\u0131s\u0131 Carnaval Pet Food t\u0259r\u0259find\u0259n haz\u0131rlanan bu pi\u015fik qumu y\u00fcks\u0259k keyfiyy\u0259tli bentonit mineral\u0131ndan istehsal edilmi\u015fdir. T\u0259bii, y\u0131\u011f\u0131lan qurulu\u015fu v\u0259 pudra \u0259tirli t\u0259rkibi il\u0259 h\u0259m pi\u015fiyinizin rahatl\u0131\u011f\u0131n\u0131, h\u0259m d\u0259 evinizin t\u0259mizliyini qoruyur. \u018fsas x\u00fcsusiyy\u0259tl\u0259r: T\u0259bii y\u0131\u011f\u0131lan formula: Sidikl\u0259 t\u0259masda d\u0259rhal y\u0131\u011f\u0131laraq mayeni effektiv \u015f\u0259kild\u0259 udur. Qoxu udan pudra&#8230;<\/p>","protected":false},"featured_media":989794,"comment_status":"closed","ping_status":"closed","template":"","meta":{"nf_dc_page":"","_monsterinsights_skip_tracking":false,"_monsterinsights_sitenote_active":false,"_monsterinsights_sitenote_note":"","_monsterinsights_sitenote_category":0},"product_brand":[],"product_cat":[244,51,247],"product_tag":[],"class_list":{"0":"post-989793","1":"product","2":"type-product","3":"status-publish","4":"has-post-thumbnail","6":"product_cat-it-ve-pisik-mehsullari","7":"product_cat-cat","8":"product_cat-qum-ve-kosmetik-vasiteler","10":"first","11":"instock","12":"shipping-taxable","13":"product-type-simple"},"jetpack_sharing_enabled":true,"_links":{"self":[{"href":"https:\/\/agrovetazerbaijan.az\/ru\/wp-json\/wp\/v2\/product\/989793","targetHints":{"allow":["GET"]}}],"collection":[{"href":"https:\/\/agrovetazerbaijan.az\/ru\/wp-json\/wp\/v2\/product"}],"about":[{"href":"https:\/\/agrovetazerbaijan.az\/ru\/wp-json\/wp\/v2\/types\/product"}],"replies":[{"embeddable":true,"href":"https:\/\/agrovetazerbaijan.az\/ru\/wp-json\/wp\/v2\/comments?post=989793"}],"version-history":[{"count":1,"href":"https:\/\/agrovetazerbaijan.az\/ru\/wp-json\/wp\/v2\/product\/989793\/revisions"}],"predecessor-version":[{"id":989795,"href":"https:\/\/agrovetazerbaijan.az\/ru\/wp-json\/wp\/v2\/product\/989793\/revisions\/989795"}],"wp:featuredmedia":[{"embeddable":true,"href":"https:\/\/agrovetazerbaijan.az\/ru\/wp-json\/wp\/v2\/media\/989794"}],"wp:attachment":[{"href":"https:\/\/agrovetazerbaijan.az\/ru\/wp-json\/wp\/v2\/media?parent=989793"}],"wp:term":[{"taxonomy":"product_brand","embeddable":true,"href":"https:\/\/agrovetazerbaijan.az\/ru\/wp-json\/wp\/v2\/product_brand?post=989793"},{"taxonomy":"product_cat","embeddable":true,"href":"https:\/\/agrovetazerbaijan.az\/ru\/wp-json\/wp\/v2\/product_cat?post=989793"},{"taxonomy":"product_tag","embeddable":true,"href":"https:\/\/agrovetazerbaijan.az\/ru\/wp-json\/wp\/v2\/product_tag?post=989793"}],"curies":[{"name":"WP","href":"https:\/\/api.w.org\/{rel}","templated":true}]}}