{"id":989787,"date":"2025-07-10T11:30:19","date_gmt":"2025-07-10T11:30:19","guid":{"rendered":"https:\/\/agrovetazerbaijan.az\/?post_type=product&#038;p=989787"},"modified":"2025-07-10T11:30:31","modified_gmt":"2025-07-10T11:30:31","slug":"carnaval-natural-clumping-cat-litter-pisik-qumu-natural","status":"publish","type":"product","link":"https:\/\/agrovetazerbaijan.az\/ru\/product\/carnaval-natural-clumping-cat-litter-pisik-qumu-natural\/","title":{"rendered":"\u041a\u043e\u043c\u043a\u0443\u044e\u0449\u0438\u0439\u0441\u044f \u043d\u0430\u043f\u043e\u043b\u043d\u0438\u0442\u0435\u043b\u044c \u0434\u043b\u044f \u043a\u043e\u0448\u0430\u0447\u044c\u0435\u0433\u043e \u0442\u0443\u0430\u043b\u0435\u0442\u0430 Carnaval Natural (\u043d\u0430\u0442\u0443\u0440\u0430\u043b\u044c\u043d\u044b\u0439)"},"content":{"rendered":"<div class=\"vgblk-rw-wrapper limit-wrapper\">\n<h3 data-start=\"132\" data-end=\"193\"><strong data-start=\"136\" data-end=\"193\">\u041d\u0430\u0442\u0443\u0440\u0430\u043b\u044c\u043d\u044b\u0439 \u0431\u0435\u043d\u0442\u043e\u043d\u0438\u0442\u043e\u0432\u044b\u0439 \u043d\u0430\u043f\u043e\u043b\u043d\u0438\u0442\u0435\u043b\u044c \u0434\u043b\u044f \u043a\u043e\u0448\u0430\u0447\u044c\u0435\u0433\u043e \u0442\u0443\u0430\u043b\u0435\u0442\u0430 \u2014 \u0431\u0435\u0437 \u0437\u0430\u043f\u0430\u0445\u0430 \u0438 \u0443\u0434\u043e\u0431\u043d\u044b\u0439 \u0432 \u0438\u0441\u043f\u043e\u043b\u044c\u0437\u043e\u0432\u0430\u043d\u0438\u0438<\/strong><\/h3>\n<p data-start=\"195\" data-end=\"420\">\u042d\u0442\u043e\u0442 \u0433\u0438\u0433\u0438\u0435\u043d\u0438\u0447\u0435\u0441\u043a\u0438\u0439 \u043d\u0430\u043f\u043e\u043b\u043d\u0438\u0442\u0435\u043b\u044c \u0434\u043b\u044f \u043a\u043e\u0448\u0430\u0447\u044c\u0435\u0433\u043e \u0442\u0443\u0430\u043b\u0435\u0442\u0430 \u0438\u0437\u0433\u043e\u0442\u043e\u0432\u043b\u0435\u043d \u0438\u0437 \u0432\u044b\u0441\u043e\u043a\u043e\u043a\u0430\u0447\u0435\u0441\u0442\u0432\u0435\u043d\u043d\u043e\u0433\u043e \u043c\u0438\u043d\u0435\u0440\u0430\u043b\u0430 \u0431\u0435\u043d\u0442\u043e\u043d\u0438\u0442\u0430. <em data-start=\"272\" data-end=\"291\">\u041a\u043e\u0440\u043c \u0434\u043b\u044f \u0436\u0438\u0432\u043e\u0442\u043d\u044b\u0445 Carnaval<\/em> \u041f\u0440\u043e\u0438\u0437\u0432\u043e\u0434\u0441\u0442\u0432\u043e (\u0422\u0443\u0440\u0446\u0438\u044f). 100% - \u043d\u0430\u0442\u0443\u0440\u0430\u043b\u044c\u043d\u044b\u0439 \u0438 \u044d\u043a\u043e\u043b\u043e\u0433\u0438\u0447\u0435\u0441\u043a\u0438 \u0447\u0438\u0441\u0442\u044b\u0439 \u043f\u0440\u043e\u0434\u0443\u043a\u0442, \u043e\u0442\u043b\u0438\u0447\u0430\u044e\u0449\u0438\u0439\u0441\u044f \u043a\u043e\u043c\u043f\u0430\u043a\u0442\u043d\u043e\u0439 \u0441\u0442\u0440\u0443\u043a\u0442\u0443\u0440\u043e\u0439 \u0438 \u0441\u043f\u043e\u0441\u043e\u0431\u043d\u043e\u0441\u0442\u044c\u044e \u043f\u043e\u0433\u043b\u043e\u0449\u0430\u0442\u044c \u0437\u0430\u043f\u0430\u0445\u0438.<\/p>\n<p data-start=\"422\" data-end=\"448\"><strong data-start=\"422\" data-end=\"448\">\u041f\u0440\u0435\u0438\u043c\u0443\u0449\u0435\u0441\u0442\u0432\u0430 \u043f\u0440\u043e\u0434\u0443\u043a\u0442\u0430:<\/strong><\/p>\n<ul data-start=\"449\" data-end=\"1060\">\n<li data-start=\"449\" data-end=\"535\">\n<p data-start=\"451\" data-end=\"535\"><strong data-start=\"451\" data-end=\"476\">\u0415\u0441\u0442\u0435\u0441\u0442\u0432\u0435\u043d\u043d\u0430\u044f \u0441\u0442\u0440\u0443\u043a\u0442\u0443\u0440\u0430 \u0443\u043a\u043b\u0430\u0434\u043a\u0438<\/strong> \u2013 \u043f\u0440\u0438 \u043a\u043e\u043d\u0442\u0430\u043a\u0442\u0435 \u0441 \u043c\u043e\u0447\u043e\u0439 \u043c\u0433\u043d\u043e\u0432\u0435\u043d\u043d\u043e \u043a\u043e\u043c\u043a\u0443\u0435\u0442\u0441\u044f \u0438 \u0431\u044b\u0441\u0442\u0440\u043e \u0432\u043f\u0438\u0442\u044b\u0432\u0430\u0435\u0442 \u0436\u0438\u0434\u043a\u043e\u0441\u0442\u044c.<\/p>\n<\/li>\n<li data-start=\"536\" data-end=\"645\">\n<p data-start=\"538\" data-end=\"645\"><strong data-start=\"538\" data-end=\"570\">\u041c\u0435\u043b\u043a\u0438\u0435 \u0447\u0430\u0441\u0442\u0438\u0446\u044b, \u043f\u043e\u0433\u043b\u043e\u0449\u0430\u044e\u0449\u0438\u0435 \u0437\u0430\u043f\u0430\u0445\u0438<\/strong> \u2013 \u043f\u0440\u0435\u0434\u043e\u0442\u0432\u0440\u0430\u0449\u0430\u0435\u0442 \u043f\u043e\u044f\u0432\u043b\u0435\u043d\u0438\u0435 \u043d\u0435\u043f\u0440\u0438\u044f\u0442\u043d\u044b\u0445 \u0437\u0430\u043f\u0430\u0445\u043e\u0432 \u0431\u043b\u0430\u0433\u043e\u0434\u0430\u0440\u044f \u043d\u0430\u0442\u0443\u0440\u0430\u043b\u044c\u043d\u044b\u043c \u0430\u0440\u043e\u043c\u0430\u0442\u0438\u0437\u0430\u0442\u043e\u0440\u0430\u043c.<\/p>\n<\/li>\n<li data-start=\"646\" data-end=\"713\">\n<p data-start=\"648\" data-end=\"713\"><strong data-start=\"648\" data-end=\"670\">\u041d\u0435 \u043b\u0438\u043f\u043d\u0435\u0442 \u043a \u043b\u0430\u043f\u043a\u0430\u043c<\/strong> \u2013 \u043f\u043e\u0434\u0434\u0435\u0440\u0436\u0438\u0432\u0430\u0435\u0442 \u0447\u0438\u0441\u0442\u043e\u0442\u0443 \u0438 \u043d\u0435 \u0437\u0430\u0433\u0440\u044f\u0437\u043d\u044f\u0435\u0442 \u043e\u043a\u0440\u0443\u0436\u0430\u044e\u0449\u0443\u044e \u0441\u0440\u0435\u0434\u0443.<\/p>\n<\/li>\n<li data-start=\"714\" data-end=\"776\">\n<p data-start=\"716\" data-end=\"776\"><strong data-start=\"716\" data-end=\"744\">\u0412\u044b\u0441\u043e\u043a\u0430\u044f \u0432\u043e\u0434\u043e\u0443\u0434\u0435\u0440\u0436\u0438\u0432\u0430\u044e\u0449\u0430\u044f \u0441\u043f\u043e\u0441\u043e\u0431\u043d\u043e\u0441\u0442\u044c<\/strong> \u2013 \u043e\u0431\u0435\u0441\u043f\u0435\u0447\u0438\u0432\u0430\u0435\u0442 \u043c\u0430\u043a\u0441\u0438\u043c\u0430\u043b\u044c\u043d\u0443\u044e \u0433\u0438\u0433\u0438\u0435\u043d\u0443.<\/p>\n<\/li>\n<li data-start=\"777\" data-end=\"851\">\n<p data-start=\"779\" data-end=\"851\"><strong data-start=\"779\" data-end=\"795\">99.5% \u0431\u0435\u0437 \u043f\u044b\u043b\u0438<\/strong> \u2013 \u043d\u0435 \u043c\u0435\u0448\u0430\u0435\u0442 \u0434\u044b\u0445\u0430\u043d\u0438\u044e, \u043c\u0438\u043d\u0438\u043c\u0438\u0437\u0438\u0440\u0443\u0435\u0442 \u043f\u044b\u043b\u0435\u043e\u0431\u0440\u0430\u0437\u043e\u0432\u0430\u043d\u0438\u0435.<\/p>\n<\/li>\n<li data-start=\"852\" data-end=\"921\">\n<p data-start=\"854\" data-end=\"921\"><strong data-start=\"854\" data-end=\"902\">\u041f\u0435\u0441\u0447\u0438\u043d\u043a\u0438 \u0441\u043b\u0438\u043f\u0430\u044e\u0442\u0441\u044f \u0438 \u043d\u0430\u043a\u0430\u043f\u043b\u0438\u0432\u0430\u044e\u0442\u0441\u044f.<\/strong> \u2013 \u043b\u0435\u0433\u043a\u043e \u0447\u0438\u0441\u0442\u0438\u0442\u044c.<\/p>\n<\/li>\n<li data-start=\"922\" data-end=\"986\">\n<p data-start=\"924\" data-end=\"986\"><strong data-start=\"924\" data-end=\"961\">\u0421\u043e\u0445\u0440\u0430\u043d\u044f\u0435\u0442 \u043a\u043e\u043d\u0442\u0435\u0439\u043d\u0435\u0440 \u0441\u0443\u0445\u0438\u043c \u0438 \u0447\u0438\u0441\u0442\u044b\u043c.<\/strong> \u2013 \u0434\u043e\u043b\u0433\u043e\u0441\u0440\u043e\u0447\u043d\u044b\u0439 \u043a\u043e\u043c\u0444\u043e\u0440\u0442.<\/p>\n<\/li>\n<li data-start=\"987\" data-end=\"1060\">\n<p data-start=\"989\" data-end=\"1060\"><strong data-start=\"989\" data-end=\"1017\">100% \u043d\u0430\u0442\u0443\u0440\u0430\u043b\u044c\u043d\u044b\u0439 \u0438 \u0431\u0435\u0437\u043e\u043f\u0430\u0441\u043d\u044b\u0439<\/strong> \u2013 \u0438\u0434\u0435\u0430\u043b\u044c\u043d\u044b\u0439 \u0432\u044b\u0431\u043e\u0440 \u0434\u043b\u044f \u0432\u0430\u0448\u0435\u0439 \u043a\u043e\u0448\u043a\u0438 \u0438 \u0432\u0430\u0448\u0435\u0433\u043e \u0434\u043e\u043c\u0430.<\/p>\n<\/li>\n<\/ul>\n<p data-start=\"1062\" data-end=\"1153\"><strong data-start=\"1062\" data-end=\"1078\">\u0423\u043f\u0430\u043a\u043e\u0432\u043a\u0430:<\/strong> 5\u043b, 10\u043b, 20\u043b<br data-start=\"1091\" data-end=\"1094\" \/><strong data-start=\"1094\" data-end=\"1114\">\u0421\u0442\u0440\u0430\u043d\u0430 \u043f\u0440\u043e\u0438\u0437\u0432\u043e\u0434\u0441\u0442\u0432\u0430:<\/strong> \u0422\u0443\u0440\u0446\u0438\u044f<br data-start=\"1122\" data-end=\"1125\" \/><strong data-start=\"1125\" data-end=\"1135\">\u0411\u0440\u0435\u043d\u0434:<\/strong> \u041a\u043e\u0440\u043c \u0434\u043b\u044f \u0436\u0438\u0432\u043e\u0442\u043d\u044b\u0445 Carnaval<\/p>\n<\/div>\n<p><!-- .vgblk-rw-wrapper --><\/p>","protected":false},"excerpt":{"rendered":"<p>T\u0259bii Bentonit Pi\u015fik Qumu \u2013 Qoxusuz v\u0259 Rahat \u0130stifad\u0259 Y\u00fcks\u0259k keyfiyy\u0259tli bentonit mineral\u0131ndan haz\u0131rlanm\u0131\u015f bu gigiyenik pi\u015fik qumu Carnaval Pet Food (T\u00fcrkiy\u0259) istehsal\u0131d\u0131r. 100% t\u0259bii v\u0259 ekoloji c\u0259h\u0259td\u0259n t\u0259miz olan m\u0259hsul y\u0131\u011f\u0131lan strukturu v\u0259 qoxu udma qabiliyy\u0259ti il\u0259 se\u00e7ilir. M\u0259hsulun \u00fcst\u00fcnl\u00fckl\u0259ri: T\u0259bii y\u0131\u011f\u0131lan qurulu\u015f \u2013 sidikl\u0259 t\u0259masda d\u0259rhal topalan\u0131r v\u0259 mayeni s\u00fcr\u0259tl\u0259 udur. Qoxunu udan&#8230;<\/p>","protected":false},"featured_media":989788,"comment_status":"closed","ping_status":"closed","template":"","meta":{"nf_dc_page":"","_monsterinsights_skip_tracking":false,"_monsterinsights_sitenote_active":false,"_monsterinsights_sitenote_note":"","_monsterinsights_sitenote_category":0},"product_brand":[],"product_cat":[244,51,247],"product_tag":[],"class_list":{"0":"post-989787","1":"product","2":"type-product","3":"status-publish","4":"has-post-thumbnail","6":"product_cat-it-ve-pisik-mehsullari","7":"product_cat-cat","8":"product_cat-qum-ve-kosmetik-vasiteler","10":"first","11":"instock","12":"shipping-taxable","13":"product-type-simple"},"jetpack_sharing_enabled":true,"_links":{"self":[{"href":"https:\/\/agrovetazerbaijan.az\/ru\/wp-json\/wp\/v2\/product\/989787","targetHints":{"allow":["GET"]}}],"collection":[{"href":"https:\/\/agrovetazerbaijan.az\/ru\/wp-json\/wp\/v2\/product"}],"about":[{"href":"https:\/\/agrovetazerbaijan.az\/ru\/wp-json\/wp\/v2\/types\/product"}],"replies":[{"embeddable":true,"href":"https:\/\/agrovetazerbaijan.az\/ru\/wp-json\/wp\/v2\/comments?post=989787"}],"version-history":[{"count":2,"href":"https:\/\/agrovetazerbaijan.az\/ru\/wp-json\/wp\/v2\/product\/989787\/revisions"}],"predecessor-version":[{"id":989790,"href":"https:\/\/agrovetazerbaijan.az\/ru\/wp-json\/wp\/v2\/product\/989787\/revisions\/989790"}],"wp:featuredmedia":[{"embeddable":true,"href":"https:\/\/agrovetazerbaijan.az\/ru\/wp-json\/wp\/v2\/media\/989788"}],"wp:attachment":[{"href":"https:\/\/agrovetazerbaijan.az\/ru\/wp-json\/wp\/v2\/media?parent=989787"}],"wp:term":[{"taxonomy":"product_brand","embeddable":true,"href":"https:\/\/agrovetazerbaijan.az\/ru\/wp-json\/wp\/v2\/product_brand?post=989787"},{"taxonomy":"product_cat","embeddable":true,"href":"https:\/\/agrovetazerbaijan.az\/ru\/wp-json\/wp\/v2\/product_cat?post=989787"},{"taxonomy":"product_tag","embeddable":true,"href":"https:\/\/agrovetazerbaijan.az\/ru\/wp-json\/wp\/v2\/product_tag?post=989787"}],"curies":[{"name":"WP","href":"https:\/\/api.w.org\/{rel}","templated":true}]}}