{"id":989784,"date":"2025-07-10T11:27:42","date_gmt":"2025-07-10T11:27:42","guid":{"rendered":"https:\/\/agrovetazerbaijan.az\/?post_type=product&#038;p=989784"},"modified":"2025-07-10T11:27:55","modified_gmt":"2025-07-10T11:27:55","slug":"carnaval-lavanda-clumping-cat-litter-pisik-qumulavanda","status":"publish","type":"product","link":"https:\/\/agrovetazerbaijan.az\/ru\/product\/carnaval-lavanda-clumping-cat-litter-pisik-qumulavanda\/","title":{"rendered":"\u041a\u043e\u043c\u043a\u0443\u044e\u0449\u0438\u0439\u0441\u044f \u043d\u0430\u043f\u043e\u043b\u043d\u0438\u0442\u0435\u043b\u044c \u0434\u043b\u044f \u043a\u043e\u0448\u0430\u0447\u044c\u0435\u0433\u043e \u0442\u0443\u0430\u043b\u0435\u0442\u0430 Carnaval Lavender (\u043b\u0430\u0432\u0430\u043d\u0434\u0430)"},"content":{"rendered":"<div class=\"vgblk-rw-wrapper limit-wrapper\">\n<p data-start=\"103\" data-end=\"147\"><strong data-start=\"103\" data-end=\"147\">\u041d\u0430\u0442\u0443\u0440\u0430\u043b\u044c\u043d\u044b\u0439 \u0431\u0435\u043d\u0442\u043e\u043d\u0438\u0442\u043e\u0432\u044b\u0439 \u043d\u0430\u043f\u043e\u043b\u043d\u0438\u0442\u0435\u043b\u044c \u0434\u043b\u044f \u043a\u043e\u0448\u0430\u0447\u044c\u0435\u0433\u043e \u0442\u0443\u0430\u043b\u0435\u0442\u0430 \u0441 \u0430\u0440\u043e\u043c\u0430\u0442\u043e\u043c \u043b\u0430\u0432\u0430\u043d\u0434\u044b<\/strong><\/p>\n<p data-start=\"149\" data-end=\"440\">\u0422\u0443\u0440\u0446\u0438\u044f <em data-start=\"160\" data-end=\"179\">\u041a\u043e\u0440\u043c \u0434\u043b\u044f \u0436\u0438\u0432\u043e\u0442\u043d\u044b\u0445 Carnaval<\/em> \u042d\u0442\u043e\u0442 \u043d\u0430\u043f\u043e\u043b\u043d\u0438\u0442\u0435\u043b\u044c \u0434\u043b\u044f \u043a\u043e\u0448\u0430\u0447\u044c\u0435\u0433\u043e \u0442\u0443\u0430\u043b\u0435\u0442\u0430 \u0441 \u0430\u0440\u043e\u043c\u0430\u0442\u043e\u043c \u043b\u0430\u0432\u0430\u043d\u0434\u044b, \u043f\u0440\u043e\u0438\u0437\u0432\u043e\u0434\u0438\u043c\u044b\u0439 \u043a\u043e\u043c\u043f\u0430\u043d\u0438\u0435\u0439, \u2014 \u043d\u0430\u0442\u0443\u0440\u0430\u043b\u044c\u043d\u044b\u0439 \u0438 \u044d\u043a\u043e\u043b\u043e\u0433\u0438\u0447\u0435\u0441\u043a\u0438 \u0447\u0438\u0441\u0442\u044b\u0439 \u043f\u0440\u043e\u0434\u0443\u043a\u0442, \u0438\u0437\u0433\u043e\u0442\u043e\u0432\u043b\u0435\u043d\u043d\u044b\u0439 \u0438\u0437 \u0432\u044b\u0441\u043e\u043a\u043e\u043a\u0430\u0447\u0435\u0441\u0442\u0432\u0435\u043d\u043d\u043e\u0433\u043e \u0431\u0435\u043d\u0442\u043e\u043d\u0438\u0442\u0430 100%. \u0411\u043b\u0430\u0433\u043e\u0434\u0430\u0440\u044f \u0433\u0438\u0433\u0438\u0435\u043d\u0438\u0447\u043d\u043e\u0439 \u0438 \u0448\u0442\u0430\u0431\u0435\u043b\u0438\u0440\u0443\u0435\u043c\u043e\u0439 \u0441\u0442\u0440\u0443\u043a\u0442\u0443\u0440\u0435 \u043e\u043d \u043e\u0431\u0435\u0441\u043f\u0435\u0447\u0438\u0442 \u043a\u043e\u043c\u0444\u043e\u0440\u0442 \u043a\u0430\u043a \u0432\u0430\u0448\u0435\u0439 \u043a\u043e\u0448\u043a\u0435, \u0442\u0430\u043a \u0438 \u0432\u0430\u0448\u0435\u043c\u0443 \u0434\u043e\u043c\u0443.<\/p>\n<p data-start=\"442\" data-end=\"459\"><strong data-start=\"442\" data-end=\"459\">\u041f\u0440\u0435\u0438\u043c\u0443\u0449\u0435\u0441\u0442\u0432\u0430:<\/strong><\/p>\n<ul data-start=\"460\" data-end=\"979\">\n<li data-start=\"460\" data-end=\"539\">\n<p data-start=\"462\" data-end=\"539\"><strong data-start=\"462\" data-end=\"487\">\u0415\u0441\u0442\u0435\u0441\u0442\u0432\u0435\u043d\u043d\u043e \u043d\u0430\u043a\u0430\u043f\u043b\u0438\u0432\u0430\u044e\u0449\u0430\u044f\u0441\u044f \u0444\u043e\u0440\u043c\u0443\u043b\u0430<\/strong> \u2013 \u041f\u0440\u0438 \u043a\u043e\u043d\u0442\u0430\u043a\u0442\u0435 \u0441 \u043c\u043e\u0447\u043e\u0439 \u043c\u0433\u043d\u043e\u0432\u0435\u043d\u043d\u043e \u043e\u0431\u0440\u0430\u0437\u0443\u0435\u0442 \u043a\u043e\u043c\u043a\u0438, \u0431\u044b\u0441\u0442\u0440\u043e \u0432\u043f\u0438\u0442\u044b\u0432\u0430\u044f \u0436\u0438\u0434\u043a\u043e\u0441\u0442\u044c.<\/p>\n<\/li>\n<li data-start=\"540\" data-end=\"618\">\n<p data-start=\"542\" data-end=\"618\"><strong data-start=\"542\" data-end=\"572\">\u0427\u0430\u0441\u0442\u0438\u0446\u044b \u0441 \u0430\u0440\u043e\u043c\u0430\u0442\u043e\u043c \u043b\u0430\u0432\u0430\u043d\u0434\u044b<\/strong> \u2013 \u043f\u043e\u0433\u043b\u043e\u0449\u0430\u0435\u0442 \u0437\u0430\u043f\u0430\u0445 \u0438 \u043f\u0440\u0435\u043f\u044f\u0442\u0441\u0442\u0432\u0443\u0435\u0442 \u0435\u0433\u043e \u0440\u0430\u0441\u043f\u0440\u043e\u0441\u0442\u0440\u0430\u043d\u0435\u043d\u0438\u044e.<\/p>\n<\/li>\n<li data-start=\"619\" data-end=\"680\">\n<p data-start=\"621\" data-end=\"680\"><strong data-start=\"621\" data-end=\"652\">\u0410\u043d\u0442\u0438\u043f\u0440\u0438\u0433\u0430\u0440\u043d\u0430\u044f \u0442\u0435\u043a\u0441\u0442\u0443\u0440\u0430<\/strong> \u2013 \u043f\u043e\u0434\u0434\u0435\u0440\u0436\u0438\u0432\u0430\u0435\u0442 \u0447\u0438\u0441\u0442\u043e\u0442\u0443 \u0432 \u0434\u043e\u043c\u0435.<\/p>\n<\/li>\n<li data-start=\"681\" data-end=\"756\">\n<p data-start=\"683\" data-end=\"756\"><strong data-start=\"683\" data-end=\"714\">\u0412\u044b\u0441\u043e\u043a\u0430\u044f \u0432\u043e\u0434\u043e\u0443\u0434\u0435\u0440\u0436\u0438\u0432\u0430\u044e\u0449\u0430\u044f \u0441\u043f\u043e\u0441\u043e\u0431\u043d\u043e\u0441\u0442\u044c<\/strong> \u2013 \u043f\u043e\u0434\u0434\u0435\u0440\u0436\u0438\u0432\u0430\u0435\u0442 \u0433\u0438\u0433\u0438\u0435\u043d\u0443 \u043d\u0430 \u043c\u0430\u043a\u0441\u0438\u043c\u0430\u043b\u044c\u043d\u043e\u043c \u0443\u0440\u043e\u0432\u043d\u0435.<\/p>\n<\/li>\n<li data-start=\"757\" data-end=\"830\">\n<p data-start=\"759\" data-end=\"830\"><strong data-start=\"759\" data-end=\"778\">99.5% \u0431\u0435\u0437 \u043f\u044b\u043b\u0438<\/strong> \u2013 \u043d\u0435 \u0432\u043b\u0438\u044f\u0435\u0442 \u043d\u0430 \u0434\u044b\u0445\u0430\u043d\u0438\u0435 \u0438 \u043a\u043e\u043c\u0444\u043e\u0440\u0442 \u0438\u0441\u043f\u043e\u043b\u044c\u0437\u043e\u0432\u0430\u043d\u0438\u044f.<\/p>\n<\/li>\n<li data-start=\"831\" data-end=\"892\">\n<p data-start=\"833\" data-end=\"892\"><strong data-start=\"833\" data-end=\"852\">\u041b\u0435\u0433\u043a\u043e \u0447\u0438\u0441\u0442\u0438\u0442\u044c<\/strong> \u2013 \u0441\u043e\u0445\u0440\u0430\u043d\u044f\u0435\u0442 \u043a\u043e\u043d\u0442\u0435\u0439\u043d\u0435\u0440 \u0441\u0443\u0445\u0438\u043c \u0438 \u0430\u043a\u043a\u0443\u0440\u0430\u0442\u043d\u044b\u043c.<\/p>\n<\/li>\n<li data-start=\"893\" data-end=\"979\">\n<p data-start=\"895\" data-end=\"979\"><strong data-start=\"895\" data-end=\"943\">\u041f\u0435\u0441\u0447\u0438\u043d\u043a\u0438 \u0441\u043b\u0438\u043f\u0430\u044e\u0442\u0441\u044f \u0438 \u043d\u0430\u043a\u0430\u043f\u043b\u0438\u0432\u0430\u044e\u0442\u0441\u044f.<\/strong> \u2013 \u0443\u0442\u0438\u043b\u0438\u0437\u0430\u0446\u0438\u044f \u043e\u0442\u0445\u043e\u0434\u043e\u0432 \u0441\u0442\u0430\u043d\u043e\u0432\u0438\u0442\u0441\u044f \u043f\u0440\u043e\u0449\u0435.<\/p>\n<\/li>\n<\/ul>\n<p data-start=\"981\" data-end=\"1075\"><strong data-start=\"981\" data-end=\"1005\">\u0422\u0438\u043f\u044b \u0443\u043f\u0430\u043a\u043e\u0432\u043a\u0438:<\/strong> 5\u043b, 10\u043b, 20\u043b<br data-start=\"1018\" data-end=\"1021\" \/><strong data-start=\"1021\" data-end=\"1031\">\u0418\u0441\u0442\u043e\u0447\u043d\u0438\u043a:<\/strong> \u0422\u0443\u0440\u0446\u0438\u044f<br data-start=\"1039\" data-end=\"1042\" \/><strong data-start=\"1042\" data-end=\"1057\">\u041f\u0440\u043e\u0438\u0437\u0432\u043e\u0434\u0438\u0442\u0435\u043b\u044c:<\/strong> \u041a\u043e\u0440\u043c \u0434\u043b\u044f \u0436\u0438\u0432\u043e\u0442\u043d\u044b\u0445 Carnaval<\/p>\n<p data-start=\"1077\" data-end=\"1156\">\u041d\u0430\u0442\u0443\u0440\u0430\u043b\u044c\u043d\u044b\u0439 \u0438 \u0433\u0438\u0433\u0438\u0435\u043d\u0438\u0447\u043d\u044b\u0439 \u0432\u044b\u0431\u043e\u0440 \u0434\u043b\u044f \u0432\u0430\u0448\u0435\u0439 \u043a\u043e\u0448\u043a\u0438 \u2014 \u043a\u043e\u043c\u0444\u043e\u0440\u0442 \u0438 \u0447\u0438\u0441\u0442\u043e\u0442\u0430 \u0432 \u043e\u0434\u043d\u043e\u043c!<\/p>\n<\/div>\n<p><!-- .vgblk-rw-wrapper --><\/p>","protected":false},"excerpt":{"rendered":"<p>Lavanda \u018ftirli T\u0259bii Bentonit Pi\u015fik Qumu T\u00fcrkiy\u0259nin Carnaval Pet Food \u015firk\u0259ti t\u0259r\u0259find\u0259n istehsal edil\u0259n bu lavanda \u0259tirli pi\u015fik qumu y\u00fcks\u0259k keyfiyy\u0259tli bentonit mineral\u0131ndan haz\u0131rlanm\u0131\u015f, 100% t\u0259bii v\u0259 ekoloji c\u0259h\u0259td\u0259n t\u0259miz bir m\u0259hsuldur. Gigiyenik v\u0259 y\u0131\u011f\u0131lan qurulu\u015fu il\u0259 h\u0259m pi\u015fiyinizin, h\u0259m d\u0259 evinizin rahatl\u0131\u011f\u0131n\u0131 t\u0259min edir. \u00dcst\u00fcnl\u00fckl\u0259ri: T\u0259bii y\u0131\u011f\u0131lan formula \u2013 sidikl\u0259 t\u0259masda d\u0259rhal y\u0131\u011f\u0131l\u0131r, mayeni&#8230;<\/p>","protected":false},"featured_media":989785,"comment_status":"closed","ping_status":"closed","template":"","meta":{"nf_dc_page":"","_monsterinsights_skip_tracking":false,"_monsterinsights_sitenote_active":false,"_monsterinsights_sitenote_note":"","_monsterinsights_sitenote_category":0},"product_brand":[],"product_cat":[247,244,51],"product_tag":[],"class_list":{"0":"post-989784","1":"product","2":"type-product","3":"status-publish","4":"has-post-thumbnail","6":"product_cat-qum-ve-kosmetik-vasiteler","7":"product_cat-it-ve-pisik-mehsullari","8":"product_cat-cat","10":"first","11":"instock","12":"shipping-taxable","13":"product-type-simple"},"jetpack_sharing_enabled":true,"_links":{"self":[{"href":"https:\/\/agrovetazerbaijan.az\/ru\/wp-json\/wp\/v2\/product\/989784","targetHints":{"allow":["GET"]}}],"collection":[{"href":"https:\/\/agrovetazerbaijan.az\/ru\/wp-json\/wp\/v2\/product"}],"about":[{"href":"https:\/\/agrovetazerbaijan.az\/ru\/wp-json\/wp\/v2\/types\/product"}],"replies":[{"embeddable":true,"href":"https:\/\/agrovetazerbaijan.az\/ru\/wp-json\/wp\/v2\/comments?post=989784"}],"version-history":[{"count":1,"href":"https:\/\/agrovetazerbaijan.az\/ru\/wp-json\/wp\/v2\/product\/989784\/revisions"}],"predecessor-version":[{"id":989786,"href":"https:\/\/agrovetazerbaijan.az\/ru\/wp-json\/wp\/v2\/product\/989784\/revisions\/989786"}],"wp:featuredmedia":[{"embeddable":true,"href":"https:\/\/agrovetazerbaijan.az\/ru\/wp-json\/wp\/v2\/media\/989785"}],"wp:attachment":[{"href":"https:\/\/agrovetazerbaijan.az\/ru\/wp-json\/wp\/v2\/media?parent=989784"}],"wp:term":[{"taxonomy":"product_brand","embeddable":true,"href":"https:\/\/agrovetazerbaijan.az\/ru\/wp-json\/wp\/v2\/product_brand?post=989784"},{"taxonomy":"product_cat","embeddable":true,"href":"https:\/\/agrovetazerbaijan.az\/ru\/wp-json\/wp\/v2\/product_cat?post=989784"},{"taxonomy":"product_tag","embeddable":true,"href":"https:\/\/agrovetazerbaijan.az\/ru\/wp-json\/wp\/v2\/product_tag?post=989784"}],"curies":[{"name":"WP","href":"https:\/\/api.w.org\/{rel}","templated":true}]}}