{"id":989780,"date":"2025-07-10T09:07:44","date_gmt":"2025-07-10T09:07:44","guid":{"rendered":"https:\/\/agrovetazerbaijan.az\/?post_type=product&#038;p=989780"},"modified":"2025-07-10T11:35:00","modified_gmt":"2025-07-10T11:35:00","slug":"carnaval-baby-powder-clumping-cat-litter-pisik-qumu-usaq-pudrasi","status":"publish","type":"product","link":"https:\/\/agrovetazerbaijan.az\/ru\/product\/carnaval-baby-powder-clumping-cat-litter-pisik-qumu-usaq-pudrasi\/","title":{"rendered":"\u041c\u044b\u043b\u043e Carnaval Marseille \u041a\u043e\u043c\u043a\u0443\u044e\u0449\u0438\u0439\u0441\u044f \u043d\u0430\u043f\u043e\u043b\u043d\u0438\u0442\u0435\u043b\u044c \u0434\u043b\u044f \u043a\u043e\u0448\u0430\u0447\u044c\u0435\u0433\u043e \u0442\u0443\u0430\u043b\u0435\u0442\u0430 (\u041c\u0430\u0440\u0441\u0435\u043b\u044c)"},"content":{"rendered":"<div class=\"vgblk-rw-wrapper limit-wrapper\">\n<p data-start=\"78\" data-end=\"145\"><strong data-start=\"78\" data-end=\"145\">\u041d\u0430\u0442\u0443\u0440\u0430\u043b\u044c\u043d\u044b\u0439 \u0431\u0435\u043d\u0442\u043e\u043d\u0438\u0442\u043e\u0432\u044b\u0439 \u043d\u0430\u043f\u043e\u043b\u043d\u0438\u0442\u0435\u043b\u044c \u0434\u043b\u044f \u043a\u043e\u0448\u0430\u0447\u044c\u0435\u0433\u043e \u0442\u0443\u0430\u043b\u0435\u0442\u0430 \u2013 \u0432\u044b\u0441\u043e\u043a\u043e\u0435 \u043a\u0430\u0447\u0435\u0441\u0442\u0432\u043e, \u043c\u0430\u043a\u0441\u0438\u043c\u0430\u043b\u044c\u043d\u0430\u044f \u0433\u0438\u0433\u0438\u0435\u043d\u0430<\/strong><\/p>\n<p data-start=\"147\" data-end=\"451\">\u041d\u0430\u043f\u043e\u043b\u043d\u0438\u0442\u0435\u043b\u044c \u0434\u043b\u044f \u043a\u043e\u0448\u0430\u0447\u044c\u0435\u0433\u043e \u0442\u0443\u0430\u043b\u0435\u0442\u0430 100%, \u0438\u0437\u0433\u043e\u0442\u043e\u0432\u043b\u0435\u043d\u043d\u044b\u0439 \u0438\u0437 \u0432\u044b\u0441\u043e\u043a\u043e\u043a\u0430\u0447\u0435\u0441\u0442\u0432\u0435\u043d\u043d\u043e\u0433\u043e \u0431\u0435\u043d\u0442\u043e\u043d\u0438\u0442\u0430 \u043e\u0442 Carnaval Pet Food (\u0422\u0443\u0440\u0446\u0438\u044f), \u044f\u0432\u043b\u044f\u0435\u0442\u0441\u044f \u043d\u0430\u0442\u0443\u0440\u0430\u043b\u044c\u043d\u044b\u043c \u0438 \u044d\u043a\u043e\u043b\u043e\u0433\u0438\u0447\u0435\u0441\u043a\u0438 \u0447\u0438\u0441\u0442\u044b\u043c. \u041f\u0435\u0441\u043e\u043a \u0431\u044b\u0441\u0442\u0440\u043e \u043a\u043e\u043c\u043a\u0443\u0435\u0442\u0441\u044f \u043f\u0440\u0438 \u043a\u043e\u043d\u0442\u0430\u043a\u0442\u0435 \u0441 \u043c\u043e\u0447\u043e\u0439 \u0438 \u043c\u0433\u043d\u043e\u0432\u0435\u043d\u043d\u043e \u0432\u043f\u0438\u0442\u044b\u0432\u0430\u0435\u0442 \u0436\u0438\u0434\u043a\u043e\u0441\u0442\u044c. \u042d\u0442\u043e \u043e\u0431\u043b\u0435\u0433\u0447\u0430\u0435\u0442 \u0443\u0431\u043e\u0440\u043a\u0443 \u0438 \u044d\u0444\u0444\u0435\u043a\u0442\u0438\u0432\u043d\u043e \u043f\u0440\u0435\u0434\u043e\u0442\u0432\u0440\u0430\u0449\u0430\u0435\u0442 \u043f\u043e\u044f\u0432\u043b\u0435\u043d\u0438\u0435 \u0437\u0430\u043f\u0430\u0445\u0430.<\/p>\n<p data-start=\"453\" data-end=\"475\"><strong data-start=\"453\" data-end=\"475\">\u041e\u0441\u043d\u043e\u0432\u043d\u044b\u0435 \u043f\u0440\u0435\u0438\u043c\u0443\u0449\u0435\u0441\u0442\u0432\u0430:<\/strong><\/p>\n<ul data-start=\"476\" data-end=\"868\">\n<li data-start=\"476\" data-end=\"570\">\n<p data-start=\"478\" data-end=\"570\">\u041f\u043e\u043a\u043e\u043d\u0447\u0438\u0442\u0435 \u0441 \u043d\u0435\u043f\u0440\u0438\u044f\u0442\u043d\u044b\u043c\u0438 \u0437\u0430\u043f\u0430\u0445\u0430\u043c\u0438 \u0431\u043b\u0430\u0433\u043e\u0434\u0430\u0440\u044f \u043c\u0435\u043b\u043a\u0438\u043c \u043f\u043e\u0433\u043b\u043e\u0449\u0430\u044e\u0449\u0438\u043c \u0437\u0430\u043f\u0430\u0445 \u0447\u0430\u0441\u0442\u0438\u0446\u0430\u043c \u0438 \u043f\u0443\u0434\u0440\u043e\u0432\u044b\u043c \u0430\u0440\u043e\u043c\u0430\u0442\u0438\u0437\u0430\u0442\u043e\u0440\u0430\u043c.<\/p>\n<\/li>\n<li data-start=\"571\" data-end=\"633\">\n<p data-start=\"573\" data-end=\"633\">\u0413\u0438\u0433\u0438\u0435\u043d\u0438\u0447\u043d\u044b\u0439 \u0438 \u0441\u0443\u0445\u043e\u0439 \u043a\u043e\u043d\u0442\u0435\u0439\u043d\u0435\u0440 \u0441 \u0432\u044b\u0441\u043e\u043a\u043e\u0439 \u0432\u043b\u0430\u0433\u043e\u0443\u0434\u0435\u0440\u0436\u0438\u0432\u0430\u044e\u0449\u0435\u0439 \u0441\u043f\u043e\u0441\u043e\u0431\u043d\u043e\u0441\u0442\u044c\u044e.<\/p>\n<\/li>\n<li data-start=\"634\" data-end=\"699\">\n<p data-start=\"636\" data-end=\"699\">99.5% \u0431\u0435\u0441\u043f\u044b\u043b\u0435\u0432\u043e\u0439 \u2013 \u043d\u0435 \u043c\u0435\u0448\u0430\u0435\u0442 \u0434\u044b\u0445\u0430\u043d\u0438\u044e \u0438 \u043d\u0435 \u0437\u0430\u0433\u0440\u044f\u0437\u043d\u044f\u0435\u0442 \u043e\u043a\u0440\u0443\u0436\u0430\u044e\u0449\u0443\u044e \u0441\u0440\u0435\u0434\u0443.<\/p>\n<\/li>\n<li data-start=\"700\" data-end=\"772\">\n<p data-start=\"702\" data-end=\"772\">\u041f\u0435\u0441\u0447\u0438\u043d\u043a\u0438 \u043e\u0442\u043b\u0438\u0447\u043d\u043e \u0441\u043e\u0431\u0438\u0440\u0430\u044e\u0442\u0441\u044f \u0438 \u0441\u043e\u0431\u0438\u0440\u0430\u044e\u0442\u0441\u044f - \u043b\u0435\u0433\u043a\u043e \u0447\u0438\u0441\u0442\u044f\u0442\u0441\u044f.<\/p>\n<\/li>\n<li data-start=\"773\" data-end=\"821\">\n<p data-start=\"775\" data-end=\"821\">\u041d\u0435 \u043b\u0438\u043f\u043d\u0435\u0442 \u043a \u043b\u0430\u043f\u0430\u043c - \u0441\u043e\u0445\u0440\u0430\u043d\u044f\u0435\u0442 \u0434\u043e\u043c \u0447\u0438\u0441\u0442\u044b\u043c.<\/p>\n<\/li>\n<li data-start=\"822\" data-end=\"868\">\n<p data-start=\"824\" data-end=\"868\">\u0420\u0430\u0437\u043b\u0438\u0447\u043d\u044b\u0435 \u0432\u0430\u0440\u0438\u0430\u043d\u0442\u044b \u0443\u043f\u0430\u043a\u043e\u0432\u043a\u0438: 5\u043b, 10\u043b, 20\u043b<\/p>\n<\/li>\n<\/ul>\n<p data-start=\"870\" data-end=\"934\">\u042d\u0442\u043e \u0438\u0434\u0435\u0430\u043b\u044c\u043d\u044b\u0439 \u0432\u044b\u0431\u043e\u0440 \u0434\u043b\u044f \u043a\u043e\u043c\u0444\u043e\u0440\u0442\u0430 \u0432\u0430\u0448\u0435\u0439 \u043a\u043e\u0448\u043a\u0438 \u0438 \u0447\u0438\u0441\u0442\u043e\u0442\u044b \u0432\u0430\u0448\u0435\u0433\u043e \u0434\u043e\u043c\u0430.<\/p>\n<\/div>\n<p><!-- .vgblk-rw-wrapper --><\/p>","protected":false},"excerpt":{"rendered":"<p>T\u0259bii Bentonit Pi\u015fik Qumu \u2013 Y\u00fcks\u0259k Keyfiyy\u0259t, Maksimum Gigiyena Carnaval Pet Food (T\u00fcrkiy\u0259) t\u0259r\u0259find\u0259n y\u00fcks\u0259k keyfiyy\u0259tli bentonit mineral\u0131ndan haz\u0131rlanm\u0131\u015f bu pi\u015fik qumu 100% t\u0259bii v\u0259 ekoloji c\u0259h\u0259td\u0259n t\u0259mizdir. Qum sidikl\u0259 t\u0259masda olduqda tez bir \u015f\u0259kild\u0259 y\u0131\u011f\u0131l\u0131r v\u0259 mayeni d\u0259rhal tutur. Bu say\u0259d\u0259 h\u0259m t\u0259mizlik asanla\u015f\u0131r, h\u0259m d\u0259 qoxunun qar\u015f\u0131s\u0131 effektiv \u015f\u0259kild\u0259 al\u0131n\u0131r. \u018fsas \u00fcst\u00fcnl\u00fckl\u0259ri: Qoxunu&#8230;<\/p>","protected":false},"featured_media":989781,"comment_status":"closed","ping_status":"closed","template":"","meta":{"nf_dc_page":"","_monsterinsights_skip_tracking":false,"_monsterinsights_sitenote_active":false,"_monsterinsights_sitenote_note":"","_monsterinsights_sitenote_category":0},"product_brand":[],"product_cat":[247,244,51],"product_tag":[],"class_list":{"0":"post-989780","1":"product","2":"type-product","3":"status-publish","4":"has-post-thumbnail","6":"product_cat-qum-ve-kosmetik-vasiteler","7":"product_cat-it-ve-pisik-mehsullari","8":"product_cat-cat","10":"first","11":"instock","12":"shipping-taxable","13":"product-type-simple"},"jetpack_sharing_enabled":true,"_links":{"self":[{"href":"https:\/\/agrovetazerbaijan.az\/ru\/wp-json\/wp\/v2\/product\/989780","targetHints":{"allow":["GET"]}}],"collection":[{"href":"https:\/\/agrovetazerbaijan.az\/ru\/wp-json\/wp\/v2\/product"}],"about":[{"href":"https:\/\/agrovetazerbaijan.az\/ru\/wp-json\/wp\/v2\/types\/product"}],"replies":[{"embeddable":true,"href":"https:\/\/agrovetazerbaijan.az\/ru\/wp-json\/wp\/v2\/comments?post=989780"}],"version-history":[{"count":3,"href":"https:\/\/agrovetazerbaijan.az\/ru\/wp-json\/wp\/v2\/product\/989780\/revisions"}],"predecessor-version":[{"id":989840,"href":"https:\/\/agrovetazerbaijan.az\/ru\/wp-json\/wp\/v2\/product\/989780\/revisions\/989840"}],"wp:featuredmedia":[{"embeddable":true,"href":"https:\/\/agrovetazerbaijan.az\/ru\/wp-json\/wp\/v2\/media\/989781"}],"wp:attachment":[{"href":"https:\/\/agrovetazerbaijan.az\/ru\/wp-json\/wp\/v2\/media?parent=989780"}],"wp:term":[{"taxonomy":"product_brand","embeddable":true,"href":"https:\/\/agrovetazerbaijan.az\/ru\/wp-json\/wp\/v2\/product_brand?post=989780"},{"taxonomy":"product_cat","embeddable":true,"href":"https:\/\/agrovetazerbaijan.az\/ru\/wp-json\/wp\/v2\/product_cat?post=989780"},{"taxonomy":"product_tag","embeddable":true,"href":"https:\/\/agrovetazerbaijan.az\/ru\/wp-json\/wp\/v2\/product_tag?post=989780"}],"curies":[{"name":"WP","href":"https:\/\/api.w.org\/{rel}","templated":true}]}}