{"id":989717,"date":"2025-06-20T15:53:17","date_gmt":"2025-06-20T15:53:17","guid":{"rendered":"https:\/\/agrovetazerbaijan.az\/?post_type=product&#038;p=989717"},"modified":"2025-06-20T15:53:38","modified_gmt":"2025-06-20T15:53:38","slug":"gromax","status":"publish","type":"product","link":"https:\/\/agrovetazerbaijan.az\/ru\/product\/gromax\/","title":{"rendered":"\u0413\u0440\u043e\u043c\u0430\u043a\u0441"},"content":{"rendered":"<div class=\"vgblk-rw-wrapper limit-wrapper\">\n<h3 data-start=\"196\" data-end=\"247\"><strong data-start=\"200\" data-end=\"247\">\u0413\u0440\u043e\u043c\u0430\u043a\u0441 \u2013 \u043a\u043e\u043c\u0431\u0438\u043d\u0438\u0440\u043e\u0432\u0430\u043d\u043d\u0430\u044f \u0430\u043d\u0442\u0438\u043a\u043e\u043a\u0446\u0438\u0434\u0438\u0439\u043d\u0430\u044f \u043a\u043e\u0440\u043c\u043e\u0432\u0430\u044f \u0434\u043e\u0431\u0430\u0432\u043a\u0430<\/strong><\/h3>\n<p data-start=\"249\" data-end=\"307\"><strong data-start=\"249\" data-end=\"261\">\u0418\u043d\u0433\u0440\u0435\u0434\u0438\u0435\u043d\u0442\u044b:<\/strong><br data-start=\"261\" data-end=\"264\" \/>\ud83d\udd39 \u041c\u0430\u0434\u0443\u0440\u0430\u043c\u0438\u0446\u0438\u043d \u2013 0,75%<br data-start=\"286\" data-end=\"289\" \/>\ud83d\udd39 \u041d\u0438\u043a\u0430\u0440\u0431\u0430\u0437\u0438\u043d \u2013 8%<\/p>\n<hr data-start=\"309\" data-end=\"312\" \/>\n<p data-start=\"314\" data-end=\"679\"><strong data-start=\"314\" data-end=\"326\">\u041e\u043f\u0438\u0441\u0430\u043d\u0438\u0435:<\/strong><br data-start=\"326\" data-end=\"329\" \/><strong data-start=\"329\" data-end=\"340\">\u0413\u0440\u043e\u043c\u0430\u043a\u0441<\/strong>, \u043a\u043e\u043c\u0431\u0438\u043d\u0438\u0440\u043e\u0432\u0430\u043d\u043d\u044b\u0439 \u0441\u043e\u0441\u0442\u0430\u0432, \u0448\u0438\u0440\u043e\u043a\u0438\u0439 \u0441\u043f\u0435\u043a\u0442\u0440 \u0434\u0435\u0439\u0441\u0442\u0432\u0438\u044f <strong data-start=\"388\" data-end=\"421\">\u043a\u043e\u043a\u0446\u0438\u0434\u0438\u043e\u0441\u0442\u0430\u0442\u0438\u0447\u0435\u0441\u043a\u0430\u044f \u043a\u043e\u0440\u043c\u043e\u0432\u0430\u044f \u0434\u043e\u0431\u0430\u0432\u043a\u0430<\/strong>\u0412 \u0432\u0435\u0442\u0435\u0440\u0438\u043d\u0430\u0440\u0438\u0438 \u043f\u0440\u0435\u043f\u0430\u0440\u0430\u0442 \u043f\u0440\u0438\u043c\u0435\u043d\u044f\u044e\u0442 \u0434\u043b\u044f \u043f\u0440\u043e\u0444\u0438\u043b\u0430\u043a\u0442\u0438\u043a\u0438 \u043a\u043e\u043a\u0446\u0438\u0434\u0438\u043e\u0437\u0430 \u0443 \u0431\u0440\u043e\u0439\u043b\u0435\u0440\u043e\u0432 \u0438 \u043c\u043e\u043b\u043e\u0434\u043d\u044f\u043a\u0430 \u043f\u0442\u0438\u0446\u044b. \u0421\u043e\u0441\u0442\u0430\u0432: <strong data-start=\"547\" data-end=\"562\">\u041c\u0430\u0434\u0443\u0440\u0430\u043c\u0438\u0446\u0438\u043d<\/strong> \u0438 <strong data-start=\"566\" data-end=\"580\">\u041d\u0438\u043a\u0430\u0440\u0431\u0430\u0437\u0438\u043d<\/strong> \u0438\u043d\u0433\u0440\u0435\u0434\u0438\u0435\u043d\u0442\u044b \u043e\u043a\u0430\u0437\u044b\u0432\u0430\u044e\u0442 \u0441\u0438\u043d\u0435\u0440\u0433\u0435\u0442\u0438\u0447\u0435\u0441\u043a\u043e\u0435 \u0434\u0435\u0439\u0441\u0442\u0432\u0438\u0435 \u043d\u0430 \u043e\u0441\u043d\u043e\u0432\u043d\u044b\u0435 <strong data-start=\"621\" data-end=\"632\">\u042d\u0439\u043c\u0435\u0440\u0438\u044f<\/strong> \u043e\u0431\u0435\u0441\u043f\u0435\u0447\u0438\u0432\u0430\u0435\u0442 \u0432\u044b\u0441\u043e\u043a\u0443\u044e \u044d\u0444\u0444\u0435\u043a\u0442\u0438\u0432\u043d\u043e\u0441\u0442\u044c \u043f\u0440\u043e\u0442\u0438\u0432 \u0440\u0430\u0437\u043b\u0438\u0447\u043d\u044b\u0445 \u0442\u0438\u043f\u043e\u0432.<\/p>\n<hr data-start=\"681\" data-end=\"684\" \/>\n<p data-start=\"686\" data-end=\"768\"><strong data-start=\"686\" data-end=\"708\">\u0421\u043f\u0435\u043a\u0442\u0440 \u0430\u043a\u0442\u0438\u0432\u043d\u043e\u0441\u0442\u0438:<\/strong><br data-start=\"708\" data-end=\"711\" \/>\u0413\u0440\u043e\u043c\u0430\u043a\u0441 \u2014 \u044d\u0442\u043e \u0441\u043b\u0435\u0434\u0443\u044e\u0449\u0435\u0435 <strong data-start=\"729\" data-end=\"740\">\u042d\u0439\u043c\u0435\u0440\u0438\u044f<\/strong> \u0410\u043a\u0442\u0438\u0432\u0435\u043d \u043f\u0440\u043e\u0442\u0438\u0432 \u0441\u043b\u0435\u0434\u0443\u044e\u0449\u0438\u0445 \u0432\u0438\u0434\u043e\u0432:<\/p>\n<ul data-start=\"769\" data-end=\"924\">\n<li data-start=\"769\" data-end=\"790\">\n<p data-start=\"771\" data-end=\"790\"><em data-start=\"771\" data-end=\"788\">\u042d\u0439\u043c\u0435\u0440\u0438\u044f \u0442\u0435\u043d\u0435\u043b\u043b\u0430<\/em><\/p>\n<\/li>\n<li data-start=\"791\" data-end=\"808\">\n<p data-start=\"793\" data-end=\"808\"><em data-start=\"793\" data-end=\"806\">E. \u043d\u0435\u043a\u0430\u0442\u0440\u0438\u043a\u0441<\/em><\/p>\n<\/li>\n<li data-start=\"809\" data-end=\"828\">\n<p data-start=\"811\" data-end=\"828\"><em data-start=\"811\" data-end=\"826\">E. \u0430\u0446\u0435\u0440\u0432\u0443\u043b\u0438\u043d\u0430<\/em><\/p>\n<\/li>\n<li data-start=\"829\" data-end=\"846\">\n<p data-start=\"831\" data-end=\"846\"><em data-start=\"831\" data-end=\"844\">\u042d. \u0411\u0440\u044e\u043d\u0435\u0442\u0442\u0438<\/em><\/p>\n<\/li>\n<li data-start=\"847\" data-end=\"862\">\n<p data-start=\"849\" data-end=\"862\"><em data-start=\"849\" data-end=\"860\">\u042d. \u043c\u0435\u0432\u0430\u0442\u0438<\/em><\/p>\n<\/li>\n<li data-start=\"863\" data-end=\"881\">\n<p data-start=\"865\" data-end=\"881\"><em data-start=\"865\" data-end=\"879\">E. \u0430\u0434\u0435\u043d\u043e\u0438\u0434\u044b<\/em><\/p>\n<\/li>\n<li data-start=\"882\" data-end=\"904\">\n<p data-start=\"884\" data-end=\"904\"><em data-start=\"884\" data-end=\"902\">E. \u043c\u0435\u043b\u043b\u0430\u0433\u0440\u0438\u043c\u0438\u0442<\/em><\/p>\n<\/li>\n<li data-start=\"905\" data-end=\"924\">\n<p data-start=\"907\" data-end=\"924\"><em data-start=\"907\" data-end=\"924\">E. \u0433\u0430\u043b\u043b\u043e\u043f\u0430\u0432\u043e\u043d\u0438\u0441<\/em><\/p>\n<\/li>\n<\/ul>\n<hr data-start=\"926\" data-end=\"929\" \/>\n<p data-start=\"931\" data-end=\"978\"><strong data-start=\"931\" data-end=\"951\">\u0414\u043e\u0437\u0438\u0440\u043e\u0432\u043a\u0430 \u043f\u0440\u0438\u043c\u0435\u043d\u0435\u043d\u0438\u044f:<\/strong><br data-start=\"951\" data-end=\"954\" \/>\u27a4 <strong data-start=\"956\" data-end=\"978\">500 \u0433\u0440\u0430\u043c\u043c\/\u0442\u043e\u043d\u043d\u0443 \u043a\u043e\u0440\u043c\u0430<\/strong><\/p>\n<hr data-start=\"980\" data-end=\"983\" \/>\n<p data-start=\"985\" data-end=\"1008\"><strong data-start=\"985\" data-end=\"1006\">\u0418\u043d\u0441\u0442\u0440\u0443\u043a\u0446\u0438\u044f \u043f\u043e \u043f\u0440\u0438\u043c\u0435\u043d\u0435\u043d\u0438\u044e:<\/strong><\/p>\n<ul data-start=\"1009\" data-end=\"1199\">\n<li data-start=\"1009\" data-end=\"1105\">\n<p data-start=\"1011\" data-end=\"1105\"><strong data-start=\"1011\" data-end=\"1032\">\u0426\u044b\u043f\u043b\u044f\u0442\u0430-\u0431\u0440\u043e\u0439\u043b\u0435\u0440\u044b:<\/strong> \u041d\u0430\u0447\u0438\u043d\u0430\u044f \u0441 1 \u0434\u043d\u044f \u0436\u0438\u0437\u043d\u0438 <strong data-start=\"1060\" data-end=\"1076\">5 \u0434\u043d\u0435\u0439 \u0434\u043e \u0443\u0431\u043e\u044f<\/strong> \u0414\u0430\u0435\u0442\u0441\u044f \u043d\u0435\u043f\u0440\u0435\u0440\u044b\u0432\u043d\u043e \u0434\u043e \u043a\u043e\u043d\u0446\u0430.<\/p>\n<\/li>\n<li data-start=\"1106\" data-end=\"1199\">\n<p data-start=\"1108\" data-end=\"1199\"><strong data-start=\"1108\" data-end=\"1139\">\u0420\u0435\u043c\u043e\u043d\u0442\u043d\u044b\u0439 \u043c\u043e\u043b\u043e\u0434\u043d\u044f\u043a \u0446\u044b\u043f\u043b\u044f\u0442:<\/strong> \u041e\u0442 1 \u0434\u043d\u044f <strong data-start=\"1156\" data-end=\"1182\">\u0414\u043e 16 \u043d\u0435\u0434\u0435\u043b\u044c<\/strong> \u0438\u0441\u043f\u043e\u043b\u044c\u0437\u0443\u0435\u0442\u0441\u044f.<\/p>\n<\/li>\n<\/ul>\n<hr data-start=\"1201\" data-end=\"1204\" \/>\n<p data-start=\"1206\" data-end=\"1284\"><strong data-start=\"1206\" data-end=\"1222\">\u0423\u043f\u0430\u043a\u043e\u0432\u043a\u0430:<\/strong> \u041c\u0435\u0448\u043e\u043a 25 \u043a\u0433<br data-start=\"1233\" data-end=\"1236\" \/><strong data-start=\"1236\" data-end=\"1251\">\u041f\u0440\u043e\u0438\u0437\u0432\u043e\u0434\u0438\u0442\u0435\u043b\u044c:<\/strong> <em data-start=\"1252\" data-end=\"1273\">Zenex \u0417\u0434\u043e\u0440\u043e\u0432\u044c\u0435 \u0436\u0438\u0432\u043e\u0442\u043d\u044b\u0445<\/em>, \u0418\u043d\u0434\u0438\u044f<\/p>\n<\/div>\n<p><!-- .vgblk-rw-wrapper --><\/p>","protected":false},"excerpt":{"rendered":"<p>Qromaks \u2013 Kombin\u0259 Antikoksidial Yem \u018flav\u0259si T\u0259rkibi:\ud83d\udd39 Maduramicin \u2013 0.75%\ud83d\udd39 Nicarbazin \u2013 8% T\u0259sviri:Qromaks, kombin\u0259 t\u0259rkibli, geni\u015f spektrli t\u0259sir\u0259 malik koksidiostatik yem \u0259lav\u0259sidir. Baytarl\u0131qda broyler v\u0259 t\u0259mir cavan qu\u015flarda koksidiyoz x\u0259st\u0259likl\u0259rinin qar\u015f\u0131s\u0131n\u0131n al\u0131nmas\u0131nda istifad\u0259 olunur. T\u0259rkibind\u0259ki Maduramicin v\u0259 Nicarbazin madd\u0259l\u0259ri sinerji t\u0259sir g\u00f6st\u0259r\u0259r\u0259k \u0259sas Eimeria n\u00f6vl\u0259rin\u0259 qar\u015f\u0131 y\u00fcks\u0259k effektivlik t\u0259min edir. F\u0259aliyy\u0259t Spektri:Qromaks a\u015fa\u011f\u0131dak\u0131 Eimeria&#8230;<\/p>","protected":false},"featured_media":989718,"comment_status":"closed","ping_status":"closed","template":"","meta":{"nf_dc_page":"","_monsterinsights_skip_tracking":false,"_monsterinsights_sitenote_active":false,"_monsterinsights_sitenote_note":"","_monsterinsights_sitenote_category":0},"product_brand":[],"product_cat":[160,241,68],"product_tag":[],"class_list":{"0":"post-989717","1":"product","2":"type-product","3":"status-publish","4":"has-post-thumbnail","6":"product_cat-nutrients","7":"product_cat-koksidiallar","8":"product_cat-poultry","10":"first","11":"instock","12":"shipping-taxable","13":"product-type-simple"},"jetpack_sharing_enabled":true,"_links":{"self":[{"href":"https:\/\/agrovetazerbaijan.az\/ru\/wp-json\/wp\/v2\/product\/989717","targetHints":{"allow":["GET"]}}],"collection":[{"href":"https:\/\/agrovetazerbaijan.az\/ru\/wp-json\/wp\/v2\/product"}],"about":[{"href":"https:\/\/agrovetazerbaijan.az\/ru\/wp-json\/wp\/v2\/types\/product"}],"replies":[{"embeddable":true,"href":"https:\/\/agrovetazerbaijan.az\/ru\/wp-json\/wp\/v2\/comments?post=989717"}],"version-history":[{"count":1,"href":"https:\/\/agrovetazerbaijan.az\/ru\/wp-json\/wp\/v2\/product\/989717\/revisions"}],"predecessor-version":[{"id":989719,"href":"https:\/\/agrovetazerbaijan.az\/ru\/wp-json\/wp\/v2\/product\/989717\/revisions\/989719"}],"wp:featuredmedia":[{"embeddable":true,"href":"https:\/\/agrovetazerbaijan.az\/ru\/wp-json\/wp\/v2\/media\/989718"}],"wp:attachment":[{"href":"https:\/\/agrovetazerbaijan.az\/ru\/wp-json\/wp\/v2\/media?parent=989717"}],"wp:term":[{"taxonomy":"product_brand","embeddable":true,"href":"https:\/\/agrovetazerbaijan.az\/ru\/wp-json\/wp\/v2\/product_brand?post=989717"},{"taxonomy":"product_cat","embeddable":true,"href":"https:\/\/agrovetazerbaijan.az\/ru\/wp-json\/wp\/v2\/product_cat?post=989717"},{"taxonomy":"product_tag","embeddable":true,"href":"https:\/\/agrovetazerbaijan.az\/ru\/wp-json\/wp\/v2\/product_tag?post=989717"}],"curies":[{"name":"WP","href":"https:\/\/api.w.org\/{rel}","templated":true}]}}