{"id":989713,"date":"2025-06-20T15:50:43","date_gmt":"2025-06-20T15:50:43","guid":{"rendered":"https:\/\/agrovetazerbaijan.az\/?post_type=product&#038;p=989713"},"modified":"2025-06-20T15:51:01","modified_gmt":"2025-06-20T15:51:01","slug":"monywin-plus","status":"publish","type":"product","link":"https:\/\/agrovetazerbaijan.az\/ru\/product\/monywin-plus\/","title":{"rendered":"\u041c\u0430\u043d\u0438\u0432\u0438\u043d \u041f\u043b\u044e\u0441"},"content":{"rendered":"<div class=\"vgblk-rw-wrapper limit-wrapper\">\n<h3 data-start=\"185\" data-end=\"241\"><strong data-start=\"189\" data-end=\"241\">\u041c\u043e\u043d\u0438\u0432\u0438\u043d \u041f\u043b\u044e\u0441 \u2013 \u043a\u043e\u043c\u0431\u0438\u043d\u0438\u0440\u043e\u0432\u0430\u043d\u043d\u0430\u044f \u0430\u043d\u0442\u0438\u043a\u043e\u043a\u0446\u0438\u0434\u0438\u0439\u043d\u0430\u044f \u043a\u043e\u0440\u043c\u043e\u0432\u0430\u044f \u0434\u043e\u0431\u0430\u0432\u043a\u0430<\/strong><\/h3>\n<p data-start=\"243\" data-end=\"295\"><strong data-start=\"243\" data-end=\"255\">\u0418\u043d\u0433\u0440\u0435\u0434\u0438\u0435\u043d\u0442\u044b:<\/strong><br data-start=\"255\" data-end=\"258\" \/>\ud83d\udd39 \u041c\u043e\u043d\u0435\u043d\u0437\u0438\u043d \u2013 8%<br data-start=\"274\" data-end=\"277\" \/>\ud83d\udd39 \u041d\u0438\u043a\u0430\u0440\u0431\u0430\u0437\u0438\u043d \u2013 8%<\/p>\n<hr data-start=\"297\" data-end=\"300\" \/>\n<p data-start=\"302\" data-end=\"569\"><strong data-start=\"302\" data-end=\"314\">\u041e\u043f\u0438\u0441\u0430\u043d\u0438\u0435:<\/strong><br data-start=\"314\" data-end=\"317\" \/><strong data-start=\"317\" data-end=\"333\">\u041c\u043e\u043d\u0438\u0432\u0438\u043d \u041f\u043b\u044e\u0441<\/strong> \u2013 \u0438\u043c\u0435\u0435\u0442 \u0448\u0438\u0440\u043e\u043a\u0438\u0439 \u0441\u043f\u0435\u043a\u0442\u0440 \u0434\u0435\u0439\u0441\u0442\u0432\u0438\u044f <strong data-start=\"364\" data-end=\"397\">\u043a\u043e\u043c\u0431\u0438\u043d\u0438\u0440\u043e\u0432\u0430\u043d\u043d\u044b\u0439 \u0430\u043d\u0442\u0438\u043a\u043e\u043a\u0446\u0438\u0434\u043d\u044b\u0439<\/strong> \u042d\u0442\u043e \u043a\u043e\u0440\u043c\u043e\u0432\u0430\u044f \u0434\u043e\u0431\u0430\u0432\u043a\u0430. \u041e\u043d\u0430 \u0441\u043e\u0434\u0435\u0440\u0436\u0438\u0442 <strong data-start=\"427\" data-end=\"453\">\u041c\u043e\u043d\u0435\u043d\u0437\u0438\u043d \u0438 \u041d\u0438\u043a\u0430\u0440\u0431\u0430\u0437\u0438\u043d<\/strong> \u041e\u0441\u043d\u043e\u0432\u043d\u044b\u0435 \u043f\u0430\u0440\u0430\u0437\u0438\u0442\u044b, \u043f\u0430\u0440\u0430\u0437\u0438\u0442\u0438\u0440\u0443\u044e\u0449\u0438\u0435 \u043d\u0430 \u043f\u0442\u0438\u0446\u0430\u0445, \u043e\u043a\u0430\u0437\u044b\u0432\u0430\u044e\u0449\u0438\u0435 \u0441\u0438\u043d\u0435\u0440\u0433\u0435\u0442\u0438\u0447\u0435\u0441\u043a\u0438\u0439 \u044d\u0444\u0444\u0435\u043a\u0442 <strong data-start=\"511\" data-end=\"522\">\u042d\u0439\u043c\u0435\u0440\u0438\u044f<\/strong> \u043e\u0431\u0435\u0441\u043f\u0435\u0447\u0438\u0432\u0430\u0435\u0442 \u0432\u044b\u0441\u043e\u043a\u0443\u044e \u044d\u0444\u0444\u0435\u043a\u0442\u0438\u0432\u043d\u043e\u0441\u0442\u044c \u043f\u0440\u043e\u0442\u0438\u0432 \u0440\u0430\u0437\u043b\u0438\u0447\u043d\u044b\u0445 \u0442\u0438\u043f\u043e\u0432.<\/p>\n<hr data-start=\"571\" data-end=\"574\" \/>\n<p data-start=\"576\" data-end=\"644\"><strong data-start=\"576\" data-end=\"598\">\u0421\u043f\u0435\u043a\u0442\u0440 \u0430\u043a\u0442\u0438\u0432\u043d\u043e\u0441\u0442\u0438:<\/strong><br data-start=\"598\" data-end=\"601\" \/>\u0421\u043b\u0435\u0434\u0443\u044e\u0449\u0435\u0435 <strong data-start=\"611\" data-end=\"627\">\u043a\u043e\u043a\u0446\u0438\u0434\u0438\u0438<\/strong> \u0430\u043a\u0442\u0438\u0432\u0435\u043d \u043f\u0440\u043e\u0442\u0438\u0432:<\/p>\n<ul data-start=\"645\" data-end=\"800\">\n<li data-start=\"645\" data-end=\"666\">\n<p data-start=\"647\" data-end=\"666\"><em data-start=\"647\" data-end=\"664\">\u042d\u0439\u043c\u0435\u0440\u0438\u044f \u0442\u0435\u043d\u0435\u043b\u043b\u0430<\/em><\/p>\n<\/li>\n<li data-start=\"667\" data-end=\"684\">\n<p data-start=\"669\" data-end=\"684\"><em data-start=\"669\" data-end=\"682\">E. \u043d\u0435\u043a\u0430\u0442\u0440\u0438\u043a\u0441<\/em><\/p>\n<\/li>\n<li data-start=\"685\" data-end=\"704\">\n<p data-start=\"687\" data-end=\"704\"><em data-start=\"687\" data-end=\"702\">E. \u0430\u0446\u0435\u0440\u0432\u0443\u043b\u0438\u043d\u0430<\/em><\/p>\n<\/li>\n<li data-start=\"705\" data-end=\"722\">\n<p data-start=\"707\" data-end=\"722\"><em data-start=\"707\" data-end=\"720\">\u042d. \u0411\u0440\u044e\u043d\u0435\u0442\u0442\u0438<\/em><\/p>\n<\/li>\n<li data-start=\"723\" data-end=\"738\">\n<p data-start=\"725\" data-end=\"738\"><em data-start=\"725\" data-end=\"736\">\u042d. \u043c\u0435\u0432\u0430\u0442\u0438<\/em><\/p>\n<\/li>\n<li data-start=\"739\" data-end=\"757\">\n<p data-start=\"741\" data-end=\"757\"><em data-start=\"741\" data-end=\"755\">E. \u0430\u0434\u0435\u043d\u043e\u0438\u0434\u044b<\/em><\/p>\n<\/li>\n<li data-start=\"758\" data-end=\"780\">\n<p data-start=\"760\" data-end=\"780\"><em data-start=\"760\" data-end=\"778\">E. \u043c\u0435\u043b\u043b\u0430\u0433\u0440\u0438\u043c\u0438\u0442<\/em><\/p>\n<\/li>\n<li data-start=\"781\" data-end=\"800\">\n<p data-start=\"783\" data-end=\"800\"><em data-start=\"783\" data-end=\"800\">E. \u0433\u0430\u043b\u043b\u043e\u043f\u0430\u0432\u043e\u043d\u0438\u0441<\/em><\/p>\n<\/li>\n<\/ul>\n<hr data-start=\"802\" data-end=\"805\" \/>\n<p data-start=\"807\" data-end=\"854\"><strong data-start=\"807\" data-end=\"827\">\u0414\u043e\u0437\u0438\u0440\u043e\u0432\u043a\u0430 \u043f\u0440\u0438\u043c\u0435\u043d\u0435\u043d\u0438\u044f:<\/strong><br data-start=\"827\" data-end=\"830\" \/>\u27a4 <strong data-start=\"832\" data-end=\"854\">500 \u0433\u0440\u0430\u043c\u043c\/\u0442\u043e\u043d\u043d\u0443 \u043a\u043e\u0440\u043c\u0430<\/strong><\/p>\n<hr data-start=\"856\" data-end=\"859\" \/>\n<p data-start=\"861\" data-end=\"884\"><strong data-start=\"861\" data-end=\"882\">\u0418\u043d\u0441\u0442\u0440\u0443\u043a\u0446\u0438\u044f \u043f\u043e \u043f\u0440\u0438\u043c\u0435\u043d\u0435\u043d\u0438\u044e:<\/strong><\/p>\n<ul data-start=\"885\" data-end=\"1072\">\n<li data-start=\"885\" data-end=\"981\">\n<p data-start=\"887\" data-end=\"981\"><strong data-start=\"887\" data-end=\"908\">\u0426\u044b\u043f\u043b\u044f\u0442\u0430-\u0431\u0440\u043e\u0439\u043b\u0435\u0440\u044b:<\/strong> \u0423\u0431\u043e\u0439 \u0441 1-\u0434\u043d\u0435\u0432\u043d\u043e\u0433\u043e \u0432\u043e\u0437\u0440\u0430\u0441\u0442\u0430 <strong data-start=\"943\" data-end=\"952\">1 \u0434\u0435\u043d\u044c<\/strong> \u0438\u0441\u043f\u043e\u043b\u044c\u0437\u043e\u0432\u0430\u043d\u043e \u0434\u043e \u043a\u043e\u043d\u0446\u0430.<\/p>\n<\/li>\n<li data-start=\"982\" data-end=\"1072\">\n<p data-start=\"984\" data-end=\"1072\"><strong data-start=\"984\" data-end=\"1015\">\u0420\u0435\u043c\u043e\u043d\u0442\u043d\u044b\u0439 \u043c\u043e\u043b\u043e\u0434\u043d\u044f\u043a \u0446\u044b\u043f\u043b\u044f\u0442:<\/strong> \u041e\u0442 1 \u0434\u043d\u044f <strong data-start=\"1032\" data-end=\"1055\">\u0414\u043e 16 \u043d\u0435\u0434\u0435\u043b\u044c<\/strong> \u0434\u0430\u0435\u0442\u0441\u044f \u043d\u0435\u043f\u0440\u0435\u0440\u044b\u0432\u043d\u043e.<\/p>\n<\/li>\n<\/ul>\n<hr data-start=\"1074\" data-end=\"1077\" \/>\n<p data-start=\"1079\" data-end=\"1158\"><strong data-start=\"1079\" data-end=\"1095\">\u0423\u043f\u0430\u043a\u043e\u0432\u043a\u0430:<\/strong> \u041c\u0435\u0448\u043e\u043a 25 \u043a\u0433<br data-start=\"1106\" data-end=\"1109\" \/><strong data-start=\"1109\" data-end=\"1124\">\u041f\u0440\u043e\u0438\u0437\u0432\u043e\u0434\u0438\u0442\u0435\u043b\u044c:<\/strong> <em data-start=\"1125\" data-end=\"1146\">Zenex \u0417\u0434\u043e\u0440\u043e\u0432\u044c\u0435 \u0436\u0438\u0432\u043e\u0442\u043d\u044b\u0445<\/em> \u2013 \u0418\u043d\u0434\u0438\u044f<\/p>\n<\/div>\n<p><!-- .vgblk-rw-wrapper --><\/p>","protected":false},"excerpt":{"rendered":"<p>Monivin Plus \u2013 Kombin\u0259 Antikoksidial Yem \u018flav\u0259si T\u0259rkibi:\ud83d\udd39 Monensin \u2013 8%\ud83d\udd39 Nicarbazin \u2013 8% T\u0259sviri:Monivin Plus \u2013 geni\u015f t\u0259sir spektrin\u0259 malik kombin\u0259 edilmi\u015f antikoksidial yem \u0259lav\u0259sidir. T\u0259rkibind\u0259ki Monensin v\u0259 Nicarbazin sinergik t\u0259sir g\u00f6st\u0259r\u0259r\u0259k, qu\u015flarda parazitlik ed\u0259n \u0259sas Eimeria n\u00f6vl\u0259rin\u0259 qar\u015f\u0131 y\u00fcks\u0259k effektivlik t\u0259min edir. F\u0259aliyy\u0259t Spektri:A\u015fa\u011f\u0131dak\u0131 koksidialara qar\u015f\u0131 f\u0259ald\u0131r: Eimeria tenella E. necatrix E. acervulina&#8230;<\/p>","protected":false},"featured_media":989714,"comment_status":"closed","ping_status":"closed","template":"","meta":{"nf_dc_page":"","_monsterinsights_skip_tracking":false,"_monsterinsights_sitenote_active":false,"_monsterinsights_sitenote_note":"","_monsterinsights_sitenote_category":0},"product_brand":[],"product_cat":[160,241,68],"product_tag":[],"class_list":{"0":"post-989713","1":"product","2":"type-product","3":"status-publish","4":"has-post-thumbnail","6":"product_cat-nutrients","7":"product_cat-koksidiallar","8":"product_cat-poultry","10":"first","11":"instock","12":"shipping-taxable","13":"product-type-simple"},"jetpack_sharing_enabled":true,"_links":{"self":[{"href":"https:\/\/agrovetazerbaijan.az\/ru\/wp-json\/wp\/v2\/product\/989713","targetHints":{"allow":["GET"]}}],"collection":[{"href":"https:\/\/agrovetazerbaijan.az\/ru\/wp-json\/wp\/v2\/product"}],"about":[{"href":"https:\/\/agrovetazerbaijan.az\/ru\/wp-json\/wp\/v2\/types\/product"}],"replies":[{"embeddable":true,"href":"https:\/\/agrovetazerbaijan.az\/ru\/wp-json\/wp\/v2\/comments?post=989713"}],"version-history":[{"count":2,"href":"https:\/\/agrovetazerbaijan.az\/ru\/wp-json\/wp\/v2\/product\/989713\/revisions"}],"predecessor-version":[{"id":989716,"href":"https:\/\/agrovetazerbaijan.az\/ru\/wp-json\/wp\/v2\/product\/989713\/revisions\/989716"}],"wp:featuredmedia":[{"embeddable":true,"href":"https:\/\/agrovetazerbaijan.az\/ru\/wp-json\/wp\/v2\/media\/989714"}],"wp:attachment":[{"href":"https:\/\/agrovetazerbaijan.az\/ru\/wp-json\/wp\/v2\/media?parent=989713"}],"wp:term":[{"taxonomy":"product_brand","embeddable":true,"href":"https:\/\/agrovetazerbaijan.az\/ru\/wp-json\/wp\/v2\/product_brand?post=989713"},{"taxonomy":"product_cat","embeddable":true,"href":"https:\/\/agrovetazerbaijan.az\/ru\/wp-json\/wp\/v2\/product_cat?post=989713"},{"taxonomy":"product_tag","embeddable":true,"href":"https:\/\/agrovetazerbaijan.az\/ru\/wp-json\/wp\/v2\/product_tag?post=989713"}],"curies":[{"name":"WP","href":"https:\/\/api.w.org\/{rel}","templated":true}]}}