{"id":989710,"date":"2025-06-20T15:31:55","date_gmt":"2025-06-20T15:31:55","guid":{"rendered":"https:\/\/agrovetazerbaijan.az\/?post_type=product&#038;p=989710"},"modified":"2025-06-20T15:32:13","modified_gmt":"2025-06-20T15:32:13","slug":"roviclin-yem-%c9%99lav%c9%99si","status":"publish","type":"product","link":"https:\/\/agrovetazerbaijan.az\/ru\/product\/roviclin-yem-%c9%99lav%c9%99si\/","title":{"rendered":"\u041a\u043e\u0440\u043c\u043e\u0432\u0430\u044f \u0434\u043e\u0431\u0430\u0432\u043a\u0430 \u00ab\u0420\u043e\u0432\u0438\u043a\u043b\u0438\u043d\u00bb"},"content":{"rendered":"<div class=\"vgblk-rw-wrapper limit-wrapper\">\n<h3 data-start=\"191\" data-end=\"235\"><strong data-start=\"195\" data-end=\"235\">\u0420\u043e\u0432\u0438\u043a\u043b\u0438\u043d \u2013 \u0430\u043d\u0442\u0438\u043a\u043e\u043a\u0446\u0438\u0434\u0438\u0439\u043d\u0430\u044f \u043a\u043e\u0440\u043c\u043e\u0432\u0430\u044f \u0434\u043e\u0431\u0430\u0432\u043a\u0430<\/strong><\/h3>\n<p data-start=\"237\" data-end=\"285\"><strong data-start=\"237\" data-end=\"249\">\u0418\u043d\u0433\u0440\u0435\u0434\u0438\u0435\u043d\u0442\u044b:<\/strong><br data-start=\"249\" data-end=\"252\" \/>\ud83d\udd39 \u0420\u043e\u0431\u0435\u043d\u0438\u0434\u0438\u043d\u0430 \u0433\u0438\u0434\u0440\u043e\u0445\u043b\u043e\u0440\u0438\u0434 \u2013 10%<\/p>\n<hr data-start=\"287\" data-end=\"290\" \/>\n<p data-start=\"292\" data-end=\"579\"><strong data-start=\"292\" data-end=\"304\">\u041e\u043f\u0438\u0441\u0430\u043d\u0438\u0435:<\/strong><br data-start=\"304\" data-end=\"307\" \/><strong data-start=\"307\" data-end=\"319\">\u0420\u043e\u0432\u0438\u043a\u043b\u0438\u043d<\/strong> \u2013 \u043f\u0430\u0440\u0430\u0437\u0438\u0442\u0438\u0440\u0443\u0435\u0442 \u0443 \u043f\u0442\u0438\u0446 \u0438 \u0434\u0440\u0443\u0433\u0438\u0445 \u0436\u0438\u0432\u043e\u0442\u043d\u044b\u0445 <strong data-start=\"363\" data-end=\"374\">\u042d\u0439\u043c\u0435\u0440\u0438\u044f<\/strong> \u0432\u044b\u0441\u043e\u043a\u043e\u044d\u0444\u0444\u0435\u043a\u0442\u0438\u0432\u043d\u044b \u043f\u0440\u043e\u0442\u0438\u0432 \u0432\u0438\u0434\u043e\u0432 <strong data-start=\"416\" data-end=\"448\">\u0430\u043d\u0442\u0438\u043a\u043e\u043a\u0446\u0438\u0434\u0438\u0439\u043d\u0430\u044f \u043a\u043e\u0440\u043c\u043e\u0432\u0430\u044f \u0434\u043e\u0431\u0430\u0432\u043a\u0430<\/strong>\u041f\u0440\u0438\u043c\u0435\u043d\u044f\u0435\u0442\u0441\u044f \u0434\u043b\u044f \u043f\u0440\u043e\u0444\u0438\u043b\u0430\u043a\u0442\u0438\u043a\u0438 \u043a\u043e\u043a\u0446\u0438\u0434\u0438\u043e\u0437\u043d\u044b\u0445 \u0437\u0430\u0431\u043e\u043b\u0435\u0432\u0430\u043d\u0438\u0439, \u043e\u0441\u043e\u0431\u0435\u043d\u043d\u043e \u0432 \u043f\u0435\u0440\u0438\u043e\u0434 \u0432\u044b\u0440\u0430\u0449\u0438\u0432\u0430\u043d\u0438\u044f \u0431\u0440\u043e\u0439\u043b\u0435\u0440\u043e\u0432 \u0438 \u0440\u0435\u043c\u043e\u043d\u0442\u043d\u043e\u0433\u043e \u043c\u043e\u043b\u043e\u0434\u043d\u044f\u043a\u0430.<\/p>\n<hr data-start=\"581\" data-end=\"584\" \/>\n<p data-start=\"586\" data-end=\"671\"><strong data-start=\"586\" data-end=\"608\">\u0421\u043f\u0435\u043a\u0442\u0440 \u0430\u043a\u0442\u0438\u0432\u043d\u043e\u0441\u0442\u0438:<\/strong><br data-start=\"608\" data-end=\"611\" \/>\u041f\u043e\u0441\u043b\u0435\u0434\u043e\u0432\u0430\u0442\u0435\u043b\u0438 \u0420\u043e\u0432\u0438\u043a\u043b\u0438\u043d\u0430 <strong data-start=\"630\" data-end=\"641\">\u042d\u0439\u043c\u0435\u0440\u0438\u044f<\/strong> \u042d\u0444\u0444\u0435\u043a\u0442\u0438\u0432\u0435\u043d \u043f\u0440\u043e\u0442\u0438\u0432 \u0441\u043b\u0435\u0434\u0443\u044e\u0449\u0438\u0445 \u0442\u0438\u043f\u043e\u0432:<\/p>\n<ul data-start=\"672\" data-end=\"901\">\n<li data-start=\"672\" data-end=\"691\">\n<p data-start=\"674\" data-end=\"691\"><em data-start=\"674\" data-end=\"689\">E. \u0430\u0446\u0435\u0440\u0432\u0443\u043b\u0438\u043d\u0430<\/em><\/p>\n<\/li>\n<li data-start=\"692\" data-end=\"707\">\n<p data-start=\"694\" data-end=\"707\"><em data-start=\"694\" data-end=\"705\">\u042d. \u043c\u0430\u043a\u0441\u0438\u043c\u0430<\/em><\/p>\n<\/li>\n<li data-start=\"708\" data-end=\"724\">\n<p data-start=\"710\" data-end=\"724\"><em data-start=\"710\" data-end=\"722\">\u042d. \u0442\u0435\u043d\u0435\u043b\u043b\u0430<\/em><\/p>\n<\/li>\n<li data-start=\"725\" data-end=\"742\">\n<p data-start=\"727\" data-end=\"742\"><em data-start=\"727\" data-end=\"740\">\u042d. \u0411\u0440\u044e\u043d\u0435\u0442\u0442\u0438<\/em><\/p>\n<\/li>\n<li data-start=\"743\" data-end=\"760\">\n<p data-start=\"745\" data-end=\"760\"><em data-start=\"745\" data-end=\"758\">E. \u043d\u0435\u043a\u0430\u0442\u0440\u0438\u043a\u0441<\/em><\/p>\n<\/li>\n<li data-start=\"761\" data-end=\"775\">\n<p data-start=\"763\" data-end=\"775\"><em data-start=\"763\" data-end=\"773\">E. mitis<\/em><\/p>\n<\/li>\n<li data-start=\"776\" data-end=\"792\">\n<p data-start=\"778\" data-end=\"792\"><em data-start=\"778\" data-end=\"790\">E. praecox<\/em><\/p>\n<\/li>\n<li data-start=\"793\" data-end=\"808\">\n<p data-start=\"795\" data-end=\"808\"><em data-start=\"795\" data-end=\"806\">\u042d. \u0445\u0430\u0433\u0430\u043d\u0438<\/em><\/p>\n<\/li>\n<li data-start=\"809\" data-end=\"827\">\n<p data-start=\"811\" data-end=\"827\"><em data-start=\"811\" data-end=\"825\">E. \u0430\u0434\u0435\u043d\u043e\u0438\u0434\u044b<\/em><\/p>\n<\/li>\n<li data-start=\"828\" data-end=\"850\">\n<p data-start=\"830\" data-end=\"850\"><em data-start=\"830\" data-end=\"848\">\u042d. \u043c\u0435\u043b\u0435\u0430\u0433\u0440\u0438\u043c\u0438\u0442\u0438\u0441<\/em><\/p>\n<\/li>\n<li data-start=\"851\" data-end=\"867\">\n<p data-start=\"853\" data-end=\"867\"><em data-start=\"853\" data-end=\"865\">E. anceris<\/em><\/p>\n<\/li>\n<li data-start=\"868\" data-end=\"901\">\n<p data-start=\"870\" data-end=\"901\"><em data-start=\"870\" data-end=\"883\">E. truncata<\/em><br data-start=\"883\" data-end=\"886\" \/>\u0438 \u0434\u0440\u0443\u0433\u0438\u0435 \u0442\u0438\u043f\u044b<\/p>\n<\/li>\n<\/ul>\n<hr data-start=\"903\" data-end=\"906\" \/>\n<p data-start=\"908\" data-end=\"961\"><strong data-start=\"908\" data-end=\"928\">\u0414\u043e\u0437\u0438\u0440\u043e\u0432\u043a\u0430 \u043f\u0440\u0438\u043c\u0435\u043d\u0435\u043d\u0438\u044f:<\/strong><br data-start=\"928\" data-end=\"931\" \/>\u27a4 <strong data-start=\"933\" data-end=\"961\">330 \u2013 400 \u0433\u0440\u0430\u043c\u043c\u043e\u0432 \u043d\u0430 \u0442\u043e\u043d\u043d\u0443 \u043a\u043e\u0440\u043c\u0430<\/strong><\/p>\n<hr data-start=\"963\" data-end=\"966\" \/>\n<p data-start=\"968\" data-end=\"991\"><strong data-start=\"968\" data-end=\"989\">\u0418\u043d\u0441\u0442\u0440\u0443\u043a\u0446\u0438\u044f \u043f\u043e \u043f\u0440\u0438\u043c\u0435\u043d\u0435\u043d\u0438\u044e:<\/strong><\/p>\n<ul data-start=\"992\" data-end=\"1171\">\n<li data-start=\"992\" data-end=\"1084\">\n<p data-start=\"994\" data-end=\"1084\"><strong data-start=\"994\" data-end=\"1015\">\u0426\u044b\u043f\u043b\u044f\u0442\u0430-\u0431\u0440\u043e\u0439\u043b\u0435\u0440\u044b:<\/strong> \u041f\u0440\u0435\u043f\u0430\u0440\u0430\u0442 \u0432\u0432\u043e\u0434\u044f\u0442 \u043d\u0435\u043f\u0440\u0435\u0440\u044b\u0432\u043d\u043e, \u043d\u0430\u0447\u0438\u043d\u0430\u044f \u0441 1-\u0434\u043d\u0435\u0432\u043d\u043e\u0433\u043e \u0432\u043e\u0437\u0440\u0430\u0441\u0442\u0430 \u0438 \u0434\u043e 5 \u0434\u043d\u0435\u0439 \u0434\u043e \u0443\u0431\u043e\u044f.<\/p>\n<\/li>\n<li data-start=\"1085\" data-end=\"1171\">\n<p data-start=\"1087\" data-end=\"1171\"><strong data-start=\"1087\" data-end=\"1118\">\u0420\u0435\u043c\u043e\u043d\u0442\u043d\u044b\u0439 \u043c\u043e\u043b\u043e\u0434\u043d\u044f\u043a \u0446\u044b\u043f\u043b\u044f\u0442:<\/strong> \u041f\u0440\u0438\u043c\u0435\u043d\u044f\u0435\u0442\u0441\u044f \u0441 1 \u0434\u043d\u044f \u0434\u043e 16 \u043d\u0435\u0434\u0435\u043b\u044c.<\/p>\n<\/li>\n<\/ul>\n<hr data-start=\"1173\" data-end=\"1176\" \/>\n<p data-start=\"1178\" data-end=\"1257\"><strong data-start=\"1178\" data-end=\"1194\">\u0423\u043f\u0430\u043a\u043e\u0432\u043a\u0430:<\/strong> \u041c\u0435\u0448\u043e\u043a 25 \u043a\u0433<br data-start=\"1205\" data-end=\"1208\" \/><strong data-start=\"1208\" data-end=\"1223\">\u041f\u0440\u043e\u0438\u0437\u0432\u043e\u0434\u0438\u0442\u0435\u043b\u044c:<\/strong> <em data-start=\"1224\" data-end=\"1245\">Zenex \u0417\u0434\u043e\u0440\u043e\u0432\u044c\u0435 \u0436\u0438\u0432\u043e\u0442\u043d\u044b\u0445<\/em> \u2013 \u0418\u043d\u0434\u0438\u044f<\/p>\n<\/div>\n<p><!-- .vgblk-rw-wrapper --><\/p>","protected":false},"excerpt":{"rendered":"<p>Roviklin \u2013 Antikoksidial Yem \u018flav\u0259si T\u0259rkibi:\ud83d\udd39 Robenidine Hydrochloride \u2013 10% T\u0259sviri:Roviklin \u2013 qu\u015f v\u0259 dig\u0259r heyvanlarda parazitlik ed\u0259n Eimeria n\u00f6vl\u0259rin\u0259 qar\u015f\u0131 y\u00fcks\u0259k t\u0259sir\u0259 malik olan antikoksidial yem \u0259lav\u0259sidir. X\u00fcsusil\u0259 broyler v\u0259 t\u0259mir cavanlar\u0131n\u0131n yeti\u015fdirilm\u0259 d\u00f6vr\u00fcnd\u0259 koksidiyoz x\u0259st\u0259likl\u0259rinin qar\u015f\u0131s\u0131n\u0131n al\u0131nmas\u0131 \u00fc\u00e7\u00fcn istifad\u0259 olunur. F\u0259aliyy\u0259t Spektri:Roviklin a\u015fa\u011f\u0131dak\u0131 Eimeria n\u00f6vl\u0259rin\u0259 qar\u015f\u0131 t\u0259sirlidir: E. acervulina E. maxima E. tenella&#8230;<\/p>","protected":false},"featured_media":989711,"comment_status":"closed","ping_status":"closed","template":"","meta":{"nf_dc_page":"","_monsterinsights_skip_tracking":false,"_monsterinsights_sitenote_active":false,"_monsterinsights_sitenote_note":"","_monsterinsights_sitenote_category":0},"product_brand":[],"product_cat":[160,241,68],"product_tag":[],"class_list":{"0":"post-989710","1":"product","2":"type-product","3":"status-publish","4":"has-post-thumbnail","6":"product_cat-nutrients","7":"product_cat-koksidiallar","8":"product_cat-poultry","10":"first","11":"instock","12":"shipping-taxable","13":"product-type-simple"},"jetpack_sharing_enabled":true,"_links":{"self":[{"href":"https:\/\/agrovetazerbaijan.az\/ru\/wp-json\/wp\/v2\/product\/989710","targetHints":{"allow":["GET"]}}],"collection":[{"href":"https:\/\/agrovetazerbaijan.az\/ru\/wp-json\/wp\/v2\/product"}],"about":[{"href":"https:\/\/agrovetazerbaijan.az\/ru\/wp-json\/wp\/v2\/types\/product"}],"replies":[{"embeddable":true,"href":"https:\/\/agrovetazerbaijan.az\/ru\/wp-json\/wp\/v2\/comments?post=989710"}],"version-history":[{"count":1,"href":"https:\/\/agrovetazerbaijan.az\/ru\/wp-json\/wp\/v2\/product\/989710\/revisions"}],"predecessor-version":[{"id":989712,"href":"https:\/\/agrovetazerbaijan.az\/ru\/wp-json\/wp\/v2\/product\/989710\/revisions\/989712"}],"wp:featuredmedia":[{"embeddable":true,"href":"https:\/\/agrovetazerbaijan.az\/ru\/wp-json\/wp\/v2\/media\/989711"}],"wp:attachment":[{"href":"https:\/\/agrovetazerbaijan.az\/ru\/wp-json\/wp\/v2\/media?parent=989710"}],"wp:term":[{"taxonomy":"product_brand","embeddable":true,"href":"https:\/\/agrovetazerbaijan.az\/ru\/wp-json\/wp\/v2\/product_brand?post=989710"},{"taxonomy":"product_cat","embeddable":true,"href":"https:\/\/agrovetazerbaijan.az\/ru\/wp-json\/wp\/v2\/product_cat?post=989710"},{"taxonomy":"product_tag","embeddable":true,"href":"https:\/\/agrovetazerbaijan.az\/ru\/wp-json\/wp\/v2\/product_tag?post=989710"}],"curies":[{"name":"WP","href":"https:\/\/api.w.org\/{rel}","templated":true}]}}