{"id":989707,"date":"2025-06-20T15:26:19","date_gmt":"2025-06-20T15:26:19","guid":{"rendered":"https:\/\/agrovetazerbaijan.az\/?post_type=product&#038;p=989707"},"modified":"2025-06-20T15:26:42","modified_gmt":"2025-06-20T15:26:42","slug":"monacox-yem-%c9%99lav%c9%99si","status":"publish","type":"product","link":"https:\/\/agrovetazerbaijan.az\/ru\/product\/monacox-yem-%c9%99lav%c9%99si\/","title":{"rendered":"\u041a\u043e\u0440\u043c\u043e\u0432\u0430\u044f \u0434\u043e\u0431\u0430\u0432\u043a\u0430 \u041c\u043e\u043d\u0430\u043a\u043e\u043a\u0441"},"content":{"rendered":"<div class=\"vgblk-rw-wrapper limit-wrapper\">\n<h3 data-start=\"235\" data-end=\"277\"><strong data-start=\"239\" data-end=\"277\">Monacox \u2013 \u0430\u043d\u0442\u0438\u043e\u043a\u0441\u0438\u0434\u0430\u043d\u0442\u043d\u0430\u044f \u043a\u043e\u0440\u043c\u043e\u0432\u0430\u044f \u0434\u043e\u0431\u0430\u0432\u043a\u0430<\/strong><\/h3>\n<p data-start=\"279\" data-end=\"319\"><strong data-start=\"279\" data-end=\"291\">\u0418\u043d\u0433\u0440\u0435\u0434\u0438\u0435\u043d\u0442\u044b:<\/strong><br data-start=\"291\" data-end=\"294\" \/>\u041c\u0430\u0434\u0443\u0440\u0430\u043c\u0438\u0446\u0438\u043d \u0430\u043c\u043c\u043e\u043d\u0438\u0439 \u2013 1%<\/p>\n<p data-start=\"321\" data-end=\"556\"><strong data-start=\"321\" data-end=\"333\">\u041e\u043f\u0438\u0441\u0430\u043d\u0438\u0435:<\/strong><br data-start=\"333\" data-end=\"336\" \/><strong data-start=\"336\" data-end=\"347\">\u041c\u043e\u043d\u0430\u043a\u043e<\/strong>, \u043c\u043e\u0449\u043d\u044b\u0439 \u043f\u0440\u0435\u043f\u0430\u0440\u0430\u0442, \u0438\u0441\u043f\u043e\u043b\u044c\u0437\u0443\u0435\u043c\u044b\u0439 \u0432 \u0432\u0435\u0442\u0435\u0440\u0438\u043d\u0430\u0440\u0438\u0438 <strong data-start=\"383\" data-end=\"414\">\u0430\u043d\u0442\u0438\u043e\u043a\u0441\u0438\u0434\u0430\u043d\u0442\u043d\u0430\u044f \u043a\u043e\u0440\u043c\u043e\u0432\u0430\u044f \u0434\u043e\u0431\u0430\u0432\u043a\u0430<\/strong>. \u0421\u043e\u0434\u0435\u0440\u0436\u0430\u043d\u0438\u0435 <strong data-start=\"429\" data-end=\"444\">\u041c\u0430\u0434\u0443\u0440\u0430\u043c\u0438\u0446\u0438\u043d<\/strong> \u041e\u0431\u043b\u0430\u0434\u0430\u0435\u0442 \u0448\u0438\u0440\u043e\u043a\u0438\u043c \u0441\u043f\u0435\u043a\u0442\u0440\u043e\u043c \u0437\u0430\u0449\u0438\u0442\u043d\u043e\u0433\u043e \u0434\u0435\u0439\u0441\u0442\u0432\u0438\u044f \u043f\u0440\u043e\u0442\u0438\u0432 \u043a\u043e\u043a\u0446\u0438\u0434\u0438\u043e\u0437\u0430 \u0443 \u0431\u0440\u043e\u0439\u043b\u0435\u0440\u043e\u0432 \u0438 \u0446\u044b\u043f\u043b\u044f\u0442-\u043f\u0440\u043e\u0438\u0437\u0432\u043e\u0434\u0438\u0442\u0435\u043b\u0435\u0439.<\/p>\n<p data-start=\"558\" data-end=\"655\"><strong data-start=\"558\" data-end=\"580\">\u0421\u043f\u0435\u043a\u0442\u0440 \u0430\u043a\u0442\u0438\u0432\u043d\u043e\u0441\u0442\u0438:<\/strong><br data-start=\"580\" data-end=\"583\" \/>\u041e\u043d \u0432\u044b\u0441\u043e\u043a\u043e\u044d\u0444\u0444\u0435\u043a\u0442\u0438\u0432\u0435\u043d \u043f\u0440\u043e\u0442\u0438\u0432 \u0441\u043b\u0435\u0434\u0443\u044e\u0449\u0438\u0445 \u0432\u0438\u0434\u043e\u0432 \u043f\u0430\u0440\u0430\u0437\u0438\u0442\u043e\u0432 Eimeria:<\/p>\n<ul data-start=\"656\" data-end=\"811\">\n<li data-start=\"656\" data-end=\"677\">\n<p data-start=\"658\" data-end=\"677\"><em data-start=\"658\" data-end=\"675\">\u042d\u0439\u043c\u0435\u0440\u0438\u044f \u0442\u0435\u043d\u0435\u043b\u043b\u0430<\/em><\/p>\n<\/li>\n<li data-start=\"678\" data-end=\"695\">\n<p data-start=\"680\" data-end=\"695\"><em data-start=\"680\" data-end=\"693\">E. \u043d\u0435\u043a\u0430\u0442\u0440\u0438\u043a\u0441<\/em><\/p>\n<\/li>\n<li data-start=\"696\" data-end=\"715\">\n<p data-start=\"698\" data-end=\"715\"><em data-start=\"698\" data-end=\"713\">E. \u0430\u0446\u0435\u0440\u0432\u0443\u043b\u0438\u043d\u0430<\/em><\/p>\n<\/li>\n<li data-start=\"716\" data-end=\"733\">\n<p data-start=\"718\" data-end=\"733\"><em data-start=\"718\" data-end=\"731\">\u042d. \u0411\u0440\u044e\u043d\u0435\u0442\u0442\u0438<\/em><\/p>\n<\/li>\n<li data-start=\"734\" data-end=\"749\">\n<p data-start=\"736\" data-end=\"749\"><em data-start=\"736\" data-end=\"747\">\u042d. \u043c\u0435\u0432\u0430\u0442\u0438<\/em><\/p>\n<\/li>\n<li data-start=\"750\" data-end=\"768\">\n<p data-start=\"752\" data-end=\"768\"><em data-start=\"752\" data-end=\"766\">E. \u0430\u0434\u0435\u043d\u043e\u0438\u0434\u044b<\/em><\/p>\n<\/li>\n<li data-start=\"769\" data-end=\"791\">\n<p data-start=\"771\" data-end=\"791\"><em data-start=\"771\" data-end=\"789\">E. \u043c\u0435\u043b\u043b\u0430\u0433\u0440\u0438\u043c\u0438\u0442<\/em><\/p>\n<\/li>\n<li data-start=\"792\" data-end=\"811\">\n<p data-start=\"794\" data-end=\"811\"><em data-start=\"794\" data-end=\"811\">E. \u0433\u0430\u043b\u043b\u043e\u043f\u0430\u0432\u043e\u043d\u0438\u0441<\/em><\/p>\n<\/li>\n<\/ul>\n<p data-start=\"813\" data-end=\"860\"><strong data-start=\"813\" data-end=\"833\">\u0414\u043e\u0437\u0438\u0440\u043e\u0432\u043a\u0430 \u043f\u0440\u0438\u043c\u0435\u043d\u0435\u043d\u0438\u044f:<\/strong><br data-start=\"833\" data-end=\"836\" \/>\u27a4 <strong data-start=\"838\" data-end=\"860\">500 \u0433\u0440\u0430\u043c\u043c\/\u0442\u043e\u043d\u043d\u0443 \u043a\u043e\u0440\u043c\u0430<\/strong><\/p>\n<p data-start=\"862\" data-end=\"885\"><strong data-start=\"862\" data-end=\"883\">\u0418\u043d\u0441\u0442\u0440\u0443\u043a\u0446\u0438\u044f \u043f\u043e \u043f\u0440\u0438\u043c\u0435\u043d\u0435\u043d\u0438\u044e:<\/strong><\/p>\n<ul data-start=\"886\" data-end=\"1066\">\n<li data-start=\"886\" data-end=\"979\">\n<p data-start=\"888\" data-end=\"979\"><strong data-start=\"888\" data-end=\"909\">\u0426\u044b\u043f\u043b\u044f\u0442\u0430-\u0431\u0440\u043e\u0439\u043b\u0435\u0440\u044b:<\/strong> \u041f\u0440\u0435\u043f\u0430\u0440\u0430\u0442 \u0432\u0432\u043e\u0434\u044f\u0442 \u043d\u0435\u043f\u0440\u0435\u0440\u044b\u0432\u043d\u043e \u0441 1-\u0434\u043d\u0435\u0432\u043d\u043e\u0433\u043e \u0432\u043e\u0437\u0440\u0430\u0441\u0442\u0430 \u0438 \u0434\u043e 5 \u0434\u043d\u0435\u0439 \u0434\u043e \u0443\u0431\u043e\u044f.<\/p>\n<\/li>\n<li data-start=\"980\" data-end=\"1066\">\n<p data-start=\"982\" data-end=\"1066\"><strong data-start=\"982\" data-end=\"1013\">\u0420\u0435\u043c\u043e\u043d\u0442\u043d\u044b\u0439 \u043c\u043e\u043b\u043e\u0434\u043d\u044f\u043a \u0446\u044b\u043f\u043b\u044f\u0442:<\/strong> \u041f\u0440\u0438\u043c\u0435\u043d\u044f\u0435\u0442\u0441\u044f \u0441 1 \u0434\u043d\u044f \u0434\u043e 16 \u043d\u0435\u0434\u0435\u043b\u044c.<\/p>\n<\/li>\n<\/ul>\n<p data-start=\"1068\" data-end=\"1141\"><strong data-start=\"1068\" data-end=\"1084\">\u0423\u043f\u0430\u043a\u043e\u0432\u043a\u0430:<\/strong> 25 \u043a\u0433<br data-start=\"1090\" data-end=\"1093\" \/><strong data-start=\"1093\" data-end=\"1108\">\u041f\u0440\u043e\u0438\u0437\u0432\u043e\u0434\u0438\u0442\u0435\u043b\u044c:<\/strong> <em data-start=\"1109\" data-end=\"1130\">Zenex \u0417\u0434\u043e\u0440\u043e\u0432\u044c\u0435 \u0436\u0438\u0432\u043e\u0442\u043d\u044b\u0445<\/em>, \u0418\u043d\u0434\u0438\u044f<\/p>\n<\/div>\n<p><!-- .vgblk-rw-wrapper --><\/p>","protected":false},"excerpt":{"rendered":"<p>Monacox \u2013 Antikoksidal Yem \u018flav\u0259si T\u0259rkibi:Maduramicin Ammonium \u2013 1% T\u0259sviri:Monacox, baytarl\u0131qda istifad\u0259 olunan g\u00fccl\u00fc antikoksidal yem \u0259lav\u0259sidir. T\u0259rkibind\u0259ki Maduramicin say\u0259sind\u0259 broyler v\u0259 t\u0259mir cavanlar\u0131nda koksidiyoz x\u0259st\u0259likl\u0259rin\u0259 qar\u015f\u0131 geni\u015f spektrli qoruyucu t\u0259sir g\u00f6st\u0259rir. F\u0259aliyy\u0259t spektri:A\u015fa\u011f\u0131dak\u0131 n\u00f6v Eimeria parazitl\u0259rin\u0259 qar\u015f\u0131 y\u00fcks\u0259k effektivlik g\u00f6st\u0259rir: Eimeria tenella E. necatrix E. acervulina E. brunetti E. mivati E. adenoides E. mellagrimitis&#8230;<\/p>","protected":false},"featured_media":989708,"comment_status":"closed","ping_status":"closed","template":"","meta":{"nf_dc_page":"","_monsterinsights_skip_tracking":false,"_monsterinsights_sitenote_active":false,"_monsterinsights_sitenote_note":"","_monsterinsights_sitenote_category":0},"product_brand":[],"product_cat":[241,160,68],"product_tag":[],"class_list":{"0":"post-989707","1":"product","2":"type-product","3":"status-publish","4":"has-post-thumbnail","6":"product_cat-koksidiallar","7":"product_cat-nutrients","8":"product_cat-poultry","10":"first","11":"instock","12":"shipping-taxable","13":"product-type-simple"},"jetpack_sharing_enabled":true,"_links":{"self":[{"href":"https:\/\/agrovetazerbaijan.az\/ru\/wp-json\/wp\/v2\/product\/989707","targetHints":{"allow":["GET"]}}],"collection":[{"href":"https:\/\/agrovetazerbaijan.az\/ru\/wp-json\/wp\/v2\/product"}],"about":[{"href":"https:\/\/agrovetazerbaijan.az\/ru\/wp-json\/wp\/v2\/types\/product"}],"replies":[{"embeddable":true,"href":"https:\/\/agrovetazerbaijan.az\/ru\/wp-json\/wp\/v2\/comments?post=989707"}],"version-history":[{"count":1,"href":"https:\/\/agrovetazerbaijan.az\/ru\/wp-json\/wp\/v2\/product\/989707\/revisions"}],"predecessor-version":[{"id":989709,"href":"https:\/\/agrovetazerbaijan.az\/ru\/wp-json\/wp\/v2\/product\/989707\/revisions\/989709"}],"wp:featuredmedia":[{"embeddable":true,"href":"https:\/\/agrovetazerbaijan.az\/ru\/wp-json\/wp\/v2\/media\/989708"}],"wp:attachment":[{"href":"https:\/\/agrovetazerbaijan.az\/ru\/wp-json\/wp\/v2\/media?parent=989707"}],"wp:term":[{"taxonomy":"product_brand","embeddable":true,"href":"https:\/\/agrovetazerbaijan.az\/ru\/wp-json\/wp\/v2\/product_brand?post=989707"},{"taxonomy":"product_cat","embeddable":true,"href":"https:\/\/agrovetazerbaijan.az\/ru\/wp-json\/wp\/v2\/product_cat?post=989707"},{"taxonomy":"product_tag","embeddable":true,"href":"https:\/\/agrovetazerbaijan.az\/ru\/wp-json\/wp\/v2\/product_tag?post=989707"}],"curies":[{"name":"WP","href":"https:\/\/api.w.org\/{rel}","templated":true}]}}