{"id":989704,"date":"2025-06-20T15:13:54","date_gmt":"2025-06-20T15:13:54","guid":{"rendered":"https:\/\/agrovetazerbaijan.az\/?post_type=product&#038;p=989704"},"modified":"2025-06-20T15:27:38","modified_gmt":"2025-06-20T15:27:38","slug":"coxistac-yem-%c9%99lav%c9%99si","status":"publish","type":"product","link":"https:\/\/agrovetazerbaijan.az\/ru\/product\/coxistac-yem-%c9%99lav%c9%99si\/","title":{"rendered":"\u041a\u043e\u0440\u043c\u043e\u0432\u0430\u044f \u0434\u043e\u0431\u0430\u0432\u043a\u0430 Coxistac"},"content":{"rendered":"<div class=\"vgblk-rw-wrapper limit-wrapper\">\n<h3 data-start=\"160\" data-end=\"205\">\ud83d\udc14 <strong data-start=\"167\" data-end=\"205\">\u041a\u043e\u043a\u0441\u0438\u0441\u0442\u0430\u043a (\u0441\u0430\u043b\u0438\u043d\u043e\u043c\u0438\u0446\u0438\u043d \u043d\u0430\u0442\u0440\u0438\u044f 12%)<\/strong><\/h3>\n<p data-start=\"207\" data-end=\"426\"><strong data-start=\"207\" data-end=\"219\">\u041e\u043f\u0438\u0441\u0430\u043d\u0438\u0435:<\/strong><br data-start=\"219\" data-end=\"222\" \/>\u041a\u043e\u043a\u0441\u0430\u043a\u0438 \u2014 <strong data-start=\"234\" data-end=\"276\">\u0430\u043d\u0442\u0438\u0431\u0438\u043e\u0442\u0438\u043a \u0441 \u043a\u043e\u043a\u0446\u0438\u0434\u0438\u043e\u0441\u0442\u0430\u0442\u0438\u0447\u0435\u0441\u043a\u0438\u043c \u0434\u0435\u0439\u0441\u0442\u0432\u0438\u0435\u043c<\/strong>\u0412\u043e\u0437\u0431\u0443\u0434\u0438\u0442\u0435\u043b\u044f\u043c\u0438 \u0437\u0430\u0431\u043e\u043b\u0435\u0432\u0430\u043d\u0438\u044f \u0443 \u0431\u0440\u043e\u0439\u043b\u0435\u0440\u043d\u044b\u0445 \u0438 \u043d\u0435\u0441\u0443\u0448\u0435\u043a \u044f\u0432\u043b\u044f\u044e\u0442\u0441\u044f \u0441\u043b\u0435\u0434\u0443\u044e\u0449\u0438\u0435 \u0432\u0438\u0434\u044b Eimeria: <strong data-start=\"351\" data-end=\"397\">\u041b\u0435\u0447\u0435\u043d\u0438\u0435 \u0438 \u043f\u0440\u043e\u0444\u0438\u043b\u0430\u043a\u0442\u0438\u043a\u0430 \u043a\u043e\u043a\u0446\u0438\u0434\u0438\u043e\u0437\u0430<\/strong> \u0438\u0441\u043f\u043e\u043b\u044c\u0437\u0443\u0435\u0442\u0441\u044f \u0432 \u0446\u0435\u043b\u044f\u0445:<\/p>\n<ul data-start=\"427\" data-end=\"529\">\n<li data-start=\"427\" data-end=\"442\">\n<p data-start=\"429\" data-end=\"442\"><em data-start=\"429\" data-end=\"440\">\u042d. \u043c\u0435\u0432\u0430\u0442\u0438<\/em><\/p>\n<\/li>\n<li data-start=\"443\" data-end=\"460\">\n<p data-start=\"445\" data-end=\"460\"><em data-start=\"445\" data-end=\"458\">\u042d. \u0411\u0440\u044e\u043d\u0435\u0442\u0442\u0438<\/em><\/p>\n<\/li>\n<li data-start=\"461\" data-end=\"477\">\n<p data-start=\"463\" data-end=\"477\"><em data-start=\"463\" data-end=\"475\">\u042d. \u0442\u0435\u043d\u0435\u043b\u043b\u0430<\/em><\/p>\n<\/li>\n<li data-start=\"478\" data-end=\"497\">\n<p data-start=\"480\" data-end=\"497\"><em data-start=\"480\" data-end=\"495\">E. \u0430\u0446\u0435\u0440\u0432\u0443\u043b\u0438\u043d\u0430<\/em><\/p>\n<\/li>\n<li data-start=\"498\" data-end=\"513\">\n<p data-start=\"500\" data-end=\"513\"><em data-start=\"500\" data-end=\"511\">\u042d. \u043c\u0430\u043a\u0441\u0438\u043c\u0430<\/em><\/p>\n<\/li>\n<li data-start=\"514\" data-end=\"529\">\n<p data-start=\"516\" data-end=\"529\"><em data-start=\"516\" data-end=\"529\">E. \u043d\u0435\u043a\u0430\u0442\u0440\u0438\u043a\u0441<\/em><\/p>\n<\/li>\n<\/ul>\n<hr data-start=\"531\" data-end=\"534\" \/>\n<p data-start=\"536\" data-end=\"575\"><strong data-start=\"536\" data-end=\"548\">\u0418\u043d\u0433\u0440\u0435\u0434\u0438\u0435\u043d\u0442\u044b:<\/strong><br data-start=\"548\" data-end=\"551\" \/>\u0421\u0430\u043b\u0438\u043d\u043e\u043c\u0438\u0446\u0438\u043d \u043d\u0430\u0442\u0440\u0438\u044f \u2013 12%<\/p>\n<hr data-start=\"577\" data-end=\"580\" \/>\n<p data-start=\"582\" data-end=\"628\"><strong data-start=\"582\" data-end=\"602\">\u0414\u043e\u0437\u0438\u0440\u043e\u0432\u043a\u0430 \u043f\u0440\u0438\u043c\u0435\u043d\u0435\u043d\u0438\u044f:<\/strong><br data-start=\"602\" data-end=\"605\" \/>\ud83d\udfe1 500 \u0433\u0440\u0430\u043c\u043c \/ 1 \u0442\u043e\u043d\u043d\u0430 \u043a\u043e\u0440\u043c\u0430<\/p>\n<hr data-start=\"630\" data-end=\"633\" \/>\n<p data-start=\"635\" data-end=\"658\"><strong data-start=\"635\" data-end=\"656\">\u0418\u043d\u0441\u0442\u0440\u0443\u043a\u0446\u0438\u044f \u043f\u043e \u043f\u0440\u0438\u043c\u0435\u043d\u0435\u043d\u0438\u044e:<\/strong><\/p>\n<ul data-start=\"659\" data-end=\"846\">\n<li data-start=\"659\" data-end=\"747\">\n<p data-start=\"661\" data-end=\"747\"><strong data-start=\"661\" data-end=\"682\">\u0426\u044b\u043f\u043b\u044f\u0442\u0430-\u0431\u0440\u043e\u0439\u043b\u0435\u0440\u044b:<\/strong> \u041d\u0430\u0447\u0438\u043d\u0430\u044f \u0441 1 \u0434\u043d\u044f \u0436\u0438\u0437\u043d\u0438 <strong data-start=\"710\" data-end=\"736\">1 \u0434\u0435\u043d\u044c \u0434\u043e \u0443\u0431\u043e\u044f<\/strong> \u0434\u0430\u043d\u043e.<\/p>\n<\/li>\n<li data-start=\"748\" data-end=\"846\">\n<p data-start=\"750\" data-end=\"846\"><strong data-start=\"750\" data-end=\"788\">\u0420\u0435\u043c\u043e\u043d\u0442\u043d\u044b\u0439 \u043c\u043e\u043b\u043e\u0434\u043d\u044f\u043a \u043a\u0443\u0440 (\u043d\u0435\u0441\u0443\u0448\u043a\u0438):<\/strong> \u041e\u0442 1 \u0434\u043d\u044f <strong data-start=\"805\" data-end=\"825\">16 \u043d\u0435\u0434\u0435\u043b\u044c<\/strong> \u043f\u0440\u0438\u043c\u0435\u043d\u044f\u0435\u0442\u0441\u044f \u0434\u043e \u0442\u0435\u0445 \u043f\u043e\u0440.<\/p>\n<\/li>\n<\/ul>\n<hr data-start=\"848\" data-end=\"851\" \/>\n<p data-start=\"853\" data-end=\"965\">\ud83d\udce6 <strong data-start=\"856\" data-end=\"872\">\u0423\u043f\u0430\u043a\u043e\u0432\u043a\u0430:<\/strong> \u041c\u0435\u0448\u043e\u043a 25 \u043a\u0433<br data-start=\"883\" data-end=\"886\" \/>\ud83c\udfed <strong data-start=\"889\" data-end=\"904\">\u041f\u0440\u043e\u0438\u0437\u0432\u043e\u0434\u0438\u0442\u0435\u043b\u044c:<\/strong> <strong data-start=\"905\" data-end=\"928\">Zenex \u0417\u0434\u043e\u0440\u043e\u0432\u044c\u0435 \u0436\u0438\u0432\u043e\u0442\u043d\u044b\u0445<\/strong>, \u0418\u043d\u0434\u0438\u044f<br data-start=\"939\" data-end=\"942\" \/>\ud83c\udf0d <strong data-start=\"945\" data-end=\"955\">\u0418\u0441\u0442\u043e\u0447\u043d\u0438\u043a:<\/strong> \u0418\u043d\u0434\u0438\u044f<\/p>\n<\/div>\n<p><!-- .vgblk-rw-wrapper --><\/p>","protected":false},"excerpt":{"rendered":"<p>\ud83d\udc14 Koksistak (Salinomycin Sodium 12%) T\u0259sviri:Koksistak \u2014 koksidiostatik t\u0259sir\u0259 malik antibiotikdir. \u018ftlik v\u0259 yumurtal\u0131q toyuqlarda a\u015fa\u011f\u0131dak\u0131 Eimeria n\u00f6vl\u0259rinin t\u00f6r\u0259tdiyi koksidiozlar\u0131n m\u00fcalic\u0259si v\u0259 profilaktikas\u0131 m\u0259qs\u0259dil\u0259 istifad\u0259 olunur: E. mivati E. brunetti E. tenella E. acervulina E. maxima E. necatrix T\u0259rkibi:Salinomycin Sodium \u2013 12% \u0130stifad\u0259 dozas\u0131:\ud83d\udfe1 500 qram \/ 1 ton yem \u0130stifad\u0259 qaydas\u0131: Broyler c\u00fcc\u0259l\u0259ri: 1&#8230;<\/p>","protected":false},"featured_media":989705,"comment_status":"closed","ping_status":"closed","template":"","meta":{"nf_dc_page":"","_monsterinsights_skip_tracking":false,"_monsterinsights_sitenote_active":false,"_monsterinsights_sitenote_note":"","_monsterinsights_sitenote_category":0},"product_brand":[],"product_cat":[160,241,68],"product_tag":[],"class_list":{"0":"post-989704","1":"product","2":"type-product","3":"status-publish","4":"has-post-thumbnail","6":"product_cat-nutrients","7":"product_cat-koksidiallar","8":"product_cat-poultry","10":"first","11":"instock","12":"shipping-taxable","13":"product-type-simple"},"jetpack_sharing_enabled":true,"_links":{"self":[{"href":"https:\/\/agrovetazerbaijan.az\/ru\/wp-json\/wp\/v2\/product\/989704","targetHints":{"allow":["GET"]}}],"collection":[{"href":"https:\/\/agrovetazerbaijan.az\/ru\/wp-json\/wp\/v2\/product"}],"about":[{"href":"https:\/\/agrovetazerbaijan.az\/ru\/wp-json\/wp\/v2\/types\/product"}],"replies":[{"embeddable":true,"href":"https:\/\/agrovetazerbaijan.az\/ru\/wp-json\/wp\/v2\/comments?post=989704"}],"version-history":[{"count":1,"href":"https:\/\/agrovetazerbaijan.az\/ru\/wp-json\/wp\/v2\/product\/989704\/revisions"}],"predecessor-version":[{"id":989706,"href":"https:\/\/agrovetazerbaijan.az\/ru\/wp-json\/wp\/v2\/product\/989704\/revisions\/989706"}],"wp:featuredmedia":[{"embeddable":true,"href":"https:\/\/agrovetazerbaijan.az\/ru\/wp-json\/wp\/v2\/media\/989705"}],"wp:attachment":[{"href":"https:\/\/agrovetazerbaijan.az\/ru\/wp-json\/wp\/v2\/media?parent=989704"}],"wp:term":[{"taxonomy":"product_brand","embeddable":true,"href":"https:\/\/agrovetazerbaijan.az\/ru\/wp-json\/wp\/v2\/product_brand?post=989704"},{"taxonomy":"product_cat","embeddable":true,"href":"https:\/\/agrovetazerbaijan.az\/ru\/wp-json\/wp\/v2\/product_cat?post=989704"},{"taxonomy":"product_tag","embeddable":true,"href":"https:\/\/agrovetazerbaijan.az\/ru\/wp-json\/wp\/v2\/product_tag?post=989704"}],"curies":[{"name":"WP","href":"https:\/\/api.w.org\/{rel}","templated":true}]}}