{"id":989701,"date":"2025-06-19T23:44:58","date_gmt":"2025-06-19T23:44:58","guid":{"rendered":"https:\/\/agrovetazerbaijan.az\/?post_type=product&#038;p=989701"},"modified":"2025-06-19T23:46:15","modified_gmt":"2025-06-19T23:46:15","slug":"quzu-il%c9%99-carnaval-premium-yetkin-it-yem%c9%99yi","status":"publish","type":"product","link":"https:\/\/agrovetazerbaijan.az\/ru\/product\/quzu-il%c9%99-carnaval-premium-yetkin-it-yem%c9%99yi\/","title":{"rendered":"\u041a\u043e\u0440\u043c \u0434\u043b\u044f \u0432\u0437\u0440\u043e\u0441\u043b\u044b\u0445 \u0441\u043e\u0431\u0430\u043a Carnaval Premium \u0441 \u044f\u0433\u043d\u0435\u043d\u043a\u043e\u043c"},"content":{"rendered":"<div class=\"vgblk-rw-wrapper limit-wrapper\">\n<h3 data-start=\"159\" data-end=\"212\">\ud83d\udc36 <strong data-start=\"166\" data-end=\"210\">\u041a\u043e\u0440\u043c \u0434\u043b\u044f \u0432\u0437\u0440\u043e\u0441\u043b\u044b\u0445 \u0441\u043e\u0431\u0430\u043a Carnaval Premium Lamb<\/strong><\/h3>\n<p data-start=\"213\" data-end=\"261\"><strong data-start=\"213\" data-end=\"261\">\u041f\u043e\u0434\u0445\u043e\u0434\u0438\u0442 \u0434\u043b\u044f \u0434\u0435\u0442\u0435\u0439 \u0432\u0441\u0435\u0445 \u043f\u043e\u043b\u043e\u0432 \u0441\u0442\u0430\u0440\u0448\u0435 1 \u0433\u043e\u0434\u0430.<\/strong><\/p>\n<p data-start=\"263\" data-end=\"568\"><strong data-start=\"263\" data-end=\"274\">\u041e\u043f\u0438\u0441\u0430\u043d\u0438\u0435:<\/strong><br data-start=\"274\" data-end=\"277\" \/>Carnaval Premium Adult Dog with Lamb \u2014 \u0441\u0431\u0430\u043b\u0430\u043d\u0441\u0438\u0440\u043e\u0432\u0430\u043d\u043d\u044b\u0439 \u043f\u043e\u043b\u043d\u043e\u0446\u0435\u043d\u043d\u044b\u0439 \u043a\u043e\u0440\u043c \u0434\u043b\u044f \u0441\u043e\u0431\u0430\u043a \u0441\u0442\u0430\u0440\u0448\u0435 1 \u0433\u043e\u0434\u0430, \u0438\u0437\u0433\u043e\u0442\u043e\u0432\u043b\u0435\u043d\u043d\u044b\u0439 \u0438\u0437 \u0432\u044b\u0441\u043e\u043a\u043e\u043a\u0430\u0447\u0435\u0441\u0442\u0432\u0435\u043d\u043d\u043e\u0433\u043e \u0431\u0435\u043b\u043a\u0430 \u044f\u0433\u043d\u0435\u043d\u043a\u0430. \u0418\u0434\u0435\u0430\u043b\u044c\u043d\u043e \u043f\u043e\u0434\u0445\u043e\u0434\u0438\u0442 \u0434\u043b\u044f \u0432\u0441\u0435\u0445 \u043f\u043e\u0440\u043e\u0434, \u043d\u0435\u0437\u0430\u0432\u0438\u0441\u0438\u043c\u043e \u043e\u0442 \u0442\u043e\u0433\u043e, \u0441\u043e\u0434\u0435\u0440\u0436\u0430\u0442\u0441\u044f \u043b\u0438 \u043e\u043d\u0438 \u0432 \u043f\u043e\u043c\u0435\u0449\u0435\u043d\u0438\u0438 \u0438\u043b\u0438 \u043d\u0430 \u0443\u043b\u0438\u0446\u0435. \u041e\u043d \u0431\u043e\u0433\u0430\u0442 \u043a\u043b\u0435\u0442\u0447\u0430\u0442\u043a\u043e\u0439 \u0434\u043b\u044f \u043f\u043e\u0434\u0434\u0435\u0440\u0436\u043a\u0438 \u043f\u0438\u0449\u0435\u0432\u0430\u0440\u0438\u0442\u0435\u043b\u044c\u043d\u043e\u0439 \u0441\u0438\u0441\u0442\u0435\u043c\u044b, \u0430 \u0442\u0430\u043a\u0436\u0435 \u0432\u0438\u0442\u0430\u043c\u0438\u043d\u0430\u043c\u0438 \u0438 \u043c\u0438\u043d\u0435\u0440\u0430\u043b\u0430\u043c\u0438 \u0434\u043b\u044f \u0443\u043a\u0440\u0435\u043f\u043b\u0435\u043d\u0438\u044f \u0438\u043c\u043c\u0443\u043d\u043d\u043e\u0439 \u0441\u0438\u0441\u0442\u0435\u043c\u044b.<\/p>\n<hr data-start=\"570\" data-end=\"573\" \/>\n<h3 data-start=\"575\" data-end=\"596\">\ud83e\uddec <strong data-start=\"582\" data-end=\"594\">\u0418\u043d\u0433\u0440\u0435\u0434\u0438\u0435\u043d\u0442\u044b:<\/strong><\/h3>\n<p data-start=\"597\" data-end=\"868\">\u0411\u0435\u043b\u043e\u043a \u044f\u0433\u043d\u0435\u043d\u043a\u0430, \u043a\u0443\u043a\u0443\u0440\u0443\u0437\u0430, \u0440\u0438\u0441, \u043e\u0431\u0440\u0430\u0431\u043e\u0442\u0430\u043d\u043d\u044b\u0439 \u0436\u0438\u0432\u043e\u0442\u043d\u044b\u0439 \u0431\u0435\u043b\u043e\u043a, \u0431\u043e\u043d\u043a\u0430\u043b\u0438\u0442, \u043f\u0448\u0435\u043d\u0438\u0447\u043d\u044b\u0435 \u043e\u0442\u0440\u0443\u0431\u0438, \u0436\u0438\u0432\u043e\u0442\u043d\u044b\u0439 \u0436\u0438\u0440, \u043a\u0443\u043a\u0443\u0440\u0443\u0437\u043d\u044b\u0439 \u0433\u043b\u044e\u0442\u0435\u043d, \u0432\u043e\u043b\u043e\u043a\u043d\u0430 \u0441\u0430\u0445\u0430\u0440\u043d\u043e\u0439 \u0441\u0432\u0435\u043a\u043b\u044b, \u0430\u0440\u043e\u043c\u0430\u0442\u0438\u0437\u0430\u0442\u043e\u0440 \u0441\u043e \u0432\u043a\u0443\u0441\u043e\u043c \u043f\u0435\u0447\u0435\u043d\u0438, \u0430\u0432\u0442\u043e\u043b\u0438\u0437\u0438\u0440\u043e\u0432\u0430\u043d\u043d\u044b\u0435 \u0434\u0440\u043e\u0436\u0436\u0438, \u0441\u043e\u043b\u044c, \u043b\u044c\u043d\u044f\u043d\u043e\u0435 \u0441\u0435\u043c\u044f, \u0441\u0443\u0445\u0430\u044f \u0441\u044b\u0432\u043e\u0440\u043e\u0442\u043a\u0430, \u043f\u0438\u0432\u043d\u044b\u0435 \u0434\u0440\u043e\u0436\u0436\u0438, \u042e\u043a\u043a\u0430 \u0428\u0438\u0434\u0438\u0433\u0435\u0440\u0430, \u0424\u041e\u0421 (\u0444\u0440\u0443\u043a\u0442\u043e\u043e\u043b\u0438\u0433\u043e\u0441\u0430\u0445\u0430\u0440\u0438\u0434\u044b), \u0431\u0435\u0442\u0430-\u0433\u043b\u044e\u043a\u0430\u043d.<\/p>\n<hr data-start=\"870\" data-end=\"873\" \/>\n<h3 data-start=\"875\" data-end=\"908\">\ud83e\uddea <strong data-start=\"882\" data-end=\"908\">\u0410\u043d\u0430\u043b\u0438\u0442\u0438\u0447\u0435\u0441\u043a\u0438\u0439 \u0441\u043e\u0441\u0442\u0430\u0432 (100%)<\/strong><\/h3>\n<ul data-start=\"909\" data-end=\"976\">\n<li data-start=\"909\" data-end=\"927\">\n<p data-start=\"911\" data-end=\"927\">Ham Z\u00fclal: %21<\/p>\n<\/li>\n<li data-start=\"928\" data-end=\"944\">\n<p data-start=\"930\" data-end=\"944\">Ham Ya\u011f: %11<\/p>\n<\/li>\n<li data-start=\"945\" data-end=\"960\">\n<p data-start=\"947\" data-end=\"960\">\u0421\u044b\u0440\u0430\u044f \u043a\u043b\u0435\u0442\u0447\u0430\u0442\u043a\u0430: %4<\/p>\n<\/li>\n<li data-start=\"961\" data-end=\"976\">\n<p data-start=\"963\" data-end=\"976\">\u0421\u044b\u0440\u0430\u044f \u0437\u043e\u043b\u0430: %8<\/p>\n<\/li>\n<\/ul>\n<hr data-start=\"978\" data-end=\"981\" \/>\n<h3 data-start=\"983\" data-end=\"1031\">\ud83d\udc8a <strong data-start=\"990\" data-end=\"1031\">\u0414\u043e\u043f\u043e\u043b\u043d\u0438\u0442\u0435\u043b\u044c\u043d\u044b\u0435 \u043f\u0438\u0442\u0430\u0442\u0435\u043b\u044c\u043d\u044b\u0435 \u0432\u0435\u0449\u0435\u0441\u0442\u0432\u0430 (\u043d\u0430 1 \u043a\u0433):<\/strong><\/h3>\n<ul data-start=\"1032\" data-end=\"1308\">\n<li data-start=\"1032\" data-end=\"1060\">\n<p data-start=\"1034\" data-end=\"1060\"><strong data-start=\"1034\" data-end=\"1048\">\u0412\u0438\u0442\u0430\u043c\u0438\u043d \u0410:<\/strong> 15 000 \u041c\u0415<\/p>\n<\/li>\n<li data-start=\"1061\" data-end=\"1089\">\n<p data-start=\"1063\" data-end=\"1089\"><strong data-start=\"1063\" data-end=\"1078\">\u0412\u0438\u0442\u0430\u043c\u0438\u043d D3:<\/strong> 1000 \u041c\u0415<\/p>\n<\/li>\n<li data-start=\"1090\" data-end=\"1115\">\n<p data-start=\"1092\" data-end=\"1115\"><strong data-start=\"1092\" data-end=\"1106\">\u0412\u0438\u0442\u0430\u043c\u0438\u043d \u0415:<\/strong> 100 \u043c\u0433<\/p>\n<\/li>\n<li data-start=\"1116\" data-end=\"1141\">\n<p data-start=\"1118\" data-end=\"1141\"><strong data-start=\"1118\" data-end=\"1132\">\u0412\u0438\u0442\u0430\u043c\u0438\u043d \u0421:<\/strong> 100 \u043c\u0433<\/p>\n<\/li>\n<li data-start=\"1142\" data-end=\"1228\">\n<p data-start=\"1144\" data-end=\"1228\">\u0412\u0438\u0442\u0430\u043c\u0438\u043d\u044b: B-\u043a\u043e\u043c\u043f\u043b\u0435\u043a\u0441 (B1, B2, B3, B6, B7, B9, B12), K, \u0445\u043e\u043b\u0438\u043d, \u043f\u0430\u043d\u0442\u043e\u0442\u0435\u043d\u0430\u0442 \u043a\u0430\u043b\u044c\u0446\u0438\u044f<\/p>\n<\/li>\n<li data-start=\"1229\" data-end=\"1308\">\n<p data-start=\"1231\" data-end=\"1308\">\u041c\u0438\u043d\u0435\u0440\u0430\u043b\u044b: \u043a\u0430\u043b\u044c\u0446\u0438\u0439, \u0444\u043e\u0441\u0444\u043e\u0440, \u043d\u0430\u0442\u0440\u0438\u0439, \u043a\u0430\u043b\u0438\u0439, \u0436\u0435\u043b\u0435\u0437\u043e, \u0446\u0438\u043d\u043a, \u043c\u0435\u0434\u044c, \u0439\u043e\u0434, \u0441\u0435\u043b\u0435\u043d<\/p>\n<\/li>\n<\/ul>\n<hr data-start=\"1310\" data-end=\"1313\" \/>\n<h3 data-start=\"1315\" data-end=\"1351\">\ud83d\udce6 <strong data-start=\"1322\" data-end=\"1338\">\u0423\u043f\u0430\u043a\u043e\u0432\u043a\u0430:<\/strong> \u041c\u0435\u0448\u043e\u043a 15 \u043a\u0433<\/h3>\n<p data-start=\"1352\" data-end=\"1549\"><strong data-start=\"1352\" data-end=\"1373\">\u0414\u0430\u0442\u0430 \u043e\u043a\u043e\u043d\u0447\u0430\u043d\u0438\u044f \u0441\u0440\u043e\u043a\u0430:<\/strong> 24 \u043c\u0435\u0441\u044f\u0446\u0430<br data-start=\"1379\" data-end=\"1382\" \/><strong data-start=\"1382\" data-end=\"1392\">\u0418\u0441\u0442\u043e\u0447\u043d\u0438\u043a:<\/strong> \u0422\u0443\u0440\u0446\u0438\u044f<br data-start=\"1400\" data-end=\"1403\" \/><strong data-start=\"1403\" data-end=\"1418\">\u041f\u0440\u043e\u0438\u0437\u0432\u043e\u0434\u0438\u0442\u0435\u043b\u044c:<\/strong> LEADER PETFOOD FEED MANUFACTURING AND TRADING. A.S<\/p>\n<\/div>\n<p><!-- .vgblk-rw-wrapper --><\/p>","protected":false},"excerpt":{"rendered":"<p>\ud83d\udc36 Carnaval Premium Quzulu Yetkin \u0130t Qidas\u0131 1 ya\u015fdan yuxar\u0131 b\u00fct\u00fcn cinsl\u0259r \u00fc\u00e7\u00fcn uy\u011fundur. T\u0259svir:Carnaval Premium Adult Dog with Quzu \u2014 y\u00fcks\u0259k keyfiyy\u0259tli quzu z\u00fclal\u0131 il\u0259 haz\u0131rlanm\u0131\u015f, 1 ya\u015fdan yuxar\u0131 itl\u0259r \u00fc\u00e7\u00fcn balansla\u015fd\u0131r\u0131lm\u0131\u015f tam yemdir. Evd\u0259 v\u0259 ya \u00e7\u00f6ld\u0259 saxlan\u0131lan b\u00fct\u00fcn cinsl\u0259r \u00fc\u00e7\u00fcn ideald\u0131r. H\u0259zm sistemini d\u0259st\u0259kl\u0259y\u0259n lifl\u0259r, g\u00fccl\u00fc immunitet \u00fc\u00e7\u00fcn vitamin v\u0259 minerallarla z\u0259ngindir&#8230;.<\/p>","protected":false},"featured_media":989702,"comment_status":"closed","ping_status":"closed","template":"","meta":{"nf_dc_page":"","_monsterinsights_skip_tracking":false,"_monsterinsights_sitenote_active":false,"_monsterinsights_sitenote_note":"","_monsterinsights_sitenote_category":0},"product_brand":[],"product_cat":[244,58,245],"product_tag":[],"class_list":{"0":"post-989701","1":"product","2":"type-product","3":"status-publish","4":"has-post-thumbnail","6":"product_cat-it-ve-pisik-mehsullari","7":"product_cat-dog","8":"product_cat-yemler","10":"first","11":"instock","12":"shipping-taxable","13":"product-type-simple"},"jetpack_sharing_enabled":true,"_links":{"self":[{"href":"https:\/\/agrovetazerbaijan.az\/ru\/wp-json\/wp\/v2\/product\/989701","targetHints":{"allow":["GET"]}}],"collection":[{"href":"https:\/\/agrovetazerbaijan.az\/ru\/wp-json\/wp\/v2\/product"}],"about":[{"href":"https:\/\/agrovetazerbaijan.az\/ru\/wp-json\/wp\/v2\/types\/product"}],"replies":[{"embeddable":true,"href":"https:\/\/agrovetazerbaijan.az\/ru\/wp-json\/wp\/v2\/comments?post=989701"}],"version-history":[{"count":1,"href":"https:\/\/agrovetazerbaijan.az\/ru\/wp-json\/wp\/v2\/product\/989701\/revisions"}],"predecessor-version":[{"id":989703,"href":"https:\/\/agrovetazerbaijan.az\/ru\/wp-json\/wp\/v2\/product\/989701\/revisions\/989703"}],"wp:featuredmedia":[{"embeddable":true,"href":"https:\/\/agrovetazerbaijan.az\/ru\/wp-json\/wp\/v2\/media\/989702"}],"wp:attachment":[{"href":"https:\/\/agrovetazerbaijan.az\/ru\/wp-json\/wp\/v2\/media?parent=989701"}],"wp:term":[{"taxonomy":"product_brand","embeddable":true,"href":"https:\/\/agrovetazerbaijan.az\/ru\/wp-json\/wp\/v2\/product_brand?post=989701"},{"taxonomy":"product_cat","embeddable":true,"href":"https:\/\/agrovetazerbaijan.az\/ru\/wp-json\/wp\/v2\/product_cat?post=989701"},{"taxonomy":"product_tag","embeddable":true,"href":"https:\/\/agrovetazerbaijan.az\/ru\/wp-json\/wp\/v2\/product_tag?post=989701"}],"curies":[{"name":"WP","href":"https:\/\/api.w.org\/{rel}","templated":true}]}}