{"id":989693,"date":"2025-06-19T22:29:42","date_gmt":"2025-06-19T22:29:42","guid":{"rendered":"https:\/\/agrovetazerbaijan.az\/?post_type=product&#038;p=989693"},"modified":"2025-07-10T22:53:19","modified_gmt":"2025-07-10T22:53:19","slug":"petline-super-premium-bala-it-yem%c9%99yi-quzulu","status":"publish","type":"product","link":"https:\/\/agrovetazerbaijan.az\/ru\/product\/petline-super-premium-bala-it-yem%c9%99yi-quzulu\/","title":{"rendered":"\u041a\u043e\u0440\u043c \u0434\u043b\u044f \u0449\u0435\u043d\u043a\u043e\u0432 Petline Super Premium \u0441 \u044f\u0433\u043d\u0435\u043d\u043a\u043e\u043c"},"content":{"rendered":"<div class=\"vgblk-rw-wrapper limit-wrapper\">\n<h3 data-start=\"121\" data-end=\"157\">\ud83d\udc3e <strong data-start=\"128\" data-end=\"157\">Petline Puppy Lamb Selection<\/strong><\/h3>\n<p data-start=\"159\" data-end=\"420\"><strong data-start=\"159\" data-end=\"171\">\u041e\u043f\u0438\u0441\u0430\u043d\u0438\u0435:<\/strong><br data-start=\"171\" data-end=\"174\" \/>\u041a\u043e\u0440\u043c Petline Puppy Lamb Selection, \u0442\u0449\u0430\u0442\u0435\u043b\u044c\u043d\u043e \u043e\u0442\u043e\u0431\u0440\u0430\u043d\u043d\u044b\u0435 \u0438\u043d\u0433\u0440\u0435\u0434\u0438\u0435\u043d\u0442\u044b \u0438 \u0441\u043f\u0435\u0446\u0438\u0430\u043b\u044c\u043d\u043e \u0434\u043e\u0431\u0430\u0432\u043b\u0435\u043d\u043d\u044b\u0435 <strong data-start=\"253\" data-end=\"269\">\u043f\u0440\u043e\u0431\u0438\u043e\u0442\u0438\u043a\u0438<\/strong>, <strong data-start=\"271\" data-end=\"282\">\u0430\u0440\u0433\u0438\u043d\u0438\u043d<\/strong>, <strong data-start=\"284\" data-end=\"298\">\u0433\u043b\u044e\u043a\u043e\u0437\u0430\u043c\u0438\u043d<\/strong>, <strong data-start=\"300\" data-end=\"314\">\u0445\u043e\u043d\u0434\u0440\u043e\u0438\u0442\u0438\u043d<\/strong> \u041e\u043d \u043f\u043e\u0434\u0434\u0435\u0440\u0436\u0438\u0432\u0430\u0435\u0442 \u043e\u043f\u0442\u0438\u043c\u0430\u043b\u044c\u043d\u044b\u0439 \u043e\u0431\u043c\u0435\u043d \u0432\u0435\u0449\u0435\u0441\u0442\u0432 \u0432\u0430\u0448\u0435\u0433\u043e \u0449\u0435\u043d\u043a\u0430 \u0438 \u043f\u043e\u043c\u043e\u0433\u0430\u0435\u0442 \u0435\u043c\u0443 \u0436\u0438\u0442\u044c \u0437\u0434\u043e\u0440\u043e\u0432\u043e\u0439 \u0436\u0438\u0437\u043d\u044c\u044e.<\/p>\n<hr data-start=\"422\" data-end=\"425\" \/>\n<p data-start=\"427\" data-end=\"906\"><strong data-start=\"427\" data-end=\"439\">\u0418\u043d\u0433\u0440\u0435\u0434\u0438\u0435\u043d\u0442\u044b:<\/strong><br data-start=\"439\" data-end=\"442\" \/>\u041f\u0435\u0440\u0435\u0440\u0430\u0431\u043e\u0442\u0430\u043d\u043d\u044b\u0439 \u0431\u0435\u043b\u043e\u043a \u044f\u0433\u043d\u0435\u043d\u043a\u0430, \u043f\u0435\u0440\u0435\u0440\u0430\u0431\u043e\u0442\u0430\u043d\u043d\u044b\u0439 \u0436\u0438\u0432\u043e\u0442\u043d\u044b\u0439 \u0431\u0435\u043b\u043e\u043a, \u043a\u0443\u0440\u0438\u043d\u044b\u0439 \u0436\u0438\u0440, \u043a\u0443\u043a\u0443\u0440\u0443\u0437\u0430, \u0440\u0438\u0441, \u0441\u0430\u0445\u0430\u0440\u043d\u0430\u044f \u0441\u0432\u0435\u043a\u043b\u0430, \u043f\u0435\u0447\u0435\u043d\u043e\u0447\u043d\u044b\u0439 \u0430\u0440\u043e\u043c\u0430\u0442\u0438\u0437\u0430\u0442\u043e\u0440, \u0441\u044b\u0432\u043e\u0440\u043e\u0442\u043e\u0447\u043d\u044b\u0439 \u043f\u043e\u0440\u043e\u0448\u043e\u043a, <strong data-start=\"574\" data-end=\"600\">\u041f\u0438\u0449\u0435\u0432\u044b\u0435 \u0434\u043e\u0431\u0430\u0432\u043a\u0438 Alltech<\/strong> (\u041c\u0430\u043d\u043d\u0430\u043d\u043e\u0432\u044b\u0435 \u043e\u043b\u0438\u0433\u043e\u0441\u0430\u0445\u0430\u0440\u0438\u0434\u044b, \u042e\u043a\u043a\u0430 \u0428\u0438\u0434\u0438\u0433\u0435\u0440\u0430, \u0441\u0432\u044f\u0437\u044b\u0432\u0430\u0442\u0435\u043b\u044c \u043c\u0438\u043a\u043e\u0442\u043e\u043a\u0441\u0438\u043d\u043e\u0432, \u0433\u043b\u0443\u0442\u0430\u043c\u0438\u043d\u043e\u0432\u0430\u044f \u043a\u0438\u0441\u043b\u043e\u0442\u0430, \u0430\u043c\u0438\u043d\u043e\u043a\u0438\u0441\u043b\u043e\u0442\u044b, \u0430\u0440\u0433\u0438\u043d\u043e\u0442\u0438\u0434\u044b, \u0430\u0440\u0433\u0438\u043d\u0438\u043d\u043e\u0432\u044b\u0435 \u043a\u0438\u0441\u043b\u043e\u0442\u044b), \u0441\u0435\u043b\u0435\u043d, \u043f\u0440\u0435\u0431\u0438\u043e\u0442\u0438\u043a\u0438, \u0432\u0438\u0442\u0430\u043c\u0438\u043d\u044b \u0438 \u043c\u0438\u043d\u0435\u0440\u0430\u043b\u044b, \u043a\u0441\u0438\u043b\u043e-\u043e\u043b\u0438\u0433\u043e\u0441\u0430\u0445\u0430\u0440\u0438\u0434\u044b, \u043f\u0438\u0432\u043d\u044b\u0435 \u0434\u0440\u043e\u0436\u0436\u0438, \u043b\u044c\u043d\u044f\u043d\u043e\u0435 \u0441\u0435\u043c\u044f, L-\u043a\u0430\u0440\u043d\u0438\u0442\u0438\u043d, \u0441\u043e\u043b\u044c, \u0433\u043b\u044e\u043a\u043e\u0437\u0430\u043c\u0438\u043d, \u0445\u043e\u043d\u0434\u0440\u043e\u0438\u0442\u0438\u043d, \u043a\u043e\u043d\u0441\u0435\u0440\u0432\u0430\u043d\u0442\u044b \u0438 \u0430\u043d\u0442\u0438\u043e\u043a\u0441\u0438\u0434\u0430\u043d\u0442\u044b.<\/p>\n<hr data-start=\"908\" data-end=\"911\" \/>\n<p data-start=\"913\" data-end=\"1004\"><strong data-start=\"913\" data-end=\"928\">\u041c\u0438\u043d\u0435\u0440\u0430\u043b\u044b:<\/strong><br data-start=\"928\" data-end=\"931\" \/>\u041a\u0430\u043b\u044c\u0446\u0438\u0439, \u0444\u043e\u0441\u0444\u043e\u0440, \u043d\u0430\u0442\u0440\u0438\u0439, \u0439\u043e\u0434, \u0446\u0438\u043d\u043a, \u043c\u0435\u0434\u044c, \u0445\u043b\u043e\u0440\u0438\u0434 \u043a\u0430\u043b\u0438\u044f, \u0436\u0435\u043b\u0435\u0437\u043e, \u0441\u0435\u043b\u0435\u043d.<\/p>\n<hr data-start=\"1006\" data-end=\"1009\" \/>\n<p data-start=\"1011\" data-end=\"1189\"><strong data-start=\"1011\" data-end=\"1026\">\u0412\u0438\u0442\u0430\u043c\u0438\u043d\u044b:<\/strong><br data-start=\"1026\" data-end=\"1029\" \/>\u0412\u0438\u0442\u0430\u043c\u0438\u043d\u044b: \u0410, D, E, C, K, B1, B2, B6, B12, \u043f\u0430\u043d\u0442\u043e\u0442\u0435\u043d\u0430\u0442 \u043a\u0430\u043b\u044c\u0446\u0438\u044f, \u0444\u043e\u043b\u0438\u0435\u0432\u0430\u044f \u043a\u0438\u0441\u043b\u043e\u0442\u0430 (2,5 \u043c\u0433\/\u043a\u0433), \u0445\u043e\u043b\u0438\u043d (2500 \u043c\u0433\/\u043a\u0433), \u043d\u0438\u0430\u0446\u0438\u043d (150 \u043c\u0433\/\u043a\u0433), \u0431\u0438\u043e\u0442\u0438\u043d (0,8 \u043c\u0433\/\u043a\u0433).<\/p>\n<hr data-start=\"1191\" data-end=\"1194\" \/>\n<p data-start=\"1196\" data-end=\"1224\"><strong data-start=\"1196\" data-end=\"1222\">\u0410\u043d\u0430\u043b\u0438\u0442\u0438\u0447\u0435\u0441\u043a\u0438\u0435 \u043f\u043e\u043a\u0430\u0437\u0430\u0442\u0435\u043b\u0438:<\/strong><\/p>\n<ul data-start=\"1225\" data-end=\"1294\">\n<li data-start=\"1225\" data-end=\"1245\">\n<p data-start=\"1227\" data-end=\"1245\">\u0421\u044b\u0440\u043e\u0439 \u043f\u0440\u043e\u0442\u0435\u0438\u043d: 28%<\/p>\n<\/li>\n<li data-start=\"1246\" data-end=\"1262\">\n<p data-start=\"1248\" data-end=\"1262\">\u0421\u044b\u0440\u0430\u044f \u043d\u0435\u0444\u0442\u044c: 16%<\/p>\n<\/li>\n<li data-start=\"1263\" data-end=\"1280\">\n<p data-start=\"1265\" data-end=\"1280\">\u0421\u044b\u0440\u0430\u044f \u043a\u043b\u0435\u0442\u0447\u0430\u0442\u043a\u0430: 2,5%<\/p>\n<\/li>\n<li data-start=\"1281\" data-end=\"1294\">\n<p data-start=\"1283\" data-end=\"1294\">\u0421\u044b\u0440\u0430\u044f \u0437\u043e\u043b\u0430: 8%<\/p>\n<\/li>\n<\/ul>\n<hr data-start=\"1296\" data-end=\"1299\" \/>\n<p data-start=\"1453\" data-end=\"1626\">\n<\/div>\n<p><!-- .vgblk-rw-wrapper --><\/p>","protected":false},"excerpt":{"rendered":"<p>\ud83d\udc3e Petline Puppy Quzu Se\u00e7imi T\u0259sviri:Petline Puppy Quzu Se\u00e7imi, diqq\u0259tl\u0259 se\u00e7ilmi\u015f xammallar v\u0259 x\u00fcsusi \u0259lav\u0259 edilmi\u015f probiotikl\u0259r, arginin, ql\u00fckozamin, xondroitin il\u0259 balan\u0131z\u0131n madd\u0259l\u0259r m\u00fcbadil\u0259sinin optimal i\u015fl\u0259m\u0259sini d\u0259st\u0259kl\u0259yir v\u0259 sa\u011flam h\u0259yat s\u00fcrm\u0259sin\u0259 k\u00f6m\u0259k edir. T\u0259rkibi:Emal edilmi\u015f quzu z\u00fclal\u0131, emal edilmi\u015f heyvan z\u00fclal\u0131, toyuq ya\u011f\u0131, qar\u011f\u0131dal\u0131, d\u00fcy\u00fc, \u015f\u0259k\u0259r \u00e7u\u011funduru, qaraciy\u0259r l\u0259zz\u0259ti, z\u0259rdab tozu, Alltech qida \u0259lav\u0259l\u0259ri (Mannan&#8230;<\/p>","protected":false},"featured_media":989694,"comment_status":"closed","ping_status":"closed","template":"","meta":{"nf_dc_page":"","_monsterinsights_skip_tracking":false,"_monsterinsights_sitenote_active":false,"_monsterinsights_sitenote_note":"","_monsterinsights_sitenote_category":0},"product_brand":[],"product_cat":[58,244,245],"product_tag":[],"class_list":{"0":"post-989693","1":"product","2":"type-product","3":"status-publish","4":"has-post-thumbnail","6":"product_cat-dog","7":"product_cat-it-ve-pisik-mehsullari","8":"product_cat-yemler","10":"first","11":"instock","12":"shipping-taxable","13":"product-type-simple"},"jetpack_sharing_enabled":true,"_links":{"self":[{"href":"https:\/\/agrovetazerbaijan.az\/ru\/wp-json\/wp\/v2\/product\/989693","targetHints":{"allow":["GET"]}}],"collection":[{"href":"https:\/\/agrovetazerbaijan.az\/ru\/wp-json\/wp\/v2\/product"}],"about":[{"href":"https:\/\/agrovetazerbaijan.az\/ru\/wp-json\/wp\/v2\/types\/product"}],"replies":[{"embeddable":true,"href":"https:\/\/agrovetazerbaijan.az\/ru\/wp-json\/wp\/v2\/comments?post=989693"}],"version-history":[{"count":2,"href":"https:\/\/agrovetazerbaijan.az\/ru\/wp-json\/wp\/v2\/product\/989693\/revisions"}],"predecessor-version":[{"id":989819,"href":"https:\/\/agrovetazerbaijan.az\/ru\/wp-json\/wp\/v2\/product\/989693\/revisions\/989819"}],"wp:featuredmedia":[{"embeddable":true,"href":"https:\/\/agrovetazerbaijan.az\/ru\/wp-json\/wp\/v2\/media\/989694"}],"wp:attachment":[{"href":"https:\/\/agrovetazerbaijan.az\/ru\/wp-json\/wp\/v2\/media?parent=989693"}],"wp:term":[{"taxonomy":"product_brand","embeddable":true,"href":"https:\/\/agrovetazerbaijan.az\/ru\/wp-json\/wp\/v2\/product_brand?post=989693"},{"taxonomy":"product_cat","embeddable":true,"href":"https:\/\/agrovetazerbaijan.az\/ru\/wp-json\/wp\/v2\/product_cat?post=989693"},{"taxonomy":"product_tag","embeddable":true,"href":"https:\/\/agrovetazerbaijan.az\/ru\/wp-json\/wp\/v2\/product_tag?post=989693"}],"curies":[{"name":"WP","href":"https:\/\/api.w.org\/{rel}","templated":true}]}}