{"id":989690,"date":"2025-06-19T22:26:02","date_gmt":"2025-06-19T22:26:02","guid":{"rendered":"https:\/\/agrovetazerbaijan.az\/?post_type=product&#038;p=989690"},"modified":"2025-07-10T22:54:10","modified_gmt":"2025-07-10T22:54:10","slug":"petline-premium-yetkin-quzu","status":"publish","type":"product","link":"https:\/\/agrovetazerbaijan.az\/ru\/product\/petline-premium-yetkin-quzu\/","title":{"rendered":"Petline Premium Adult Lamb"},"content":{"rendered":"<div class=\"vgblk-rw-wrapper limit-wrapper\">\n<h3 data-start=\"233\" data-end=\"284\">\ud83d\udc36 <strong data-start=\"240\" data-end=\"284\">\u041a\u043e\u0440\u043c \u0434\u043b\u044f \u0432\u0437\u0440\u043e\u0441\u043b\u044b\u0445 \u0441\u043e\u0431\u0430\u043a Petline Premium Lamb<\/strong><\/h3>\n<p data-start=\"286\" data-end=\"668\"><strong data-start=\"286\" data-end=\"298\">\u041e\u043f\u0438\u0441\u0430\u043d\u0438\u0435:<\/strong><br data-start=\"298\" data-end=\"301\" \/>\u041a\u043e\u0440\u043c \u0434\u043b\u044f \u0441\u043e\u0431\u0430\u043a Petline Premium Lamb \u2014 \u044d\u0442\u043e \u0432\u044b\u0441\u043e\u043a\u043e\u043a\u0430\u0447\u0435\u0441\u0442\u0432\u0435\u043d\u043d\u044b\u0439 \u0438 \u0441\u0431\u0430\u043b\u0430\u043d\u0441\u0438\u0440\u043e\u0432\u0430\u043d\u043d\u044b\u0439 \u0440\u0430\u0446\u0438\u043e\u043d, \u0440\u0430\u0437\u0440\u0430\u0431\u043e\u0442\u0430\u043d\u043d\u044b\u0439 \u0434\u043b\u044f \u0432\u0437\u0440\u043e\u0441\u043b\u044b\u0445 \u0441\u043e\u0431\u0430\u043a \u0432\u0441\u0435\u0445 \u043f\u043e\u0440\u043e\u0434 \u0441\u0442\u0430\u0440\u0448\u0435 \u043e\u0434\u043d\u043e\u0433\u043e \u0433\u043e\u0434\u0430. <strong data-start=\"463\" data-end=\"480\">\u043f\u0440\u0435\u043c\u0438\u0443\u043c-\u043a\u043b\u0430\u0441\u0441<\/strong> \u042d\u0442\u043e \u043f\u0440\u043e\u0434\u0443\u043a\u0442 \u043f\u0438\u0442\u0430\u043d\u0438\u044f. \u041e\u043d \u0441\u043f\u043e\u0441\u043e\u0431\u0441\u0442\u0432\u0443\u0435\u0442 \u0440\u0430\u0437\u0432\u0438\u0442\u0438\u044e \u043c\u044b\u0448\u0446 \u0431\u043b\u0430\u0433\u043e\u0434\u0430\u0440\u044f \u0431\u043e\u0433\u0430\u0442\u0441\u0442\u0432\u0443 \u0436\u0438\u0432\u043e\u0442\u043d\u043e\u0433\u043e \u0431\u0435\u043b\u043a\u0430. <strong data-start=\"575\" data-end=\"596\">\u0414\u043e\u0431\u0430\u0432\u043a\u0438 Alltech<\/strong> \u0431\u043b\u0430\u0433\u043e\u0434\u0430\u0440\u044f \u0447\u0435\u043c\u0443 \u0441\u043f\u043e\u0441\u043e\u0431\u0441\u0442\u0432\u0443\u0435\u0442 \u0443\u043a\u0440\u0435\u043f\u043b\u0435\u043d\u0438\u044e \u043f\u0438\u0449\u0435\u0432\u0430\u0440\u0438\u0442\u0435\u043b\u044c\u043d\u043e\u0439 \u0441\u0438\u0441\u0442\u0435\u043c\u044b \u0438 \u0438\u043c\u043c\u0443\u043d\u0438\u0442\u0435\u0442\u0430.<\/p>\n<hr data-start=\"670\" data-end=\"673\" \/>\n<p data-start=\"675\" data-end=\"1111\"><strong data-start=\"675\" data-end=\"687\">\u0418\u043d\u0433\u0440\u0435\u0434\u0438\u0435\u043d\u0442\u044b:<\/strong><br data-start=\"687\" data-end=\"690\" \/>\u0411\u0435\u043b\u043e\u043a \u044f\u0433\u043d\u0435\u043d\u043a\u0430, \u0431\u0435\u043b\u043e\u043a \u043f\u0435\u0440\u0435\u0440\u0430\u0431\u043e\u0442\u0430\u043d\u043d\u043e\u0439 \u0440\u044b\u0431\u044b, \u0433\u0438\u0434\u0440\u043e\u043b\u0438\u0437\u043e\u0432\u0430\u043d\u043d\u044b\u0439 \u043a\u0443\u0440\u0438\u043d\u044b\u0439 \u0431\u0435\u043b\u043e\u043a, \u043a\u0443\u0440\u0438\u043d\u044b\u0439 \u0436\u0438\u0440, \u0440\u0438\u0441, \u043a\u0443\u043a\u0443\u0440\u0443\u0437\u0430, \u0440\u044b\u0431\u0438\u0439 \u0436\u0438\u0440, \u0441\u0430\u0445\u0430\u0440\u043d\u0430\u044f \u0441\u0432\u0435\u043a\u043b\u0430, \u0440\u044b\u0431\u043d\u044b\u0439 \u0430\u0440\u043e\u043c\u0430\u0442\u0438\u0437\u0430\u0442\u043e\u0440, <strong data-start=\"835\" data-end=\"861\">\u041f\u0438\u0449\u0435\u0432\u044b\u0435 \u0434\u043e\u0431\u0430\u0432\u043a\u0438 Alltech<\/strong> (\u043c\u0430\u043d\u043d\u0430\u043d\u043e\u0432\u044b\u0435 \u043e\u043b\u0438\u0433\u043e\u0441\u0430\u0445\u0430\u0440\u0438\u0434\u044b, \u042e\u043a\u043a\u0430 \u0428\u0438\u0434\u0438\u0433\u0435\u0440\u0430, \u0441\u0432\u044f\u0437\u044b\u0432\u0430\u0442\u0435\u043b\u0438 \u043c\u0438\u043a\u043e\u0442\u043e\u043a\u0441\u0438\u043d\u043e\u0432 \u0438 \u0442.\u0434.), \u0430\u043c\u0438\u043d\u043e\u043a\u0438\u0441\u043b\u043e\u0442\u044b, <strong data-start=\"955\" data-end=\"975\">\u043e\u0440\u0433\u0430\u043d\u0438\u0447\u0435\u0441\u043a\u0438\u0439 \u0441\u0435\u043b\u0435\u043d<\/strong>, <strong data-start=\"977\" data-end=\"994\">\u043f\u0440\u0435\u0431\u0438\u043e\u0442\u0438\u043a\u0438<\/strong>, <strong data-start=\"996\" data-end=\"1013\">\u043f\u0440\u043e\u0431\u0438\u043e\u0442\u0438\u043a\u0438<\/strong>, <strong data-start=\"1015\" data-end=\"1038\">\u041a\u0441\u0438\u043b\u043e-\u043e\u043b\u0438\u0433\u043e\u0441\u0430\u0445\u0430\u0440\u0438\u0434<\/strong>, \u043f\u0438\u0432\u043d\u044b\u0435 \u0434\u0440\u043e\u0436\u0436\u0438, \u043b\u044c\u043d\u044f\u043d\u043e\u0435 \u0441\u0435\u043c\u044f, \u0441\u043e\u043b\u044c, \u0442\u0430\u0443\u0440\u0438\u043d, \u043a\u043e\u043d\u0441\u0435\u0440\u0432\u0430\u043d\u0442\u044b, \u0430\u043d\u0442\u0438\u043e\u043a\u0441\u0438\u0434\u0430\u043d\u0442\u044b.<\/p>\n<hr data-start=\"1113\" data-end=\"1116\" \/>\n<p data-start=\"1118\" data-end=\"1209\"><strong data-start=\"1118\" data-end=\"1133\">\u041c\u0438\u043d\u0435\u0440\u0430\u043b\u044b:<\/strong><br data-start=\"1133\" data-end=\"1136\" \/>\u041a\u0430\u043b\u044c\u0446\u0438\u0439, \u0444\u043e\u0441\u0444\u043e\u0440, \u043d\u0430\u0442\u0440\u0438\u0439, \u0439\u043e\u0434, \u0446\u0438\u043d\u043a, \u043c\u0435\u0434\u044c, \u0445\u043b\u043e\u0440\u0438\u0434 \u043a\u0430\u043b\u0438\u044f, \u0436\u0435\u043b\u0435\u0437\u043e, \u0441\u0435\u043b\u0435\u043d.<\/p>\n<hr data-start=\"1211\" data-end=\"1214\" \/>\n<p data-start=\"1216\" data-end=\"1414\"><strong data-start=\"1216\" data-end=\"1231\">\u0412\u0438\u0442\u0430\u043c\u0438\u043d\u044b:<\/strong><br data-start=\"1231\" data-end=\"1234\" \/>\u0412\u0438\u0442. \u0410, \u0412\u0438\u0442. \u0414, \u0412\u0438\u0442. \u042d, \u0412\u0438\u0442. \u0421, \u0412\u0438\u0442. \u041a, \u0412\u0438\u0442. \u04111, \u04112, \u04116, \u041112, <strong data-start=\"1290\" data-end=\"1312\">\u041f\u0430\u043d\u0442\u043e\u0442\u0435\u043d\u0430\u0442 \u043a\u0430\u043b\u044c\u0446\u0438\u044f<\/strong>, <strong data-start=\"1314\" data-end=\"1329\">\u0424\u043e\u043b\u0438\u0435\u0432\u0430\u044f \u043a\u0438\u0441\u043b\u043e\u0442\u0430<\/strong> (2,5 \u043c\u0433\/\u043a\u0433), <strong data-start=\"1343\" data-end=\"1352\">\u041a\u043e\u043b\u0438\u043d<\/strong> (2500 \u043c\u0433\/\u043a\u0433), <strong data-start=\"1367\" data-end=\"1377\">\u041d\u0438\u0430\u0446\u0438\u043d<\/strong> (150 \u043c\u0433\/\u043a\u0433), <strong data-start=\"1391\" data-end=\"1401\">\u0411\u0438\u043e\u0442\u0438\u043d<\/strong> (0,8 \u043c\u0433\/\u043a\u0433).<\/p>\n<hr data-start=\"1416\" data-end=\"1419\" \/>\n<p data-start=\"1421\" data-end=\"1449\"><strong data-start=\"1421\" data-end=\"1447\">\u0410\u043d\u0430\u043b\u0438\u0442\u0438\u0447\u0435\u0441\u043a\u0438\u0435 \u043f\u043e\u043a\u0430\u0437\u0430\u0442\u0435\u043b\u0438:<\/strong><\/p>\n<ul data-start=\"1450\" data-end=\"1533\">\n<li data-start=\"1450\" data-end=\"1474\">\n<p data-start=\"1452\" data-end=\"1474\"><strong data-start=\"1452\" data-end=\"1468\">\u0421\u044b\u0440\u043e\u0439 \u043f\u0440\u043e\u0442\u0435\u0438\u043d:<\/strong> 34%<\/p>\n<\/li>\n<li data-start=\"1475\" data-end=\"1495\">\n<p data-start=\"1477\" data-end=\"1495\"><strong data-start=\"1477\" data-end=\"1489\">\u0421\u044b\u0440\u0430\u044f \u043d\u0435\u0444\u0442\u044c:<\/strong> 15%<\/p>\n<\/li>\n<li data-start=\"1496\" data-end=\"1515\">\n<p data-start=\"1498\" data-end=\"1515\"><strong data-start=\"1498\" data-end=\"1510\">\u0421\u044b\u0440\u0430\u044f \u043a\u043b\u0435\u0442\u0447\u0430\u0442\u043a\u0430:<\/strong> 3%<\/p>\n<\/li>\n<li data-start=\"1516\" data-end=\"1533\">\n<p data-start=\"1518\" data-end=\"1533\"><strong data-start=\"1518\" data-end=\"1530\">\u0421\u044b\u0440\u043e\u0439 \u044f\u0441\u0435\u043d\u044c:<\/strong> 8%<\/p>\n<\/li>\n<\/ul>\n<hr data-start=\"1535\" data-end=\"1538\" \/>\n<p data-start=\"1692\" data-end=\"1865\">\n<\/div>\n<p><!-- .vgblk-rw-wrapper --><\/p>","protected":false},"excerpt":{"rendered":"<p>\ud83d\udc36 Petline Premium Yetkin Quzu \u018ftli \u0130t Yemi T\u0259sviri:Petline Premium Quzulu \u0130t Yemi, bir ya\u015fdan yuxar\u0131 b\u00fct\u00fcn cinsl\u0259rd\u0259n olan yetkin itl\u0259r \u00fc\u00e7\u00fcn haz\u0131rlanm\u0131\u015f, y\u00fcks\u0259k keyfiyy\u0259tli v\u0259 balansla\u015fd\u0131r\u0131lm\u0131\u015f rasion t\u0259qdim ed\u0259n premium sinif yemdir. Heyvan m\u0259n\u015f\u0259li z\u00fclal bax\u0131m\u0131ndan z\u0259ngin olmas\u0131 say\u0259sind\u0259 \u0259z\u0259l\u0259 inki\u015faf\u0131n\u0131 d\u0259st\u0259kl\u0259yir, Alltech \u0259lav\u0259l\u0259ri say\u0259sind\u0259 is\u0259 h\u0259zm sistemi v\u0259 immunitetin g\u00fccl\u0259ndirilm\u0259sin\u0259 k\u00f6m\u0259k edir. T\u0259rkibi:Quzu&#8230;<\/p>","protected":false},"featured_media":989691,"comment_status":"closed","ping_status":"closed","template":"","meta":{"nf_dc_page":"","_monsterinsights_skip_tracking":false,"_monsterinsights_sitenote_active":false,"_monsterinsights_sitenote_note":"","_monsterinsights_sitenote_category":0},"product_brand":[],"product_cat":[58,244,245],"product_tag":[],"class_list":{"0":"post-989690","1":"product","2":"type-product","3":"status-publish","4":"has-post-thumbnail","6":"product_cat-dog","7":"product_cat-it-ve-pisik-mehsullari","8":"product_cat-yemler","10":"first","11":"instock","12":"shipping-taxable","13":"product-type-simple"},"jetpack_sharing_enabled":true,"_links":{"self":[{"href":"https:\/\/agrovetazerbaijan.az\/ru\/wp-json\/wp\/v2\/product\/989690","targetHints":{"allow":["GET"]}}],"collection":[{"href":"https:\/\/agrovetazerbaijan.az\/ru\/wp-json\/wp\/v2\/product"}],"about":[{"href":"https:\/\/agrovetazerbaijan.az\/ru\/wp-json\/wp\/v2\/types\/product"}],"replies":[{"embeddable":true,"href":"https:\/\/agrovetazerbaijan.az\/ru\/wp-json\/wp\/v2\/comments?post=989690"}],"version-history":[{"count":2,"href":"https:\/\/agrovetazerbaijan.az\/ru\/wp-json\/wp\/v2\/product\/989690\/revisions"}],"predecessor-version":[{"id":989820,"href":"https:\/\/agrovetazerbaijan.az\/ru\/wp-json\/wp\/v2\/product\/989690\/revisions\/989820"}],"wp:featuredmedia":[{"embeddable":true,"href":"https:\/\/agrovetazerbaijan.az\/ru\/wp-json\/wp\/v2\/media\/989691"}],"wp:attachment":[{"href":"https:\/\/agrovetazerbaijan.az\/ru\/wp-json\/wp\/v2\/media?parent=989690"}],"wp:term":[{"taxonomy":"product_brand","embeddable":true,"href":"https:\/\/agrovetazerbaijan.az\/ru\/wp-json\/wp\/v2\/product_brand?post=989690"},{"taxonomy":"product_cat","embeddable":true,"href":"https:\/\/agrovetazerbaijan.az\/ru\/wp-json\/wp\/v2\/product_cat?post=989690"},{"taxonomy":"product_tag","embeddable":true,"href":"https:\/\/agrovetazerbaijan.az\/ru\/wp-json\/wp\/v2\/product_tag?post=989690"}],"curies":[{"name":"WP","href":"https:\/\/api.w.org\/{rel}","templated":true}]}}