{"id":989687,"date":"2025-06-19T22:21:52","date_gmt":"2025-06-19T22:21:52","guid":{"rendered":"https:\/\/agrovetazerbaijan.az\/?post_type=product&#038;p=989687"},"modified":"2025-07-10T22:52:11","modified_gmt":"2025-07-10T22:52:11","slug":"toyuq-%c9%99ti-il%c9%99-herbamax-premium-yetkin-pisik-yemi","status":"publish","type":"product","link":"https:\/\/agrovetazerbaijan.az\/ru\/product\/toyuq-%c9%99ti-il%c9%99-herbamax-premium-yetkin-pisik-yemi\/","title":{"rendered":"\u041a\u043e\u0440\u043c \u0434\u043b\u044f \u0432\u0437\u0440\u043e\u0441\u043b\u044b\u0445 \u043a\u043e\u0448\u0435\u043a Herbamax Premium \u0441 \u043a\u0443\u0440\u0438\u0446\u0435\u0439"},"content":{"rendered":"<div class=\"vgblk-rw-wrapper limit-wrapper\">\n<h3 data-start=\"142\" data-end=\"220\">\ud83d\udc31 <strong data-start=\"149\" data-end=\"220\">\u041a\u043e\u0440\u043c \u0434\u043b\u044f \u0432\u0437\u0440\u043e\u0441\u043b\u044b\u0445 \u043a\u043e\u0448\u0435\u043a Herbamax Premium Chicken<\/strong><\/h3>\n<p data-start=\"222\" data-end=\"640\"><strong data-start=\"222\" data-end=\"234\">\u041e\u043f\u0438\u0441\u0430\u043d\u0438\u0435:<\/strong><br data-start=\"234\" data-end=\"237\" \/><strong data-start=\"237\" data-end=\"281\">\u041a\u043e\u0440\u043c \u0434\u043b\u044f \u0432\u0437\u0440\u043e\u0441\u043b\u044b\u0445 \u043a\u043e\u0448\u0435\u043a Herbamax Premium Chicken<\/strong>\u0412\u044b\u0441\u043e\u043a\u043e\u043a\u0430\u0447\u0435\u0441\u0442\u0432\u0435\u043d\u043d\u044b\u0439 \u043a\u043e\u0440\u043c \u0434\u043b\u044f \u043a\u043e\u0448\u0435\u043a \u0432\u0441\u0435\u0445 \u043f\u043e\u0440\u043e\u0434 \u0441\u0442\u0430\u0440\u0448\u0435 \u043e\u0434\u043d\u043e\u0433\u043e \u0433\u043e\u0434\u0430. \u041f\u043e\u0434\u0445\u043e\u0434\u0438\u0442 \u0434\u043b\u044f \u043a\u043e\u0448\u0435\u043a, \u0441\u043e\u0434\u0435\u0440\u0436\u0430\u0449\u0438\u0445\u0441\u044f \u043a\u0430\u043a \u0432 \u043f\u043e\u043c\u0435\u0449\u0435\u043d\u0438\u0438, \u0442\u0430\u043a \u0438 \u043d\u0430 \u0443\u043b\u0438\u0446\u0435. <strong data-start=\"425\" data-end=\"467\">\u0443\u0434\u043e\u0432\u043b\u0435\u0442\u0432\u043e\u0440\u044f\u0435\u0442 \u0435\u0436\u0435\u0434\u043d\u0435\u0432\u043d\u044b\u0435 \u043f\u043e\u0442\u0440\u0435\u0431\u043d\u043e\u0441\u0442\u0438 \u0432 \u043f\u0438\u0442\u0430\u043d\u0438\u0438<\/strong>, \u0443\u043a\u0440\u0435\u043f\u043b\u044f\u0435\u0442 \u0438\u043c\u043c\u0443\u043d\u0438\u0442\u0435\u0442 \u0438 \u043f\u043e\u043b\u0435\u0437\u0435\u043d \u0434\u043b\u044f \u0437\u0434\u043e\u0440\u043e\u0432\u044c\u044f \u0432\u043e\u043b\u043e\u0441 \u0438 \u043a\u043e\u0436\u0438. <strong data-start=\"534\" data-end=\"579\">\u0424\u043e\u0440\u043c\u0443\u043b\u0430, \u043e\u0431\u043e\u0433\u0430\u0449\u0435\u043d\u043d\u0430\u044f \u043a\u0443\u0440\u0438\u043d\u044b\u043c \u0431\u0435\u043b\u043a\u043e\u043c<\/strong>, \u043f\u043e\u0432\u044b\u0448\u0430\u0435\u0442 \u0443\u0440\u043e\u0432\u0435\u043d\u044c \u044d\u043d\u0435\u0440\u0433\u0438\u0438 \u0438 \u043f\u043e\u0434\u0434\u0435\u0440\u0436\u0438\u0432\u0430\u0435\u0442 \u043e\u0431\u0449\u0435\u0435 \u0441\u043e\u0441\u0442\u043e\u044f\u043d\u0438\u0435 \u0437\u0434\u043e\u0440\u043e\u0432\u044c\u044f.<\/p>\n<hr data-start=\"642\" data-end=\"645\" \/>\n<p data-start=\"647\" data-end=\"859\"><strong data-start=\"647\" data-end=\"659\">\u0418\u043d\u0433\u0440\u0435\u0434\u0438\u0435\u043d\u0442\u044b:<\/strong><br data-start=\"659\" data-end=\"662\" \/>\u041f\u0435\u0440\u0435\u0440\u0430\u0431\u043e\u0442\u0430\u043d\u043d\u044b\u0439 \u043a\u0443\u0440\u0438\u043d\u044b\u0439 \u0431\u0435\u043b\u043e\u043a, \u043f\u0448\u0435\u043d\u0438\u0446\u0430, \u043a\u0443\u043a\u0443\u0440\u0443\u0437\u0430, \u043f\u0435\u0440\u0435\u0440\u0430\u0431\u043e\u0442\u0430\u043d\u043d\u044b\u0439 \u0436\u0438\u0432\u043e\u0442\u043d\u044b\u0439 \u0431\u0435\u043b\u043e\u043a, \u0436\u0438\u0432\u043e\u0442\u043d\u044b\u0439 \u0436\u0438\u0440, \u0431\u043e\u043d\u043a\u0430\u043b\u0438\u0442, \u043a\u0443\u043a\u0443\u0440\u0443\u0437\u043d\u044b\u0439 \u0433\u043b\u044e\u0442\u0435\u043d, \u0441\u0443\u0448\u0435\u043d\u0430\u044f \u0441\u0430\u0445\u0430\u0440\u043d\u0430\u044f \u0441\u0432\u0435\u043a\u043b\u0430, \u043f\u0435\u0447\u0435\u043d\u043e\u0447\u043d\u044b\u0439 \u0430\u0440\u043e\u043c\u0430\u0442\u0438\u0437\u0430\u0442\u043e\u0440, \u0441\u043e\u043b\u044c, \u043b\u044c\u043d\u044f\u043d\u043e\u0435 \u0441\u0435\u043c\u044f, \u0441\u0443\u0445\u0438\u0435 \u043f\u0438\u0432\u043d\u044b\u0435 \u0434\u0440\u043e\u0436\u0436\u0438, \u0442\u0430\u0443\u0440\u0438\u043d.<\/p>\n<hr data-start=\"861\" data-end=\"864\" \/>\n<p data-start=\"866\" data-end=\"957\"><strong data-start=\"866\" data-end=\"881\">\u041c\u0438\u043d\u0435\u0440\u0430\u043b\u044b:<\/strong><br data-start=\"881\" data-end=\"884\" \/>\u041a\u0430\u043b\u044c\u0446\u0438\u0439, \u0444\u043e\u0441\u0444\u043e\u0440, \u043d\u0430\u0442\u0440\u0438\u0439, \u0439\u043e\u0434, \u0446\u0438\u043d\u043a, \u043c\u0435\u0434\u044c, \u0445\u043b\u043e\u0440\u0438\u0434 \u043a\u0430\u043b\u0438\u044f, \u0436\u0435\u043b\u0435\u0437\u043e, \u0441\u0435\u043b\u0435\u043d.<\/p>\n<hr data-start=\"959\" data-end=\"962\" \/>\n<p data-start=\"964\" data-end=\"1092\"><strong data-start=\"964\" data-end=\"979\">\u0412\u0438\u0442\u0430\u043c\u0438\u043d\u044b:<\/strong><br data-start=\"979\" data-end=\"982\" \/>\u0412\u0438\u0442\u0430\u043c\u0438\u043d\u044b A, D, E, C, B1, B2, B3 (\u043d\u0438\u0430\u0446\u0438\u043d), B6, B12, B7 (\u0431\u0438\u043e\u0442\u0438\u043d), B9 (\u0444\u043e\u043b\u0438\u0435\u0432\u0430\u044f \u043a\u0438\u0441\u043b\u043e\u0442\u0430), K, \u0445\u043e\u043b\u0438\u043d, \u043f\u0430\u043d\u0442\u043e\u0442\u0435\u043d\u0430\u0442 \u043a\u0430\u043b\u044c\u0446\u0438\u044f.<\/p>\n<hr data-start=\"1094\" data-end=\"1097\" \/>\n<p data-start=\"1099\" data-end=\"1276\">\ud83d\udce6 <strong data-start=\"1102\" data-end=\"1118\">\u0423\u043f\u0430\u043a\u043e\u0432\u043a\u0430:<\/strong> \u041c\u0435\u0448\u043e\u043a 10 \u043a\u0433<\/p>\n<\/div>\n<p><!-- .vgblk-rw-wrapper --><\/p>","protected":false},"excerpt":{"rendered":"<p>\ud83d\udc31 Herbamax Premium Chicken Adult Cat Food \u2013 Toyuqlu Yetkin Pi\u015fik Yemi T\u0259sviri:Herbamax Premium Toyuq Yetkin Pi\u015fik Yemi, bir ya\u015f\u0131ndan yuxar\u0131 b\u00fct\u00fcn cinsl\u0259rd\u0259n olan pi\u015fikl\u0259r \u00fc\u00e7\u00fcn haz\u0131rlanm\u0131\u015f y\u00fcks\u0259k keyfiyy\u0259tli yemdir. Qapal\u0131 v\u0259 ya a\u00e7\u0131q \u015f\u0259raitd\u0259 b\u0259sl\u0259n\u0259n pi\u015fikl\u0259rin g\u00fcnd\u0259lik qida ehtiyaclar\u0131n\u0131 qar\u015f\u0131lay\u0131r, immunitetini g\u00fccl\u0259ndirir, sa\u011flam t\u00fckl\u0259r v\u0259 d\u0259ri \u00fc\u00e7\u00fcn faydal\u0131d\u0131r. Toyuq z\u00fclal\u0131 il\u0259 z\u0259nginl\u0259\u015fdirilmi\u015f formul, enerji&#8230;<\/p>","protected":false},"featured_media":989688,"comment_status":"closed","ping_status":"closed","template":"","meta":{"nf_dc_page":"","_monsterinsights_skip_tracking":false,"_monsterinsights_sitenote_active":false,"_monsterinsights_sitenote_note":"","_monsterinsights_sitenote_category":0},"product_brand":[],"product_cat":[244,51,245],"product_tag":[],"class_list":{"0":"post-989687","1":"product","2":"type-product","3":"status-publish","4":"has-post-thumbnail","6":"product_cat-it-ve-pisik-mehsullari","7":"product_cat-cat","8":"product_cat-yemler","10":"first","11":"instock","12":"shipping-taxable","13":"product-type-simple"},"jetpack_sharing_enabled":true,"_links":{"self":[{"href":"https:\/\/agrovetazerbaijan.az\/ru\/wp-json\/wp\/v2\/product\/989687","targetHints":{"allow":["GET"]}}],"collection":[{"href":"https:\/\/agrovetazerbaijan.az\/ru\/wp-json\/wp\/v2\/product"}],"about":[{"href":"https:\/\/agrovetazerbaijan.az\/ru\/wp-json\/wp\/v2\/types\/product"}],"replies":[{"embeddable":true,"href":"https:\/\/agrovetazerbaijan.az\/ru\/wp-json\/wp\/v2\/comments?post=989687"}],"version-history":[{"count":2,"href":"https:\/\/agrovetazerbaijan.az\/ru\/wp-json\/wp\/v2\/product\/989687\/revisions"}],"predecessor-version":[{"id":989818,"href":"https:\/\/agrovetazerbaijan.az\/ru\/wp-json\/wp\/v2\/product\/989687\/revisions\/989818"}],"wp:featuredmedia":[{"embeddable":true,"href":"https:\/\/agrovetazerbaijan.az\/ru\/wp-json\/wp\/v2\/media\/989688"}],"wp:attachment":[{"href":"https:\/\/agrovetazerbaijan.az\/ru\/wp-json\/wp\/v2\/media?parent=989687"}],"wp:term":[{"taxonomy":"product_brand","embeddable":true,"href":"https:\/\/agrovetazerbaijan.az\/ru\/wp-json\/wp\/v2\/product_brand?post=989687"},{"taxonomy":"product_cat","embeddable":true,"href":"https:\/\/agrovetazerbaijan.az\/ru\/wp-json\/wp\/v2\/product_cat?post=989687"},{"taxonomy":"product_tag","embeddable":true,"href":"https:\/\/agrovetazerbaijan.az\/ru\/wp-json\/wp\/v2\/product_tag?post=989687"}],"curies":[{"name":"WP","href":"https:\/\/api.w.org\/{rel}","templated":true}]}}