{"id":989681,"date":"2025-06-19T22:10:26","date_gmt":"2025-06-19T22:10:26","guid":{"rendered":"https:\/\/agrovetazerbaijan.az\/?post_type=product&#038;p=989681"},"modified":"2025-06-19T22:10:45","modified_gmt":"2025-06-19T22:10:45","slug":"herbamax-premium-kitten-food","status":"publish","type":"product","link":"https:\/\/agrovetazerbaijan.az\/ru\/product\/herbamax-premium-kitten-food\/","title":{"rendered":"\u041a\u043e\u0440\u043c \u0434\u043b\u044f \u043a\u043e\u0442\u044f\u0442 \u043f\u0440\u0435\u043c\u0438\u0443\u043c-\u043a\u043b\u0430\u0441\u0441\u0430 Herbamax"},"content":{"rendered":"<div class=\"vgblk-rw-wrapper limit-wrapper\">\n<h3 data-start=\"119\" data-end=\"184\">\ud83d\udc31 <strong data-start=\"126\" data-end=\"184\">Herbamax Premium Kitten Food \u2013 \u041a\u043e\u0440\u043c \u0434\u043b\u044f \u043a\u043e\u0442\u044f\u0442 \u0441 \u043a\u0443\u0440\u0438\u0446\u0435\u0439<\/strong><\/h3>\n<p data-start=\"186\" data-end=\"571\"><strong data-start=\"186\" data-end=\"198\">\u041e\u043f\u0438\u0441\u0430\u043d\u0438\u0435:<\/strong><br data-start=\"198\" data-end=\"201\" \/><strong data-start=\"201\" data-end=\"233\">\u041a\u043e\u0440\u043c \u0434\u043b\u044f \u043a\u043e\u0442\u044f\u0442 \u043f\u0440\u0435\u043c\u0438\u0443\u043c-\u043a\u043b\u0430\u0441\u0441\u0430 Herbamax<\/strong>, \u043f\u0440\u0435\u0434\u043d\u0430\u0437\u043d\u0430\u0447\u0435\u043d\u043d\u044b\u0439 \u0434\u043b\u044f \u043a\u043e\u0448\u0435\u043a \u0432\u0441\u0435\u0445 \u043f\u043e\u0440\u043e\u0434 \u0432 \u0432\u043e\u0437\u0440\u0430\u0441\u0442\u0435 \u0434\u043e 12 \u043c\u0435\u0441\u044f\u0446\u0435\u0432, <strong data-start=\"293\" data-end=\"325\">\u043a\u043e\u0440\u043c \u043f\u0440\u0435\u043c\u0438\u0443\u043c-\u043a\u043b\u0430\u0441\u0441\u0430 \u0441 \u043a\u0443\u0440\u0438\u043d\u044b\u043c \u043f\u0440\u043e\u0442\u0435\u0438\u043d\u043e\u043c<\/strong>. \u0423\u0434\u043e\u0432\u043b\u0435\u0442\u0432\u043e\u0440\u044f\u0435\u0442 \u0432\u0441\u0435 \u043f\u043e\u0442\u0440\u0435\u0431\u043d\u043e\u0441\u0442\u0438 \u043a\u043e\u0442\u044f\u0442 \u0432 \u043f\u0438\u0442\u0430\u043d\u0438\u0438 \u043d\u0430 \u0432\u0441\u0435\u0445 \u044d\u0442\u0430\u043f\u0430\u0445 \u0440\u043e\u0441\u0442\u0430 \u0438 \u0440\u0430\u0437\u0432\u0438\u0442\u0438\u044f, \u043d\u0435\u0437\u0430\u0432\u0438\u0441\u0438\u043c\u043e \u043e\u0442 \u0442\u043e\u0433\u043e, \u0441\u043e\u0434\u0435\u0440\u0436\u0430\u0442\u0441\u044f \u043b\u0438 \u043e\u043d\u0438 \u0432 \u043f\u043e\u043c\u0435\u0449\u0435\u043d\u0438\u0438 \u0438\u043b\u0438 \u043d\u0430 \u0443\u043b\u0438\u0446\u0435. \u0411\u043b\u0430\u0433\u043e\u0434\u0430\u0440\u044f \u0441\u0431\u0430\u043b\u0430\u043d\u0441\u0438\u0440\u043e\u0432\u0430\u043d\u043d\u043e\u043c\u0443 \u0441\u043e\u0441\u0442\u0430\u0432\u0443 \u0431\u0435\u043b\u043a\u0430 \u0438 \u044d\u043d\u0435\u0440\u0433\u0438\u0438. <strong data-start=\"504\" data-end=\"570\">\u043f\u043e\u0434\u0434\u0435\u0440\u0436\u0438\u0432\u0430\u0435\u0442 \u0440\u0430\u0437\u0432\u0438\u0442\u0438\u0435 \u043a\u043e\u0441\u0442\u0435\u0439 \u0438 \u043c\u044b\u0448\u0446, \u0438\u043c\u043c\u0443\u043d\u0438\u0442\u0435\u0442 \u0438 \u0430\u043a\u0442\u0438\u0432\u043d\u043e\u0441\u0442\u044c<\/strong>.<\/p>\n<hr data-start=\"573\" data-end=\"576\" \/>\n<p data-start=\"578\" data-end=\"795\"><strong data-start=\"578\" data-end=\"590\">\u0418\u043d\u0433\u0440\u0435\u0434\u0438\u0435\u043d\u0442\u044b:<\/strong><br data-start=\"590\" data-end=\"593\" \/>\u041f\u0435\u0440\u0435\u0440\u0430\u0431\u043e\u0442\u0430\u043d\u043d\u044b\u0439 \u0436\u0438\u0432\u043e\u0442\u043d\u044b\u0439 \u0431\u0435\u043b\u043e\u043a, \u043f\u0448\u0435\u043d\u0438\u0446\u0430, \u043f\u0435\u0440\u0435\u0440\u0430\u0431\u043e\u0442\u0430\u043d\u043d\u044b\u0439 \u043a\u0443\u0440\u0438\u043d\u044b\u0439 \u0431\u0435\u043b\u043e\u043a, \u043a\u0443\u043a\u0443\u0440\u0443\u0437\u0430, \u0436\u0438\u0432\u043e\u0442\u043d\u044b\u0439 \u0436\u0438\u0440, \u0431\u043e\u043d\u043a\u0430\u043b\u0438\u0442, \u043a\u0443\u043a\u0443\u0440\u0443\u0437\u043d\u044b\u0439 \u0433\u043b\u044e\u0442\u0435\u043d, \u0441\u0443\u0448\u0435\u043d\u0430\u044f \u0441\u0430\u0445\u0430\u0440\u043d\u0430\u044f \u0441\u0432\u0435\u043a\u043b\u0430, \u043f\u0435\u0447\u0435\u043d\u043e\u0447\u043d\u044b\u0439 \u0430\u0440\u043e\u043c\u0430\u0442\u0438\u0437\u0430\u0442\u043e\u0440, \u0441\u043e\u043b\u044c, \u043b\u044c\u043d\u044f\u043d\u043e\u0435 \u0441\u0435\u043c\u044f, \u0441\u0443\u0445\u0438\u0435 \u043f\u0438\u0432\u043d\u044b\u0435 \u0434\u0440\u043e\u0436\u0436\u0438, \u0442\u0430\u0443\u0440\u0438\u043d.<\/p>\n<hr data-start=\"797\" data-end=\"800\" \/>\n<p data-start=\"802\" data-end=\"893\"><strong data-start=\"802\" data-end=\"817\">\u041c\u0438\u043d\u0435\u0440\u0430\u043b\u044b:<\/strong><br data-start=\"817\" data-end=\"820\" \/>\u041a\u0430\u043b\u044c\u0446\u0438\u0439, \u0444\u043e\u0441\u0444\u043e\u0440, \u043d\u0430\u0442\u0440\u0438\u0439, \u0439\u043e\u0434, \u0446\u0438\u043d\u043a, \u043c\u0435\u0434\u044c, \u0445\u043b\u043e\u0440\u0438\u0434 \u043a\u0430\u043b\u0438\u044f, \u0436\u0435\u043b\u0435\u0437\u043e, \u0441\u0435\u043b\u0435\u043d.<\/p>\n<hr data-start=\"895\" data-end=\"898\" \/>\n<p data-start=\"900\" data-end=\"1029\"><strong data-start=\"900\" data-end=\"915\">\u0412\u0438\u0442\u0430\u043c\u0438\u043d\u044b:<\/strong><br data-start=\"915\" data-end=\"918\" \/>\u0412\u0438\u0442\u0430\u043c\u0438\u043d\u044b \u0410, D3, \u0415, \u0421, \u04121, \u04122, \u04123 (\u043d\u0438\u0430\u0446\u0438\u043d), \u04126, \u041212, \u04127 (\u0431\u0438\u043e\u0442\u0438\u043d), \u04129 (\u0444\u043e\u043b\u0438\u0435\u0432\u0430\u044f \u043a\u0438\u0441\u043b\u043e\u0442\u0430), \u041a, \u0445\u043e\u043b\u0438\u043d, \u043f\u0430\u043d\u0442\u043e\u0442\u0435\u043d\u0430\u0442 \u043a\u0430\u043b\u044c\u0446\u0438\u044f.<\/p>\n<hr data-start=\"1031\" data-end=\"1034\" \/>\n<p data-start=\"1036\" data-end=\"1080\"><strong data-start=\"1036\" data-end=\"1078\">\u0410\u043d\u0430\u043b\u0438\u0442\u0438\u0447\u0435\u0441\u043a\u0438\u0439 \u0441\u043e\u0441\u0442\u0430\u0432\/\u041a\u043e\u043c\u043f\u043e\u043d\u0435\u043d\u0442\u044b \u043f\u0438\u0449\u0438:<\/strong><\/p>\n<ul data-start=\"1081\" data-end=\"1278\">\n<li data-start=\"1081\" data-end=\"1099\">\n<p data-start=\"1083\" data-end=\"1099\">\u0421\u044b\u0440\u043e\u0439 \u043f\u0440\u043e\u0442\u0435\u0438\u043d: 30%<\/p>\n<\/li>\n<li data-start=\"1100\" data-end=\"1116\">\n<p data-start=\"1102\" data-end=\"1116\">\u0421\u044b\u0440\u0430\u044f \u043d\u0435\u0444\u0442\u044c: 12%<\/p>\n<\/li>\n<li data-start=\"1117\" data-end=\"1132\">\n<p data-start=\"1119\" data-end=\"1132\">\u0421\u044b\u0440\u043e\u0435 \u0432\u043e\u043b\u043e\u043a\u043d\u043e: 3%<\/p>\n<\/li>\n<li data-start=\"1133\" data-end=\"1148\">\n<p data-start=\"1135\" data-end=\"1148\">\u0421\u044b\u0440\u0430\u044f \u0437\u043e\u043b\u0430: 8%<\/p>\n<\/li>\n<li data-start=\"1149\" data-end=\"1176\">\n<p data-start=\"1151\" data-end=\"1176\">\u0412\u0438\u0442\u0430\u043c\u0438\u043d \u0410: 15 000 \u041c\u0415\/\u043a\u0433<\/p>\n<\/li>\n<li data-start=\"1177\" data-end=\"1204\">\n<p data-start=\"1179\" data-end=\"1204\">\u0412\u0438\u0442\u0430\u043c\u0438\u043d D3: 1000 \u041c\u0415\/\u043a\u0433<\/p>\n<\/li>\n<li data-start=\"1205\" data-end=\"1229\">\n<p data-start=\"1207\" data-end=\"1229\">\u0412\u0438\u0442\u0430\u043c\u0438\u043d \u0421: 120 \u043c\u0433\/\u043a\u0433<\/p>\n<\/li>\n<li data-start=\"1230\" data-end=\"1254\">\n<p data-start=\"1232\" data-end=\"1254\">\u0412\u0438\u0442\u0430\u043c\u0438\u043d \u0415: 150 \u043c\u0433\/\u043a\u0433<\/p>\n<\/li>\n<li data-start=\"1255\" data-end=\"1278\">\n<p data-start=\"1257\" data-end=\"1278\">\u0422\u0430\u0443\u0440\u0438\u043d: 1000 \u043c\u0433\/\u043a\u0433<\/p>\n<\/li>\n<\/ul>\n<hr data-start=\"1280\" data-end=\"1283\" \/>\n<p data-start=\"1285\" data-end=\"1356\">\ud83d\udce6 <strong data-start=\"1288\" data-end=\"1304\">\u0423\u043f\u0430\u043a\u043e\u0432\u043a\u0430:<\/strong> \u041c\u0435\u0448\u043e\u043a 10 \u043a\u0433<br data-start=\"1315\" data-end=\"1318\" \/>\u23f3 <strong data-start=\"1320\" data-end=\"1341\">\u0414\u0430\u0442\u0430 \u043e\u043a\u043e\u043d\u0447\u0430\u043d\u0438\u044f \u0441\u0440\u043e\u043a\u0430:<\/strong> 24 \u043c\u0435\u0441\u044f\u0446\u0430 (2 \u0433\u043e\u0434\u0430)<\/p>\n<\/div>\n<p><!-- .vgblk-rw-wrapper --><\/p>","protected":false},"excerpt":{"rendered":"<p>\ud83d\udc31 Herbamax Premium Kitten Food \u2013 Toyuqlu Bala Pi\u015fik Yemi T\u0259sviri:Herbamax Premium Kitten Food, 12 aydan ki\u00e7ik b\u00fct\u00fcn cins pi\u015fikl\u0259r \u00fc\u00e7\u00fcn n\u0259z\u0259rd\u0259 tutulmu\u015f, premium toyuq z\u00fclall\u0131 yemdir. Evd\u0259 v\u0259 ya a\u00e7\u0131q havada b\u0259sl\u0259n\u0259n bala pi\u015fikl\u0259rin b\u00f6y\u00fcm\u0259 v\u0259 inki\u015faf m\u0259rh\u0259l\u0259sind\u0259 b\u00fct\u00fcn qida t\u0259l\u0259bl\u0259rini qar\u015f\u0131lay\u0131r. Z\u00fclal v\u0259 enerji bax\u0131m\u0131ndan balansla\u015fd\u0131r\u0131lm\u0131\u015f t\u0259rkibi say\u0259sind\u0259 s\u00fcm\u00fck v\u0259 \u0259z\u0259l\u0259 inki\u015faf\u0131n\u0131, immuniteti&#8230;<\/p>","protected":false},"featured_media":989682,"comment_status":"closed","ping_status":"closed","template":"","meta":{"nf_dc_page":"","_monsterinsights_skip_tracking":false,"_monsterinsights_sitenote_active":false,"_monsterinsights_sitenote_note":"","_monsterinsights_sitenote_category":0},"product_brand":[],"product_cat":[244,51,245],"product_tag":[],"class_list":{"0":"post-989681","1":"product","2":"type-product","3":"status-publish","4":"has-post-thumbnail","6":"product_cat-it-ve-pisik-mehsullari","7":"product_cat-cat","8":"product_cat-yemler","10":"first","11":"instock","12":"shipping-taxable","13":"product-type-simple"},"jetpack_sharing_enabled":true,"_links":{"self":[{"href":"https:\/\/agrovetazerbaijan.az\/ru\/wp-json\/wp\/v2\/product\/989681","targetHints":{"allow":["GET"]}}],"collection":[{"href":"https:\/\/agrovetazerbaijan.az\/ru\/wp-json\/wp\/v2\/product"}],"about":[{"href":"https:\/\/agrovetazerbaijan.az\/ru\/wp-json\/wp\/v2\/types\/product"}],"replies":[{"embeddable":true,"href":"https:\/\/agrovetazerbaijan.az\/ru\/wp-json\/wp\/v2\/comments?post=989681"}],"version-history":[{"count":1,"href":"https:\/\/agrovetazerbaijan.az\/ru\/wp-json\/wp\/v2\/product\/989681\/revisions"}],"predecessor-version":[{"id":989683,"href":"https:\/\/agrovetazerbaijan.az\/ru\/wp-json\/wp\/v2\/product\/989681\/revisions\/989683"}],"wp:featuredmedia":[{"embeddable":true,"href":"https:\/\/agrovetazerbaijan.az\/ru\/wp-json\/wp\/v2\/media\/989682"}],"wp:attachment":[{"href":"https:\/\/agrovetazerbaijan.az\/ru\/wp-json\/wp\/v2\/media?parent=989681"}],"wp:term":[{"taxonomy":"product_brand","embeddable":true,"href":"https:\/\/agrovetazerbaijan.az\/ru\/wp-json\/wp\/v2\/product_brand?post=989681"},{"taxonomy":"product_cat","embeddable":true,"href":"https:\/\/agrovetazerbaijan.az\/ru\/wp-json\/wp\/v2\/product_cat?post=989681"},{"taxonomy":"product_tag","embeddable":true,"href":"https:\/\/agrovetazerbaijan.az\/ru\/wp-json\/wp\/v2\/product_tag?post=989681"}],"curies":[{"name":"WP","href":"https:\/\/api.w.org\/{rel}","templated":true}]}}