{"id":989673,"date":"2025-06-19T21:45:57","date_gmt":"2025-06-19T21:45:57","guid":{"rendered":"https:\/\/agrovetazerbaijan.az\/?post_type=product&#038;p=989673"},"modified":"2025-07-10T22:58:04","modified_gmt":"2025-07-10T22:58:04","slug":"herbamax-premium-adult-food","status":"publish","type":"product","link":"https:\/\/agrovetazerbaijan.az\/ru\/product\/herbamax-premium-adult-food\/","title":{"rendered":"Herbamax Premium Adult Food"},"content":{"rendered":"<div class=\"vgblk-rw-wrapper limit-wrapper\">\n<h3 data-start=\"124\" data-end=\"192\">\ud83d\udc36 <strong data-start=\"131\" data-end=\"192\">\u041a\u043e\u0440\u043c \u0434\u043b\u044f \u0432\u0437\u0440\u043e\u0441\u043b\u044b\u0445 \u0441\u043e\u0431\u0430\u043a Herbamax Premium Adult \u2013 \u041a\u043e\u0440\u043c \u0434\u043b\u044f \u0432\u0437\u0440\u043e\u0441\u043b\u044b\u0445 \u0441\u043e\u0431\u0430\u043a \u0441 \u044f\u0433\u043d\u0435\u043d\u043a\u043e\u043c<\/strong><\/h3>\n<p data-start=\"194\" data-end=\"543\"><strong data-start=\"194\" data-end=\"206\">\u041e\u043f\u0438\u0441\u0430\u043d\u0438\u0435:<\/strong><br data-start=\"206\" data-end=\"209\" \/><strong data-start=\"209\" data-end=\"246\">\u041a\u043e\u0440\u043c \u0434\u043b\u044f \u0432\u0437\u0440\u043e\u0441\u043b\u044b\u0445 \u0441\u043e\u0431\u0430\u043a \u043f\u0440\u0435\u043c\u0438\u0443\u043c-\u043a\u043b\u0430\u0441\u0441\u0430 Herbamax<\/strong>, \u043f\u0440\u0435\u0434\u043d\u0430\u0437\u043d\u0430\u0447\u0435\u043d \u0434\u043b\u044f \u0441\u043e\u0431\u0430\u043a \u0432\u0441\u0435\u0445 \u043f\u043e\u0440\u043e\u0434 \u0441\u0442\u0430\u0440\u0448\u0435 12 \u043c\u0435\u0441\u044f\u0446\u0435\u0432, <strong data-start=\"312\" data-end=\"368\">\u042d\u0442\u043e \u043f\u043e\u043b\u043d\u043e\u0440\u0430\u0446\u0438\u043e\u043d\u043d\u044b\u0439 \u0440\u0430\u0446\u0438\u043e\u043d \u043f\u0438\u0442\u0430\u043d\u0438\u044f, \u043f\u0440\u0438\u0433\u043e\u0442\u043e\u0432\u043b\u0435\u043d\u043d\u044b\u0439 \u0438\u0437 \u043e\u0442\u0431\u043e\u0440\u043d\u043e\u0439 \u0431\u0430\u0440\u0430\u043d\u0438\u043d\u044b.<\/strong>\u0418\u0434\u0435\u0430\u043b\u044c\u043d\u043e \u043f\u043e\u0434\u0445\u043e\u0434\u0438\u0442 \u0434\u043b\u044f \u0441\u043e\u0431\u0430\u043a, \u043a\u043e\u0440\u043c\u044f\u0449\u0438\u0445\u0441\u044f \u0432 \u043f\u043e\u043c\u0435\u0449\u0435\u043d\u0438\u0438 \u0438 \u043d\u0430 \u0443\u043b\u0438\u0446\u0435. \u0421\u043e \u0441\u0431\u0430\u043b\u0430\u043d\u0441\u0438\u0440\u043e\u0432\u0430\u043d\u043d\u044b\u043c \u0441\u043e\u0441\u0442\u0430\u0432\u043e\u043c \u0431\u0435\u043b\u043a\u0430 \u0438 \u044d\u043d\u0435\u0440\u0433\u0438\u0438. <strong data-start=\"489\" data-end=\"531\">\u0437\u0434\u043e\u0440\u043e\u0432\u044c\u0435, \u0436\u0438\u0437\u043d\u0435\u043d\u043d\u0430\u044f \u0441\u0438\u043b\u0430 \u0438 \u0441\u0438\u043b\u044c\u043d\u044b\u0439 \u0438\u043c\u043c\u0443\u043d\u0438\u0442\u0435\u0442<\/strong> \u043e\u0431\u0435\u0441\u043f\u0435\u0447\u0438\u0432\u0430\u0435\u0442.<\/p>\n<hr data-start=\"545\" data-end=\"548\" \/>\n<p data-start=\"550\" data-end=\"731\"><strong data-start=\"550\" data-end=\"562\">\u0418\u043d\u0433\u0440\u0435\u0434\u0438\u0435\u043d\u0442\u044b:<\/strong><br data-start=\"562\" data-end=\"565\" \/>\u0411\u0430\u0440\u0430\u043d\u0438\u0439 \u0431\u0435\u043b\u043e\u043a, \u043f\u0448\u0435\u043d\u0438\u0446\u0430, \u043a\u0443\u043a\u0443\u0440\u0443\u0437\u0430, \u043f\u0435\u0440\u0435\u0440\u0430\u0431\u043e\u0442\u0430\u043d\u043d\u044b\u0439 \u0436\u0438\u0432\u043e\u0442\u043d\u044b\u0439 \u0431\u0435\u043b\u043e\u043a, \u043f\u0448\u0435\u043d\u0438\u0447\u043d\u044b\u0435 \u043e\u0442\u0440\u0443\u0431\u0438, \u0431\u043e\u043d\u043a\u043e\u043b\u0438\u0442, \u0436\u0438\u0432\u043e\u0442\u043d\u044b\u0439 \u0436\u0438\u0440, \u0440\u0438\u0441, \u0441\u0443\u0448\u0435\u043d\u0430\u044f \u0441\u0430\u0445\u0430\u0440\u043d\u0430\u044f \u0441\u0432\u0435\u043a\u043b\u0430, \u043f\u0435\u0447\u0435\u043d\u043e\u0447\u043d\u044b\u0439 \u0430\u0440\u043e\u043c\u0430\u0442\u0438\u0437\u0430\u0442\u043e\u0440, \u043f\u0438\u0432\u043d\u044b\u0435 \u0434\u0440\u043e\u0436\u0436\u0438, \u0441\u043e\u043b\u044c.<\/p>\n<hr data-start=\"733\" data-end=\"736\" \/>\n<p data-start=\"738\" data-end=\"829\"><strong data-start=\"738\" data-end=\"753\">\u041c\u0438\u043d\u0435\u0440\u0430\u043b\u044b:<\/strong><br data-start=\"753\" data-end=\"756\" \/>\u041a\u0430\u043b\u044c\u0446\u0438\u0439, \u0444\u043e\u0441\u0444\u043e\u0440, \u043d\u0430\u0442\u0440\u0438\u0439, \u0439\u043e\u0434, \u0446\u0438\u043d\u043a, \u043c\u0435\u0434\u044c, \u0445\u043b\u043e\u0440\u0438\u0434 \u043a\u0430\u043b\u0438\u044f, \u0436\u0435\u043b\u0435\u0437\u043e, \u0441\u0435\u043b\u0435\u043d.<\/p>\n<hr data-start=\"831\" data-end=\"834\" \/>\n<p data-start=\"836\" data-end=\"1163\">\n<\/div>\n<p><!-- .vgblk-rw-wrapper --><\/p>","protected":false},"excerpt":{"rendered":"<p>\ud83d\udc36 Herbamax Premium Yetkin \u0130t Qidas\u0131 \u2013 Quzulu Yetkin \u0130t Yemi T\u0259sviri:Herbamax Premium Yetkin \u0130t Qidas\u0131, 12 aydan yuxar\u0131 b\u00fct\u00fcn cinsl\u0259r\u0259 aid itl\u0259r \u00fc\u00e7\u00fcn n\u0259z\u0259rd\u0259 tutulmu\u015f, premium quzu \u0259tind\u0259n haz\u0131rlanm\u0131\u015f tam rasionlu yemdir. Ev \u015f\u0259raitind\u0259 v\u0259 ya a\u00e7\u0131q havada b\u0259sl\u0259n\u0259n itl\u0259r \u00fc\u00e7\u00fcn ideald\u0131r. Z\u00fclal v\u0259 enerji bax\u0131m\u0131ndan balansla\u015fd\u0131r\u0131lm\u0131\u015f t\u0259rkibi il\u0259 sa\u011flaml\u0131q, canl\u0131l\u0131q v\u0259 g\u00fccl\u00fc immunitet&#8230;<\/p>","protected":false},"featured_media":989674,"comment_status":"closed","ping_status":"closed","template":"","meta":{"nf_dc_page":"","_monsterinsights_skip_tracking":false,"_monsterinsights_sitenote_active":false,"_monsterinsights_sitenote_note":"","_monsterinsights_sitenote_category":0},"product_brand":[],"product_cat":[58,244,245],"product_tag":[],"class_list":{"0":"post-989673","1":"product","2":"type-product","3":"status-publish","4":"has-post-thumbnail","6":"product_cat-dog","7":"product_cat-it-ve-pisik-mehsullari","8":"product_cat-yemler","10":"first","11":"instock","12":"shipping-taxable","13":"product-type-simple"},"jetpack_sharing_enabled":true,"_links":{"self":[{"href":"https:\/\/agrovetazerbaijan.az\/ru\/wp-json\/wp\/v2\/product\/989673","targetHints":{"allow":["GET"]}}],"collection":[{"href":"https:\/\/agrovetazerbaijan.az\/ru\/wp-json\/wp\/v2\/product"}],"about":[{"href":"https:\/\/agrovetazerbaijan.az\/ru\/wp-json\/wp\/v2\/types\/product"}],"replies":[{"embeddable":true,"href":"https:\/\/agrovetazerbaijan.az\/ru\/wp-json\/wp\/v2\/comments?post=989673"}],"version-history":[{"count":2,"href":"https:\/\/agrovetazerbaijan.az\/ru\/wp-json\/wp\/v2\/product\/989673\/revisions"}],"predecessor-version":[{"id":989823,"href":"https:\/\/agrovetazerbaijan.az\/ru\/wp-json\/wp\/v2\/product\/989673\/revisions\/989823"}],"wp:featuredmedia":[{"embeddable":true,"href":"https:\/\/agrovetazerbaijan.az\/ru\/wp-json\/wp\/v2\/media\/989674"}],"wp:attachment":[{"href":"https:\/\/agrovetazerbaijan.az\/ru\/wp-json\/wp\/v2\/media?parent=989673"}],"wp:term":[{"taxonomy":"product_brand","embeddable":true,"href":"https:\/\/agrovetazerbaijan.az\/ru\/wp-json\/wp\/v2\/product_brand?post=989673"},{"taxonomy":"product_cat","embeddable":true,"href":"https:\/\/agrovetazerbaijan.az\/ru\/wp-json\/wp\/v2\/product_cat?post=989673"},{"taxonomy":"product_tag","embeddable":true,"href":"https:\/\/agrovetazerbaijan.az\/ru\/wp-json\/wp\/v2\/product_tag?post=989673"}],"curies":[{"name":"WP","href":"https:\/\/api.w.org\/{rel}","templated":true}]}}