{"id":989670,"date":"2025-06-19T21:41:27","date_gmt":"2025-06-19T21:41:27","guid":{"rendered":"https:\/\/agrovetazerbaijan.az\/?post_type=product&#038;p=989670"},"modified":"2025-07-10T22:54:44","modified_gmt":"2025-07-10T22:54:44","slug":"herbamax-premium-puppy-food","status":"publish","type":"product","link":"https:\/\/agrovetazerbaijan.az\/ru\/product\/herbamax-premium-puppy-food\/","title":{"rendered":"\u041a\u043e\u0440\u043c \u0434\u043b\u044f \u0449\u0435\u043d\u043a\u043e\u0432 \u043f\u0440\u0435\u043c\u0438\u0443\u043c-\u043a\u043b\u0430\u0441\u0441\u0430 Herbamax"},"content":{"rendered":"<div class=\"vgblk-rw-wrapper limit-wrapper\">\n<h3 data-start=\"107\" data-end=\"164\">\ud83d\udc3e <strong data-start=\"114\" data-end=\"164\">\u041a\u043e\u0440\u043c \u0434\u043b\u044f \u0449\u0435\u043d\u043a\u043e\u0432 \u043f\u0440\u0435\u043c\u0438\u0443\u043c-\u043a\u043b\u0430\u0441\u0441\u0430 Herbamax \u2013 \u041a\u043e\u0440\u043c \u0434\u043b\u044f \u0449\u0435\u043d\u043a\u043e\u0432 \u0441 \u044f\u0433\u043d\u0435\u043d\u043a\u043e\u043c<\/strong><\/h3>\n<p data-start=\"166\" data-end=\"453\"><strong data-start=\"166\" data-end=\"178\">\u041e\u043f\u0438\u0441\u0430\u043d\u0438\u0435:<\/strong><br data-start=\"178\" data-end=\"181\" \/><strong data-start=\"181\" data-end=\"212\">\u041a\u043e\u0440\u043c \u0434\u043b\u044f \u0449\u0435\u043d\u043a\u043e\u0432 \u043f\u0440\u0435\u043c\u0438\u0443\u043c-\u043a\u043b\u0430\u0441\u0441\u0430 Herbamax<\/strong>, \u043a\u043e\u0440\u043c\u044f\u0442 \u0434\u043e\u043c\u0430 \u0438\u043b\u0438 \u043d\u0430 \u0443\u043b\u0438\u0446\u0435, <strong data-start=\"247\" data-end=\"296\">\u0449\u0435\u043d\u043a\u0438 \u0432\u0441\u0435\u0445 \u043f\u043e\u0440\u043e\u0434 \u0434\u043e 12 \u043c\u0435\u0441\u044f\u0446\u0435\u0432<\/strong> \u043f\u043e\u0434\u0433\u043e\u0442\u043e\u0432\u043b\u0435\u043d\u043e \u0434\u043b\u044f <strong data-start=\"314\" data-end=\"357\">\u0438\u0437 \u0431\u0430\u0440\u0430\u043d\u0438\u043d\u044b \u0432\u044b\u0441\u0448\u0435\u0433\u043e \u043a\u0430\u0447\u0435\u0441\u0442\u0432\u0430<\/strong> \u042d\u0442\u043e \u043f\u043e\u043b\u043d\u043e\u0446\u0435\u043d\u043d\u044b\u0439 \u043a\u043e\u0440\u043c. \u041e\u043d \u043f\u043e\u0434\u0434\u0435\u0440\u0436\u0438\u0432\u0430\u0435\u0442 \u0437\u0434\u043e\u0440\u043e\u0432\u043e\u0435 \u0440\u0430\u0437\u0432\u0438\u0442\u0438\u0435 \u0449\u0435\u043d\u043a\u043e\u0432, \u043a\u0440\u0435\u043f\u043a\u0443\u044e \u0438\u043c\u043c\u0443\u043d\u043d\u0443\u044e \u0441\u0438\u0441\u0442\u0435\u043c\u0443 \u0438 \u0431\u043b\u0435\u0441\u0442\u044f\u0449\u0443\u044e \u0448\u0435\u0440\u0441\u0442\u044c.<\/p>\n<hr data-start=\"455\" data-end=\"458\" \/>\n<p data-start=\"460\" data-end=\"690\"><strong data-start=\"460\" data-end=\"472\">\u0418\u043d\u0433\u0440\u0435\u0434\u0438\u0435\u043d\u0442\u044b:<\/strong><br data-start=\"472\" data-end=\"475\" \/>\u041f\u0435\u0440\u0435\u0440\u0430\u0431\u043e\u0442\u0430\u043d\u043d\u044b\u0439 \u0436\u0438\u0432\u043e\u0442\u043d\u044b\u0439 \u0431\u0435\u043b\u043e\u043a, \u043a\u0443\u043a\u0443\u0440\u0443\u0437\u0430, \u043f\u0435\u0440\u0435\u0440\u0430\u0431\u043e\u0442\u0430\u043d\u043d\u044b\u0439 \u0431\u0435\u043b\u043e\u043a \u044f\u0433\u043d\u0435\u043d\u043a\u0430, \u043f\u0448\u0435\u043d\u0438\u0446\u0430, \u0436\u0438\u0432\u043e\u0442\u043d\u044b\u0439 \u0436\u0438\u0440, \u043f\u0448\u0435\u043d\u0438\u0447\u043d\u044b\u0435 \u043e\u0442\u0440\u0443\u0431\u0438, \u043a\u0443\u043a\u0443\u0440\u0443\u0437\u043d\u044b\u0439 \u0433\u043b\u044e\u0442\u0435\u043d, \u0440\u0438\u0441, \u0441\u0443\u0448\u0435\u043d\u0430\u044f \u0441\u0430\u0445\u0430\u0440\u043d\u0430\u044f \u0441\u0432\u0435\u043a\u043b\u0430, \u043f\u0435\u0447\u0435\u043d\u043e\u0447\u043d\u044b\u0439 \u0430\u0440\u043e\u043c\u0430\u0442\u0438\u0437\u0430\u0442\u043e\u0440, \u0441\u044b\u0432\u043e\u0440\u043e\u0442\u043a\u0430, \u0441\u0443\u0445\u0438\u0435 \u043f\u0438\u0432\u043d\u044b\u0435 \u0434\u0440\u043e\u0436\u0436\u0438, \u0442\u0430\u0443\u0440\u0438\u043d, \u043b\u044c\u043d\u044f\u043d\u043e\u0435 \u0441\u0435\u043c\u044f, \u0441\u043e\u043b\u044c.<\/p>\n<hr data-start=\"692\" data-end=\"695\" \/>\n<p data-start=\"697\" data-end=\"788\"><strong data-start=\"697\" data-end=\"712\">\u041c\u0438\u043d\u0435\u0440\u0430\u043b\u044b:<\/strong><br data-start=\"712\" data-end=\"715\" \/>\u041a\u0430\u043b\u044c\u0446\u0438\u0439, \u0444\u043e\u0441\u0444\u043e\u0440, \u043d\u0430\u0442\u0440\u0438\u0439, \u0439\u043e\u0434, \u0446\u0438\u043d\u043a, \u043c\u0435\u0434\u044c, \u0445\u043b\u043e\u0440\u0438\u0434 \u043a\u0430\u043b\u0438\u044f, \u0436\u0435\u043b\u0435\u0437\u043e, \u0441\u0435\u043b\u0435\u043d.<\/p>\n<p data-start=\"790\" data-end=\"924\"><strong data-start=\"790\" data-end=\"805\">\u0412\u0438\u0442\u0430\u043c\u0438\u043d\u044b:<\/strong><br data-start=\"805\" data-end=\"808\" \/>\u0412\u0438\u0442\u0430\u043c\u0438\u043d\u044b A, D, E, C, B1, B2, B3 (\u043d\u0438\u0430\u0446\u0438\u043d), B6, B12, B7 (\u0431\u0438\u043e\u0442\u0438\u043d), B9 (\u0444\u043e\u043b\u0438\u0435\u0432\u0430\u044f \u043a\u0438\u0441\u043b\u043e\u0442\u0430), \u0432\u0438\u0442\u0430\u043c\u0438\u043d K, \u0445\u043e\u043b\u0438\u043d, \u043f\u0430\u043d\u0442\u043e\u0442\u0435\u043d\u0430\u0442 \u043a\u0430\u043b\u044c\u0446\u0438\u044f.<\/p>\n<hr data-start=\"926\" data-end=\"929\" \/>\n<p data-start=\"931\" data-end=\"1258\">\n<\/div>\n<p><!-- .vgblk-rw-wrapper --><\/p>","protected":false},"excerpt":{"rendered":"<p>\ud83d\udc3e Herbamax Premium Puppy Food \u2013 Quzulu Bala Yemi T\u0259sviri:Herbamax Premium Puppy Food, evd\u0259 v\u0259 ya a\u00e7\u0131q havada b\u0259sl\u0259n\u0259n, b\u00fct\u00fcn cinsl\u0259r\u0259 aid 12 aydan ki\u00e7ik it balalar\u0131 \u00fc\u00e7\u00fcn haz\u0131rlanm\u0131\u015f premium keyfiyy\u0259tli quzu \u0259tind\u0259n ibar\u0259t tam yemdir. Balalar\u0131n sa\u011flam inki\u015faf\u0131n\u0131, g\u00fccl\u00fc immun sistemini v\u0259 parlaq t\u00fckl\u0259rini d\u0259st\u0259kl\u0259yir. T\u0259rkibi:\u0130\u015fl\u0259nmi\u015f heyvan z\u00fclal\u0131, qar\u011f\u0131dal\u0131, emal edilmi\u015f quzu z\u00fclal\u0131, bu\u011fda,&#8230;<\/p>","protected":false},"featured_media":989671,"comment_status":"closed","ping_status":"closed","template":"","meta":{"nf_dc_page":"","_monsterinsights_skip_tracking":false,"_monsterinsights_sitenote_active":false,"_monsterinsights_sitenote_note":"","_monsterinsights_sitenote_category":0},"product_brand":[],"product_cat":[58,244,245],"product_tag":[],"class_list":{"0":"post-989670","1":"product","2":"type-product","3":"status-publish","4":"has-post-thumbnail","6":"product_cat-dog","7":"product_cat-it-ve-pisik-mehsullari","8":"product_cat-yemler","10":"first","11":"instock","12":"shipping-taxable","13":"product-type-simple"},"jetpack_sharing_enabled":true,"_links":{"self":[{"href":"https:\/\/agrovetazerbaijan.az\/ru\/wp-json\/wp\/v2\/product\/989670","targetHints":{"allow":["GET"]}}],"collection":[{"href":"https:\/\/agrovetazerbaijan.az\/ru\/wp-json\/wp\/v2\/product"}],"about":[{"href":"https:\/\/agrovetazerbaijan.az\/ru\/wp-json\/wp\/v2\/types\/product"}],"replies":[{"embeddable":true,"href":"https:\/\/agrovetazerbaijan.az\/ru\/wp-json\/wp\/v2\/comments?post=989670"}],"version-history":[{"count":2,"href":"https:\/\/agrovetazerbaijan.az\/ru\/wp-json\/wp\/v2\/product\/989670\/revisions"}],"predecessor-version":[{"id":989821,"href":"https:\/\/agrovetazerbaijan.az\/ru\/wp-json\/wp\/v2\/product\/989670\/revisions\/989821"}],"wp:featuredmedia":[{"embeddable":true,"href":"https:\/\/agrovetazerbaijan.az\/ru\/wp-json\/wp\/v2\/media\/989671"}],"wp:attachment":[{"href":"https:\/\/agrovetazerbaijan.az\/ru\/wp-json\/wp\/v2\/media?parent=989670"}],"wp:term":[{"taxonomy":"product_brand","embeddable":true,"href":"https:\/\/agrovetazerbaijan.az\/ru\/wp-json\/wp\/v2\/product_brand?post=989670"},{"taxonomy":"product_cat","embeddable":true,"href":"https:\/\/agrovetazerbaijan.az\/ru\/wp-json\/wp\/v2\/product_cat?post=989670"},{"taxonomy":"product_tag","embeddable":true,"href":"https:\/\/agrovetazerbaijan.az\/ru\/wp-json\/wp\/v2\/product_tag?post=989670"}],"curies":[{"name":"WP","href":"https:\/\/api.w.org\/{rel}","templated":true}]}}