{"id":989662,"date":"2025-06-17T22:42:29","date_gmt":"2025-06-17T22:42:29","guid":{"rendered":"https:\/\/agrovetazerbaijan.az\/?post_type=product&#038;p=989662"},"modified":"2025-06-19T22:02:33","modified_gmt":"2025-06-19T22:02:33","slug":"dicalcium-phosphate-d-c-p-toz","status":"publish","type":"product","link":"https:\/\/agrovetazerbaijan.az\/ru\/product\/dicalcium-phosphate-d-c-p-toz\/","title":{"rendered":"\u041f\u043e\u0440\u043e\u0448\u043e\u043a \u0434\u0438\u043a\u0430\u043b\u044c\u0446\u0438\u0439\u0444\u043e\u0441\u0444\u0430\u0442\u0430 (\u0414\u041a\u0424)"},"content":{"rendered":"<div class=\"vgblk-rw-wrapper limit-wrapper\">\n<p data-start=\"159\" data-end=\"207\"><strong data-start=\"159\" data-end=\"171\">\u0418\u043d\u0433\u0440\u0435\u0434\u0438\u0435\u043d\u0442\u044b:<\/strong><br data-start=\"171\" data-end=\"174\" \/>\ud83d\udfe1 \u0424\u043e\u0441\u0444\u043e\u0440 \u2013 18%<br data-start=\"189\" data-end=\"192\" \/>\u26aa \u041a\u0430\u043b\u044c\u0446\u0438\u0439 \u2013 24%<\/p>\n<p data-start=\"209\" data-end=\"369\"><strong data-start=\"209\" data-end=\"221\">\u041e\u043f\u0438\u0441\u0430\u043d\u0438\u0435:<\/strong><br data-start=\"221\" data-end=\"224\" \/>\u0414\u0438\u043a\u0430\u043b\u044c\u0446\u0438\u0439\u0444\u043e\u0441\u0444\u0430\u0442 \u0438\u0441\u043f\u043e\u043b\u044c\u0437\u0443\u0435\u0442\u0441\u044f \u0434\u043b\u044f \u043e\u0431\u043e\u0433\u0430\u0449\u0435\u043d\u0438\u044f \u043a\u043e\u0440\u043c\u043e\u0432\u044b\u0445 \u0440\u0430\u0446\u0438\u043e\u043d\u043e\u0432 \u0436\u0438\u0432\u043e\u0442\u043d\u044b\u0445 \u0438 \u043f\u0442\u0438\u0446 \u043c\u0438\u043d\u0435\u0440\u0430\u043b\u0430\u043c\u0438 \u043a\u0430\u043b\u044c\u0446\u0438\u044f \u0438 \u0444\u043e\u0441\u0444\u043e\u0440\u0430. \u041f\u0440\u0438\u043c\u0435\u043d\u0435\u043d\u0438\u0435 \u044d\u0442\u043e\u0439 \u0434\u043e\u0431\u0430\u0432\u043a\u0438:<\/p>\n<ul data-start=\"371\" data-end=\"507\">\n<li data-start=\"371\" data-end=\"410\">\n<p data-start=\"373\" data-end=\"410\">\u041f\u043e\u0434\u0434\u0435\u0440\u0436\u0438\u0432\u0430\u0435\u0442 \u0431\u0430\u043b\u0430\u043d\u0441 \u043a\u0430\u043b\u044c\u0446\u0438\u044f \u0438 \u0444\u043e\u0441\u0444\u043e\u0440\u0430 \u2696\ufe0f<\/p>\n<\/li>\n<li data-start=\"411\" data-end=\"472\">\n<p data-start=\"413\" data-end=\"472\">\u041f\u043e\u043c\u043e\u0433\u0430\u0435\u0442 \u0443\u043a\u0440\u0435\u043f\u0438\u0442\u044c \u0441\u0442\u0440\u0443\u043a\u0442\u0443\u0440\u0443 \u043a\u043e\u0441\u0442\u0435\u0439 \u0438 \u0437\u0443\u0431\u043e\u0432 \ud83e\uddb4\ud83e\uddb7<\/p>\n<\/li>\n<li data-start=\"473\" data-end=\"507\">\n<p data-start=\"475\" data-end=\"507\">\u041f\u043e\u0432\u044b\u0448\u0430\u0435\u0442 \u043e\u0431\u0449\u0443\u044e \u043f\u0440\u043e\u0438\u0437\u0432\u043e\u0434\u0438\u0442\u0435\u043b\u044c\u043d\u043e\u0441\u0442\u044c \ud83d\udc04\ud83d\udc13<\/p>\n<\/li>\n<\/ul>\n<p data-start=\"509\" data-end=\"590\">\u2705 <strong data-start=\"511\" data-end=\"532\">\u0418\u043d\u0441\u0442\u0440\u0443\u043a\u0446\u0438\u044f \u043f\u043e \u043f\u0440\u0438\u043c\u0435\u043d\u0435\u043d\u0438\u044e:<\/strong><br data-start=\"532\" data-end=\"535\" \/>\u0414\u043e\u0437\u0438\u0440\u043e\u0432\u043a\u0430 \u043e\u043f\u0440\u0435\u0434\u0435\u043b\u044f\u0435\u0442\u0441\u044f \u043f\u043e \u0440\u0435\u0446\u0435\u043f\u0442\u0443. \ud83d\udcdd\ud83d\udc89<\/p>\n<p data-start=\"592\" data-end=\"686\">\ud83d\udce6 <strong data-start=\"595\" data-end=\"611\">\u0423\u043f\u0430\u043a\u043e\u0432\u043a\u0430:<\/strong> 50 \u043a\u0433 \u0431\u0443\u043c\u0430\u0436\u043d\u044b\u0439 \u043c\u0435\u0448\u043e\u043a<br data-start=\"628\" data-end=\"631\" \/>\ud83c\udfed <strong data-start=\"634\" data-end=\"649\">\u041f\u0440\u043e\u0438\u0437\u0432\u043e\u0434\u0438\u0442\u0435\u043b\u044c:<\/strong> \u0418\u043d\u0442\u0440\u0430\u043a\u043e \u041b\u0442\u0434.<br data-start=\"662\" data-end=\"665\" \/>\ud83c\udf0d <strong data-start=\"668\" data-end=\"678\">\u0418\u0441\u0442\u043e\u0447\u043d\u0438\u043a:<\/strong> \u0411\u0435\u043b\u044c\u0433\u0438\u044f<\/p>\n<\/div>\n<p><!-- .vgblk-rw-wrapper --><\/p>","protected":false},"excerpt":{"rendered":"<p>T\u0259rkibi:\ud83d\udfe1 Fosfor \u2013 18%\u26aa Kalsium \u2013 24% T\u0259sviri:Dikalsium fosfat heyvan v\u0259 qu\u015flar\u0131n yem rasionunu kalsium v\u0259 fosfor minerallar\u0131 il\u0259 z\u0259nginl\u0259\u015fdirm\u0259k \u00fc\u00e7\u00fcn istifad\u0259 olunur. Bu \u0259lav\u0259nin istifad\u0259si: Kalsium-fosfor balans\u0131n\u0131 qoruyur \u2696\ufe0f S\u00fcm\u00fck v\u0259 di\u015f strukturunun m\u00f6hk\u0259ml\u0259nm\u0259sin\u0259 k\u00f6m\u0259k edir \ud83e\uddb4\ud83e\uddb7 \u00dcmumi m\u0259hsuldarl\u0131\u011f\u0131 art\u0131r\u0131r \ud83d\udc04\ud83d\udc13 \u2705 \u0130stifad\u0259 qaydas\u0131:\u0130stifad\u0259 dozas\u0131 resept\u0259 uy\u011fun olaraq t\u0259yin edilir. \ud83d\udcdd\ud83d\udc89 \ud83d\udce6 Qabla\u015fd\u0131rma: 50&#8230;<\/p>","protected":false},"featured_media":989680,"comment_status":"closed","ping_status":"closed","template":"","meta":{"nf_dc_page":"","_monsterinsights_skip_tracking":false,"_monsterinsights_sitenote_active":false,"_monsterinsights_sitenote_note":"","_monsterinsights_sitenote_category":0},"product_brand":[],"product_cat":[240,160],"product_tag":[],"class_list":{"0":"post-989662","1":"product","2":"type-product","3":"status-publish","4":"has-post-thumbnail","6":"product_cat-fostatlar","7":"product_cat-nutrients","9":"first","10":"instock","11":"shipping-taxable","12":"product-type-simple"},"jetpack_sharing_enabled":true,"_links":{"self":[{"href":"https:\/\/agrovetazerbaijan.az\/ru\/wp-json\/wp\/v2\/product\/989662","targetHints":{"allow":["GET"]}}],"collection":[{"href":"https:\/\/agrovetazerbaijan.az\/ru\/wp-json\/wp\/v2\/product"}],"about":[{"href":"https:\/\/agrovetazerbaijan.az\/ru\/wp-json\/wp\/v2\/types\/product"}],"replies":[{"embeddable":true,"href":"https:\/\/agrovetazerbaijan.az\/ru\/wp-json\/wp\/v2\/comments?post=989662"}],"version-history":[{"count":1,"href":"https:\/\/agrovetazerbaijan.az\/ru\/wp-json\/wp\/v2\/product\/989662\/revisions"}],"predecessor-version":[{"id":989664,"href":"https:\/\/agrovetazerbaijan.az\/ru\/wp-json\/wp\/v2\/product\/989662\/revisions\/989664"}],"wp:featuredmedia":[{"embeddable":true,"href":"https:\/\/agrovetazerbaijan.az\/ru\/wp-json\/wp\/v2\/media\/989680"}],"wp:attachment":[{"href":"https:\/\/agrovetazerbaijan.az\/ru\/wp-json\/wp\/v2\/media?parent=989662"}],"wp:term":[{"taxonomy":"product_brand","embeddable":true,"href":"https:\/\/agrovetazerbaijan.az\/ru\/wp-json\/wp\/v2\/product_brand?post=989662"},{"taxonomy":"product_cat","embeddable":true,"href":"https:\/\/agrovetazerbaijan.az\/ru\/wp-json\/wp\/v2\/product_cat?post=989662"},{"taxonomy":"product_tag","embeddable":true,"href":"https:\/\/agrovetazerbaijan.az\/ru\/wp-json\/wp\/v2\/product_tag?post=989662"}],"curies":[{"name":"WP","href":"https:\/\/api.w.org\/{rel}","templated":true}]}}