{"id":989655,"date":"2025-06-17T22:33:50","date_gmt":"2025-06-17T22:33:50","guid":{"rendered":"https:\/\/agrovetazerbaijan.az\/?post_type=product&#038;p=989655"},"modified":"2025-07-10T22:30:39","modified_gmt":"2025-07-10T22:30:39","slug":"l-lysine-monohydrochloride-985","status":"publish","type":"product","link":"https:\/\/agrovetazerbaijan.az\/ru\/product\/l-lysine-monohydrochloride-985\/","title":{"rendered":"L-\u041b\u0418\u0417\u0418\u041d \u041c\u041e\u041d\u041e\u0413\u0418\u0414\u0420\u041e\u0425\u041b\u041e\u0420\u0418\u0414 98.5%"},"content":{"rendered":"<div class=\"vgblk-rw-wrapper limit-wrapper\">\n<p data-start=\"123\" data-end=\"150\">L-\u043b\u0438\u0437\u0438\u043d 99%<\/p>\n<p data-start=\"152\" data-end=\"281\"><strong data-start=\"152\" data-end=\"164\">\u041e\u043f\u0438\u0441\u0430\u043d\u0438\u0435:<\/strong><br data-start=\"164\" data-end=\"167\" \/>L-\u043b\u0438\u0437\u0438\u043d \u0438\u0441\u043f\u043e\u043b\u044c\u0437\u0443\u0435\u0442\u0441\u044f \u0434\u043b\u044f \u043e\u0431\u043e\u0433\u0430\u0449\u0435\u043d\u0438\u044f \u0440\u0430\u0446\u0438\u043e\u043d\u0430 \u0436\u0438\u0432\u043e\u0442\u043d\u044b\u0445 \u0438 \u043f\u0442\u0438\u0446 \u0430\u043c\u0438\u043d\u043e\u043a\u0438\u0441\u043b\u043e\u0442\u043e\u0439. \u042d\u0442\u0430 \u043a\u043e\u0440\u043c\u043e\u0432\u0430\u044f \u0434\u043e\u0431\u0430\u0432\u043a\u0430:<\/p>\n<ul data-start=\"283\" data-end=\"427\">\n<li data-start=\"283\" data-end=\"313\">\n<p data-start=\"285\" data-end=\"313\">\u041f\u043e\u0432\u044b\u0448\u0430\u0435\u0442 \u043f\u0440\u043e\u0438\u0437\u0432\u043e\u0434\u0438\u0442\u0435\u043b\u044c\u043d\u043e\u0441\u0442\u044c \ud83d\udc04\ud83d\udc13<\/p>\n<\/li>\n<li data-start=\"314\" data-end=\"360\">\n<p data-start=\"316\" data-end=\"360\">\u041e\u043a\u0430\u0437\u044b\u0432\u0430\u0435\u0442 \u043f\u043e\u043b\u043e\u0436\u0438\u0442\u0435\u043b\u044c\u043d\u043e\u0435 \u0432\u043b\u0438\u044f\u043d\u0438\u0435 \u043d\u0430 \u043c\u0438\u043d\u0435\u0440\u0430\u043b\u044c\u043d\u044b\u0439 \u043e\u0431\u043c\u0435\u043d<\/p>\n<\/li>\n<li data-start=\"361\" data-end=\"427\">\n<p data-start=\"363\" data-end=\"427\">\u0423\u043b\u0443\u0447\u0448\u0430\u0435\u0442 \u0443\u0441\u0432\u043e\u0435\u043d\u0438\u0435 \u043a\u0430\u043b\u044c\u0446\u0438\u044f, \u0444\u043e\u0441\u0444\u043e\u0440\u0430 \u0438 \u0436\u0435\u043b\u0435\u0437\u0430 \ud83d\udcaa\ud83e\uddec<\/p>\n<\/li>\n<\/ul>\n<p data-start=\"429\" data-end=\"510\">\u2705 <strong data-start=\"431\" data-end=\"452\">\u0418\u043d\u0441\u0442\u0440\u0443\u043a\u0446\u0438\u044f \u043f\u043e \u043f\u0440\u0438\u043c\u0435\u043d\u0435\u043d\u0438\u044e:<\/strong><br data-start=\"452\" data-end=\"455\" \/>\u0414\u043e\u0437\u0438\u0440\u043e\u0432\u043a\u0430 \u043e\u043f\u0440\u0435\u0434\u0435\u043b\u044f\u0435\u0442\u0441\u044f \u043f\u043e \u0440\u0435\u0446\u0435\u043f\u0442\u0443. \u2696\ufe0f\ud83d\udccb<\/p>\n<p data-start=\"512\" data-end=\"621\">\ud83d\udce6 <strong data-start=\"515\" data-end=\"531\">\u0423\u043f\u0430\u043a\u043e\u0432\u043a\u0430:<\/strong> 25 \u043a\u0433 \u0431\u0443\u043c\u0430\u0436\u043d\u044b\u0439 \u043c\u0435\u0448\u043e\u043a<br data-start=\"548\" data-end=\"551\" \/>\ud83c\udfed <strong data-start=\"554\" data-end=\"569\">\u041f\u0440\u043e\u0438\u0437\u0432\u043e\u0434\u0438\u0442\u0435\u043b\u044c:<\/strong> \u041d\u0438\u043d\u0441\u044f \u042d\u043f\u043f\u0435\u043d \u0411\u0438\u043e\u0442\u0435\u0445 \u041b\u0442\u0434.<br data-start=\"599\" data-end=\"602\" \/>\n<\/p>\n<\/div>\n<p><!-- .vgblk-rw-wrapper --><\/p>","protected":false},"excerpt":{"rendered":"<p>L-Lysine 99% T\u0259sviri:L-Lysine, heyvan v\u0259 qu\u015flar\u0131n rasionunu amin tur\u015fusu il\u0259 z\u0259nginl\u0259\u015fdirm\u0259k m\u0259qs\u0259dil\u0259 istifad\u0259 olunur. Bu yem \u0259lav\u0259si: M\u0259hsuldarl\u0131\u011f\u0131 art\u0131r\u0131r \ud83d\udc04\ud83d\udc13 Mineral m\u00fcbadil\u0259sin\u0259 m\u00fcsb\u0259t t\u0259sir g\u00f6st\u0259rir Kalsium, fosfor v\u0259 d\u0259mirin m\u0259nims\u0259nilm\u0259sini yax\u015f\u0131la\u015fd\u0131r\u0131r \ud83d\udcaa\ud83e\uddec \u2705 \u0130stifad\u0259 qaydas\u0131:\u0130stifad\u0259 dozas\u0131 resept\u0259 uy\u011fun olaraq t\u0259yin edilir. \u2696\ufe0f\ud83d\udccb \ud83d\udce6 Qabla\u015fd\u0131rma: 25 kq ka\u011f\u0131z kis\u0259\ud83c\udfed \u0130stehsal\u00e7\u0131: Ningxia Eppen Biotech Co Ltd.<\/p>","protected":false},"featured_media":989656,"comment_status":"closed","ping_status":"closed","template":"","meta":{"nf_dc_page":"","_monsterinsights_skip_tracking":false,"_monsterinsights_sitenote_active":false,"_monsterinsights_sitenote_note":"","_monsterinsights_sitenote_category":0},"product_brand":[],"product_cat":[239,160],"product_tag":[],"class_list":{"0":"post-989655","1":"product","2":"type-product","3":"status-publish","4":"has-post-thumbnail","6":"product_cat-amin-tursulari","7":"product_cat-nutrients","9":"first","10":"instock","11":"shipping-taxable","12":"product-type-simple"},"jetpack_sharing_enabled":true,"_links":{"self":[{"href":"https:\/\/agrovetazerbaijan.az\/ru\/wp-json\/wp\/v2\/product\/989655","targetHints":{"allow":["GET"]}}],"collection":[{"href":"https:\/\/agrovetazerbaijan.az\/ru\/wp-json\/wp\/v2\/product"}],"about":[{"href":"https:\/\/agrovetazerbaijan.az\/ru\/wp-json\/wp\/v2\/types\/product"}],"replies":[{"embeddable":true,"href":"https:\/\/agrovetazerbaijan.az\/ru\/wp-json\/wp\/v2\/comments?post=989655"}],"version-history":[{"count":2,"href":"https:\/\/agrovetazerbaijan.az\/ru\/wp-json\/wp\/v2\/product\/989655\/revisions"}],"predecessor-version":[{"id":989811,"href":"https:\/\/agrovetazerbaijan.az\/ru\/wp-json\/wp\/v2\/product\/989655\/revisions\/989811"}],"wp:featuredmedia":[{"embeddable":true,"href":"https:\/\/agrovetazerbaijan.az\/ru\/wp-json\/wp\/v2\/media\/989656"}],"wp:attachment":[{"href":"https:\/\/agrovetazerbaijan.az\/ru\/wp-json\/wp\/v2\/media?parent=989655"}],"wp:term":[{"taxonomy":"product_brand","embeddable":true,"href":"https:\/\/agrovetazerbaijan.az\/ru\/wp-json\/wp\/v2\/product_brand?post=989655"},{"taxonomy":"product_cat","embeddable":true,"href":"https:\/\/agrovetazerbaijan.az\/ru\/wp-json\/wp\/v2\/product_cat?post=989655"},{"taxonomy":"product_tag","embeddable":true,"href":"https:\/\/agrovetazerbaijan.az\/ru\/wp-json\/wp\/v2\/product_tag?post=989655"}],"curies":[{"name":"WP","href":"https:\/\/api.w.org\/{rel}","templated":true}]}}