{"id":989651,"date":"2025-06-17T22:24:10","date_gmt":"2025-06-17T22:24:10","guid":{"rendered":"https:\/\/agrovetazerbaijan.az\/?post_type=product&#038;p=989651"},"modified":"2025-07-10T22:29:18","modified_gmt":"2025-07-10T22:29:18","slug":"vitamin-poultry-premix-005","status":"publish","type":"product","link":"https:\/\/agrovetazerbaijan.az\/ru\/product\/vitamin-poultry-premix-005\/","title":{"rendered":"\u0412\u0438\u0442\u0430\u043c\u0438\u043d\u043d\u044b\u0439 \u043f\u0440\u0435\u043c\u0438\u043a\u0441 \u0434\u043b\u044f \u043f\u0442\u0438\u0446\u044b 0,05%"},"content":{"rendered":"<div class=\"vgblk-rw-wrapper limit-wrapper\">\n<p data-start=\"157\" data-end=\"281\"><strong data-start=\"157\" data-end=\"169\">\u0418\u043d\u0433\u0440\u0435\u0434\u0438\u0435\u043d\u0442\u044b:<\/strong><br data-start=\"169\" data-end=\"172\" \/>\u0412\u0438\u0442\u0430\u043c\u0438\u043d\u044b A, D3, E, K3, B1, B2, B6, B12, PP, \u0431\u0438\u043e\u0442\u0438\u043d, \u0444\u043e\u043b\u0438\u0435\u0432\u0430\u044f \u043a\u0438\u0441\u043b\u043e\u0442\u0430, \u043a\u0430\u043b\u044c\u0446\u0438\u0439, \u043d\u0430\u0442\u0440\u0438\u0439, \u043c\u0430\u0433\u043d\u0438\u0439, \u043a\u0430\u043b\u0438\u0439, \u0441\u0435\u0440\u0430<\/p>\n<p data-start=\"283\" data-end=\"451\"><strong data-start=\"283\" data-end=\"295\">\u041e\u043f\u0438\u0441\u0430\u043d\u0438\u0435:<\/strong><br data-start=\"295\" data-end=\"298\" \/>\u041a\u043e\u0440\u043c\u043e\u0432\u0430\u044f \u0434\u043e\u0431\u0430\u0432\u043a\u0430 \u00ab\u0412\u0438\u0442\u0430\u043c\u0438\u043d\u043d\u044b\u0439 \u043f\u0440\u0435\u043c\u0438\u043a\u0441 \u0434\u043b\u044f \u043f\u0442\u0438\u0446\u044b 0,051\u0422\u041f3\u0422\u00bb \u043f\u0440\u0438\u043c\u0435\u043d\u044f\u0435\u0442\u0441\u044f \u0434\u043b\u044f \u043e\u0431\u043e\u0433\u0430\u0449\u0435\u043d\u0438\u044f \u0440\u0430\u0446\u0438\u043e\u043d\u0430 \u043f\u0442\u0438\u0446\u044b \u0432\u0438\u0442\u0430\u043c\u0438\u043d\u0430\u043c\u0438 \u0438 \u043c\u0438\u043d\u0435\u0440\u0430\u043b\u0430\u043c\u0438. \u0411\u043b\u0430\u0433\u043e\u0434\u0430\u0440\u044f \u044d\u0442\u043e\u043c\u0443 \u043f\u0440\u0435\u043c\u0438\u043a\u0441\u0443:<\/p>\n<ul data-start=\"453\" data-end=\"600\">\n<li data-start=\"453\" data-end=\"495\">\n<p data-start=\"455\" data-end=\"495\">\u0415\u0436\u0435\u0434\u043d\u0435\u0432\u043d\u044b\u0439 \u043f\u0440\u0438\u0440\u043e\u0441\u0442 \u0432\u0435\u0441\u0430 \u043f\u0442\u0438\u0446 \u0443\u0432\u0435\u043b\u0438\u0447\u0438\u0432\u0430\u0435\u0442\u0441\u044f<\/p>\n<\/li>\n<li data-start=\"496\" data-end=\"524\">\n<p data-start=\"498\" data-end=\"524\">\u0422\u0435\u043c\u043f\u044b \u0440\u0430\u0437\u0432\u0438\u0442\u0438\u044f \u0443\u0441\u043a\u043e\u0440\u044f\u044e\u0442\u0441\u044f<\/p>\n<\/li>\n<li data-start=\"525\" data-end=\"552\">\n<p data-start=\"527\" data-end=\"552\">\u0412\u0440\u0435\u043c\u044f \u043a\u043e\u0440\u043c\u043b\u0435\u043d\u0438\u044f \u0441\u043e\u043a\u0440\u0430\u0449\u0430\u0435\u0442\u0441\u044f<\/p>\n<\/li>\n<li data-start=\"553\" data-end=\"600\">\n<p data-start=\"555\" data-end=\"600\">\u0420\u0438\u0441\u043a \u0433\u0438\u0431\u0435\u043b\u0438 \u0446\u044b\u043f\u043b\u044f\u0442 \u0432\u043e \u0432\u0440\u0435\u043c\u044f \u0440\u0430\u0437\u0432\u0438\u0442\u0438\u044f \u0441\u043d\u0438\u0436\u0430\u0435\u0442\u0441\u044f.<\/p>\n<\/li>\n<\/ul>\n<p data-start=\"602\" data-end=\"687\">\u2705 <strong data-start=\"604\" data-end=\"625\">\u0418\u043d\u0441\u0442\u0440\u0443\u043a\u0446\u0438\u044f \u043f\u043e \u043f\u0440\u0438\u043c\u0435\u043d\u0435\u043d\u0438\u044e:<\/strong><br data-start=\"625\" data-end=\"628\" \/>\u0421\u043c\u0435\u0448\u0438\u0432\u0430\u0435\u0442\u0441\u044f \u0438 \u0434\u0430\u0435\u0442\u0441\u044f \u0432 \u043a\u043e\u043b\u0438\u0447\u0435\u0441\u0442\u0432\u0435 500 \u0433\u0440\u0430\u043c\u043c \u043d\u0430 1 \u0442\u043e\u043d\u043d\u0443 \u043a\u043e\u0440\u043c\u0430. \u2696\ufe0f\ud83d\udc23\ud83e\udeb6<\/p>\n<p data-start=\"689\" data-end=\"779\">\ud83d\udce6 <strong data-start=\"692\" data-end=\"708\">\u0423\u043f\u0430\u043a\u043e\u0432\u043a\u0430:<\/strong> \u041c\u0435\u0448\u043e\u043a 25 \u043a\u0433<br data-start=\"719\" data-end=\"722\" \/>\ud83c\udfed <strong data-start=\"725\" data-end=\"740\">\u041f\u0440\u043e\u0438\u0437\u0432\u043e\u0434\u0438\u0442\u0435\u043b\u044c:<\/strong> \u0418\u043d\u0442\u0440\u0430\u043a\u043e \u041b\u0442\u0434.<br data-start=\"753\" data-end=\"756\" \/>\n<\/p>\n<\/div>\n<p><!-- .vgblk-rw-wrapper --><\/p>","protected":false},"excerpt":{"rendered":"<p>T\u0259rkibi:Vitamin A, D3, E, K3, B1, B2, B6, B12, PP, Biotin, Folik tur\u015fusu, Kalsium, Natrium, Maqnezium, Kalium, K\u00fck\u00fcrd T\u0259sviri:Vitamin Poultry Premix 0,05% yem \u0259lav\u0259si, qu\u015flar\u0131n yem rasionunu vitamin v\u0259 minerallarla z\u0259nginl\u0259\u015fdirm\u0259k m\u0259qs\u0259dil\u0259 istifad\u0259 olunur. Bu premiks say\u0259sind\u0259: Qu\u015flar\u0131n g\u00fcnd\u0259lik \u00e7\u0259ki art\u0131m\u0131 y\u00fcks\u0259lir \u0130nki\u015faf tempi s\u00fcr\u0259tl\u0259nir Yeml\u0259m\u0259 m\u00fcdd\u0259ti q\u0131sal\u0131r C\u00fcc\u0259l\u0259rin inki\u015faf\u0131 zaman\u0131 \u00f6l\u00fcm riski azal\u0131r \u2705&#8230;<\/p>","protected":false},"featured_media":989652,"comment_status":"closed","ping_status":"closed","template":"","meta":{"nf_dc_page":"","_monsterinsights_skip_tracking":false,"_monsterinsights_sitenote_active":false,"_monsterinsights_sitenote_note":"","_monsterinsights_sitenote_category":0},"product_brand":[],"product_cat":[160,238],"product_tag":[],"class_list":{"0":"post-989651","1":"product","2":"type-product","3":"status-publish","4":"has-post-thumbnail","6":"product_cat-nutrients","7":"product_cat-premiks","9":"first","10":"instock","11":"shipping-taxable","12":"product-type-simple"},"jetpack_sharing_enabled":true,"_links":{"self":[{"href":"https:\/\/agrovetazerbaijan.az\/ru\/wp-json\/wp\/v2\/product\/989651","targetHints":{"allow":["GET"]}}],"collection":[{"href":"https:\/\/agrovetazerbaijan.az\/ru\/wp-json\/wp\/v2\/product"}],"about":[{"href":"https:\/\/agrovetazerbaijan.az\/ru\/wp-json\/wp\/v2\/types\/product"}],"replies":[{"embeddable":true,"href":"https:\/\/agrovetazerbaijan.az\/ru\/wp-json\/wp\/v2\/comments?post=989651"}],"version-history":[{"count":3,"href":"https:\/\/agrovetazerbaijan.az\/ru\/wp-json\/wp\/v2\/product\/989651\/revisions"}],"predecessor-version":[{"id":989810,"href":"https:\/\/agrovetazerbaijan.az\/ru\/wp-json\/wp\/v2\/product\/989651\/revisions\/989810"}],"wp:featuredmedia":[{"embeddable":true,"href":"https:\/\/agrovetazerbaijan.az\/ru\/wp-json\/wp\/v2\/media\/989652"}],"wp:attachment":[{"href":"https:\/\/agrovetazerbaijan.az\/ru\/wp-json\/wp\/v2\/media?parent=989651"}],"wp:term":[{"taxonomy":"product_brand","embeddable":true,"href":"https:\/\/agrovetazerbaijan.az\/ru\/wp-json\/wp\/v2\/product_brand?post=989651"},{"taxonomy":"product_cat","embeddable":true,"href":"https:\/\/agrovetazerbaijan.az\/ru\/wp-json\/wp\/v2\/product_cat?post=989651"},{"taxonomy":"product_tag","embeddable":true,"href":"https:\/\/agrovetazerbaijan.az\/ru\/wp-json\/wp\/v2\/product_tag?post=989651"}],"curies":[{"name":"WP","href":"https:\/\/api.w.org\/{rel}","templated":true}]}}