{"id":989648,"date":"2025-06-17T22:18:36","date_gmt":"2025-06-17T22:18:36","guid":{"rendered":"https:\/\/agrovetazerbaijan.az\/?post_type=product&#038;p=989648"},"modified":"2025-06-17T22:18:48","modified_gmt":"2025-06-17T22:18:48","slug":"choline-chloride-60","status":"publish","type":"product","link":"https:\/\/agrovetazerbaijan.az\/ru\/product\/choline-chloride-60\/","title":{"rendered":"\u0425\u041e\u041b\u0418\u041d \u0425\u041b\u041e\u0420\u0418\u0414 60"},"content":{"rendered":"<div class=\"vgblk-rw-wrapper limit-wrapper\">\n<p data-start=\"152\" data-end=\"185\"><strong data-start=\"152\" data-end=\"164\">\u0418\u043d\u0433\u0440\u0435\u0434\u0438\u0435\u043d\u0442\u044b:<\/strong><br data-start=\"164\" data-end=\"167\" \/>\u0425\u043e\u043b\u0438\u043d\u0430 \u0445\u043b\u043e\u0440\u0438\u0434 \u2013 60%<\/p>\n<p data-start=\"187\" data-end=\"454\"><strong data-start=\"187\" data-end=\"199\">\u041e\u043f\u0438\u0441\u0430\u043d\u0438\u0435:<\/strong><br data-start=\"199\" data-end=\"202\" \/>\u041a\u043e\u0440\u043c\u043e\u0432\u0430\u044f \u0434\u043e\u0431\u0430\u0432\u043a\u0430 \u0425\u043e\u043b\u0438\u043d\u0430 \u0425\u043b\u043e\u0440\u0438\u0434 60% \u043f\u0440\u0435\u0434\u043e\u0442\u0432\u0440\u0430\u0449\u0430\u0435\u0442 \u0443\u0441\u044b\u0445\u0430\u043d\u0438\u0435 \u044f\u0438\u0446 \u0443 \u043f\u0442\u0438\u0446, \u043f\u043e\u0432\u044b\u0448\u0430\u0435\u0442 \u043f\u0440\u043e\u0434\u0443\u043a\u0442\u0438\u0432\u043d\u043e\u0441\u0442\u044c \u0436\u0438\u0432\u043e\u0442\u043d\u044b\u0445 \u0438 \u043f\u0442\u0438\u0446, \u043f\u0440\u0435\u0434\u043e\u0442\u0432\u0440\u0430\u0449\u0430\u0435\u0442 \u0436\u0438\u0440\u043e\u0432\u0443\u044e \u0431\u043e\u043b\u0435\u0437\u043d\u044c \u043f\u0435\u0447\u0435\u043d\u0438. \u0421\u043d\u0438\u0436\u0430\u0435\u0442 \u0440\u0438\u0441\u043a \u0441\u043c\u0435\u0440\u0442\u043d\u043e\u0441\u0442\u0438 \u0432\u043e \u0432\u0440\u0435\u043c\u044f \u0440\u0430\u0437\u0432\u0438\u0442\u0438\u044f \u0446\u044b\u043f\u043b\u044f\u0442 \u0438 \u043f\u043e\u0434\u0434\u0435\u0440\u0436\u0438\u0432\u0430\u0435\u0442 \u0437\u0434\u043e\u0440\u043e\u0432\u044b\u0439 \u0440\u043e\u0441\u0442.<\/p>\n<p data-start=\"456\" data-end=\"539\">\u2705 <strong data-start=\"458\" data-end=\"479\">\u0418\u043d\u0441\u0442\u0440\u0443\u043a\u0446\u0438\u044f \u043f\u043e \u043f\u0440\u0438\u043c\u0435\u043d\u0435\u043d\u0438\u044e:<\/strong><br data-start=\"479\" data-end=\"482\" \/>\u0414\u043e\u0437\u0438\u0440\u043e\u0432\u043a\u0430 \u043e\u043f\u0440\u0435\u0434\u0435\u043b\u044f\u0435\u0442\u0441\u044f \u043f\u043e \u0440\u0435\u0446\u0435\u043f\u0442\u0443. \u2696\ufe0f\ud83d\udc25<\/p>\n<p data-start=\"541\" data-end=\"631\">\ud83d\udce6 <strong data-start=\"544\" data-end=\"560\">\u0423\u043f\u0430\u043a\u043e\u0432\u043a\u0430:<\/strong> \u041c\u0435\u0448\u043e\u043a 20 \u043a\u0433<br data-start=\"571\" data-end=\"574\" \/>\ud83c\udfed <strong data-start=\"577\" data-end=\"592\">\u041f\u0440\u043e\u0438\u0437\u0432\u043e\u0434\u0438\u0442\u0435\u043b\u044c:<\/strong> \u0418\u043d\u0442\u0440\u0430\u043a\u043e \u041b\u0442\u0434.<br data-start=\"605\" data-end=\"608\" \/>\ud83c\udf0d <strong data-start=\"611\" data-end=\"621\">\u0418\u0441\u0442\u043e\u0447\u043d\u0438\u043a:<\/strong> \u0411\u0435\u043b\u044c\u0433\u0438\u044f<\/p>\n<\/div>\n<p><!-- .vgblk-rw-wrapper --><\/p>","protected":false},"excerpt":{"rendered":"<p>T\u0259rkibi:Xolin Xlorid \u2013 60% T\u0259sviri:Choline Chloride 60% yem \u0259lav\u0259si qu\u015flarda yumurtalar\u0131n ki\u00e7ilm\u0259sinin qar\u015f\u0131s\u0131n\u0131 al\u0131r, heyvan v\u0259 qu\u015flarda m\u0259hsuldarl\u0131\u011f\u0131 art\u0131r\u0131r, qaraciy\u0259rin piy distrofiyas\u0131n\u0131n qar\u015f\u0131s\u0131n\u0131 al\u0131r. C\u00fcc\u0259l\u0259rin inki\u015faf\u0131 zaman\u0131 \u00f6l\u00fcm riskini azald\u0131r v\u0259 sa\u011flam b\u00f6y\u00fcm\u0259ni d\u0259st\u0259kl\u0259yir. \u2705 \u0130stifad\u0259 qaydas\u0131:\u0130stifad\u0259 dozas\u0131 resept\u0259 uy\u011fun olaraq t\u0259yin edilir. \u2696\ufe0f\ud83d\udc25 \ud83d\udce6 Qabla\u015fd\u0131rma: 20 kq kis\u0259\ud83c\udfed \u0130stehsal\u00e7\u0131: Intraco Ltd.\ud83c\udf0d M\u0259n\u015f\u0259: Bel\u00e7ika<\/p>","protected":false},"featured_media":989649,"comment_status":"closed","ping_status":"closed","template":"","meta":{"nf_dc_page":"","_monsterinsights_skip_tracking":false,"_monsterinsights_sitenote_active":false,"_monsterinsights_sitenote_note":"","_monsterinsights_sitenote_category":0},"product_brand":[],"product_cat":[243,160],"product_tag":[],"class_list":{"0":"post-989648","1":"product","2":"type-product","3":"status-publish","4":"has-post-thumbnail","6":"product_cat-others","7":"product_cat-nutrients","9":"first","10":"instock","11":"shipping-taxable","12":"product-type-simple"},"jetpack_sharing_enabled":true,"_links":{"self":[{"href":"https:\/\/agrovetazerbaijan.az\/ru\/wp-json\/wp\/v2\/product\/989648","targetHints":{"allow":["GET"]}}],"collection":[{"href":"https:\/\/agrovetazerbaijan.az\/ru\/wp-json\/wp\/v2\/product"}],"about":[{"href":"https:\/\/agrovetazerbaijan.az\/ru\/wp-json\/wp\/v2\/types\/product"}],"replies":[{"embeddable":true,"href":"https:\/\/agrovetazerbaijan.az\/ru\/wp-json\/wp\/v2\/comments?post=989648"}],"version-history":[{"count":1,"href":"https:\/\/agrovetazerbaijan.az\/ru\/wp-json\/wp\/v2\/product\/989648\/revisions"}],"predecessor-version":[{"id":989650,"href":"https:\/\/agrovetazerbaijan.az\/ru\/wp-json\/wp\/v2\/product\/989648\/revisions\/989650"}],"wp:featuredmedia":[{"embeddable":true,"href":"https:\/\/agrovetazerbaijan.az\/ru\/wp-json\/wp\/v2\/media\/989649"}],"wp:attachment":[{"href":"https:\/\/agrovetazerbaijan.az\/ru\/wp-json\/wp\/v2\/media?parent=989648"}],"wp:term":[{"taxonomy":"product_brand","embeddable":true,"href":"https:\/\/agrovetazerbaijan.az\/ru\/wp-json\/wp\/v2\/product_brand?post=989648"},{"taxonomy":"product_cat","embeddable":true,"href":"https:\/\/agrovetazerbaijan.az\/ru\/wp-json\/wp\/v2\/product_cat?post=989648"},{"taxonomy":"product_tag","embeddable":true,"href":"https:\/\/agrovetazerbaijan.az\/ru\/wp-json\/wp\/v2\/product_tag?post=989648"}],"curies":[{"name":"WP","href":"https:\/\/api.w.org\/{rel}","templated":true}]}}