{"id":989645,"date":"2025-06-17T21:43:07","date_gmt":"2025-06-17T21:43:07","guid":{"rendered":"https:\/\/agrovetazerbaijan.az\/?post_type=product&#038;p=989645"},"modified":"2025-06-19T22:00:34","modified_gmt":"2025-06-19T22:00:34","slug":"intra-dox-yem-%c9%99lav%c9%99si-toz","status":"publish","type":"product","link":"https:\/\/agrovetazerbaijan.az\/ru\/product\/intra-dox-yem-%c9%99lav%c9%99si-toz\/","title":{"rendered":"\u041a\u043e\u0440\u043c\u043e\u0432\u0430\u044f \u0434\u043e\u0431\u0430\u0432\u043a\u0430 INTRA-DOX (\u043f\u043e\u0440\u043e\u0448\u043e\u043a)"},"content":{"rendered":"<div class=\"vgblk-rw-wrapper limit-wrapper\">\n<p data-start=\"58\" data-end=\"170\"><strong data-start=\"58\" data-end=\"70\">\u0418\u043d\u0433\u0440\u0435\u0434\u0438\u0435\u043d\u0442\u044b:<\/strong><br data-start=\"70\" data-end=\"73\" \/>\u041b\u0438\u043c\u043e\u043d\u043d\u0430\u044f \u043a\u0438\u0441\u043b\u043e\u0442\u0430, \u0444\u043e\u0441\u0444\u043e\u0440\u043d\u0430\u044f \u043a\u0438\u0441\u043b\u043e\u0442\u0430, \u0431\u0443\u0442\u0438\u043b\u0433\u0438\u0434\u0440\u043e\u043a\u0441\u0438\u0430\u043d\u0438\u0437\u043e\u043b, \u0431\u0443\u0442\u0438\u043b\u0433\u0438\u0434\u0440\u043e\u043a\u0441\u0438\u0442\u043e\u043b\u0443\u043e\u043b, \u043a\u0440\u0435\u043c\u043d\u0438\u0435\u0432\u0430\u044f \u043a\u0438\u0441\u043b\u043e\u0442\u0430<\/p>\n<p data-start=\"172\" data-end=\"561\"><strong data-start=\"172\" data-end=\"184\">\u041e\u043f\u0438\u0441\u0430\u043d\u0438\u0435:<\/strong><br data-start=\"184\" data-end=\"187\" \/>\u041a\u043e\u0440\u043c\u043e\u0432\u0430\u044f \u0434\u043e\u0431\u0430\u0432\u043a\u0430 \u0418\u041d\u0422\u0420\u0410-\u0414\u041e\u041a\u0421 \u2013 \u0430\u043d\u0442\u0438\u043e\u043a\u0441\u0438\u0434\u0430\u043d\u0442\u043d\u044b\u0439 \u043f\u0440\u0435\u043f\u0430\u0440\u0430\u0442. \u041e\u043d\u0430 \u0437\u0430\u0449\u0438\u0449\u0430\u0435\u0442 \u0436\u0438\u0440\u044b, \u0436\u0438\u0440\u043e\u0440\u0430\u0441\u0442\u0432\u043e\u0440\u0438\u043c\u044b\u0435 \u0432\u0438\u0442\u0430\u043c\u0438\u043d\u044b \u0438 \u043a\u0430\u0440\u043e\u0442\u0438\u043d \u0432 \u043a\u043e\u0440\u043c\u0430\u0445 \u043e\u0442 \u043e\u043a\u0438\u0441\u043b\u0435\u043d\u0438\u044f, \u043f\u0440\u0435\u0434\u043e\u0442\u0432\u0440\u0430\u0449\u0430\u044f \u043f\u043e\u0442\u0435\u0440\u044e \u043a\u0430\u0447\u0435\u0441\u0442\u0432\u0430 \u043a\u043e\u0440\u043c\u043e\u0432 \u0432 \u0440\u0435\u0437\u0443\u043b\u044c\u0442\u0430\u0442\u0435 \u043e\u043a\u0438\u0441\u043b\u0435\u043d\u0438\u044f. \u042d\u0442\u043e \u043e\u0431\u0435\u0441\u043f\u0435\u0447\u0438\u0432\u0430\u0435\u0442 \u0434\u043b\u0438\u0442\u0435\u043b\u044c\u043d\u043e\u0435 \u0445\u0440\u0430\u043d\u0435\u043d\u0438\u0435 \u043a\u043e\u0440\u043c\u043e\u0432, \u0431\u043e\u043b\u0435\u0435 \u044d\u0444\u0444\u0435\u043a\u0442\u0438\u0432\u043d\u043e\u0435 \u0438\u0445 \u0438\u0441\u043f\u043e\u043b\u044c\u0437\u043e\u0432\u0430\u043d\u0438\u0435 \u0438 \u043f\u043e\u0432\u044b\u0448\u0435\u043d\u0438\u0435 \u043f\u0440\u043e\u0434\u0443\u043a\u0442\u0438\u0432\u043d\u043e\u0441\u0442\u0438. \u041f\u0440\u0438\u043c\u0435\u043d\u044f\u0435\u0442\u0441\u044f \u0432 \u0444\u0435\u0440\u043c\u0435\u0440\u0441\u043a\u0438\u0445 \u0445\u043e\u0437\u044f\u0439\u0441\u0442\u0432\u0430\u0445 \u043f\u0443\u0442\u0435\u043c \u0441\u043c\u0435\u0448\u0438\u0432\u0430\u043d\u0438\u044f \u0441 \u043a\u043e\u0440\u043c\u0430\u043c\u0438.<\/p>\n<p data-start=\"563\" data-end=\"631\">\u2705 \u0418\u043d\u0441\u0442\u0440\u0443\u043a\u0446\u0438\u044f \u043f\u043e \u043f\u0440\u0438\u043c\u0435\u043d\u0435\u043d\u0438\u044e:<br data-start=\"582\" data-end=\"585\" \/>\u041d\u0430 1 \u0442\u043e\u043d\u043d\u0443 \u043a\u043e\u0440\u043c\u0430 \u0434\u043e\u0431\u0430\u0432\u043b\u044f\u044e\u0442 125-150 \u0433\u0440\u0430\u043c\u043c\u043e\u0432.<\/p>\n<p data-start=\"633\" data-end=\"711\">\ud83d\udce6 \u0423\u043f\u0430\u043a\u043e\u0432\u043a\u0430: \u043c\u0435\u0448\u043e\u043a 25 \u043a\u0433<br data-start=\"659\" data-end=\"662\" \/>\ud83c\udfed \u041f\u0440\u043e\u0438\u0437\u0432\u043e\u0434\u0438\u0442\u0435\u043b\u044c: Intraco Ltd.<br data-start=\"689\" data-end=\"692\" \/>\ud83c\udf0d \u041f\u0440\u043e\u0438\u0441\u0445\u043e\u0436\u0434\u0435\u043d\u0438\u0435: \u0411\u0435\u043b\u044c\u0433\u0438\u044f<\/p>\n<\/div>\n<p><!-- .vgblk-rw-wrapper --><\/p>","protected":false},"excerpt":{"rendered":"<p>T\u0259rkibi:Limon tur\u015fusu, fosfat tur\u015fusu, butil hidroksid anizol, butil hidroksid toluol, silisium tur\u015fusu T\u0259sviri:\u0130NTRA-DOX yem \u0259lav\u0259si antioksidant preparatd\u0131r. O, yemd\u0259 olan ya\u011flar\u0131, ya\u011fda h\u0259ll olan vitaminl\u0259ri v\u0259 karotini oksidl\u0259\u015fm\u0259d\u0259n qoruyur, oksidl\u0259\u015fm\u0259 n\u0259tic\u0259sind\u0259 yemin keyfiyy\u0259tinin itirilm\u0259sinin qar\u015f\u0131s\u0131n\u0131 al\u0131r. Bu, yemin uzun m\u00fcdd\u0259t saxlanmas\u0131na, daha faydal\u0131 istifad\u0259 edilm\u0259sin\u0259 v\u0259 m\u0259hsuldarl\u0131\u011f\u0131n artmas\u0131na \u015f\u0259rait yarad\u0131r. T\u0259s\u0259rr\u00fcfatlarda yem\u0259 qar\u0131\u015fd\u0131r\u0131laraq istifad\u0259 olunur&#8230;.<\/p>","protected":false},"featured_media":989679,"comment_status":"closed","ping_status":"closed","template":"","meta":{"nf_dc_page":"","_monsterinsights_skip_tracking":false,"_monsterinsights_sitenote_active":false,"_monsterinsights_sitenote_note":"","_monsterinsights_sitenote_category":0},"product_brand":[],"product_cat":[243,160],"product_tag":[],"class_list":{"0":"post-989645","1":"product","2":"type-product","3":"status-publish","4":"has-post-thumbnail","6":"product_cat-others","7":"product_cat-nutrients","9":"first","10":"instock","11":"shipping-taxable","12":"product-type-simple"},"jetpack_sharing_enabled":true,"_links":{"self":[{"href":"https:\/\/agrovetazerbaijan.az\/ru\/wp-json\/wp\/v2\/product\/989645","targetHints":{"allow":["GET"]}}],"collection":[{"href":"https:\/\/agrovetazerbaijan.az\/ru\/wp-json\/wp\/v2\/product"}],"about":[{"href":"https:\/\/agrovetazerbaijan.az\/ru\/wp-json\/wp\/v2\/types\/product"}],"replies":[{"embeddable":true,"href":"https:\/\/agrovetazerbaijan.az\/ru\/wp-json\/wp\/v2\/comments?post=989645"}],"version-history":[{"count":1,"href":"https:\/\/agrovetazerbaijan.az\/ru\/wp-json\/wp\/v2\/product\/989645\/revisions"}],"predecessor-version":[{"id":989647,"href":"https:\/\/agrovetazerbaijan.az\/ru\/wp-json\/wp\/v2\/product\/989645\/revisions\/989647"}],"wp:featuredmedia":[{"embeddable":true,"href":"https:\/\/agrovetazerbaijan.az\/ru\/wp-json\/wp\/v2\/media\/989679"}],"wp:attachment":[{"href":"https:\/\/agrovetazerbaijan.az\/ru\/wp-json\/wp\/v2\/media?parent=989645"}],"wp:term":[{"taxonomy":"product_brand","embeddable":true,"href":"https:\/\/agrovetazerbaijan.az\/ru\/wp-json\/wp\/v2\/product_brand?post=989645"},{"taxonomy":"product_cat","embeddable":true,"href":"https:\/\/agrovetazerbaijan.az\/ru\/wp-json\/wp\/v2\/product_cat?post=989645"},{"taxonomy":"product_tag","embeddable":true,"href":"https:\/\/agrovetazerbaijan.az\/ru\/wp-json\/wp\/v2\/product_tag?post=989645"}],"curies":[{"name":"WP","href":"https:\/\/api.w.org\/{rel}","templated":true}]}}