{"id":989642,"date":"2025-06-17T21:37:12","date_gmt":"2025-06-17T21:37:12","guid":{"rendered":"https:\/\/agrovetazerbaijan.az\/?post_type=product&#038;p=989642"},"modified":"2025-06-17T21:37:25","modified_gmt":"2025-06-17T21:37:25","slug":"l-threonine-toz","status":"publish","type":"product","link":"https:\/\/agrovetazerbaijan.az\/ru\/product\/l-threonine-toz\/","title":{"rendered":"L-\u0422\u0440\u0435\u043e\u043d\u0438\u043d (\u043f\u043e\u0440\u043e\u0448\u043e\u043a)"},"content":{"rendered":"<div class=\"vgblk-rw-wrapper limit-wrapper\">\n<p data-start=\"142\" data-end=\"352\"><strong data-start=\"142\" data-end=\"163\">L-\u0442\u0440\u0435\u043e\u043d\u0438\u043d 98,5%<\/strong> \u2014 \u0432\u044b\u0441\u043e\u043a\u0430\u044f \u0447\u0438\u0441\u0442\u043e\u0442\u0430 <strong data-start=\"197\" data-end=\"229\">\u044f\u0432\u043b\u044f\u0435\u0442\u0441\u044f \u043d\u0435\u0437\u0430\u043c\u0435\u043d\u0438\u043c\u043e\u0439 \u0430\u043c\u0438\u043d\u043e\u043a\u0438\u0441\u043b\u043e\u0442\u043d\u043e\u0439 \u0434\u043e\u0431\u0430\u0432\u043a\u043e\u0439<\/strong>\u0414\u0430\u043d\u043d\u044b\u0439 \u043f\u0440\u043e\u0434\u0443\u043a\u0442 \u043f\u0440\u0438\u043c\u0435\u043d\u044f\u0435\u0442\u0441\u044f \u0434\u043b\u044f \u043e\u0431\u043e\u0433\u0430\u0449\u0435\u043d\u0438\u044f \u0440\u0430\u0446\u0438\u043e\u043d\u043e\u0432 \u043a\u043e\u0440\u043c\u043e\u0432 \u043f\u0442\u0438\u0446 \u0438 \u0441\u0435\u043b\u044c\u0441\u043a\u043e\u0445\u043e\u0437\u044f\u0439\u0441\u0442\u0432\u0435\u043d\u043d\u044b\u0445 \u0436\u0438\u0432\u043e\u0442\u043d\u044b\u0445 \u0430\u043c\u0438\u043d\u043e\u043a\u0438\u0441\u043b\u043e\u0442\u0430\u043c\u0438.<\/p>\n<p data-start=\"354\" data-end=\"640\">L-\u0442\u0440\u0435\u043e\u043d\u0438\u043d \u0438\u0433\u0440\u0430\u0435\u0442 \u0432\u0430\u0436\u043d\u0443\u044e \u0440\u043e\u043b\u044c \u0432 \u0441\u0438\u043d\u0442\u0435\u0437\u0435 \u0431\u0435\u043b\u043a\u0430, <strong data-start=\"402\" data-end=\"455\">\u0443\u0432\u0435\u043b\u0438\u0447\u0438\u0432\u0430\u0435\u0442 \u0441\u043a\u043e\u0440\u043e\u0441\u0442\u044c \u0440\u043e\u0441\u0442\u0430 \u0438 \u044d\u0444\u0444\u0435\u043a\u0442\u0438\u0432\u043d\u043e\u0441\u0442\u044c \u043a\u043e\u043d\u0432\u0435\u0440\u0441\u0438\u0438 \u043a\u043e\u0440\u043c\u0430<\/strong>, \u0442\u0430\u043a\u0436\u0435 \u043e\u043a\u0430\u0437\u044b\u0432\u0430\u0435\u0442 \u043f\u043e\u043b\u043e\u0436\u0438\u0442\u0435\u043b\u044c\u043d\u043e\u0435 \u0432\u043b\u0438\u044f\u043d\u0438\u0435 \u043d\u0430 \u043e\u0431\u0449\u0435\u0435 \u0441\u043e\u0441\u0442\u043e\u044f\u043d\u0438\u0435 \u0437\u0434\u043e\u0440\u043e\u0432\u044c\u044f \u0436\u0438\u0432\u043e\u0442\u043d\u044b\u0445. \u041e\u043d \u043f\u043e\u0434\u0434\u0435\u0440\u0436\u0438\u0432\u0430\u0435\u0442 \u043c\u0438\u043d\u0435\u0440\u0430\u043b\u044c\u043d\u044b\u0439 \u043e\u0431\u043c\u0435\u043d. <strong data-start=\"558\" data-end=\"625\">\u0443\u0441\u0432\u043e\u0435\u043d\u0438\u0435 \u043a\u0430\u043b\u044c\u0446\u0438\u044f, \u0444\u043e\u0441\u0444\u043e\u0440\u0430 \u0438 \u0436\u0435\u043b\u0435\u0437\u0430 \u043e\u0440\u0433\u0430\u043d\u0438\u0437\u043c\u043e\u043c<\/strong> \u0443\u043b\u0443\u0447\u0448\u0430\u0435\u0442\u0441\u044f.<\/p>\n<p data-start=\"642\" data-end=\"766\">\u0412 \u0440\u0435\u0437\u0443\u043b\u044c\u0442\u0430\u0442\u0435 \u0435\u0433\u043e \u0438\u0441\u043f\u043e\u043b\u044c\u0437\u043e\u0432\u0430\u043d\u0438\u044f \u043f\u0440\u0438 \u0431\u0430\u043b\u0430\u043d\u0441\u0438\u0440\u043e\u0432\u043a\u0435 \u0440\u0430\u0446\u0438\u043e\u043d\u0430 \u043f\u043e\u0432\u044b\u0448\u0430\u0435\u0442\u0441\u044f \u043f\u0440\u043e\u0438\u0437\u0432\u043e\u0434\u0438\u0442\u0435\u043b\u044c\u043d\u043e\u0441\u0442\u044c \u0438 \u0438\u0441\u043a\u043b\u044e\u0447\u0430\u044e\u0442\u0441\u044f \u043f\u043e\u0442\u0435\u0440\u0438 \u0441\u044b\u0440\u044c\u044f.<\/p>\n<hr data-start=\"768\" data-end=\"771\" \/>\n<h3 data-start=\"773\" data-end=\"802\">\u2705 <strong data-start=\"779\" data-end=\"800\">\u0418\u043d\u0441\u0442\u0440\u0443\u043a\u0446\u0438\u044f \u043f\u043e \u043f\u0440\u0438\u043c\u0435\u043d\u0435\u043d\u0438\u044e:<\/strong><\/h3>\n<p data-start=\"803\" data-end=\"859\">\u0414\u043e\u0437\u0438\u0440\u043e\u0432\u043a\u0430 \u0438\u0441\u043f\u043e\u043b\u044c\u0437\u043e\u0432\u0430\u043d\u0438\u044f <strong data-start=\"819\" data-end=\"843\">\u043f\u043e \u0440\u0435\u0446\u0435\u043f\u0442\u0443<\/strong> \u043e\u043f\u0440\u0435\u0434\u0435\u043b\u0435\u043d.<\/p>\n<h3 data-start=\"861\" data-end=\"886\">\ud83d\udce6 <strong data-start=\"868\" data-end=\"884\">\u0423\u043f\u0430\u043a\u043e\u0432\u043a\u0430:<\/strong><\/h3>\n<p data-start=\"887\" data-end=\"909\">\u0412 \u0431\u0443\u043c\u0430\u0436\u043d\u043e\u043c \u043c\u0435\u0448\u043a\u0435 25 \u043a\u0433<\/p>\n<h3 data-start=\"911\" data-end=\"930\">\ud83c\udf0d <strong data-start=\"918\" data-end=\"928\">\u0418\u0441\u0442\u043e\u0447\u043d\u0438\u043a:<\/strong><\/h3>\n<p data-start=\"931\" data-end=\"982\">\u041f\u0440\u043e\u0438\u0437\u0432\u043e\u0434\u0438\u0442\u0435\u043b\u044c: <strong data-start=\"943\" data-end=\"977\">\u041d\u0438\u043d\u0441\u044f \u042d\u043f\u043f\u0435\u043d \u0411\u0438\u043e\u0442\u0435\u0445 \u041b\u0442\u0434.<\/strong>, \u041a\u0438\u0442\u0430\u0439<\/p>\n<\/div>\n<p><!-- .vgblk-rw-wrapper --><\/p>","protected":false},"excerpt":{"rendered":"<p>L-Threonine 98.5% \u2014 y\u00fcks\u0259k safl\u0131q d\u0259r\u0259c\u0259sin\u0259 malik \u0259sas amin tur\u015fusu \u0259lav\u0259sidir. Bu m\u0259hsul qu\u015flar\u0131n v\u0259 ferm\u0259 heyvanlar\u0131n\u0131n yem rasionunun amin tur\u015fular\u0131 il\u0259 z\u0259nginl\u0259\u015fdirilm\u0259si m\u0259qs\u0259dil\u0259 istifad\u0259 olunur. L-Threonine z\u00fclal sintezind\u0259 m\u00fch\u00fcm rol oynay\u0131r, art\u0131m s\u00fcr\u0259tini v\u0259 yem \u00e7evrilm\u0259 s\u0259m\u0259r\u0259sini art\u0131r\u0131r, h\u0259m\u00e7inin heyvanlar\u0131n \u00fcmumi sa\u011flaml\u0131\u011f\u0131na m\u00fcsb\u0259t t\u0259sir g\u00f6st\u0259rir. O, mineral m\u00fcbadil\u0259sini d\u0259st\u0259kl\u0259y\u0259r\u0259k kalsium, fosfor v\u0259 d\u0259mirin orqanizm&#8230;<\/p>","protected":false},"featured_media":989643,"comment_status":"closed","ping_status":"closed","template":"","meta":{"nf_dc_page":"","_monsterinsights_skip_tracking":false,"_monsterinsights_sitenote_active":false,"_monsterinsights_sitenote_note":"","_monsterinsights_sitenote_category":0},"product_brand":[],"product_cat":[239,160],"product_tag":[],"class_list":{"0":"post-989642","1":"product","2":"type-product","3":"status-publish","4":"has-post-thumbnail","6":"product_cat-amin-tursulari","7":"product_cat-nutrients","9":"first","10":"instock","11":"shipping-taxable","12":"product-type-simple"},"jetpack_sharing_enabled":true,"_links":{"self":[{"href":"https:\/\/agrovetazerbaijan.az\/ru\/wp-json\/wp\/v2\/product\/989642","targetHints":{"allow":["GET"]}}],"collection":[{"href":"https:\/\/agrovetazerbaijan.az\/ru\/wp-json\/wp\/v2\/product"}],"about":[{"href":"https:\/\/agrovetazerbaijan.az\/ru\/wp-json\/wp\/v2\/types\/product"}],"replies":[{"embeddable":true,"href":"https:\/\/agrovetazerbaijan.az\/ru\/wp-json\/wp\/v2\/comments?post=989642"}],"version-history":[{"count":1,"href":"https:\/\/agrovetazerbaijan.az\/ru\/wp-json\/wp\/v2\/product\/989642\/revisions"}],"predecessor-version":[{"id":989644,"href":"https:\/\/agrovetazerbaijan.az\/ru\/wp-json\/wp\/v2\/product\/989642\/revisions\/989644"}],"wp:featuredmedia":[{"embeddable":true,"href":"https:\/\/agrovetazerbaijan.az\/ru\/wp-json\/wp\/v2\/media\/989643"}],"wp:attachment":[{"href":"https:\/\/agrovetazerbaijan.az\/ru\/wp-json\/wp\/v2\/media?parent=989642"}],"wp:term":[{"taxonomy":"product_brand","embeddable":true,"href":"https:\/\/agrovetazerbaijan.az\/ru\/wp-json\/wp\/v2\/product_brand?post=989642"},{"taxonomy":"product_cat","embeddable":true,"href":"https:\/\/agrovetazerbaijan.az\/ru\/wp-json\/wp\/v2\/product_cat?post=989642"},{"taxonomy":"product_tag","embeddable":true,"href":"https:\/\/agrovetazerbaijan.az\/ru\/wp-json\/wp\/v2\/product_tag?post=989642"}],"curies":[{"name":"WP","href":"https:\/\/api.w.org\/{rel}","templated":true}]}}