{"id":989640,"date":"2025-06-17T21:26:53","date_gmt":"2025-06-17T21:26:53","guid":{"rendered":"https:\/\/agrovetazerbaijan.az\/?post_type=product&#038;p=989640"},"modified":"2025-06-17T21:27:05","modified_gmt":"2025-06-17T21:27:05","slug":"metamino","status":"publish","type":"product","link":"https:\/\/agrovetazerbaijan.az\/ru\/product\/metamino\/","title":{"rendered":"\u041c\u0435\u0442\u0410\u041c\u0418\u041d\u041e\u00ae"},"content":{"rendered":"<div class=\"vgblk-rw-wrapper limit-wrapper\">\n<p data-start=\"134\" data-end=\"360\"><strong data-start=\"134\" data-end=\"147\">\u041c\u0435\u0442\u0410\u041c\u0418\u041d\u041e\u00ae<\/strong> \u2014 \u0432\u044b\u0441\u043e\u043a\u0430\u044f \u0447\u0438\u0441\u0442\u043e\u0442\u0430 (99%) <strong data-start=\"189\" data-end=\"204\">DL-\u043c\u0435\u0442\u0438\u043e\u043d\u0438\u043d<\/strong> \u042d\u0442\u043e \u0430\u043c\u0438\u043d\u043e\u043a\u0438\u0441\u043b\u043e\u0442\u043d\u0430\u044f \u0434\u043e\u0431\u0430\u0432\u043a\u0430, \u0441\u043e\u0434\u0435\u0440\u0436\u0430\u0449\u0430\u044f . \u0414\u0430\u043d\u043d\u044b\u0439 \u043f\u0440\u0435\u043f\u0430\u0440\u0430\u0442 \u0438\u0441\u043f\u043e\u043b\u044c\u0437\u0443\u0435\u0442\u0441\u044f \u0434\u043b\u044f \u043e\u0431\u043e\u0433\u0430\u0449\u0435\u043d\u0438\u044f \u0438 \u0431\u0430\u043b\u0430\u043d\u0441\u0438\u0440\u043e\u0432\u043a\u0438 \u043a\u043e\u0440\u043c\u043e\u0432\u043e\u0433\u043e \u0440\u0430\u0446\u0438\u043e\u043d\u0430 \u043f\u0442\u0438\u0446 \u0438 \u0436\u0438\u0432\u043e\u0442\u043d\u044b\u0445.<\/p>\n<p data-start=\"362\" data-end=\"650\">MetAMINO\u00ae \u0443\u0441\u0442\u0440\u0430\u043d\u044f\u0435\u0442 \u0434\u0435\u0444\u0438\u0446\u0438\u0442 \u0430\u043c\u0438\u043d\u043e\u043a\u0438\u0441\u043b\u043e\u0442 \u0432 \u043e\u0440\u0433\u0430\u043d\u0438\u0437\u043c\u0435 \u0436\u0438\u0432\u043e\u0442\u043d\u044b\u0445, \u043f\u043e\u0434\u0434\u0435\u0440\u0436\u0438\u0432\u0430\u0435\u0442 \u0441\u0438\u043d\u0442\u0435\u0437 \u0431\u0435\u043b\u043a\u0430 \u0438 <strong data-start=\"468\" data-end=\"549\">\u0443\u0432\u0435\u043b\u0438\u0447\u0438\u0432\u0430\u0435\u0442 \u0441\u043a\u043e\u0440\u043e\u0441\u0442\u044c \u0440\u043e\u0441\u0442\u0430, \u044d\u0444\u0444\u0435\u043a\u0442\u0438\u0432\u043d\u043e\u0441\u0442\u044c \u0438\u0441\u043f\u043e\u043b\u044c\u0437\u043e\u0432\u0430\u043d\u0438\u044f \u043a\u043e\u0440\u043c\u0430 \u0438 \u043e\u0431\u0449\u0443\u044e \u043f\u0440\u043e\u0438\u0437\u0432\u043e\u0434\u0438\u0442\u0435\u043b\u044c\u043d\u043e\u0441\u0442\u044c<\/strong>\u0412 \u0442\u043e \u0436\u0435 \u0432\u0440\u0435\u043c\u044f, \u0431\u043b\u0430\u0433\u043e\u0434\u0430\u0440\u044f \u043e\u043f\u0442\u0438\u043c\u0430\u043b\u044c\u043d\u043e\u043c\u0443 \u0443\u0440\u043e\u0432\u043d\u044e \u043c\u0435\u0442\u0438\u043e\u043d\u0438\u043d\u0430 <strong data-start=\"602\" data-end=\"649\">\u0443\u043b\u0443\u0447\u0448\u0430\u0435\u0442 \u0441\u043e\u0441\u0442\u043e\u044f\u043d\u0438\u0435 \u043a\u043e\u0436\u0438, \u0432\u043e\u043b\u043e\u0441 \u0438 \u0440\u0430\u0437\u0432\u0438\u0442\u0438\u0435 \u043c\u044b\u0448\u0446<\/strong>.<\/p>\n<p data-start=\"652\" data-end=\"753\">\u0414\u0430\u043d\u043d\u044b\u0439 \u043f\u0440\u043e\u0434\u0443\u043a\u0442 \u043f\u043e\u0434\u0445\u043e\u0434\u0438\u0442 \u0434\u043b\u044f \u0431\u0440\u043e\u0439\u043b\u0435\u0440\u043e\u0432, \u043a\u0443\u0440-\u043d\u0435\u0441\u0443\u0448\u0435\u043a, \u0430 \u0442\u0430\u043a\u0436\u0435 \u0441\u0432\u0438\u043d\u0435\u0439 \u0438 \u0434\u0440\u0443\u0433\u0438\u0445 \u0441\u0435\u043b\u044c\u0441\u043a\u043e\u0445\u043e\u0437\u044f\u0439\u0441\u0442\u0432\u0435\u043d\u043d\u044b\u0445 \u0436\u0438\u0432\u043e\u0442\u043d\u044b\u0445.<\/p>\n<hr data-start=\"755\" data-end=\"758\" \/>\n<h3 data-start=\"760\" data-end=\"787\">\u2705 <strong data-start=\"766\" data-end=\"787\">\u0418\u043d\u0441\u0442\u0440\u0443\u043a\u0446\u0438\u044f \u043f\u043e \u043f\u0440\u0438\u043c\u0435\u043d\u0435\u043d\u0438\u044e:<\/strong><\/h3>\n<p data-start=\"788\" data-end=\"852\">\u0414\u043e\u0437\u0430 <strong data-start=\"793\" data-end=\"836\">\u0432 \u0437\u0430\u0432\u0438\u0441\u0438\u043c\u043e\u0441\u0442\u0438 \u043e\u0442 \u0440\u0435\u0446\u0435\u043f\u0442\u0430 \u0438 \u0432\u0438\u0434\u0430 \u0436\u0438\u0432\u043e\u0442\u043d\u043e\u0433\u043e<\/strong> \u043e\u043f\u0440\u0435\u0434\u0435\u043b\u0435\u043d.<\/p>\n<h3 data-start=\"854\" data-end=\"879\">\ud83d\udce6 <strong data-start=\"861\" data-end=\"877\">\u0423\u043f\u0430\u043a\u043e\u0432\u043a\u0430:<\/strong><\/h3>\n<p data-start=\"880\" data-end=\"905\">\u0412 \u0431\u0443\u043c\u0430\u0436\u043d\u044b\u0445 \u043c\u0435\u0448\u043a\u0430\u0445 \u043f\u043e 25 \u043a\u0433.<\/p>\n<h3 data-start=\"907\" data-end=\"926\">\ud83c\udf0d <strong data-start=\"914\" data-end=\"924\">\u0418\u0441\u0442\u043e\u0447\u043d\u0438\u043a:<\/strong><\/h3>\n<p data-start=\"927\" data-end=\"971\">\u041f\u0440\u043e\u0438\u0437\u0432\u043e\u0434\u0438\u0442\u0435\u043b\u044c: <strong data-start=\"939\" data-end=\"962\">\u042d\u0432\u043e\u043d\u0438\u043a \u0410\u043d\u0442\u0432\u0435\u0440\u043f\u0435\u043d NV<\/strong>, \u0411\u0435\u043b\u044c\u0433\u0438\u044f<\/p>\n<\/div>\n<p><!-- .vgblk-rw-wrapper --><\/p>","protected":false},"excerpt":{"rendered":"<p>MetAMINO\u00ae \u2014 y\u00fcks\u0259k t\u0259mizlik d\u0259r\u0259c\u0259sin\u0259 malik (99%) DL-Metionin t\u0259rkibli amin tur\u015fusu \u0259lav\u0259sidir. Bu preparat qu\u015flar v\u0259 heyvanlar \u00fc\u00e7\u00fcn yem rasionunun z\u0259nginl\u0259\u015fdirilm\u0259si v\u0259 balansla\u015fd\u0131r\u0131lmas\u0131 m\u0259qs\u0259dil\u0259 istifad\u0259 olunur. MetAMINO\u00ae heyvan orqanizmind\u0259 amin tur\u015fusu \u00e7at\u0131\u015fmazl\u0131\u011f\u0131n\u0131 aradan qald\u0131r\u0131r, z\u00fclal sintezini d\u0259st\u0259kl\u0259yir v\u0259 art\u0131m s\u00fcr\u0259tini, yemd\u0259n istifad\u0259 s\u0259m\u0259r\u0259liliyini v\u0259 \u00fcmumi m\u0259hsuldarl\u0131\u011f\u0131 art\u0131r\u0131r. Eyni zamanda, optimal metionin s\u0259viyy\u0259si say\u0259sind\u0259 d\u0259ri, t\u00fck&#8230;<\/p>","protected":false},"featured_media":989639,"comment_status":"closed","ping_status":"closed","template":"","meta":{"nf_dc_page":"","_monsterinsights_skip_tracking":false,"_monsterinsights_sitenote_active":false,"_monsterinsights_sitenote_note":"","_monsterinsights_sitenote_category":0},"product_brand":[],"product_cat":[239,160],"product_tag":[],"class_list":{"0":"post-989640","1":"product","2":"type-product","3":"status-publish","4":"has-post-thumbnail","6":"product_cat-amin-tursulari","7":"product_cat-nutrients","9":"first","10":"instock","11":"shipping-taxable","12":"product-type-simple"},"jetpack_sharing_enabled":true,"_links":{"self":[{"href":"https:\/\/agrovetazerbaijan.az\/ru\/wp-json\/wp\/v2\/product\/989640","targetHints":{"allow":["GET"]}}],"collection":[{"href":"https:\/\/agrovetazerbaijan.az\/ru\/wp-json\/wp\/v2\/product"}],"about":[{"href":"https:\/\/agrovetazerbaijan.az\/ru\/wp-json\/wp\/v2\/types\/product"}],"replies":[{"embeddable":true,"href":"https:\/\/agrovetazerbaijan.az\/ru\/wp-json\/wp\/v2\/comments?post=989640"}],"version-history":[{"count":1,"href":"https:\/\/agrovetazerbaijan.az\/ru\/wp-json\/wp\/v2\/product\/989640\/revisions"}],"predecessor-version":[{"id":989641,"href":"https:\/\/agrovetazerbaijan.az\/ru\/wp-json\/wp\/v2\/product\/989640\/revisions\/989641"}],"wp:featuredmedia":[{"embeddable":true,"href":"https:\/\/agrovetazerbaijan.az\/ru\/wp-json\/wp\/v2\/media\/989639"}],"wp:attachment":[{"href":"https:\/\/agrovetazerbaijan.az\/ru\/wp-json\/wp\/v2\/media?parent=989640"}],"wp:term":[{"taxonomy":"product_brand","embeddable":true,"href":"https:\/\/agrovetazerbaijan.az\/ru\/wp-json\/wp\/v2\/product_brand?post=989640"},{"taxonomy":"product_cat","embeddable":true,"href":"https:\/\/agrovetazerbaijan.az\/ru\/wp-json\/wp\/v2\/product_cat?post=989640"},{"taxonomy":"product_tag","embeddable":true,"href":"https:\/\/agrovetazerbaijan.az\/ru\/wp-json\/wp\/v2\/product_tag?post=989640"}],"curies":[{"name":"WP","href":"https:\/\/api.w.org\/{rel}","templated":true}]}}