{"id":989635,"date":"2025-06-17T21:20:28","date_gmt":"2025-06-17T21:20:28","guid":{"rendered":"https:\/\/agrovetazerbaijan.az\/?post_type=product&#038;p=989635"},"modified":"2025-06-17T21:20:40","modified_gmt":"2025-06-17T21:20:40","slug":"optichick-3-0-tm-toz","status":"publish","type":"product","link":"https:\/\/agrovetazerbaijan.az\/ru\/product\/optichick-3-0-tm-toz\/","title":{"rendered":"Optichick 3.0 TM (\u043f\u043e\u0440\u043e\u0448\u043e\u043a)"},"content":{"rendered":"<div class=\"vgblk-rw-wrapper limit-wrapper\">\n<p data-start=\"199\" data-end=\"488\"><strong data-start=\"199\" data-end=\"217\">\u041e\u043f\u0442\u0438\u0447\u0438\u043a 3.0\u2122<\/strong> \u2013 \u043c\u0435\u0442\u0430\u0431\u043e\u043b\u0438\u0442 \u0432\u0438\u0442\u0430\u043c\u0438\u043d\u0430 <strong data-start=\"239\" data-end=\"268\">25-\u0433\u0438\u0434\u0440\u043e\u043a\u0441\u0438\u0445\u043e\u043b\u0435\u043a\u0430\u043b\u044c\u0446\u0438\u0444\u0435\u0440\u043e\u043b<\/strong>, \u044f\u0432\u043b\u044f\u0435\u0442\u0441\u044f \u0432\u044b\u0441\u043e\u043a\u043e\u0443\u0441\u0432\u043e\u044f\u0435\u043c\u043e\u0439 \u0438 \u044d\u0444\u0444\u0435\u043a\u0442\u0438\u0432\u043d\u043e\u0439 \u043a\u043e\u0440\u043c\u043e\u0432\u043e\u0439 \u0434\u043e\u0431\u0430\u0432\u043a\u043e\u0439, \u0441\u043e\u0434\u0435\u0440\u0436\u0430\u0449\u0435\u0439 \u0438\u0437\u0432\u0435\u0441\u0442\u043d\u044f\u043a \u0438 \u043f\u0448\u0435\u043d\u0438\u0447\u043d\u044b\u0435 \u043e\u0442\u0440\u0443\u0431\u0438. \u041e\u0431\u0435\u0441\u043f\u0435\u0447\u0438\u0432\u0430\u0435\u0442 \u043f\u0440\u0430\u0432\u0438\u043b\u044c\u043d\u043e\u0435 \u0444\u0443\u043d\u043a\u0446\u0438\u043e\u043d\u0438\u0440\u043e\u0432\u0430\u043d\u0438\u0435 \u043e\u0431\u043c\u0435\u043d\u0430 \u0432\u0435\u0449\u0435\u0441\u0442\u0432 \u0432 \u043e\u0440\u0433\u0430\u043d\u0438\u0437\u043c\u0435 \u043f\u0442\u0438\u0446 \u0438 \u0436\u0438\u0432\u043e\u0442\u043d\u044b\u0445, <strong data-start=\"429\" data-end=\"471\">\u0440\u0430\u0437\u0432\u0438\u0442\u0438\u0435 \u0442\u0435\u043b\u0430, \u0443\u0432\u0435\u043b\u0438\u0447\u0435\u043d\u0438\u0435 \u0440\u043e\u0441\u0442\u0430 \u0438 \u0432\u0435\u0441\u0430<\/strong> \u0443\u0441\u043a\u043e\u0440\u044f\u0435\u0442\u0441\u044f.<\/p>\n<p data-start=\"490\" data-end=\"771\">Optichick 3.0 \u043c\u043e\u0449\u043d\u044b\u0439 <strong data-start=\"510\" data-end=\"537\">\u0430\u043d\u0442\u0438\u043e\u043a\u0441\u0438\u0434\u0430\u043d\u0442\u043d\u0430\u044f \u0444\u0443\u043d\u043a\u0446\u0438\u044f<\/strong> \u041e\u043d \u0443\u0432\u0435\u043b\u0438\u0447\u0438\u0432\u0430\u0435\u0442 \u0432\u044b\u0440\u0430\u0431\u043e\u0442\u043a\u0443 \u0441\u043f\u0435\u0440\u043c\u044b \u0443 \u0441\u0430\u043c\u0446\u043e\u0432 \u0438 \u043f\u0440\u043e\u0434\u043b\u0435\u0432\u0430\u0435\u0442 \u0436\u0438\u0437\u043d\u044c \u043f\u0435\u0442\u0443\u0445\u043e\u0432. \u0423 \u043f\u043b\u0435\u043c\u0435\u043d\u043d\u044b\u0445 \u043a\u0443\u0440 \u0435\u0433\u043e \u0430\u043d\u0442\u0438\u043e\u043a\u0441\u0438\u0434\u0430\u043d\u0442\u043d\u044b\u0439 \u044d\u0444\u0444\u0435\u043a\u0442 \u043f\u0435\u0440\u0435\u0434\u0430\u0435\u0442\u0441\u044f \u044f\u0439\u0446\u0435\u043a\u043b\u0435\u0442\u043a\u0435, \u0437\u0430\u0449\u0438\u0449\u0430\u044f \u0440\u0430\u0437\u0432\u0438\u0442\u0438\u0435 \u044d\u043c\u0431\u0440\u0438\u043e\u043d\u0430 \u0438 <strong data-start=\"721\" data-end=\"768\">\u0443\u0432\u0435\u043b\u0438\u0447\u0438\u0432\u0430\u0435\u0442 \u0441\u043a\u043e\u0440\u043e\u0441\u0442\u044c \u0432\u044b\u043b\u0443\u043f\u043b\u0435\u043d\u0438\u044f \u0432 \u043f\u0440\u043e\u0446\u0435\u0441\u0441\u0435 \u0438\u043d\u043a\u0443\u0431\u0430\u0446\u0438\u0438<\/strong>.<\/p>\n<p data-start=\"773\" data-end=\"961\">\u041a\u0440\u043e\u043c\u0435 \u0442\u043e\u0433\u043e, Optichick 3.0 \u0443\u043b\u0443\u0447\u0448\u0430\u0435\u0442 \u043f\u0435\u0440\u0435\u043d\u043e\u0441 \u043a\u0430\u043b\u044c\u0446\u0438\u044f \u0438\u0437 \u044f\u0439\u0446\u0430 \u0432 \u044d\u043c\u0431\u0440\u0438\u043e\u043d, \u0447\u0442\u043e <strong data-start=\"864\" data-end=\"898\">\u0443\u0432\u0435\u043b\u0438\u0447\u0438\u0432\u0430\u0435\u0442 \u043a\u043e\u043b\u0438\u0447\u0435\u0441\u0442\u0432\u043e \u0436\u0438\u0432\u043e\u0440\u043e\u0436\u0434\u0435\u043d\u0438\u0439<\/strong>, \u0441\u043d\u0438\u0436\u0430\u0435\u0442 \u0441\u043c\u0435\u0440\u0442\u043d\u043e\u0441\u0442\u044c \u0438 <strong data-start=\"926\" data-end=\"960\">\u0443\u0432\u0435\u043b\u0438\u0447\u0438\u0432\u0430\u0435\u0442 \u0447\u0430\u0441\u0442\u043e\u0442\u0443 \u043e\u0432\u0443\u043b\u044f\u0446\u0438\u0438<\/strong>.<\/p>\n<hr data-start=\"963\" data-end=\"966\" \/>\n<h3 data-start=\"968\" data-end=\"995\">\u2705 <strong data-start=\"974\" data-end=\"995\">\u0418\u043d\u0441\u0442\u0440\u0443\u043a\u0446\u0438\u044f \u043f\u043e \u043f\u0440\u0438\u043c\u0435\u043d\u0435\u043d\u0438\u044e:<\/strong><\/h3>\n<p data-start=\"996\" data-end=\"1051\">\u0414\u043e\u0431\u0430\u0432\u043b\u044f\u0435\u0442\u0441\u044f \u0432 1 \u0442\u043e\u043d\u043d\u0443 \u043a\u043e\u0440\u043c\u0430 \u0438\u0437 \u0440\u0430\u0441\u0447\u0435\u0442\u0430 2 \u043a\u0433.<\/p>\n<h3 data-start=\"1053\" data-end=\"1078\">\ud83d\udce6 <strong data-start=\"1060\" data-end=\"1076\">\u0423\u043f\u0430\u043a\u043e\u0432\u043a\u0430:<\/strong><\/h3>\n<p data-start=\"1079\" data-end=\"1089\">\u041c\u0435\u0448\u043e\u043a 20 \u043a\u0433<\/p>\n<h3 data-start=\"1091\" data-end=\"1110\">\ud83c\udf0d <strong data-start=\"1098\" data-end=\"1108\">\u0418\u0441\u0442\u043e\u0447\u043d\u0438\u043a:<\/strong><\/h3>\n<p data-start=\"1111\" data-end=\"1148\">\u041f\u0440\u043e\u0438\u0437\u0432\u043e\u0434\u0438\u0442\u0435\u043b\u044c: <strong data-start=\"1123\" data-end=\"1148\">Intraco Ltd., \u0411\u0435\u043b\u044c\u0433\u0438\u044f<\/strong><\/p>\n<\/div>\n<p><!-- .vgblk-rw-wrapper --><\/p>","protected":false},"excerpt":{"rendered":"<p>Optichick 3.0\u2122 \u2013 vitamin metaboliti 25-hidroksikolekalsiferol, \u0259h\u0259ng da\u015f\u0131 v\u0259 bu\u011fda k\u0259p\u0259yi t\u0259rkibli, y\u00fcks\u0259k m\u0259nims\u0259nil\u0259n v\u0259 t\u0259sirli yem \u0259lav\u0259sidir. Qu\u015f v\u0259 heyvanlar\u0131n orqanizmind\u0259 metabolizmin d\u00fczg\u00fcn i\u015fl\u0259m\u0259sini t\u0259min edir, b\u0259d\u0259n inki\u015faf\u0131n\u0131, boy v\u0259 \u00e7\u0259ki art\u0131m\u0131n\u0131 s\u00fcr\u0259tl\u0259ndirir. Optichick 3.0 g\u00fccl\u00fc antioksidant funksiyas\u0131 say\u0259sind\u0259 erk\u0259k qu\u015flarda sperma istehsal\u0131n\u0131 art\u0131r\u0131r v\u0259 xoruzlar\u0131n \u00f6mr\u00fcn\u00fc uzad\u0131r. Damazl\u0131q di\u015fi toyuqlarda is\u0259 antioksidant t\u0259siri&#8230;<\/p>","protected":false},"featured_media":989636,"comment_status":"closed","ping_status":"closed","template":"","meta":{"nf_dc_page":"","_monsterinsights_skip_tracking":false,"_monsterinsights_sitenote_active":false,"_monsterinsights_sitenote_note":"","_monsterinsights_sitenote_category":0},"product_brand":[],"product_cat":[243,160],"product_tag":[],"class_list":{"0":"post-989635","1":"product","2":"type-product","3":"status-publish","4":"has-post-thumbnail","6":"product_cat-others","7":"product_cat-nutrients","9":"first","10":"instock","11":"shipping-taxable","12":"product-type-simple"},"jetpack_sharing_enabled":true,"_links":{"self":[{"href":"https:\/\/agrovetazerbaijan.az\/ru\/wp-json\/wp\/v2\/product\/989635","targetHints":{"allow":["GET"]}}],"collection":[{"href":"https:\/\/agrovetazerbaijan.az\/ru\/wp-json\/wp\/v2\/product"}],"about":[{"href":"https:\/\/agrovetazerbaijan.az\/ru\/wp-json\/wp\/v2\/types\/product"}],"replies":[{"embeddable":true,"href":"https:\/\/agrovetazerbaijan.az\/ru\/wp-json\/wp\/v2\/comments?post=989635"}],"version-history":[{"count":1,"href":"https:\/\/agrovetazerbaijan.az\/ru\/wp-json\/wp\/v2\/product\/989635\/revisions"}],"predecessor-version":[{"id":989637,"href":"https:\/\/agrovetazerbaijan.az\/ru\/wp-json\/wp\/v2\/product\/989635\/revisions\/989637"}],"wp:featuredmedia":[{"embeddable":true,"href":"https:\/\/agrovetazerbaijan.az\/ru\/wp-json\/wp\/v2\/media\/989636"}],"wp:attachment":[{"href":"https:\/\/agrovetazerbaijan.az\/ru\/wp-json\/wp\/v2\/media?parent=989635"}],"wp:term":[{"taxonomy":"product_brand","embeddable":true,"href":"https:\/\/agrovetazerbaijan.az\/ru\/wp-json\/wp\/v2\/product_brand?post=989635"},{"taxonomy":"product_cat","embeddable":true,"href":"https:\/\/agrovetazerbaijan.az\/ru\/wp-json\/wp\/v2\/product_cat?post=989635"},{"taxonomy":"product_tag","embeddable":true,"href":"https:\/\/agrovetazerbaijan.az\/ru\/wp-json\/wp\/v2\/product_tag?post=989635"}],"curies":[{"name":"WP","href":"https:\/\/api.w.org\/{rel}","templated":true}]}}