{"id":989586,"date":"2025-05-27T22:36:54","date_gmt":"2025-05-27T22:36:54","guid":{"rendered":"https:\/\/agrovetazerbaijan.az\/?post_type=product&#038;p=989586"},"modified":"2025-07-11T23:07:09","modified_gmt":"2025-07-11T23:07:09","slug":"vaiol-vac","status":"publish","type":"product","link":"https:\/\/agrovetazerbaijan.az\/ru\/product\/vaiol-vac\/","title":{"rendered":"VAIO-VAC"},"content":{"rendered":"<div class=\"vgblk-rw-wrapper limit-wrapper\">\n<h3 data-start=\"94\" data-end=\"113\"><strong data-start=\"98\" data-end=\"111\">VAIO-VAC<\/strong><\/h3>\n<p data-start=\"114\" data-end=\"206\"><strong data-start=\"114\" data-end=\"206\">Toyuq \u00e7i\u00e7\u0259yi (Fowl Pox) x\u0259st\u0259liyin\u0259 qar\u015f\u0131 canl\u0131 z\u0259ifl\u0259dilmi\u015f, liyofiliz\u0259 olunmu\u015f peyv\u0259nd<\/strong><\/p>\n<hr data-start=\"208\" data-end=\"211\" \/>\n<h4 data-start=\"213\" data-end=\"231\"><strong data-start=\"218\" data-end=\"229\">\u041e\u043f\u0438\u0441\u0430\u043d\u0438\u0435<\/strong><\/h4>\n<p data-start=\"232\" data-end=\"498\">VAIOL-VAC \u2014 embriyonlu SPF yumurtalar\u0131nda yeti\u015fdirilmi\u015f v\u0259 z\u0259ifl\u0259dilmi\u015f toyuq \u00e7i\u00e7\u0259yi virusundan haz\u0131rlanm\u0131\u015f canl\u0131, liyofiliz\u0259 olunmu\u015f peyv\u0259nddir. Peyv\u0259ndin t\u0259tbiqind\u0259n t\u0259xmin\u0259n 10 g\u00fcn sonra tam immunitet yaran\u0131r, lakin bir ne\u00e7\u0259 g\u00fcn i\u00e7ind\u0259 qism\u0259n qoruma t\u0259min edilir.<\/p>\n<hr data-start=\"500\" data-end=\"503\" \/>\n<h4 data-start=\"505\" data-end=\"529\"><strong data-start=\"510\" data-end=\"527\">\u041e\u0431\u043b\u0430\u0441\u0442\u044c \u043f\u0440\u0438\u043c\u0435\u043d\u0435\u043d\u0438\u044f<\/strong><\/h4>\n<ul data-start=\"530\" data-end=\"583\">\n<li data-start=\"530\" data-end=\"583\">\n<p data-start=\"532\" data-end=\"583\">Toyuq \u00e7i\u00e7\u0259yi x\u0259st\u0259liyinin profilaktikas\u0131 (Fowl Pox)<\/p>\n<\/li>\n<\/ul>\n<hr data-start=\"585\" data-end=\"588\" \/>\n<h4 data-start=\"590\" data-end=\"622\"><strong data-start=\"595\" data-end=\"620\">\u0421\u043f\u043e\u0441\u043e\u0431 \u043f\u0440\u0438\u043c\u0435\u043d\u0435\u043d\u0438\u044f \u0438 \u0434\u043e\u0437\u0438\u0440\u043e\u0432\u043a\u0430<\/strong><\/h4>\n<ul data-start=\"623\" data-end=\"940\">\n<li data-start=\"623\" data-end=\"682\">\n<p data-start=\"625\" data-end=\"682\">Peyv\u0259nd flakonunun t\u0259rkibini h\u0259lledicid\u0259 tam h\u0259ll edin.<\/p>\n<\/li>\n<li data-start=\"683\" data-end=\"720\">\n<p data-start=\"685\" data-end=\"720\">Haz\u0131r m\u0259hlulu plastik qaba t\u00f6k\u00fcn.<\/p>\n<\/li>\n<li data-start=\"721\" data-end=\"835\">\n<p data-start=\"723\" data-end=\"835\">Aplikator iyn\u0259l\u0259rini peyv\u0259nd\u0259 bat\u0131raraq, toyu\u011fun qanad\u0131n\u0131n d\u0259ri qat\u0131na sanc\u0131n (1 iyn\u0259 il\u0259 kifay\u0259tl\u0259nm\u0259k olar).<\/p>\n<\/li>\n<li data-start=\"836\" data-end=\"940\">\n<p data-start=\"838\" data-end=\"940\">\u0130nokulyasiya yerind\u0259 6 g\u00fcn sonra d\u00fcy\u00fcnl\u00fc \u015fi\u015fkinlik yaranarsa, bu, peyv\u0259ndin t\u0259sirli oldu\u011funu g\u00f6st\u0259rir.<\/p>\n<\/li>\n<\/ul>\n<p data-start=\"942\" data-end=\"960\"><strong data-start=\"942\" data-end=\"958\">Ya\u015f v\u0259 vaxt:<\/strong><\/p>\n<ul data-start=\"961\" data-end=\"1214\">\n<li data-start=\"961\" data-end=\"1139\">\n<p data-start=\"963\" data-end=\"1139\">5\u20136 h\u0259ft\u0259d\u0259n \u0259vv\u0259l peyv\u0259nd edil\u0259n c\u00fcc\u0259l\u0259rd\u0259 immunitet q\u0131sa m\u00fcdd\u0259tli olur. Bu halda, yumurtlayan toyuqlar v\u0259 valideynl\u0259r yumurtlama d\u00f6vr\u00fcnd\u0259n \u0259vv\u0259l t\u0259krar peyv\u0259nd edilm\u0259lidir.<\/p>\n<\/li>\n<li data-start=\"1140\" data-end=\"1214\">\n<p data-start=\"1142\" data-end=\"1214\">B\u00fct\u00fcn f\u0259sill\u0259rd\u0259 v\u0259 ist\u0259nil\u0259n ya\u015fda sa\u011flam toyuqlara t\u0259tbiq edil\u0259 bil\u0259r.<\/p>\n<\/li>\n<\/ul>\n<p data-start=\"1216\" data-end=\"1236\"><strong data-start=\"1216\" data-end=\"1234\">T\u0259cili hallar:<\/strong><\/p>\n<ul data-start=\"1237\" data-end=\"1352\">\n<li data-start=\"1237\" data-end=\"1352\">\n<p data-start=\"1239\" data-end=\"1352\">X\u0259st\u0259liyin yay\u0131lma\u011fa ba\u015flad\u0131\u011f\u0131 vaxtda yaln\u0131z sa\u011flam qu\u015flara peyv\u0259nd t\u0259tbiq olunmal\u0131, x\u0259st\u0259l\u0259r t\u0259crid edilm\u0259lidir.<\/p>\n<\/li>\n<\/ul>\n<hr data-start=\"1354\" data-end=\"1357\" \/>\n<h4 data-start=\"1359\" data-end=\"1377\"><strong data-start=\"1364\" data-end=\"1375\">\u0418\u043d\u0433\u0440\u0435\u0434\u0438\u0435\u043d\u0442\u044b<\/strong><\/h4>\n<ul data-start=\"1378\" data-end=\"1425\">\n<li data-start=\"1378\" data-end=\"1425\">\n<p data-start=\"1380\" data-end=\"1425\">1 doza: \u2265 10\u2075 EID\u2085\u2080 canl\u0131 toyuq \u00e7i\u00e7\u0259yi virusu<\/p>\n<\/li>\n<\/ul>\n<hr data-start=\"1427\" data-end=\"1430\" \/>\n<h4 data-start=\"1432\" data-end=\"1459\"><strong data-start=\"1437\" data-end=\"1457\">\u0423\u0441\u043b\u043e\u0432\u0438\u044f \u0445\u0440\u0430\u043d\u0435\u043d\u0438\u044f<\/strong><\/h4>\n<p data-start=\"1460\" data-end=\"1518\">\u0425\u0440\u0430\u043d\u0438\u0442\u044c \u043f\u0440\u0438 \u0442\u0435\u043c\u043f\u0435\u0440\u0430\u0442\u0443\u0440\u0435 \u043e\u0442 +2\u00b0\u0421 \u0434\u043e +8\u00b0\u0421. <strong data-start=\"1502\" data-end=\"1518\">\u041d\u0435 \u0437\u0430\u043c\u0435\u0440\u0437\u0430\u0439\u0442\u0435!<\/strong><\/p>\n<hr data-start=\"1520\" data-end=\"1523\" \/>\n<h4 data-start=\"1525\" data-end=\"1553\"><strong data-start=\"1530\" data-end=\"1551\">\u0130stifad\u0259d\u0259n sonra<\/strong><\/h4>\n<p data-start=\"1554\" data-end=\"1608\">Flakonlar yand\u0131r\u0131lmal\u0131 v\u0259 ya dezinfeksiya edilm\u0259lidir.<\/p>\n<hr data-start=\"1610\" data-end=\"1613\" \/>\n<h4 data-start=\"1615\" data-end=\"1637\"><strong data-start=\"1620\" data-end=\"1635\">\u0423\u043f\u0430\u043a\u043e\u0432\u043a\u0430<\/strong><\/h4>\n<ul data-start=\"1638\" data-end=\"1670\">\n<li data-start=\"1638\" data-end=\"1670\">\n<p data-start=\"1640\" data-end=\"1670\">1000 dozal\u0131 flakon + h\u0259lledici<\/p>\n<\/li>\n<\/ul>\n<\/div>\n<p><!-- .vgblk-rw-wrapper --><\/p>","protected":false},"excerpt":{"rendered":"<p>VAIOL-VAC Toyuq \u00e7i\u00e7\u0259yi (Fowl Pox) x\u0259st\u0259liyin\u0259 qar\u015f\u0131 canl\u0131 z\u0259ifl\u0259dilmi\u015f, liyofiliz\u0259 olunmu\u015f peyv\u0259nd T\u0259sviri VAIOL-VAC \u2014 embriyonlu SPF yumurtalar\u0131nda yeti\u015fdirilmi\u015f v\u0259 z\u0259ifl\u0259dilmi\u015f toyuq \u00e7i\u00e7\u0259yi virusundan haz\u0131rlanm\u0131\u015f canl\u0131, liyofiliz\u0259 olunmu\u015f peyv\u0259nddir. Peyv\u0259ndin t\u0259tbiqind\u0259n t\u0259xmin\u0259n 10 g\u00fcn sonra tam immunitet yaran\u0131r, lakin bir ne\u00e7\u0259 g\u00fcn i\u00e7ind\u0259 qism\u0259n qoruma t\u0259min edilir. T\u0259tbiq sah\u0259si Toyuq \u00e7i\u00e7\u0259yi x\u0259st\u0259liyinin profilaktikas\u0131 (Fowl Pox)&#8230;<\/p>","protected":false},"featured_media":989587,"comment_status":"closed","ping_status":"closed","template":"","meta":{"nf_dc_page":"","_monsterinsights_skip_tracking":false,"_monsterinsights_sitenote_active":false,"_monsterinsights_sitenote_note":"","_monsterinsights_sitenote_category":0},"product_brand":[],"product_cat":[237,68,234],"product_tag":[],"class_list":{"0":"post-989586","1":"product","2":"type-product","3":"status-publish","4":"has-post-thumbnail","6":"product_cat-aktiv-vaksinler","7":"product_cat-poultry","8":"product_cat-vaksinler","10":"first","11":"instock","12":"shipping-taxable","13":"product-type-simple"},"jetpack_sharing_enabled":true,"_links":{"self":[{"href":"https:\/\/agrovetazerbaijan.az\/ru\/wp-json\/wp\/v2\/product\/989586","targetHints":{"allow":["GET"]}}],"collection":[{"href":"https:\/\/agrovetazerbaijan.az\/ru\/wp-json\/wp\/v2\/product"}],"about":[{"href":"https:\/\/agrovetazerbaijan.az\/ru\/wp-json\/wp\/v2\/types\/product"}],"replies":[{"embeddable":true,"href":"https:\/\/agrovetazerbaijan.az\/ru\/wp-json\/wp\/v2\/comments?post=989586"}],"version-history":[{"count":2,"href":"https:\/\/agrovetazerbaijan.az\/ru\/wp-json\/wp\/v2\/product\/989586\/revisions"}],"predecessor-version":[{"id":989845,"href":"https:\/\/agrovetazerbaijan.az\/ru\/wp-json\/wp\/v2\/product\/989586\/revisions\/989845"}],"wp:featuredmedia":[{"embeddable":true,"href":"https:\/\/agrovetazerbaijan.az\/ru\/wp-json\/wp\/v2\/media\/989587"}],"wp:attachment":[{"href":"https:\/\/agrovetazerbaijan.az\/ru\/wp-json\/wp\/v2\/media?parent=989586"}],"wp:term":[{"taxonomy":"product_brand","embeddable":true,"href":"https:\/\/agrovetazerbaijan.az\/ru\/wp-json\/wp\/v2\/product_brand?post=989586"},{"taxonomy":"product_cat","embeddable":true,"href":"https:\/\/agrovetazerbaijan.az\/ru\/wp-json\/wp\/v2\/product_cat?post=989586"},{"taxonomy":"product_tag","embeddable":true,"href":"https:\/\/agrovetazerbaijan.az\/ru\/wp-json\/wp\/v2\/product_tag?post=989586"}],"curies":[{"name":"WP","href":"https:\/\/api.w.org\/{rel}","templated":true}]}}