{"id":989580,"date":"2025-05-27T22:34:45","date_gmt":"2025-05-27T22:34:45","guid":{"rendered":"https:\/\/agrovetazerbaijan.az\/?post_type=product&#038;p=989580"},"modified":"2025-07-11T23:07:00","modified_gmt":"2025-07-11T23:07:00","slug":"olvac-one-day","status":"publish","type":"product","link":"https:\/\/agrovetazerbaijan.az\/ru\/product\/olvac-one-day\/","title":{"rendered":"\u041e\u041b\u0412\u0410\u041a \u041e\u0414\u0418\u041d \u0414\u0415\u041d\u042c"},"content":{"rendered":"<div class=\"vgblk-rw-wrapper limit-wrapper\">\n<h3 data-start=\"99\" data-end=\"123\"><strong data-start=\"103\" data-end=\"121\">OL-VAC \u041e\u0414\u0418\u041d \u0414\u0415\u041d\u042c<\/strong><\/h3>\n<p data-start=\"124\" data-end=\"195\"><strong data-start=\"124\" data-end=\"195\">\u0418\u043d\u0430\u043a\u0442\u0438\u0432\u0438\u0440\u043e\u0432\u0430\u043d\u043d\u0430\u044f \u0432\u0430\u043a\u0446\u0438\u043d\u0430 \u043f\u0440\u043e\u0442\u0438\u0432 \u0431\u043e\u043b\u0435\u0437\u043d\u0438 \u041d\u044c\u044e\u043a\u0430\u0441\u043b\u0430 (\u0434\u043b\u044f \u0441\u0443\u0442\u043e\u0447\u043d\u044b\u0445 \u0446\u044b\u043f\u043b\u044f\u0442)<\/strong><\/p>\n<hr data-start=\"197\" data-end=\"200\" \/>\n<h4 data-start=\"202\" data-end=\"220\"><strong data-start=\"207\" data-end=\"218\">\u041e\u043f\u0438\u0441\u0430\u043d\u0438\u0435<\/strong><\/h4>\n<p data-start=\"221\" data-end=\"567\">OL-VAC ONE DAY \u2014 \u0438\u043d\u0430\u043a\u0442\u0438\u0432\u0438\u0440\u043e\u0432\u0430\u043d\u043d\u0430\u044f \u0432\u0430\u043a\u0446\u0438\u043d\u0430, \u0438\u0437\u0433\u043e\u0442\u043e\u0432\u043b\u0435\u043d\u043d\u0430\u044f \u0438\u0437 \u0432\u044b\u0441\u043e\u043a\u043e\u0438\u043c\u043c\u0443\u043d\u043e\u0433\u0435\u043d\u043d\u043e\u0433\u043e \u0448\u0442\u0430\u043c\u043c\u0430 \u0432\u0438\u0440\u0443\u0441\u0430 \u0431\u043e\u043b\u0435\u0437\u043d\u0438 \u041d\u044c\u044e\u043a\u0430\u0441\u043b\u0430. \u0412\u0438\u0440\u0443\u0441 \u0432\u044b\u0440\u0430\u0449\u0438\u0432\u0430\u0435\u0442\u0441\u044f \u043d\u0430 \u043a\u0443\u0440\u0438\u043d\u044b\u0445 \u044d\u043c\u0431\u0440\u0438\u043e\u043d\u0430\u0445, \u0438\u043d\u0430\u043a\u0442\u0438\u0432\u0438\u0440\u0443\u0435\u0442\u0441\u044f, \u043e\u0447\u0438\u0449\u0430\u0435\u0442\u0441\u044f \u0438 \u044d\u043c\u0443\u043b\u044c\u0433\u0438\u0440\u0443\u0435\u0442\u0441\u044f \u0432 \u043b\u0451\u0433\u043a\u043e\u043c \u043c\u0438\u043d\u0435\u0440\u0430\u043b\u044c\u043d\u043e\u043c \u043c\u0430\u0441\u043b\u0435 (\u043c\u0435\u0442\u043e\u0434 \u0421\u043e\u043b\u043a\u0430). \u0411\u043b\u0430\u0433\u043e\u0434\u0430\u0440\u044f \u043d\u0438\u0437\u043a\u043e\u0439 \u0434\u043e\u0437\u0438\u0440\u043e\u0432\u043a\u0435, \u043e\u043d \u043e\u0441\u043e\u0431\u0435\u043d\u043d\u043e \u044d\u0444\u0444\u0435\u043a\u0442\u0438\u0432\u0435\u043d <strong data-start=\"524\" data-end=\"552\">1-\u0434\u043d\u0435\u0432\u043d\u044b\u0435 \u0446\u044b\u043f\u043b\u044f\u0442\u0430-\u0431\u0440\u043e\u0439\u043b\u0435\u0440\u044b<\/strong> \u043f\u043e\u0434\u0445\u043e\u0434\u0438\u0442 \u0434\u043b\u044f .<\/p>\n<hr data-start=\"569\" data-end=\"572\" \/>\n<h4 data-start=\"574\" data-end=\"598\"><strong data-start=\"579\" data-end=\"596\">\u041e\u0431\u043b\u0430\u0441\u0442\u044c \u043f\u0440\u0438\u043c\u0435\u043d\u0435\u043d\u0438\u044f<\/strong><\/h4>\n<ul data-start=\"599\" data-end=\"685\">\n<li data-start=\"599\" data-end=\"640\">\n<p data-start=\"601\" data-end=\"640\">\u041f\u0440\u043e\u0444\u0438\u043b\u0430\u043a\u0442\u0438\u043a\u0430 \u0431\u043e\u043b\u0435\u0437\u043d\u0438 \u041d\u044c\u044e\u043a\u0430\u0441\u043b\u0430<\/p>\n<\/li>\n<li data-start=\"641\" data-end=\"685\">\n<p data-start=\"643\" data-end=\"685\">\u041e\u0441\u043e\u0431\u0435\u043d\u043d\u043e \u0438\u0441\u043f\u043e\u043b\u044c\u0437\u0443\u0435\u0442\u0441\u044f \u0434\u043b\u044f \u0446\u044b\u043f\u043b\u044f\u0442-\u0431\u0440\u043e\u0439\u043b\u0435\u0440\u043e\u0432.<\/p>\n<\/li>\n<\/ul>\n<hr data-start=\"687\" data-end=\"690\" \/>\n<h4 data-start=\"692\" data-end=\"724\"><strong data-start=\"697\" data-end=\"722\">\u0421\u043f\u043e\u0441\u043e\u0431 \u043f\u0440\u0438\u043c\u0435\u043d\u0435\u043d\u0438\u044f \u0438 \u0434\u043e\u0437\u0438\u0440\u043e\u0432\u043a\u0430<\/strong><\/h4>\n<ul data-start=\"725\" data-end=\"833\">\n<li data-start=\"725\" data-end=\"754\">\n<p data-start=\"727\" data-end=\"754\"><strong data-start=\"727\" data-end=\"735\">\u0412\u043e\u0437\u0440\u0430\u0441\u0442:<\/strong> 1-\u0434\u043d\u0435\u0432\u043d\u044b\u0435 \u0446\u044b\u043f\u043b\u044f\u0442\u0430<\/p>\n<\/li>\n<li data-start=\"755\" data-end=\"781\">\n<p data-start=\"757\" data-end=\"781\"><strong data-start=\"757\" data-end=\"766\">\u0414\u043e\u0437\u0438\u0440\u043e\u0432\u043a\u0430:<\/strong> 0,1 \u043c\u043b\/\u043f\u0442\u0438\u0446\u0443<\/p>\n<\/li>\n<li data-start=\"782\" data-end=\"833\">\n<p data-start=\"784\" data-end=\"833\"><strong data-start=\"784\" data-end=\"798\">\u0418\u043d\u044a\u0435\u043a\u0446\u0438\u044f:<\/strong> \u041f\u043e\u0434 \u043a\u043e\u0436\u0435\u0439 (\u0437\u0430\u0434\u043d\u044f\u044f \u0447\u0430\u0441\u0442\u044c \u0448\u0435\u0438)<\/p>\n<\/li>\n<\/ul>\n<p data-start=\"835\" data-end=\"987\"><strong data-start=\"835\" data-end=\"844\">\u041f\u0440\u0438\u043c\u0435\u0447\u0430\u043d\u0438\u0435:<\/strong> \u0412 \u0440\u0430\u0439\u043e\u043d\u0430\u0445 \u0440\u0430\u0441\u043f\u0440\u043e\u0441\u0442\u0440\u0430\u043d\u0435\u043d\u0438\u044f \u0431\u043e\u043b\u0435\u0437\u043d\u0438 \u041d\u044c\u044e\u043a\u0430\u0441\u043b\u0430 \u0440\u0435\u043a\u043e\u043c\u0435\u043d\u0434\u0443\u0435\u0442\u0441\u044f \u0434\u043e\u043f\u043e\u043b\u043d\u0438\u0442\u0435\u043b\u044c\u043d\u043e \u0432\u0432\u043e\u0434\u0438\u0442\u044c \u0436\u0438\u0432\u0443\u044e \u043e\u0441\u043b\u0430\u0431\u043b\u0435\u043d\u043d\u0443\u044e \u0432\u0430\u043a\u0446\u0438\u043d\u0443 \u0447\u0435\u0440\u0435\u0437 \u043f\u0438\u0442\u044c\u0435\u0432\u0443\u044e \u0432\u043e\u0434\u0443 \u0438\u043b\u0438 \u0441\u043f\u0440\u0435\u0439.<\/p>\n<hr data-start=\"989\" data-end=\"992\" \/>\n<h4 data-start=\"994\" data-end=\"1022\"><strong data-start=\"999\" data-end=\"1010\">\u0418\u043d\u0433\u0440\u0435\u0434\u0438\u0435\u043d\u0442\u044b<\/strong> (1 \u0434\u043e\u0437\u0430):<\/h4>\n<ul data-start=\"1023\" data-end=\"1060\">\n<li data-start=\"1023\" data-end=\"1060\">\n<p data-start=\"1025\" data-end=\"1060\">\u0418\u043d\u0430\u043a\u0442\u0438\u0432\u0438\u0440\u043e\u0432\u0430\u043d\u043d\u044b\u0439 \u0432\u0438\u0440\u0443\u0441 \u041d\u044c\u044e\u043a\u0430\u0441\u043b\u0430: \u2265 50 PD\u2085\u2080<\/p>\n<\/li>\n<\/ul>\n<hr data-start=\"1062\" data-end=\"1065\" \/>\n<h4 data-start=\"1067\" data-end=\"1094\"><strong data-start=\"1072\" data-end=\"1092\">\u0423\u0441\u043b\u043e\u0432\u0438\u044f \u0445\u0440\u0430\u043d\u0435\u043d\u0438\u044f<\/strong><\/h4>\n<p data-start=\"1095\" data-end=\"1153\">\u0425\u0440\u0430\u043d\u0438\u0442\u044c \u043f\u0440\u0438 \u0442\u0435\u043c\u043f\u0435\u0440\u0430\u0442\u0443\u0440\u0435 \u043e\u0442 +2\u00b0\u0421 \u0434\u043e +8\u00b0\u0421. <strong data-start=\"1137\" data-end=\"1153\">\u041d\u0435 \u0437\u0430\u043c\u0435\u0440\u0437\u0430\u0439\u0442\u0435!<\/strong><\/p>\n<hr data-start=\"1155\" data-end=\"1158\" \/>\n<h4 data-start=\"1160\" data-end=\"1182\"><strong data-start=\"1165\" data-end=\"1180\">\u0423\u043f\u0430\u043a\u043e\u0432\u043a\u0430<\/strong><\/h4>\n<ul data-start=\"1183\" data-end=\"1210\">\n<li data-start=\"1183\" data-end=\"1210\">\n<p data-start=\"1185\" data-end=\"1210\">\u0424\u043b\u0430\u043a\u043e\u043d 250 \u043c\u043b (2500 \u0434\u043e\u0437)<\/p>\n<\/li>\n<\/ul>\n<\/div>\n<p><!-- .vgblk-rw-wrapper --><\/p>","protected":false},"excerpt":{"rendered":"<p>OL-VAC ONE DAY Newcastle x\u0259st\u0259liyin\u0259 qar\u015f\u0131 inaktiv peyv\u0259nd (1 g\u00fcnl\u00fck c\u00fcc\u0259l\u0259r \u00fc\u00e7\u00fcn) T\u0259sviri OL-VAC ONE DAY \u2014 Newcastle x\u0259st\u0259liyi virusunun y\u00fcks\u0259k immunogenliy\u0259 malik \u015ftamm\u0131ndan haz\u0131rlanm\u0131\u015f inaktiv peyv\u0259nddir. Virus embriyonlu toyuq yumurtas\u0131nda yeti\u015fdirilir, inaktivasiya edilir, t\u0259mizl\u0259nir v\u0259 y\u00fcng\u00fcl mineral ya\u011fla emulsiyala\u015fd\u0131r\u0131l\u0131r (Salk \u00fcsulu). A\u015fa\u011f\u0131 doza il\u0259 t\u0259tbiq olundu\u011funa g\u00f6r\u0259 x\u00fcsusil\u0259 1 g\u00fcnl\u00fck broyler c\u00fcc\u0259l\u0259r \u00fc\u00e7\u00fcn uy\u011fundur&#8230;.<\/p>","protected":false},"featured_media":989581,"comment_status":"closed","ping_status":"closed","template":"","meta":{"nf_dc_page":"","_monsterinsights_skip_tracking":false,"_monsterinsights_sitenote_active":false,"_monsterinsights_sitenote_note":"","_monsterinsights_sitenote_category":0},"product_brand":[],"product_cat":[234,235,68],"product_tag":[],"class_list":{"0":"post-989580","1":"product","2":"type-product","3":"status-publish","4":"has-post-thumbnail","6":"product_cat-vaksinler","7":"product_cat-inaktiv","8":"product_cat-poultry","10":"first","11":"instock","12":"shipping-taxable","13":"product-type-simple"},"jetpack_sharing_enabled":true,"_links":{"self":[{"href":"https:\/\/agrovetazerbaijan.az\/ru\/wp-json\/wp\/v2\/product\/989580","targetHints":{"allow":["GET"]}}],"collection":[{"href":"https:\/\/agrovetazerbaijan.az\/ru\/wp-json\/wp\/v2\/product"}],"about":[{"href":"https:\/\/agrovetazerbaijan.az\/ru\/wp-json\/wp\/v2\/types\/product"}],"replies":[{"embeddable":true,"href":"https:\/\/agrovetazerbaijan.az\/ru\/wp-json\/wp\/v2\/comments?post=989580"}],"version-history":[{"count":2,"href":"https:\/\/agrovetazerbaijan.az\/ru\/wp-json\/wp\/v2\/product\/989580\/revisions"}],"predecessor-version":[{"id":989844,"href":"https:\/\/agrovetazerbaijan.az\/ru\/wp-json\/wp\/v2\/product\/989580\/revisions\/989844"}],"wp:featuredmedia":[{"embeddable":true,"href":"https:\/\/agrovetazerbaijan.az\/ru\/wp-json\/wp\/v2\/media\/989581"}],"wp:attachment":[{"href":"https:\/\/agrovetazerbaijan.az\/ru\/wp-json\/wp\/v2\/media?parent=989580"}],"wp:term":[{"taxonomy":"product_brand","embeddable":true,"href":"https:\/\/agrovetazerbaijan.az\/ru\/wp-json\/wp\/v2\/product_brand?post=989580"},{"taxonomy":"product_cat","embeddable":true,"href":"https:\/\/agrovetazerbaijan.az\/ru\/wp-json\/wp\/v2\/product_cat?post=989580"},{"taxonomy":"product_tag","embeddable":true,"href":"https:\/\/agrovetazerbaijan.az\/ru\/wp-json\/wp\/v2\/product_tag?post=989580"}],"curies":[{"name":"WP","href":"https:\/\/api.w.org\/{rel}","templated":true}]}}