{"id":989573,"date":"2025-05-27T22:31:19","date_gmt":"2025-05-27T22:31:19","guid":{"rendered":"https:\/\/agrovetazerbaijan.az\/?post_type=product&#038;p=989573"},"modified":"2025-07-11T22:24:46","modified_gmt":"2025-07-11T22:24:46","slug":"olvac-abhg","status":"publish","type":"product","link":"https:\/\/agrovetazerbaijan.az\/ru\/product\/olvac-abhg\/","title":{"rendered":"\u041e\u041b\u0412\u0410\u041a \u0410+\u0412+HG"},"content":{"rendered":"<div class=\"vgblk-rw-wrapper limit-wrapper\">\n<h3 data-start=\"153\" data-end=\"175\"><strong data-start=\"157\" data-end=\"173\">\u041e\u041b\u0412\u0410\u041a \u0410+\u0412+HG<\/strong><\/h3>\n<p data-start=\"176\" data-end=\"303\"><strong data-start=\"176\" data-end=\"278\">Newcastle x\u0259st\u0259liyi, Yumurtlama azalmas\u0131 sindromu (EDS &#8217;76), \u0130nfeksion bronxit v\u0259 \u0130nfeksion koriza<\/strong> \u0438\u043d\u0430\u043a\u0442\u0438\u0432\u0438\u0440\u043e\u0432\u0430\u043d\u043d\u0430\u044f \u0432\u0430\u043a\u0446\u0438\u043d\u0430 \u043f\u0440\u043e\u0442\u0438\u0432<\/p>\n<hr data-start=\"305\" data-end=\"308\" \/>\n<h4 data-start=\"310\" data-end=\"328\"><strong data-start=\"315\" data-end=\"326\">\u041e\u043f\u0438\u0441\u0430\u043d\u0438\u0435<\/strong><\/h4>\n<p data-start=\"329\" data-end=\"510\">\u041e\u041b\u0412\u0410\u041a \u0410+\u0412+\u0413\u0413 \u2013 \u0438\u043d\u0430\u043a\u0442\u0438\u0432\u0438\u0440\u043e\u0432\u0430\u043d\u043d\u0430\u044f \u043a\u043e\u043c\u043f\u043b\u0435\u043a\u0441\u043d\u0430\u044f \u0432\u0430\u043a\u0446\u0438\u043d\u0430 \u043d\u0430 \u043e\u0441\u043d\u043e\u0432\u0435 \u0432\u044b\u0441\u043e\u043a\u043e\u0438\u043c\u043c\u0443\u043d\u043e\u0433\u0435\u043d\u043d\u044b\u0445 \u0430\u043d\u0442\u0438\u0433\u0435\u043d\u043e\u0432, \u044d\u043c\u0443\u043b\u044c\u0433\u0438\u0440\u043e\u0432\u0430\u043d\u043d\u044b\u0445 \u0432 \u043c\u0438\u043d\u0435\u0440\u0430\u043b\u044c\u043d\u043e\u043c \u043c\u0430\u0441\u043b\u0435. \u0412\u044b\u0437\u044b\u0432\u0430\u0435\u0442 \u0443 \u043f\u0442\u0438\u0446 \u0441\u0442\u043e\u0439\u043a\u0438\u0439 \u0438 \u0434\u043b\u0438\u0442\u0435\u043b\u044c\u043d\u044b\u0439 \u0438\u043c\u043c\u0443\u043d\u0438\u0442\u0435\u0442.<\/p>\n<hr data-start=\"512\" data-end=\"515\" \/>\n<h4 data-start=\"517\" data-end=\"541\"><strong data-start=\"522\" data-end=\"539\">\u041e\u0431\u043b\u0430\u0441\u0442\u044c \u043f\u0440\u0438\u043c\u0435\u043d\u0435\u043d\u0438\u044f<\/strong><\/h4>\n<p data-start=\"542\" data-end=\"613\">\u041f\u0440\u0438\u043c\u0435\u043d\u044f\u0435\u0442\u0441\u044f \u0434\u043b\u044f \u043f\u0440\u043e\u0444\u0438\u043b\u0430\u043a\u0442\u0438\u043a\u0438 \u0441\u043b\u0435\u0434\u0443\u044e\u0449\u0438\u0445 \u0437\u0430\u0431\u043e\u043b\u0435\u0432\u0430\u043d\u0438\u0439 \u043a\u0443\u0440:<\/p>\n<ul data-start=\"614\" data-end=\"721\">\n<li data-start=\"614\" data-end=\"637\">\n<p data-start=\"616\" data-end=\"637\">\u0431\u043e\u043b\u0435\u0437\u043d\u044c \u041d\u044c\u044e\u043a\u0430\u0441\u043b\u0430<\/p>\n<\/li>\n<li data-start=\"638\" data-end=\"659\">\n<p data-start=\"640\" data-end=\"659\">\u0418\u043d\u0444\u0435\u043a\u0446\u0438\u043e\u043d\u043d\u044b\u0439 \u0431\u0440\u043e\u043d\u0445\u0438\u0442<\/p>\n<\/li>\n<li data-start=\"660\" data-end=\"680\">\n<p data-start=\"662\" data-end=\"680\">\u0418\u043d\u0444\u0435\u043a\u0446\u0438\u043e\u043d\u043d\u044b\u0439 \u043d\u0430\u0441\u043c\u043e\u0440\u043a<\/p>\n<\/li>\n<li data-start=\"681\" data-end=\"721\">\n<p data-start=\"683\" data-end=\"721\">\u0421\u0438\u043d\u0434\u0440\u043e\u043c \u0441\u043d\u0438\u0436\u0435\u043d\u0438\u044f \u043e\u0432\u0443\u043b\u044f\u0446\u0438\u0438 (\u0421\u042d\u0414 &#039;76)<\/p>\n<\/li>\n<\/ul>\n<hr data-start=\"723\" data-end=\"726\" \/>\n<h4 data-start=\"728\" data-end=\"760\"><strong data-start=\"733\" data-end=\"758\">\u0421\u043f\u043e\u0441\u043e\u0431 \u043f\u0440\u0438\u043c\u0435\u043d\u0435\u043d\u0438\u044f \u0438 \u0434\u043e\u0437\u0438\u0440\u043e\u0432\u043a\u0430<\/strong><\/h4>\n<ul data-start=\"761\" data-end=\"1003\">\n<li data-start=\"761\" data-end=\"809\">\n<p data-start=\"763\" data-end=\"809\"><strong data-start=\"763\" data-end=\"771\">\u0412\u043e\u0437\u0440\u0430\u0441\u0442:<\/strong> 16\u201317-\u043d\u0435\u0434\u0435\u043b\u044c\u043d\u044b\u0435 \u043a\u0443\u0440\u044b-\u043d\u0435\u0441\u0443\u0448\u043a\u0438<\/p>\n<\/li>\n<li data-start=\"810\" data-end=\"926\">\n<p data-start=\"812\" data-end=\"926\"><strong data-start=\"812\" data-end=\"821\">\u0421\u043e\u0441\u0442\u043e\u044f\u043d\u0438\u0435:<\/strong> \u041f\u0435\u0440\u0435\u0434 \u0432\u0430\u043a\u0446\u0438\u043d\u0430\u0446\u0438\u0435\u0439 \u043d\u0435\u043e\u0431\u0445\u043e\u0434\u0438\u043c\u043e \u043f\u0440\u043e\u0432\u0435\u0441\u0442\u0438 \u0432\u0430\u043a\u0446\u0438\u043d\u0430\u0446\u0438\u044e \u0436\u0438\u0432\u044b\u043c\u0438 \u043e\u0441\u043b\u0430\u0431\u043b\u0435\u043d\u043d\u044b\u043c\u0438 \u0432\u0430\u043a\u0446\u0438\u043d\u0430\u043c\u0438 \u043f\u0440\u043e\u0442\u0438\u0432 \u0431\u043e\u043b\u0435\u0437\u043d\u0438 \u041d\u044c\u044e\u043a\u0430\u0441\u043b\u0430 \u0438 \u0431\u0440\u043e\u043d\u0445\u0438\u0442\u0430.<\/p>\n<\/li>\n<li data-start=\"927\" data-end=\"953\">\n<p data-start=\"929\" data-end=\"953\"><strong data-start=\"929\" data-end=\"938\">\u0414\u043e\u0437\u0438\u0440\u043e\u0432\u043a\u0430:<\/strong> 0,5 \u043c\u043b\/\u043f\u0442\u0438\u0446\u0443<\/p>\n<\/li>\n<li data-start=\"954\" data-end=\"1003\">\n<p data-start=\"956\" data-end=\"1003\"><strong data-start=\"956\" data-end=\"970\">\u0418\u043d\u044a\u0435\u043a\u0446\u0438\u044f:<\/strong> \u041f\u043e\u0434 \u043a\u043e\u0436\u0435\u0439 (\u0437\u0430\u0434\u043d\u044f\u044f \u0447\u0430\u0441\u0442\u044c \u0448\u0435\u0438)<\/p>\n<\/li>\n<\/ul>\n<p data-start=\"1005\" data-end=\"1140\"><em data-start=\"1005\" data-end=\"1012\">\u041f\u0440\u0438\u043c\u0435\u0447\u0430\u043d\u0438\u0435:<\/em> \u0414\u043b\u044f \u0443\u0441\u0438\u043b\u0435\u043d\u0438\u044f \u0437\u0430\u0449\u0438\u0442\u044b \u043e\u0442 \u0438\u043d\u0444\u0435\u043a\u0446\u0438\u043e\u043d\u043d\u043e\u0433\u043e \u0440\u0438\u043d\u0438\u0442\u0430 \u0440\u0435\u043a\u043e\u043c\u0435\u043d\u0434\u0443\u0435\u0442\u0441\u044f \u043e\u0442\u0434\u0435\u043b\u044c\u043d\u0430\u044f \u0432\u0430\u043a\u0446\u0438\u043d\u0430\u0446\u0438\u044f \u043f\u0440\u043e\u0442\u0438\u0432 H. paragallinarum \u0432 \u0432\u043e\u0437\u0440\u0430\u0441\u0442\u0435 6\u20138 \u043d\u0435\u0434\u0435\u043b\u044c.<\/p>\n<hr data-start=\"1142\" data-end=\"1145\" \/>\n<h4 data-start=\"1147\" data-end=\"1175\"><strong data-start=\"1152\" data-end=\"1163\">\u0418\u043d\u0433\u0440\u0435\u0434\u0438\u0435\u043d\u0442\u044b<\/strong> (1 \u0434\u043e\u0437\u0430):<\/h4>\n<ul data-start=\"1176\" data-end=\"1372\">\n<li data-start=\"1176\" data-end=\"1215\">\n<p data-start=\"1178\" data-end=\"1215\">\u0418\u043d\u0430\u043a\u0442\u0438\u0432\u0438\u0440\u043e\u0432\u0430\u043d\u043d\u044b\u0439 \u0432\u0438\u0440\u0443\u0441 \u041d\u044c\u044e\u043a\u0430\u0441\u043b\u0430: \u2265 50 PD\u2085\u2080<\/p>\n<\/li>\n<li data-start=\"1216\" data-end=\"1265\">\n<p data-start=\"1218\" data-end=\"1265\">\u041d\u0435\u0430\u043a\u0442\u0438\u0432\u043d\u044b\u0439 \u0432\u0438\u0440\u0443\u0441 \u0438\u043d\u0444\u0435\u043a\u0446\u0438\u043e\u043d\u043d\u043e\u0433\u043e \u0431\u0440\u043e\u043d\u0445\u0438\u0442\u0430: \u2265 10\u2075 EID\u2085\u2080<\/p>\n<\/li>\n<li data-start=\"1266\" data-end=\"1308\">\n<p data-start=\"1268\" data-end=\"1308\">\u0130naktiv EDS &#8217;76 adenovirus: \u2265 1000 HAU<\/p>\n<\/li>\n<li data-start=\"1309\" data-end=\"1372\">\n<p data-start=\"1311\" data-end=\"1372\">\u041d\u0435\u0430\u043a\u0442\u0438\u0432\u043d\u044b\u0439 <em data-start=\"1319\" data-end=\"1338\">H. paragallinarum<\/em> \u0421\u0435\u0440\u043e\u0442\u0438\u043f\u044b A \u0438 C: \u2265 3 \u00d7 10\u2078 \u041a\u041e\u0415<\/p>\n<\/li>\n<\/ul>\n<hr data-start=\"1374\" data-end=\"1377\" \/>\n<h4 data-start=\"1379\" data-end=\"1406\"><strong data-start=\"1384\" data-end=\"1404\">\u0423\u0441\u043b\u043e\u0432\u0438\u044f \u0445\u0440\u0430\u043d\u0435\u043d\u0438\u044f<\/strong><\/h4>\n<p data-start=\"1407\" data-end=\"1471\">\u0425\u0440\u0430\u043d\u0438\u0442\u044c \u043f\u0440\u0438 \u0442\u0435\u043c\u043f\u0435\u0440\u0430\u0442\u0443\u0440\u0435 \u043e\u0442 +2\u00b0\u0421 \u0434\u043e +8\u00b0\u0421. <strong data-start=\"1455\" data-end=\"1471\">\u041d\u0435 \u0437\u0430\u043c\u0435\u0440\u0437\u0430\u0439\u0442\u0435!<\/strong><\/p>\n<hr data-start=\"1473\" data-end=\"1476\" \/>\n<h4 data-start=\"1478\" data-end=\"1500\"><strong data-start=\"1483\" data-end=\"1498\">\u0423\u043f\u0430\u043a\u043e\u0432\u043a\u0430<\/strong><\/h4>\n<ul data-start=\"1501\" data-end=\"1557\">\n<li data-start=\"1501\" data-end=\"1529\">\n<p data-start=\"1503\" data-end=\"1529\">\u0424\u043b\u0430\u043a\u043e\u043d 250 \u043c\u043b (500 \u0434\u043e\u0437)<\/p>\n<\/li>\n<li data-start=\"1530\" data-end=\"1557\">\n<p data-start=\"1532\" data-end=\"1557\">\u0424\u043b\u0430\u043a\u043e\u043d 500 \u043c\u043b (1000 \u0434\u043e\u0437)<\/p>\n<\/li>\n<\/ul>\n<\/div>\n<p><!-- .vgblk-rw-wrapper --><\/p>","protected":false},"excerpt":{"rendered":"<p>OLVAC A+B+HG Newcastle x\u0259st\u0259liyi, Yumurtlama azalmas\u0131 sindromu (EDS &#8217;76), \u0130nfeksion bronxit v\u0259 \u0130nfeksion koriza \u0259leyhin\u0259 inaktiv peyv\u0259nd T\u0259sviri OLVAC A+B+HG \u2014 y\u00fcks\u0259k immunogenliy\u0259 malik antigenl\u0259rd\u0259n haz\u0131rlanm\u0131\u015f, mineral ya\u011fla emulsiyala\u015fd\u0131r\u0131lm\u0131\u015f inaktiv kompleks peyv\u0259nddir. Qu\u015flarda uzunm\u00fcdd\u0259tli v\u0259 g\u00fccl\u00fc immunitet yarad\u0131r. T\u0259tbiq sah\u0259si Toyuqlarda a\u015fa\u011f\u0131dak\u0131 x\u0259st\u0259likl\u0259rin profilaktikas\u0131 \u00fc\u00e7\u00fcn istifad\u0259 olunur: Newcastle x\u0259st\u0259liyi \u0130nfeksion bronxit \u0130nfeksion koriza Yumurtlama azalmas\u0131&#8230;<\/p>","protected":false},"featured_media":989576,"comment_status":"closed","ping_status":"closed","template":"","meta":{"nf_dc_page":"","_monsterinsights_skip_tracking":false,"_monsterinsights_sitenote_active":false,"_monsterinsights_sitenote_note":"","_monsterinsights_sitenote_category":0},"product_brand":[],"product_cat":[234,235,68],"product_tag":[],"class_list":{"0":"post-989573","1":"product","2":"type-product","3":"status-publish","4":"has-post-thumbnail","6":"product_cat-vaksinler","7":"product_cat-inaktiv","8":"product_cat-poultry","10":"first","11":"instock","12":"shipping-taxable","13":"product-type-simple"},"jetpack_sharing_enabled":true,"_links":{"self":[{"href":"https:\/\/agrovetazerbaijan.az\/ru\/wp-json\/wp\/v2\/product\/989573","targetHints":{"allow":["GET"]}}],"collection":[{"href":"https:\/\/agrovetazerbaijan.az\/ru\/wp-json\/wp\/v2\/product"}],"about":[{"href":"https:\/\/agrovetazerbaijan.az\/ru\/wp-json\/wp\/v2\/types\/product"}],"replies":[{"embeddable":true,"href":"https:\/\/agrovetazerbaijan.az\/ru\/wp-json\/wp\/v2\/comments?post=989573"}],"version-history":[{"count":2,"href":"https:\/\/agrovetazerbaijan.az\/ru\/wp-json\/wp\/v2\/product\/989573\/revisions"}],"predecessor-version":[{"id":989842,"href":"https:\/\/agrovetazerbaijan.az\/ru\/wp-json\/wp\/v2\/product\/989573\/revisions\/989842"}],"wp:featuredmedia":[{"embeddable":true,"href":"https:\/\/agrovetazerbaijan.az\/ru\/wp-json\/wp\/v2\/media\/989576"}],"wp:attachment":[{"href":"https:\/\/agrovetazerbaijan.az\/ru\/wp-json\/wp\/v2\/media?parent=989573"}],"wp:term":[{"taxonomy":"product_brand","embeddable":true,"href":"https:\/\/agrovetazerbaijan.az\/ru\/wp-json\/wp\/v2\/product_brand?post=989573"},{"taxonomy":"product_cat","embeddable":true,"href":"https:\/\/agrovetazerbaijan.az\/ru\/wp-json\/wp\/v2\/product_cat?post=989573"},{"taxonomy":"product_tag","embeddable":true,"href":"https:\/\/agrovetazerbaijan.az\/ru\/wp-json\/wp\/v2\/product_tag?post=989573"}],"curies":[{"name":"WP","href":"https:\/\/api.w.org\/{rel}","templated":true}]}}