{"id":989570,"date":"2025-05-27T22:30:05","date_gmt":"2025-05-27T22:30:05","guid":{"rendered":"https:\/\/agrovetazerbaijan.az\/?post_type=product&#038;p=989570"},"modified":"2025-07-11T22:23:38","modified_gmt":"2025-07-11T22:23:38","slug":"myc-vac","status":"publish","type":"product","link":"https:\/\/agrovetazerbaijan.az\/ru\/product\/myc-vac\/","title":{"rendered":"MYC-VAC"},"content":{"rendered":"<div class=\"vgblk-rw-wrapper limit-wrapper\">\n<h3 data-start=\"106\" data-end=\"123\"><strong data-start=\"110\" data-end=\"121\">MYC-VAC<\/strong><\/h3>\n<p data-start=\"124\" data-end=\"199\"><strong data-start=\"124\" data-end=\"152\">\u041c\u0438\u043a\u043e\u043f\u043b\u0430\u0437\u043c\u0430 \u0433\u0430\u043b\u043b\u0438\u0441\u0435\u043f\u0442\u0438\u043a\u0443\u043c<\/strong> \u0438\u043d\u0430\u043a\u0442\u0438\u0432\u0438\u0440\u043e\u0432\u0430\u043d\u043d\u0430\u044f \u0432\u0430\u043a\u0446\u0438\u043d\u0430 \u043f\u0440\u043e\u0442\u0438\u0432 \u0438\u043d\u0444\u0435\u043a\u0446\u0438\u0438<\/p>\n<hr data-start=\"201\" data-end=\"204\" \/>\n<h4 data-start=\"206\" data-end=\"224\"><strong data-start=\"211\" data-end=\"222\">\u041e\u043f\u0438\u0441\u0430\u043d\u0438\u0435<\/strong><\/h4>\n<p data-start=\"225\" data-end=\"426\">MYC-VAC, \u0432\u044b\u0441\u043e\u043a\u043e\u0438\u043c\u043c\u0443\u043d\u043e\u0433\u0435\u043d\u043d\u044b\u0439 <strong data-start=\"261\" data-end=\"289\">\u041c\u0438\u043a\u043e\u043f\u043b\u0430\u0437\u043c\u0430 \u0433\u0430\u043b\u043b\u0438\u0441\u0435\u043f\u0442\u0438\u043a\u0443\u043c<\/strong> \u042d\u0442\u043e \u0438\u043d\u0430\u043a\u0442\u0438\u0432\u0438\u0440\u043e\u0432\u0430\u043d\u043d\u0430\u044f \u0432\u0430\u043a\u0446\u0438\u043d\u0430, \u0438\u0437\u0433\u043e\u0442\u043e\u0432\u043b\u0435\u043d\u043d\u0430\u044f \u0438\u0437 \u0448\u0442\u0430\u043c\u043c\u043e\u0432 A. spp., \u044d\u043c\u0443\u043b\u044c\u0433\u0438\u0440\u043e\u0432\u0430\u043d\u043d\u044b\u0445 \u043b\u0451\u0433\u043a\u0438\u043c \u043c\u0438\u043d\u0435\u0440\u0430\u043b\u044c\u043d\u044b\u043c \u043c\u0430\u0441\u043b\u043e\u043c. \u041e\u043d\u0430 \u0444\u043e\u0440\u043c\u0438\u0440\u0443\u0435\u0442 \u0443 \u043f\u0442\u0438\u0446 \u0434\u043b\u0438\u0442\u0435\u043b\u044c\u043d\u044b\u0439 \u0438 \u0441\u0442\u043e\u0439\u043a\u0438\u0439 \u0438\u043c\u043c\u0443\u043d\u0438\u0442\u0435\u0442.<\/p>\n<hr data-start=\"428\" data-end=\"431\" \/>\n<h4 data-start=\"433\" data-end=\"459\"><strong data-start=\"438\" data-end=\"457\">\u041e\u0431\u043b\u0430\u0441\u0442\u044c \u0438\u0441\u043f\u043e\u043b\u044c\u0437\u043e\u0432\u0430\u043d\u0438\u044f<\/strong><\/h4>\n<p data-start=\"460\" data-end=\"569\">\u0423 \u043a\u0443\u0440 \u0438 \u0438\u043d\u0434\u0435\u0435\u043a <strong data-start=\"483\" data-end=\"511\">\u041c\u0438\u043a\u043e\u043f\u043b\u0430\u0437\u043c\u0430 \u0433\u0430\u043b\u043b\u0438\u0441\u0435\u043f\u0442\u0438\u043a\u0443\u043c<\/strong> \u0438\u0441\u043f\u043e\u043b\u044c\u0437\u0443\u0435\u0442\u0441\u044f \u0434\u043b\u044f \u043f\u0440\u0435\u0434\u043e\u0442\u0432\u0440\u0430\u0449\u0435\u043d\u0438\u044f \u0438\u043d\u0444\u0435\u043a\u0446\u0438\u0438.<\/p>\n<hr data-start=\"571\" data-end=\"574\" \/>\n<h4 data-start=\"576\" data-end=\"608\"><strong data-start=\"581\" data-end=\"606\">\u0421\u043f\u043e\u0441\u043e\u0431 \u043f\u0440\u0438\u043c\u0435\u043d\u0435\u043d\u0438\u044f \u0438 \u0434\u043e\u0437\u0438\u0440\u043e\u0432\u043a\u0430<\/strong><\/h4>\n<ul data-start=\"609\" data-end=\"787\">\n<li data-start=\"609\" data-end=\"665\">\n<p data-start=\"611\" data-end=\"665\"><strong data-start=\"611\" data-end=\"630\">\u041f\u0443\u0442\u044c \u0432\u0432\u0435\u0434\u0435\u043d\u0438\u044f:<\/strong> \u041f\u043e\u0434 \u043a\u043e\u0436\u0435\u0439 (\u0437\u0430\u0434\u043d\u044f\u044f \u0447\u0430\u0441\u0442\u044c \u0448\u0435\u0438)<\/p>\n<\/li>\n<li data-start=\"666\" data-end=\"691\">\n<p data-start=\"668\" data-end=\"691\"><strong data-start=\"668\" data-end=\"676\">\u0414\u043e\u0437\u0438\u0440\u043e\u0432\u043a\u0430:<\/strong> 0,5 \u043c\u043b\/\u043f\u0442\u0438\u0446\u0443<\/p>\n<\/li>\n<li data-start=\"692\" data-end=\"731\">\n<p data-start=\"694\" data-end=\"731\"><strong data-start=\"694\" data-end=\"708\">1-\u044f \u0434\u043e\u0437\u0430:<\/strong> \u0412 \u0432\u043e\u0437\u0440\u0430\u0441\u0442\u0435 10\u201312 \u043d\u0435\u0434\u0435\u043b\u044c<\/p>\n<\/li>\n<li data-start=\"732\" data-end=\"787\">\n<p data-start=\"734\" data-end=\"787\"><strong data-start=\"734\" data-end=\"750\">\u041f\u043e\u0432\u0442\u043e\u0440\u043d\u0430\u044f \u0434\u043e\u0437\u0430:<\/strong> 4 \u043d\u0435\u0434\u0435\u043b\u0438 \u0434\u043e \u043d\u0430\u0447\u0430\u043b\u0430 \u043e\u0432\u0443\u043b\u044f\u0446\u0438\u0438<\/p>\n<\/li>\n<\/ul>\n<hr data-start=\"789\" data-end=\"792\" \/>\n<h4 data-start=\"794\" data-end=\"821\"><strong data-start=\"799\" data-end=\"819\">\u0423\u0441\u043b\u043e\u0432\u0438\u044f \u0445\u0440\u0430\u043d\u0435\u043d\u0438\u044f<\/strong><\/h4>\n<p data-start=\"822\" data-end=\"873\">\u0425\u0440\u0430\u043d\u0438\u0442\u044c \u043f\u0440\u0438 \u0442\u0435\u043c\u043f\u0435\u0440\u0430\u0442\u0443\u0440\u0435 \u043e\u0442 +2\u00b0\u0421 \u0434\u043e +8\u00b0\u0421. <strong data-start=\"857\" data-end=\"873\">\u041d\u0435 \u0437\u0430\u043c\u0435\u0440\u0437\u0430\u0439\u0442\u0435!<\/strong><\/p>\n<hr data-start=\"875\" data-end=\"878\" \/>\n<h4 data-start=\"880\" data-end=\"902\"><strong data-start=\"885\" data-end=\"900\">\u0423\u043f\u0430\u043a\u043e\u0432\u043a\u0430<\/strong><\/h4>\n<ul data-start=\"903\" data-end=\"945\">\n<li data-start=\"903\" data-end=\"924\">\n<p data-start=\"905\" data-end=\"924\">250 \u043c\u043b (500 \u0434\u043e\u0437)<\/p>\n<\/li>\n<li data-start=\"925\" data-end=\"945\">\n<p data-start=\"927\" data-end=\"945\">500 \u043c\u043b (1000 \u0434\u043e\u0437)<\/p>\n<\/li>\n<\/ul>\n<\/div>\n<p><!-- .vgblk-rw-wrapper --><\/p>","protected":false},"excerpt":{"rendered":"<p>MYC-VAC Mycoplasma gallisepticum infeksiyas\u0131na qar\u015f\u0131 inaktivl\u0259\u015fdirilmi\u015f peyv\u0259nd T\u0259sviri MYC-VAC, y\u00fcks\u0259k immunogenliy\u0259 malik Mycoplasma gallisepticum \u015ftamlar\u0131ndan haz\u0131rlanm\u0131\u015f, y\u00fcng\u00fcl mineral ya\u011fla emulsiyala\u015fd\u0131r\u0131lm\u0131\u015f inaktiv peyv\u0259nddir. Qu\u015flarda uzunm\u00fcdd\u0259tli v\u0259 g\u00fccl\u00fc immunitet yarad\u0131r. \u0130stifad\u0259 sah\u0259si Toyuq v\u0259 hindu\u015fkalarda Mycoplasma gallisepticum infeksiyas\u0131n\u0131n qar\u015f\u0131s\u0131n\u0131 almaq m\u0259qs\u0259dil\u0259 istifad\u0259 olunur. T\u0259tbiq qaydas\u0131 v\u0259 doz \u0130nyeksiya yolu: D\u0259rinin alt\u0131na (boynun arxas\u0131na) Doz: 0.5 ml \/&#8230;<\/p>","protected":false},"featured_media":989571,"comment_status":"closed","ping_status":"closed","template":"","meta":{"nf_dc_page":"","_monsterinsights_skip_tracking":false,"_monsterinsights_sitenote_active":false,"_monsterinsights_sitenote_note":"","_monsterinsights_sitenote_category":0},"product_brand":[],"product_cat":[234,235,68],"product_tag":[],"class_list":{"0":"post-989570","1":"product","2":"type-product","3":"status-publish","4":"has-post-thumbnail","6":"product_cat-vaksinler","7":"product_cat-inaktiv","8":"product_cat-poultry","10":"first","11":"instock","12":"shipping-taxable","13":"product-type-simple"},"jetpack_sharing_enabled":true,"_links":{"self":[{"href":"https:\/\/agrovetazerbaijan.az\/ru\/wp-json\/wp\/v2\/product\/989570","targetHints":{"allow":["GET"]}}],"collection":[{"href":"https:\/\/agrovetazerbaijan.az\/ru\/wp-json\/wp\/v2\/product"}],"about":[{"href":"https:\/\/agrovetazerbaijan.az\/ru\/wp-json\/wp\/v2\/types\/product"}],"replies":[{"embeddable":true,"href":"https:\/\/agrovetazerbaijan.az\/ru\/wp-json\/wp\/v2\/comments?post=989570"}],"version-history":[{"count":2,"href":"https:\/\/agrovetazerbaijan.az\/ru\/wp-json\/wp\/v2\/product\/989570\/revisions"}],"predecessor-version":[{"id":989841,"href":"https:\/\/agrovetazerbaijan.az\/ru\/wp-json\/wp\/v2\/product\/989570\/revisions\/989841"}],"wp:featuredmedia":[{"embeddable":true,"href":"https:\/\/agrovetazerbaijan.az\/ru\/wp-json\/wp\/v2\/media\/989571"}],"wp:attachment":[{"href":"https:\/\/agrovetazerbaijan.az\/ru\/wp-json\/wp\/v2\/media?parent=989570"}],"wp:term":[{"taxonomy":"product_brand","embeddable":true,"href":"https:\/\/agrovetazerbaijan.az\/ru\/wp-json\/wp\/v2\/product_brand?post=989570"},{"taxonomy":"product_cat","embeddable":true,"href":"https:\/\/agrovetazerbaijan.az\/ru\/wp-json\/wp\/v2\/product_cat?post=989570"},{"taxonomy":"product_tag","embeddable":true,"href":"https:\/\/agrovetazerbaijan.az\/ru\/wp-json\/wp\/v2\/product_tag?post=989570"}],"curies":[{"name":"WP","href":"https:\/\/api.w.org\/{rel}","templated":true}]}}