{"id":989567,"date":"2025-05-27T22:29:20","date_gmt":"2025-05-27T22:29:20","guid":{"rendered":"https:\/\/agrovetazerbaijan.az\/?post_type=product&#038;p=989567"},"modified":"2025-07-11T12:29:17","modified_gmt":"2025-07-11T12:29:17","slug":"larvac","status":"publish","type":"product","link":"https:\/\/agrovetazerbaijan.az\/ru\/product\/larvac\/","title":{"rendered":"\u041b\u0410\u0420\u0412\u0410\u041a"},"content":{"rendered":"<div class=\"vgblk-rw-wrapper limit-wrapper\">\n<p data-start=\"0\" data-end=\"94\">\u041b\u0410\u0420-\u0412\u0410\u041a<br data-start=\"7\" data-end=\"10\" \/>\u0412\u0430\u043a\u0446\u0438\u043d\u0430 \u043f\u0440\u043e\u0442\u0438\u0432 \u0438\u043d\u0444\u0435\u043a\u0446\u0438\u043e\u043d\u043d\u043e\u0433\u043e \u043b\u0430\u0440\u0438\u043d\u0433\u043e\u0442\u0440\u0430\u0445\u0435\u0438\u0442\u0430 \u0438\u0437\u0433\u043e\u0442\u043e\u0432\u043b\u0435\u043d\u0430 \u0438\u0437 \u0441\u0438\u043b\u044c\u043d\u043e \u043e\u0441\u043b\u0430\u0431\u043b\u0435\u043d\u043d\u043e\u0433\u043e \u0448\u0442\u0430\u043c\u043c\u0430 \u0432\u0438\u0440\u0443\u0441\u0430.<\/p>\n<p data-start=\"96\" data-end=\"192\"><strong data-start=\"96\" data-end=\"110\">\u0418\u043c\u043c\u0443\u043d\u0438\u0442\u0435\u0442:<\/strong> \u041f\u0440\u043e\u044f\u0432\u043b\u044f\u0435\u0442\u0441\u044f \u0447\u0435\u0440\u0435\u0437 10\u201315 \u0434\u043d\u0435\u0439, \u043d\u043e \u0447\u0430\u0441\u0442\u0438\u0447\u043d\u0430\u044f \u0437\u0430\u0449\u0438\u0442\u0430 \u043e\u0431\u0435\u0441\u043f\u0435\u0447\u0438\u0432\u0430\u0435\u0442\u0441\u044f \u0447\u0435\u0440\u0435\u0437 \u043d\u0435\u0441\u043a\u043e\u043b\u044c\u043a\u043e \u0434\u043d\u0435\u0439.<\/p>\n<p data-start=\"194\" data-end=\"254\"><strong data-start=\"194\" data-end=\"206\">\u0418\u043d\u0433\u0440\u0435\u0434\u0438\u0435\u043d\u0442\u044b:<\/strong> 1 \u0434\u043e\u0437\u0430 \u0441\u043e\u0434\u0435\u0440\u0436\u0438\u0442 \u043c\u0438\u043d\u0438\u043c\u0443\u043c 10\u00b3\u00b2 \u0422\u0426\u0414\u2085\u2080 \u0432\u0438\u0440\u0443\u0441\u0430.<\/p>\n<p data-start=\"256\" data-end=\"271\"><strong data-start=\"256\" data-end=\"269\">\u0418\u0441\u043f\u043e\u043b\u044c\u0437\u043e\u0432\u0430\u043d\u0438\u0435:<\/strong><\/p>\n<ul data-start=\"272\" data-end=\"371\">\n<li data-start=\"272\" data-end=\"317\">\n<p data-start=\"274\" data-end=\"317\">\u0417\u0430\u043a\u0430\u043f\u044b\u0432\u0430\u0442\u044c \u043f\u043e 1 \u043a\u0430\u043f\u043b\u0435 \u0432 \u0433\u043b\u0430\u0437\u0430 \u0438 \u043d\u043e\u0441.<\/p>\n<\/li>\n<li data-start=\"318\" data-end=\"371\">\n<p data-start=\"320\" data-end=\"371\">\u041f\u0440\u0438\u043c\u0435\u043d\u044f\u0435\u0442\u0441\u044f \u0434\u043b\u044f \u0437\u0434\u043e\u0440\u043e\u0432\u044b\u0445 \u043f\u0442\u0438\u0446 \u0441\u0442\u0430\u0440\u0448\u0435 21 \u0434\u043d\u044f.<\/p>\n<\/li>\n<\/ul>\n<p data-start=\"373\" data-end=\"395\"><strong data-start=\"373\" data-end=\"393\">\u0413\u0440\u0430\u0444\u0438\u043a \u0432\u0430\u043a\u0446\u0438\u043d\u0430\u0446\u0438\u0438:<\/strong><\/p>\n<ul data-start=\"396\" data-end=\"544\">\n<li data-start=\"396\" data-end=\"455\">\n<p data-start=\"398\" data-end=\"455\">\u0411\u0440\u043e\u0439\u043b\u0435\u0440\u044b: 1-\u044f \u0432\u0430\u043a\u0446\u0438\u043d\u0430\u0446\u0438\u044f 21-28 \u0434\u043d\u0435\u0439, 2-\u044f \u0432\u0430\u043a\u0446\u0438\u043d\u0430\u0446\u0438\u044f 40 \u0434\u043d\u0435\u0439<\/p>\n<\/li>\n<li data-start=\"456\" data-end=\"544\">\n<p data-start=\"458\" data-end=\"544\">\u041a\u0443\u0440\u044b-\u043d\u0435\u0441\u0443\u0448\u043a\u0438: 1-\u044f \u0432\u0430\u043a\u0446\u0438\u043d\u0430\u0446\u0438\u044f \u0432 \u0432\u043e\u0437\u0440\u0430\u0441\u0442\u0435 4\u20136 \u043d\u0435\u0434\u0435\u043b\u044c, 2-\u044f \u0432\u0430\u043a\u0446\u0438\u043d\u0430\u0446\u0438\u044f \u043f\u0435\u0440\u0435\u0434 \u043d\u0430\u0447\u0430\u043b\u043e\u043c \u044f\u0439\u0446\u0435\u043a\u043b\u0430\u0434\u043a\u0438 (15\u201320 \u043d\u0435\u0434\u0435\u043b\u044c)<\/p>\n<\/li>\n<\/ul>\n<p data-start=\"546\" data-end=\"629\"><strong data-start=\"546\" data-end=\"555\">\u041f\u0440\u0438\u043c\u0435\u0447\u0430\u043d\u0438\u0435:<\/strong> \u041f\u043e\u0441\u043b\u0435 \u0438\u0441\u043f\u043e\u043b\u044c\u0437\u043e\u0432\u0430\u043d\u0438\u044f \u0444\u043b\u0430\u043a\u043e\u043d\u044b \u0441\u043b\u0435\u0434\u0443\u0435\u0442 \u0441\u0436\u0435\u0447\u044c \u0438\u043b\u0438 \u043f\u0440\u043e\u0434\u0435\u0437\u0438\u043d\u0444\u0438\u0446\u0438\u0440\u043e\u0432\u0430\u0442\u044c.<\/p>\n<p data-start=\"631\" data-end=\"657\"><strong data-start=\"631\" data-end=\"643\">\u0425\u0440\u0430\u043d\u0438\u043b\u0438\u0449\u0435:<\/strong> +2\u00b0\u0421 \u2013 +8\u00b0\u0421<\/p>\n<p data-start=\"659\" data-end=\"687\"><strong data-start=\"659\" data-end=\"679\">\u0421\u0440\u043e\u043a \u0433\u043e\u0434\u043d\u043e\u0441\u0442\u0438:<\/strong> 18 \u043c\u0435\u0441\u044f\u0446\u0435\u0432<\/p>\n<p data-start=\"689\" data-end=\"737\"><strong data-start=\"689\" data-end=\"705\">\u0423\u043f\u0430\u043a\u043e\u0432\u043a\u0430:<\/strong> \u0424\u043b\u0430\u043a\u043e\u043d \u043d\u0430 1000 \u0434\u043e\u0437 \u0438 \u0440\u0430\u0437\u0431\u0430\u0432\u0438\u0442\u0435\u043b\u044c<\/p>\n<\/div>\n<p><!-- .vgblk-rw-wrapper --><\/p>","protected":false},"excerpt":{"rendered":"<p>LAR-VAC\u0130nfeksiyoz Laringotrakit vaksini, y\u00fcks\u0259k z\u0259ifl\u0259dilmi\u015f virus \u015ftamm\u0131 il\u0259 haz\u0131rlan\u0131r. \u0130mmunitet: 10-15 g\u00fcn sonra yaran\u0131r, amma bir ne\u00e7\u0259 g\u00fcnd\u0259n sonra qism\u0259n qoruma t\u0259min edilir. T\u0259rkibi: 1 doza minimum 10\u00b3\u00b2 TCID\u2085\u2080 virus ehtiva edir. \u0130stifad\u0259: G\u00f6zd\u0259n v\u0259 burundan 1 damla t\u0259tbiq edilir. 21 g\u00fcnd\u0259n yuxar\u0131 sa\u011flam qu\u015flarda istifad\u0259 olunur. Peyv\u0259nd c\u0259dv\u0259li: Broilerl\u0259r: 1-ci peyv\u0259nd 21-28 g\u00fcn, 2-ci&#8230;<\/p>","protected":false},"featured_media":989568,"comment_status":"closed","ping_status":"closed","template":"","meta":{"nf_dc_page":"","_monsterinsights_skip_tracking":false,"_monsterinsights_sitenote_active":false,"_monsterinsights_sitenote_note":"","_monsterinsights_sitenote_category":0},"product_brand":[],"product_cat":[234,237,68],"product_tag":[],"class_list":{"0":"post-989567","1":"product","2":"type-product","3":"status-publish","4":"has-post-thumbnail","6":"product_cat-vaksinler","7":"product_cat-aktiv-vaksinler","8":"product_cat-poultry","10":"first","11":"instock","12":"shipping-taxable","13":"product-type-simple"},"jetpack_sharing_enabled":true,"_links":{"self":[{"href":"https:\/\/agrovetazerbaijan.az\/ru\/wp-json\/wp\/v2\/product\/989567","targetHints":{"allow":["GET"]}}],"collection":[{"href":"https:\/\/agrovetazerbaijan.az\/ru\/wp-json\/wp\/v2\/product"}],"about":[{"href":"https:\/\/agrovetazerbaijan.az\/ru\/wp-json\/wp\/v2\/types\/product"}],"replies":[{"embeddable":true,"href":"https:\/\/agrovetazerbaijan.az\/ru\/wp-json\/wp\/v2\/comments?post=989567"}],"version-history":[{"count":2,"href":"https:\/\/agrovetazerbaijan.az\/ru\/wp-json\/wp\/v2\/product\/989567\/revisions"}],"predecessor-version":[{"id":989838,"href":"https:\/\/agrovetazerbaijan.az\/ru\/wp-json\/wp\/v2\/product\/989567\/revisions\/989838"}],"wp:featuredmedia":[{"embeddable":true,"href":"https:\/\/agrovetazerbaijan.az\/ru\/wp-json\/wp\/v2\/media\/989568"}],"wp:attachment":[{"href":"https:\/\/agrovetazerbaijan.az\/ru\/wp-json\/wp\/v2\/media?parent=989567"}],"wp:term":[{"taxonomy":"product_brand","embeddable":true,"href":"https:\/\/agrovetazerbaijan.az\/ru\/wp-json\/wp\/v2\/product_brand?post=989567"},{"taxonomy":"product_cat","embeddable":true,"href":"https:\/\/agrovetazerbaijan.az\/ru\/wp-json\/wp\/v2\/product_cat?post=989567"},{"taxonomy":"product_tag","embeddable":true,"href":"https:\/\/agrovetazerbaijan.az\/ru\/wp-json\/wp\/v2\/product_tag?post=989567"}],"curies":[{"name":"WP","href":"https:\/\/api.w.org\/{rel}","templated":true}]}}