{"id":989555,"date":"2025-05-27T22:21:52","date_gmt":"2025-05-27T22:21:52","guid":{"rendered":"https:\/\/agrovetazerbaijan.az\/?post_type=product&#038;p=989555"},"modified":"2025-07-11T12:31:30","modified_gmt":"2025-07-11T12:31:30","slug":"g-olvac","status":"publish","type":"product","link":"https:\/\/agrovetazerbaijan.az\/ru\/product\/g-olvac\/","title":{"rendered":"G-OLVAC"},"content":{"rendered":"<div class=\"vgblk-rw-wrapper limit-wrapper\">\n<p data-start=\"0\" data-end=\"108\">G-OLVAC<br data-start=\"7\" data-end=\"10\" \/>\u0418\u043d\u0430\u043a\u0442\u0438\u0432\u0438\u0440\u043e\u0432\u0430\u043d\u043d\u0430\u044f \u0432\u0430\u043a\u0446\u0438\u043d\u0430 \u043f\u0440\u043e\u0442\u0438\u0432 \u0431\u043e\u043b\u0435\u0437\u043d\u0438 \u041d\u044c\u044e\u043a\u0430\u0441\u043b\u0430 \u0438 \u0438\u043d\u0444\u0435\u043a\u0446\u0438\u043e\u043d\u043d\u043e\u0439 \u0431\u0443\u0440\u0441\u0430\u043b\u044c\u043d\u043e\u0439 \u0431\u043e\u043b\u0435\u0437\u043d\u0438 (\u0418\u0411\u0411).<\/p>\n<p data-start=\"110\" data-end=\"221\"><strong data-start=\"110\" data-end=\"128\">\u0424\u0443\u043d\u043a\u0446\u0438\u0438:<\/strong><br data-start=\"128\" data-end=\"131\" \/>\u0418\u0437\u0433\u043e\u0442\u043e\u0432\u043b\u0435\u043d \u0438\u0437 \u0432\u044b\u0441\u043e\u043a\u043e\u0438\u043c\u043c\u0443\u043d\u043e\u0433\u0435\u043d\u043d\u044b\u0445 \u0430\u043d\u0442\u0438\u0433\u0435\u043d\u043e\u0432, \u0430\u0434\u044a\u044e\u0432\u0430\u043d\u0442\u0430 \u0432 \u044d\u043c\u0443\u043b\u044c\u0441\u0438\u0438 \u043d\u0430 \u043b\u0435\u0433\u043a\u043e\u043c \u043c\u0438\u043d\u0435\u0440\u0430\u043b\u044c\u043d\u043e\u043c \u043c\u0430\u0441\u043b\u0435.<\/p>\n<p data-start=\"223\" data-end=\"237\"><strong data-start=\"223\" data-end=\"235\">\u0418\u043d\u0433\u0440\u0435\u0434\u0438\u0435\u043d\u0442\u044b:<\/strong><\/p>\n<ul data-start=\"238\" data-end=\"347\">\n<li data-start=\"238\" data-end=\"299\">\n<p data-start=\"240\" data-end=\"299\">\u0418\u043d\u0430\u043a\u0442\u0438\u0432\u0438\u0440\u043e\u0432\u0430\u043d\u043d\u044b\u0439 \u0432\u0438\u0440\u0443\u0441 \u0431\u043e\u043b\u0435\u0437\u043d\u0438 \u041d\u044c\u044e\u043a\u0430\u0441\u043b\u0430: \u226510\u2078\u2075 EID\u2085\u2080<\/p>\n<\/li>\n<li data-start=\"300\" data-end=\"347\">\n<p data-start=\"302\" data-end=\"347\">\u0418\u043d\u0430\u043a\u0442\u0438\u0432\u0438\u0440\u043e\u0432\u0430\u043d\u043d\u044b\u0439 \u0432\u0438\u0440\u0443\u0441 \u0418\u0411\u0411: \u226510\u2075\u2075 EID\u2085\u2080<\/p>\n<\/li>\n<\/ul>\n<p data-start=\"349\" data-end=\"364\"><strong data-start=\"349\" data-end=\"362\">\u0418\u0441\u043f\u043e\u043b\u044c\u0437\u043e\u0432\u0430\u043d\u0438\u0435:<\/strong><\/p>\n<ul data-start=\"365\" data-end=\"496\">\n<li data-start=\"365\" data-end=\"431\">\n<p data-start=\"367\" data-end=\"431\">\u041f\u0440\u043e\u0444\u0438\u043b\u0430\u043a\u0442\u0438\u043a\u0430 \u0431\u043e\u043b\u0435\u0437\u043d\u0438 \u041d\u044c\u044e\u043a\u0430\u0441\u043b\u0430 \u0438 \u0438\u043d\u0444\u0435\u043a\u0446\u0438\u043e\u043d\u043d\u043e\u0439 \u0431\u0443\u0440\u0441\u0430\u043b\u044c\u043d\u043e\u0439 \u0431\u043e\u043b\u0435\u0437\u043d\u0438.<\/p>\n<\/li>\n<li data-start=\"432\" data-end=\"496\">\n<p data-start=\"434\" data-end=\"496\">\u0411\u0443\u0434\u0443\u0449\u0438\u043c \u0437\u0430\u0432\u043e\u0434\u0447\u0438\u043a\u0430\u043c \u0441\u043b\u0435\u0434\u0443\u0435\u0442 \u0434\u0435\u043b\u0430\u0442\u044c \u043f\u0440\u0438\u0432\u0438\u0432\u043a\u0438 \u0432 \u0432\u043e\u0437\u0440\u0430\u0441\u0442\u0435 18 \u043d\u0435\u0434\u0435\u043b\u044c.<\/p>\n<\/li>\n<\/ul>\n<p data-start=\"498\" data-end=\"518\"><strong data-start=\"498\" data-end=\"516\">\u0413\u0440\u0430\u0444\u0438\u043a \u0432\u0430\u043a\u0446\u0438\u043d\u0430\u0446\u0438\u0438:<\/strong><\/p>\n<ul data-start=\"519\" data-end=\"744\">\n<li data-start=\"519\" data-end=\"647\">\n<p data-start=\"521\" data-end=\"647\">\u0421\u043d\u0430\u0447\u0430\u043b\u0430 \u0432\u0432\u043e\u0434\u044f\u0442 \u0432\u0430\u043a\u0446\u0438\u043d\u0443 \u043e\u0442 \u0431\u043e\u043b\u0435\u0437\u043d\u0438 \u041d\u044c\u044e\u043a\u0430\u0441\u043b\u0430 \u0436\u0438\u0432\u043e\u0439 \u043e\u0441\u043b\u0430\u0431\u043b\u0435\u043d\u043d\u043e\u0439 \u0432\u0430\u043a\u0446\u0438\u043d\u043e\u0439 B1 \u0438\u043b\u0438 La Sota, \u0430 \u0432 \u0432\u043e\u0437\u0440\u0430\u0441\u0442\u0435 6 \u043d\u0435\u0434\u0435\u043b\u044c \u2014 \u0436\u0438\u0432\u0443\u044e \u0432\u0430\u043a\u0446\u0438\u043d\u0443 \u043e\u0442 \u0418\u0411\u0411.<\/p>\n<\/li>\n<li data-start=\"648\" data-end=\"744\">\n<p data-start=\"650\" data-end=\"744\">\u0417\u0430\u0442\u0435\u043c \u0432\u0432\u043e\u0434\u044f\u0442 0,5 \u043c\u043b \u0432\u0430\u043a\u0446\u0438\u043d\u044b \u043f\u043e\u0434\u043a\u043e\u0436\u043d\u043e (\u0432 \u043e\u0431\u043b\u0430\u0441\u0442\u044c \u0437\u0430\u0442\u044b\u043b\u043a\u0430) \u0438\u043b\u0438 \u0432\u043d\u0443\u0442\u0440\u0438\u043c\u044b\u0448\u0435\u0447\u043d\u043e (\u0432 \u043e\u0431\u043b\u0430\u0441\u0442\u044c \u0433\u0440\u0443\u0434\u0438).<\/p>\n<\/li>\n<\/ul>\n<p data-start=\"746\" data-end=\"757\"><strong data-start=\"746\" data-end=\"755\">\u041f\u0440\u0438\u043c\u0435\u0447\u0430\u043d\u0438\u0435:<\/strong><\/p>\n<ul data-start=\"758\" data-end=\"817\">\n<li data-start=\"758\" data-end=\"817\">\n<p data-start=\"760\" data-end=\"817\">\u0414\u043e\u0432\u0435\u0434\u0438\u0442\u0435 \u0432\u0430\u043a\u0446\u0438\u043d\u0443 \u0434\u043e \u043a\u043e\u043c\u043d\u0430\u0442\u043d\u043e\u0439 \u0442\u0435\u043c\u043f\u0435\u0440\u0430\u0442\u0443\u0440\u044b \u0438 \u0445\u043e\u0440\u043e\u0448\u043e \u0432\u0441\u0442\u0440\u044f\u0445\u043d\u0438\u0442\u0435.<\/p>\n<\/li>\n<\/ul>\n<p data-start=\"819\" data-end=\"951\"><strong data-start=\"819\" data-end=\"831\">\u0425\u0440\u0430\u043d\u0438\u043b\u0438\u0449\u0435:<\/strong> +2\u00b0\u0421 \u2013 +8\u00b0\u0421, \u0431\u0435\u0440\u0435\u0447\u044c \u043e\u0442 \u0437\u0430\u043c\u0435\u0440\u0437\u0430\u043d\u0438\u044f.<br data-start=\"865\" data-end=\"868\" \/><strong data-start=\"868\" data-end=\"888\">\u0421\u0440\u043e\u043a \u0433\u043e\u0434\u043d\u043e\u0441\u0442\u0438:<\/strong> 24 \u043c\u0435\u0441\u044f\u0446\u0430<br data-start=\"894\" data-end=\"897\" \/><strong data-start=\"897\" data-end=\"913\">\u0423\u043f\u0430\u043a\u043e\u0432\u043a\u0430:<\/strong> 250 \u043c\u043b (500 \u0434\u043e\u0437), 500 \u043c\u043b (1000 \u0434\u043e\u0437)<\/p>\n<\/div>\n<p><!-- .vgblk-rw-wrapper --><\/p>","protected":false},"excerpt":{"rendered":"<p>G-OLVACQeyri-aktivl\u0259\u015fdirilmi\u015f vaksin, Newcastle Disease v\u0259 Infectious Bursal Disease (IBD) \u0259leyhin\u0259dir. X\u00fcsusiyy\u0259tl\u0259r:Y\u00fcks\u0259k immunogen antigenl\u0259rd\u0259n haz\u0131rlan\u0131b, y\u00fcng\u00fcl mineral ya\u011fda emulsiyada adjuvantedir. T\u0259rkibi: \u0130nnaktivl\u0259\u015fdirilmi\u015f Newcastle Disease virusu: \u226510\u2078\u2075 EID\u2085\u2080 \u0130nnaktivl\u0259\u015fdirilmi\u015f IBD virusu: \u226510\u2075\u2075 EID\u2085\u2080 \u0130stifad\u0259: Newcastle Disease v\u0259 Infectious Bursal Disease profilaktikas\u0131. G\u0259l\u0259c\u0259k yeti\u015fdiricil\u0259r 18 h\u0259ft\u0259 ya\u015f\u0131nda peyv\u0259nd olunmal\u0131d\u0131r. Peyv\u0259nd sxemi: \u018fvv\u0259lc\u0259 B1 v\u0259 ya La Sota canl\u0131&#8230;<\/p>","protected":false},"featured_media":989556,"comment_status":"closed","ping_status":"closed","template":"","meta":{"nf_dc_page":"","_monsterinsights_skip_tracking":false,"_monsterinsights_sitenote_active":false,"_monsterinsights_sitenote_note":"","_monsterinsights_sitenote_category":0},"product_brand":[],"product_cat":[235,68,234],"product_tag":[],"class_list":{"0":"post-989555","1":"product","2":"type-product","3":"status-publish","4":"has-post-thumbnail","6":"product_cat-inaktiv","7":"product_cat-poultry","8":"product_cat-vaksinler","10":"first","11":"instock","12":"shipping-taxable","13":"product-type-simple"},"jetpack_sharing_enabled":true,"_links":{"self":[{"href":"https:\/\/agrovetazerbaijan.az\/ru\/wp-json\/wp\/v2\/product\/989555","targetHints":{"allow":["GET"]}}],"collection":[{"href":"https:\/\/agrovetazerbaijan.az\/ru\/wp-json\/wp\/v2\/product"}],"about":[{"href":"https:\/\/agrovetazerbaijan.az\/ru\/wp-json\/wp\/v2\/types\/product"}],"replies":[{"embeddable":true,"href":"https:\/\/agrovetazerbaijan.az\/ru\/wp-json\/wp\/v2\/comments?post=989555"}],"version-history":[{"count":2,"href":"https:\/\/agrovetazerbaijan.az\/ru\/wp-json\/wp\/v2\/product\/989555\/revisions"}],"predecessor-version":[{"id":989839,"href":"https:\/\/agrovetazerbaijan.az\/ru\/wp-json\/wp\/v2\/product\/989555\/revisions\/989839"}],"wp:featuredmedia":[{"embeddable":true,"href":"https:\/\/agrovetazerbaijan.az\/ru\/wp-json\/wp\/v2\/media\/989556"}],"wp:attachment":[{"href":"https:\/\/agrovetazerbaijan.az\/ru\/wp-json\/wp\/v2\/media?parent=989555"}],"wp:term":[{"taxonomy":"product_brand","embeddable":true,"href":"https:\/\/agrovetazerbaijan.az\/ru\/wp-json\/wp\/v2\/product_brand?post=989555"},{"taxonomy":"product_cat","embeddable":true,"href":"https:\/\/agrovetazerbaijan.az\/ru\/wp-json\/wp\/v2\/product_cat?post=989555"},{"taxonomy":"product_tag","embeddable":true,"href":"https:\/\/agrovetazerbaijan.az\/ru\/wp-json\/wp\/v2\/product_tag?post=989555"}],"curies":[{"name":"WP","href":"https:\/\/api.w.org\/{rel}","templated":true}]}}