{"id":989552,"date":"2025-05-27T22:18:31","date_gmt":"2025-05-27T22:18:31","guid":{"rendered":"https:\/\/agrovetazerbaijan.az\/?post_type=product&#038;p=989552"},"modified":"2025-07-11T12:19:35","modified_gmt":"2025-07-11T12:19:35","slug":"encefal-vac","status":"publish","type":"product","link":"https:\/\/agrovetazerbaijan.az\/ru\/product\/encefal-vac\/","title":{"rendered":"\u042d\u041d\u0426\u0415\u0424\u0410\u041b\u042c-\u0412\u0410\u041a"},"content":{"rendered":"<div class=\"vgblk-rw-wrapper limit-wrapper\">\n<p data-start=\"0\" data-end=\"124\">\u042d\u041d\u0426\u0415\u0424\u0410\u041b\u042c-\u0412\u0410\u041a<br data-start=\"11\" data-end=\"14\" \/>\u0416\u0438\u0432\u0430\u044f \u0437\u0430\u043c\u043e\u0440\u043e\u0436\u0435\u043d\u043d\u0430\u044f \u0432\u0430\u043a\u0446\u0438\u043d\u0430 \u043f\u0440\u043e\u0442\u0438\u0432 \u044d\u043d\u0446\u0435\u0444\u0430\u043b\u043e\u043c\u0438\u0435\u043b\u0438\u0442\u0430 \u043f\u0442\u0438\u0446 \u0438\u0437\u0433\u043e\u0442\u043e\u0432\u043b\u0435\u043d\u0430 \u043d\u0430 \u043e\u0441\u043d\u043e\u0432\u0435 \u0448\u0442\u0430\u043c\u043c\u0430 Calnek 1143. \u041e\u043d\u0430 \u043e\u0431\u0435\u0441\u043f\u0435\u0447\u0438\u0432\u0430\u0435\u0442 \u0432\u044b\u0441\u043e\u043a\u0438\u0439 \u0438\u043c\u043c\u0443\u043d\u0438\u0442\u0435\u0442.<\/p>\n<p data-start=\"126\" data-end=\"141\"><strong data-start=\"126\" data-end=\"139\">\u0418\u0441\u043f\u043e\u043b\u044c\u0437\u043e\u0432\u0430\u043d\u0438\u0435:<\/strong><\/p>\n<ul data-start=\"142\" data-end=\"471\">\n<li data-start=\"142\" data-end=\"209\">\n<p data-start=\"144\" data-end=\"209\">\u0417\u0434\u043e\u0440\u043e\u0432\u043e\u0439 \u043f\u0442\u0438\u0446\u0435 \u0432 \u0432\u043e\u0437\u0440\u0430\u0441\u0442\u0435 3-4 \u043c\u0435\u0441\u044f\u0446\u0435\u0432, \u043d\u0435 \u043c\u0435\u043d\u0435\u0435 \u0447\u0435\u043c \u0437\u0430 1 \u043c\u0435\u0441\u044f\u0446 \u0434\u043e \u043d\u0430\u0447\u0430\u043b\u0430 \u044f\u0439\u0446\u0435\u043a\u043b\u0430\u0434\u043a\u0438<\/p>\n<\/li>\n<li data-start=\"210\" data-end=\"261\">\n<p data-start=\"212\" data-end=\"261\">\u041f\u0440\u0435\u043f\u0430\u0440\u0430\u0442 \u0434\u0430\u0435\u0442\u0441\u044f \u0432 \u0441\u043c\u0435\u0441\u0438 \u0441 \u0432\u043e\u0434\u043e\u0439 \u0438\u0437 \u0440\u0430\u0441\u0447\u0435\u0442\u0430 20\u201330 \u043c\u043b \u043d\u0430 \u043f\u0442\u0438\u0446\u0443.<\/p>\n<\/li>\n<li data-start=\"262\" data-end=\"332\">\n<p data-start=\"264\" data-end=\"332\">\u041e\u0442\u043a\u043b\u044e\u0447\u0435\u043d\u0438\u0435 \u0432\u043e\u0434\u044b (\u043f\u0440\u0438\u043c\u0435\u0440\u043d\u043e 2 \u0447\u0430\u0441\u0430), \u0447\u0438\u0441\u0442\u044b\u0435 \u0438 \u043f\u0440\u043e\u0434\u0435\u0437\u0438\u043d\u0444\u0438\u0446\u0438\u0440\u043e\u0432\u0430\u043d\u043d\u044b\u0435 \u043f\u043e\u0438\u043b\u043a\u0438<\/p>\n<\/li>\n<li data-start=\"333\" data-end=\"419\">\n<p data-start=\"335\" data-end=\"419\">\u0412\u0430\u043a\u0446\u0438\u043d\u0443 \u0441\u043b\u0435\u0434\u0443\u0435\u0442 \u0438\u0441\u043f\u043e\u043b\u044c\u0437\u043e\u0432\u0430\u0442\u044c \u0441\u0440\u0430\u0437\u0443 \u0436\u0435 \u043f\u043e\u0441\u043b\u0435 \u043f\u0440\u0438\u0433\u043e\u0442\u043e\u0432\u043b\u0435\u043d\u0438\u044f, \u0430 \u0432\u0441\u044e \u0433\u0440\u0443\u043f\u043f\u0443 \u0432\u0430\u043a\u0446\u0438\u043d\u0438\u0440\u043e\u0432\u0430\u0442\u044c \u0432 \u0442\u0435\u0447\u0435\u043d\u0438\u0435 2\u20133 \u0447\u0430\u0441\u043e\u0432.<\/p>\n<\/li>\n<li data-start=\"420\" data-end=\"471\">\n<p data-start=\"422\" data-end=\"471\">\u041d\u0435\u043e\u0431\u0445\u043e\u0434\u0438\u043c 14-\u0434\u043d\u0435\u0432\u043d\u044b\u0439 \u043f\u0435\u0440\u0435\u0440\u044b\u0432 \u0432 \u043f\u0440\u0438\u0435\u043c\u0435 \u0434\u0440\u0443\u0433\u0438\u0445 \u0432\u0430\u043a\u0446\u0438\u043d.<\/p>\n<\/li>\n<\/ul>\n<p data-start=\"473\" data-end=\"584\"><strong data-start=\"473\" data-end=\"487\">\u0418\u043c\u043c\u0443\u043d\u0438\u0442\u0435\u0442:<\/strong><br data-start=\"487\" data-end=\"490\" \/>\u041e\u043d \u043f\u0440\u043e\u044f\u0432\u043b\u044f\u0435\u0442\u0441\u044f \u043f\u0440\u0438\u043c\u0435\u0440\u043d\u043e \u0447\u0435\u0440\u0435\u0437 \u043c\u0435\u0441\u044f\u0446 \u0438 \u0441\u043e\u0445\u0440\u0430\u043d\u044f\u0435\u0442\u0441\u044f \u0432 \u0442\u0435\u0447\u0435\u043d\u0438\u0435 \u0432\u0441\u0435\u0433\u043e \u043f\u0435\u0440\u0438\u043e\u0434\u0430 \u044f\u0439\u0446\u0435\u043a\u043b\u0430\u0434\u043a\u0438. \u041f\u0435\u0440\u0435\u0434\u0430\u0451\u0442\u0441\u044f \u043e\u0442 \u043c\u0430\u0442\u0435\u0440\u0438 \u043a \u043f\u0442\u0435\u043d\u0446\u0430\u043c.<\/p>\n<p data-start=\"586\" data-end=\"597\"><strong data-start=\"586\" data-end=\"595\">\u041f\u0440\u0438\u043c\u0435\u0447\u0430\u043d\u0438\u0435:<\/strong><\/p>\n<ul data-start=\"598\" data-end=\"731\">\n<li data-start=\"598\" data-end=\"656\">\n<p data-start=\"600\" data-end=\"656\">\u041d\u0435 \u0441\u043b\u0435\u0434\u0443\u0435\u0442 \u0434\u0430\u0432\u0430\u0442\u044c \u043f\u0442\u0438\u0446\u0430\u043c \u043c\u043e\u043b\u043e\u0436\u0435 2 \u043c\u0435\u0441\u044f\u0446\u0435\u0432 \u0438 \u043a\u0443\u0440\u0430\u043c-\u043d\u0435\u0441\u0443\u0448\u043a\u0430\u043c.<\/p>\n<\/li>\n<li data-start=\"657\" data-end=\"731\">\n<p data-start=\"659\" data-end=\"731\">\u041f\u043e\u0441\u043b\u0435 \u0438\u0441\u043f\u043e\u043b\u044c\u0437\u043e\u0432\u0430\u043d\u0438\u044f \u0444\u043b\u0430\u043a\u043e\u043d\u044b \u0441\u043b\u0435\u0434\u0443\u0435\u0442 \u0441\u0436\u0435\u0447\u044c \u0438\u043b\u0438 \u043f\u0440\u043e\u0434\u0435\u0437\u0438\u043d\u0444\u0438\u0446\u0438\u0440\u043e\u0432\u0430\u0442\u044c.<\/p>\n<\/li>\n<\/ul>\n<p data-start=\"733\" data-end=\"761\"><strong data-start=\"733\" data-end=\"745\">\u0425\u0440\u0430\u043d\u0438\u043b\u0438\u0449\u0435:<\/strong><br data-start=\"745\" data-end=\"748\" \/>+2\u00b0\u0421 \u2013 +8\u00b0\u0421<\/p>\n<p data-start=\"763\" data-end=\"793\"><strong data-start=\"763\" data-end=\"783\">\u0421\u0440\u043e\u043a \u0433\u043e\u0434\u043d\u043e\u0441\u0442\u0438:<\/strong><br data-start=\"783\" data-end=\"786\" \/>18 \u043c\u0435\u0441\u044f\u0446\u0435\u0432<\/p>\n<p data-start=\"795\" data-end=\"837\"><strong data-start=\"795\" data-end=\"811\">\u0423\u043f\u0430\u043a\u043e\u0432\u043a\u0430:<\/strong><br data-start=\"811\" data-end=\"814\" \/>\u0424\u043b\u0430\u043a\u043e\u043d\u044b \u043f\u043e 1000 \u0434\u043e\u0437<\/p>\n<\/div>\n<p><!-- .vgblk-rw-wrapper --><\/p>","protected":false},"excerpt":{"rendered":"<p>ENCEFAL-VACCanl\u0131 dondurulmu\u015f qu\u015f ensefalomieliti vaksini, Calnek 1143 \u015ftamm\u0131 il\u0259 haz\u0131rlan\u0131r. Y\u00fcks\u0259k immunitet t\u0259min edir. \u0130stifad\u0259: 3-4 ayl\u0131q sa\u011flam qu\u015flara, yumurtlama d\u00f6vr\u00fcnd\u0259n \u0259n az 1 ay \u0259vv\u0259l Suya qat\u0131l\u0131b verilir, 20-30 ml\/saxlama qu\u015f \u00fc\u00e7\u00fcn Su k\u0259simi (t\u0259xmin\u0259n 2 saat), t\u0259miz v\u0259 dezinfeksiyas\u0131z i\u00e7m\u0259 qablar\u0131 Vaksin haz\u0131rlanandan d\u0259rhal istifad\u0259, 2-3 saat i\u00e7ind\u0259 tam qrup peyv\u0259nd olunmal\u0131d\u0131r Dig\u0259r&#8230;<\/p>","protected":false},"featured_media":989553,"comment_status":"closed","ping_status":"closed","template":"","meta":{"nf_dc_page":"","_monsterinsights_skip_tracking":false,"_monsterinsights_sitenote_active":false,"_monsterinsights_sitenote_note":"","_monsterinsights_sitenote_category":0},"product_brand":[],"product_cat":[234,237,68],"product_tag":[],"class_list":{"0":"post-989552","1":"product","2":"type-product","3":"status-publish","4":"has-post-thumbnail","6":"product_cat-vaksinler","7":"product_cat-aktiv-vaksinler","8":"product_cat-poultry","10":"first","11":"instock","12":"shipping-taxable","13":"product-type-simple"},"jetpack_sharing_enabled":true,"_links":{"self":[{"href":"https:\/\/agrovetazerbaijan.az\/ru\/wp-json\/wp\/v2\/product\/989552","targetHints":{"allow":["GET"]}}],"collection":[{"href":"https:\/\/agrovetazerbaijan.az\/ru\/wp-json\/wp\/v2\/product"}],"about":[{"href":"https:\/\/agrovetazerbaijan.az\/ru\/wp-json\/wp\/v2\/types\/product"}],"replies":[{"embeddable":true,"href":"https:\/\/agrovetazerbaijan.az\/ru\/wp-json\/wp\/v2\/comments?post=989552"}],"version-history":[{"count":2,"href":"https:\/\/agrovetazerbaijan.az\/ru\/wp-json\/wp\/v2\/product\/989552\/revisions"}],"predecessor-version":[{"id":989835,"href":"https:\/\/agrovetazerbaijan.az\/ru\/wp-json\/wp\/v2\/product\/989552\/revisions\/989835"}],"wp:featuredmedia":[{"embeddable":true,"href":"https:\/\/agrovetazerbaijan.az\/ru\/wp-json\/wp\/v2\/media\/989553"}],"wp:attachment":[{"href":"https:\/\/agrovetazerbaijan.az\/ru\/wp-json\/wp\/v2\/media?parent=989552"}],"wp:term":[{"taxonomy":"product_brand","embeddable":true,"href":"https:\/\/agrovetazerbaijan.az\/ru\/wp-json\/wp\/v2\/product_brand?post=989552"},{"taxonomy":"product_cat","embeddable":true,"href":"https:\/\/agrovetazerbaijan.az\/ru\/wp-json\/wp\/v2\/product_cat?post=989552"},{"taxonomy":"product_tag","embeddable":true,"href":"https:\/\/agrovetazerbaijan.az\/ru\/wp-json\/wp\/v2\/product_tag?post=989552"}],"curies":[{"name":"WP","href":"https:\/\/api.w.org\/{rel}","templated":true}]}}