{"id":989549,"date":"2025-05-27T22:23:31","date_gmt":"2025-05-27T22:23:31","guid":{"rendered":"https:\/\/agrovetazerbaijan.az\/?post_type=product&#038;p=989549"},"modified":"2025-07-11T12:27:09","modified_gmt":"2025-07-11T12:27:09","slug":"iba-vac-st","status":"publish","type":"product","link":"https:\/\/agrovetazerbaijan.az\/ru\/product\/iba-vac-st\/","title":{"rendered":"IBA-VAC ST"},"content":{"rendered":"<div class=\"vgblk-rw-wrapper limit-wrapper\">\n<p data-start=\"0\" data-end=\"130\">IBA-VAC ST<br data-start=\"10\" data-end=\"13\" \/>\u0416\u0438\u0432\u0430\u044f \u0437\u0430\u043c\u043e\u0440\u043e\u0436\u0435\u043d\u043d\u0430\u044f \u0432\u0430\u043a\u0446\u0438\u043d\u0430 \u043f\u0440\u043e\u0442\u0438\u0432 \u0438\u043d\u0444\u0435\u043a\u0446\u0438\u043e\u043d\u043d\u043e\u0439 \u0431\u0443\u0440\u0441\u0430\u043b\u044c\u043d\u043e\u0439 \u0431\u043e\u043b\u0435\u0437\u043d\u0438 \u0438\u0437\u0433\u043e\u0442\u043e\u0432\u043b\u0435\u043d\u0430 \u0438\u0437 \u0443\u043c\u0435\u0440\u0435\u043d\u043d\u043e \u043e\u0441\u043b\u0430\u0431\u043b\u0435\u043d\u043d\u043e\u0433\u043e, \u0432\u044b\u0441\u043e\u043a\u043e\u0438\u043d\u0432\u0430\u0437\u0438\u0432\u043d\u043e\u0433\u043e \u0448\u0442\u0430\u043c\u043c\u0430 \u0432\u0438\u0440\u0443\u0441\u0430.<\/p>\n<p data-start=\"132\" data-end=\"147\"><strong data-start=\"132\" data-end=\"145\">\u0418\u0441\u043f\u043e\u043b\u044c\u0437\u043e\u0432\u0430\u043d\u0438\u0435:<\/strong><\/p>\n<ul data-start=\"148\" data-end=\"321\">\n<li data-start=\"148\" data-end=\"210\">\n<p data-start=\"150\" data-end=\"210\">\u0411\u0440\u043e\u0439\u043b\u0435\u0440\u044b 8-15 \u0434\u043d\u0435\u0439, \u0432 \u0437\u0430\u0432\u0438\u0441\u0438\u043c\u043e\u0441\u0442\u0438 \u043e\u0442 \u0443\u0440\u043e\u0432\u043d\u044f \u0430\u043d\u0442\u0438\u0442\u0435\u043b<\/p>\n<\/li>\n<li data-start=\"211\" data-end=\"290\">\n<p data-start=\"213\" data-end=\"290\">\u042f\u0439\u0446\u0435\u043d\u043e\u0441\u043a\u0438\u0445 \u043f\u0442\u0438\u0446 \u0441\u043b\u0435\u0434\u0443\u0435\u0442 \u0432\u0430\u043a\u0446\u0438\u043d\u0438\u0440\u043e\u0432\u0430\u0442\u044c \u043f\u043e\u0432\u0442\u043e\u0440\u043d\u043e \u0447\u0435\u0440\u0435\u0437 14\u201318 \u0434\u043d\u0435\u0439, \u0430 \u043f\u0440\u0438 \u043d\u0435\u043e\u0431\u0445\u043e\u0434\u0438\u043c\u043e\u0441\u0442\u0438 \u2014 \u0447\u0435\u0440\u0435\u0437 1 \u043d\u0435\u0434\u0435\u043b\u044e.<\/p>\n<\/li>\n<li data-start=\"291\" data-end=\"321\">\n<p data-start=\"293\" data-end=\"321\">\u041f\u0440\u0438\u043c\u0435\u043d\u044f\u0435\u0442\u0441\u044f \u043f\u0443\u0442\u0435\u043c \u0441\u043c\u0435\u0448\u0438\u0432\u0430\u043d\u0438\u044f \u0441 \u0432\u043e\u0434\u043e\u0439.<\/p>\n<\/li>\n<\/ul>\n<p data-start=\"323\" data-end=\"388\"><strong data-start=\"323\" data-end=\"337\">\u0418\u043c\u043c\u0443\u043d\u0438\u0442\u0435\u0442:<\/strong><br data-start=\"337\" data-end=\"340\" \/>\u041f\u0440\u043e\u044f\u0432\u043b\u044f\u0435\u0442\u0441\u044f \u0447\u0435\u0440\u0435\u0437 10\u201314 \u0434\u043d\u0435\u0439, \u0431\u0435\u0437 \u043a\u043b\u0438\u043d\u0438\u0447\u0435\u0441\u043a\u043e\u0433\u043e \u043e\u0442\u0432\u0435\u0442\u0430.<\/p>\n<p data-start=\"390\" data-end=\"401\"><strong data-start=\"390\" data-end=\"399\">\u041f\u0440\u0438\u043c\u0435\u0447\u0430\u043d\u0438\u0435:<\/strong><\/p>\n<ul data-start=\"402\" data-end=\"476\">\n<li data-start=\"402\" data-end=\"476\">\n<p data-start=\"404\" data-end=\"476\">\u041f\u043e\u0441\u043b\u0435 \u0438\u0441\u043f\u043e\u043b\u044c\u0437\u043e\u0432\u0430\u043d\u0438\u044f \u0444\u043b\u0430\u043a\u043e\u043d\u044b \u0441\u043b\u0435\u0434\u0443\u0435\u0442 \u0441\u0436\u0435\u0447\u044c \u0438\u043b\u0438 \u043f\u0440\u043e\u0434\u0435\u0437\u0438\u043d\u0444\u0438\u0446\u0438\u0440\u043e\u0432\u0430\u0442\u044c.<\/p>\n<\/li>\n<\/ul>\n<p data-start=\"478\" data-end=\"506\"><strong data-start=\"478\" data-end=\"490\">\u0425\u0440\u0430\u043d\u0438\u043b\u0438\u0449\u0435:<\/strong><br data-start=\"490\" data-end=\"493\" \/>+2\u00b0\u0421 \u2013 +8\u00b0\u0421<\/p>\n<p data-start=\"508\" data-end=\"538\"><strong data-start=\"508\" data-end=\"528\">\u0421\u0440\u043e\u043a \u0433\u043e\u0434\u043d\u043e\u0441\u0442\u0438:<\/strong><br data-start=\"528\" data-end=\"531\" \/>18 \u043c\u0435\u0441\u044f\u0446\u0435\u0432<\/p>\n<p data-start=\"540\" data-end=\"594\"><strong data-start=\"540\" data-end=\"556\">\u0423\u043f\u0430\u043a\u043e\u0432\u043a\u0430:<\/strong><br data-start=\"556\" data-end=\"559\" \/>\u0424\u043b\u0430\u043a\u043e\u043d\u044b \u043d\u0430 1000, 2500, 5000 \u0434\u043e\u0437<\/p>\n<\/div>\n<p><!-- .vgblk-rw-wrapper --><\/p>","protected":false},"excerpt":{"rendered":"<p>IBA-VAC STCanl\u0131 dondurulmu\u015f \u0130nfeksiyoz Bursal X\u0259st\u0259liyi vaksini, orta z\u0259ifl\u0259dilmi\u015f, y\u00fcks\u0259k invaziv virus \u015ftamm\u0131 il\u0259 haz\u0131rlan\u0131r. \u0130stifad\u0259: Broilerl\u0259r 8-15 g\u00fcnl\u00fck, qat\u0131l\u0131q anticisim s\u0259viyy\u0259sin\u0259 g\u00f6r\u0259 Yumurtlayan qu\u015flar 14-18 g\u00fcnl\u00fck, laz\u0131m g\u0259l\u0259rs\u0259 1 h\u0259ft\u0259 sonra t\u0259krar peyv\u0259nd Suya qat\u0131l\u0131b t\u0259tbiq olunur \u0130mmunitet:10-14 g\u00fcn sonra yaran\u0131r, klinik reaksiya vermir. Qeyd: Flakonlar istifad\u0259 sonras\u0131 yand\u0131r\u0131lmal\u0131 v\u0259 ya dezinfeksiya edilm\u0259lidir Saxlama:+2\u00b0C&#8230;<\/p>","protected":false},"featured_media":989558,"comment_status":"closed","ping_status":"closed","template":"","meta":{"nf_dc_page":"","_monsterinsights_skip_tracking":false,"_monsterinsights_sitenote_active":false,"_monsterinsights_sitenote_note":"","_monsterinsights_sitenote_category":0},"product_brand":[],"product_cat":[234,237,68],"product_tag":[],"class_list":{"0":"post-989549","1":"product","2":"type-product","3":"status-publish","4":"has-post-thumbnail","6":"product_cat-vaksinler","7":"product_cat-aktiv-vaksinler","8":"product_cat-poultry","10":"first","11":"instock","12":"shipping-taxable","13":"product-type-simple"},"jetpack_sharing_enabled":true,"_links":{"self":[{"href":"https:\/\/agrovetazerbaijan.az\/ru\/wp-json\/wp\/v2\/product\/989549","targetHints":{"allow":["GET"]}}],"collection":[{"href":"https:\/\/agrovetazerbaijan.az\/ru\/wp-json\/wp\/v2\/product"}],"about":[{"href":"https:\/\/agrovetazerbaijan.az\/ru\/wp-json\/wp\/v2\/types\/product"}],"replies":[{"embeddable":true,"href":"https:\/\/agrovetazerbaijan.az\/ru\/wp-json\/wp\/v2\/comments?post=989549"}],"version-history":[{"count":2,"href":"https:\/\/agrovetazerbaijan.az\/ru\/wp-json\/wp\/v2\/product\/989549\/revisions"}],"predecessor-version":[{"id":989837,"href":"https:\/\/agrovetazerbaijan.az\/ru\/wp-json\/wp\/v2\/product\/989549\/revisions\/989837"}],"wp:featuredmedia":[{"embeddable":true,"href":"https:\/\/agrovetazerbaijan.az\/ru\/wp-json\/wp\/v2\/media\/989558"}],"wp:attachment":[{"href":"https:\/\/agrovetazerbaijan.az\/ru\/wp-json\/wp\/v2\/media?parent=989549"}],"wp:term":[{"taxonomy":"product_brand","embeddable":true,"href":"https:\/\/agrovetazerbaijan.az\/ru\/wp-json\/wp\/v2\/product_brand?post=989549"},{"taxonomy":"product_cat","embeddable":true,"href":"https:\/\/agrovetazerbaijan.az\/ru\/wp-json\/wp\/v2\/product_cat?post=989549"},{"taxonomy":"product_tag","embeddable":true,"href":"https:\/\/agrovetazerbaijan.az\/ru\/wp-json\/wp\/v2\/product_tag?post=989549"}],"curies":[{"name":"WP","href":"https:\/\/api.w.org\/{rel}","templated":true}]}}