{"id":989544,"date":"2025-05-27T22:16:26","date_gmt":"2025-05-27T22:16:26","guid":{"rendered":"https:\/\/agrovetazerbaijan.az\/?post_type=product&#038;p=989544"},"modified":"2025-07-11T11:55:06","modified_gmt":"2025-07-11T11:55:06","slug":"bi-vac-1","status":"publish","type":"product","link":"https:\/\/agrovetazerbaijan.az\/ru\/product\/bi-vac-1\/","title":{"rendered":"\u0411\u0418\u0412\u0410\u041a 1\u00b0"},"content":{"rendered":"<div class=\"vgblk-rw-wrapper limit-wrapper\">\n<h3 data-start=\"86\" data-end=\"152\"><strong data-start=\"90\" data-end=\"150\">BI-VAC 1\u00b0 \u2013 \u0416\u0438\u0432\u0430\u044f \u0432\u0430\u043a\u0446\u0438\u043d\u0430 \u043f\u0440\u043e\u0442\u0438\u0432 \u0438\u043d\u0444\u0435\u043a\u0446\u0438\u043e\u043d\u043d\u043e\u0433\u043e \u0431\u0440\u043e\u043d\u0445\u0438\u0442\u0430 (H120)<\/strong><\/h3>\n<p data-start=\"153\" data-end=\"256\">\u0420\u0430\u0437\u0440\u0430\u0431\u043e\u0442\u0430\u043d \u0434\u043b\u044f \u043f\u0435\u0440\u0432\u0438\u0447\u043d\u043e\u0439 \u0432\u0430\u043a\u0446\u0438\u043d\u0430\u0446\u0438\u0438. \u042d\u0442\u043e \u0436\u0438\u0432\u043e\u0439 \u0430\u0442\u0442\u0435\u043d\u0443\u0438\u0440\u043e\u0432\u0430\u043d\u043d\u044b\u0439 \u0432\u0438\u0440\u0443\u0441 \u043d\u0430 \u043e\u0441\u043d\u043e\u0432\u0435 \u0448\u0442\u0430\u043c\u043c\u0430 H120.<\/p>\n<p data-start=\"258\" data-end=\"386\"><strong data-start=\"258\" data-end=\"271\">\u0418\u0441\u043f\u043e\u043b\u044c\u0437\u043e\u0432\u0430\u043d\u0438\u0435:<\/strong> \u041f\u0440\u0438\u043c\u0435\u043d\u044f\u0435\u0442\u0441\u044f \u0441 \u043f\u0438\u0442\u044c\u0435\u0432\u043e\u0439 \u0432\u043e\u0434\u043e\u0439.<br data-start=\"300\" data-end=\"303\" \/><strong data-start=\"303\" data-end=\"312\">\u0414\u043e\u0437\u0438\u0440\u043e\u0432\u043a\u0430:<\/strong> \u0421 7\u201380 \u043c\u043b \u0432\u043e\u0434\u044b \u0432 \u0437\u0430\u0432\u0438\u0441\u0438\u043c\u043e\u0441\u0442\u0438 \u043e\u0442 \u0432\u043e\u0437\u0440\u0430\u0441\u0442\u0430 \u043f\u0442\u0438\u0446\u044b.<br data-start=\"346\" data-end=\"349\" \/><strong data-start=\"349\" data-end=\"363\">\u0418\u043c\u043c\u0443\u043d\u0438\u0442\u0435\u0442:<\/strong> \u0424\u043e\u0440\u043c\u0438\u0440\u0443\u0435\u0442\u0441\u044f \u0447\u0435\u0440\u0435\u0437 10\u201315 \u0434\u043d\u0435\u0439.<\/p>\n<p data-start=\"388\" data-end=\"524\">\ud83d\udd01 \u0420\u0435\u0432\u0430\u043a\u0446\u0438\u043d\u0430\u0446\u0438\u044f: \u0432 \u0432\u043e\u0437\u0440\u0430\u0441\u0442\u0435 8\u201312 \u043d\u0435\u0434\u0435\u043b\u044c \u0432\u0430\u043a\u0446\u0438\u043d\u043e\u0439 BI-VAC 2\u00b0.<br data-start=\"436\" data-end=\"439\" \/>\u26a0\ufe0f \u0418\u0441\u043f\u043e\u043b\u044c\u0437\u0443\u0439\u0442\u0435 \u0432\u043e\u0434\u0443 \u0431\u0435\u0437 \u0434\u0435\u0437\u0438\u043d\u0444\u0438\u0446\u0438\u0440\u0443\u044e\u0449\u0435\u0433\u043e \u0441\u0440\u0435\u0434\u0441\u0442\u0432\u0430. \u0418\u0441\u043f\u043e\u043b\u044c\u0437\u0443\u0439\u0442\u0435 \u0432\u0430\u043a\u0446\u0438\u043d\u0443 \u0441\u0440\u0430\u0437\u0443 \u043f\u043e\u0441\u043b\u0435 \u0440\u0430\u0437\u0432\u0435\u0434\u0435\u043d\u0438\u044f.<\/p>\n<p data-start=\"526\" data-end=\"594\"><strong data-start=\"526\" data-end=\"539\">\u0425\u0440\u0430\u043d\u0438\u043b\u0438\u0449\u0435:<\/strong> +2\u00b0\u0421 \u2013 +8\u00b0\u0421<br data-start=\"551\" data-end=\"554\" \/><strong data-start=\"554\" data-end=\"570\">\u0423\u043f\u0430\u043a\u043e\u0432\u043a\u0430:<\/strong> 1000 \/ 2500 \/ 5000 \u0434\u043e\u0437<\/p>\n<\/div>\n<p><!-- .vgblk-rw-wrapper --><\/p>","protected":false},"excerpt":{"rendered":"<p>BI-VAC 1\u00b0 \u2013 \u0130nfeksion Bronxit\u0259 Qar\u015f\u0131 Canl\u0131 Vaksin (H120) \u0130lk vaksinasiya \u00fc\u00e7\u00fcn n\u0259z\u0259rd\u0259 tutulmu\u015fdur. H120 \u015ftamm\u0131 \u0259sas\u0131nda haz\u0131rlanm\u0131\u015f z\u0259ifl\u0259dilmi\u015f canl\u0131 virusdur. \u0130stifad\u0259: \u0130\u00e7m\u0259li su il\u0259 t\u0259tbiq edilir.Doza: Qu\u015fun ya\u015f\u0131na g\u00f6r\u0259 7\u201380 ml su il\u0259.\u0130mmunitet: 10\u201315 g\u00fcn\u0259 formala\u015f\u0131r. \ud83d\udd01 Revaksinasiya: 8\u201312-ci h\u0259ft\u0259d\u0259 BI-VAC 2\u00b0 il\u0259.\u26a0\ufe0f Dezinfektans\u0131z su istifad\u0259 edin. Vaksini h\u0259ll etdikd\u0259n d\u0259rhal sonra istifad\u0259 edin&#8230;.<\/p>","protected":false},"featured_media":989550,"comment_status":"closed","ping_status":"closed","template":"","meta":{"nf_dc_page":"","_monsterinsights_skip_tracking":false,"_monsterinsights_sitenote_active":false,"_monsterinsights_sitenote_note":"","_monsterinsights_sitenote_category":0},"product_brand":[],"product_cat":[234,237,68],"product_tag":[],"class_list":{"0":"post-989544","1":"product","2":"type-product","3":"status-publish","4":"has-post-thumbnail","6":"product_cat-vaksinler","7":"product_cat-aktiv-vaksinler","8":"product_cat-poultry","10":"first","11":"instock","12":"shipping-taxable","13":"product-type-simple"},"jetpack_sharing_enabled":true,"_links":{"self":[{"href":"https:\/\/agrovetazerbaijan.az\/ru\/wp-json\/wp\/v2\/product\/989544","targetHints":{"allow":["GET"]}}],"collection":[{"href":"https:\/\/agrovetazerbaijan.az\/ru\/wp-json\/wp\/v2\/product"}],"about":[{"href":"https:\/\/agrovetazerbaijan.az\/ru\/wp-json\/wp\/v2\/types\/product"}],"replies":[{"embeddable":true,"href":"https:\/\/agrovetazerbaijan.az\/ru\/wp-json\/wp\/v2\/comments?post=989544"}],"version-history":[{"count":2,"href":"https:\/\/agrovetazerbaijan.az\/ru\/wp-json\/wp\/v2\/product\/989544\/revisions"}],"predecessor-version":[{"id":989829,"href":"https:\/\/agrovetazerbaijan.az\/ru\/wp-json\/wp\/v2\/product\/989544\/revisions\/989829"}],"wp:featuredmedia":[{"embeddable":true,"href":"https:\/\/agrovetazerbaijan.az\/ru\/wp-json\/wp\/v2\/media\/989550"}],"wp:attachment":[{"href":"https:\/\/agrovetazerbaijan.az\/ru\/wp-json\/wp\/v2\/media?parent=989544"}],"wp:term":[{"taxonomy":"product_brand","embeddable":true,"href":"https:\/\/agrovetazerbaijan.az\/ru\/wp-json\/wp\/v2\/product_brand?post=989544"},{"taxonomy":"product_cat","embeddable":true,"href":"https:\/\/agrovetazerbaijan.az\/ru\/wp-json\/wp\/v2\/product_cat?post=989544"},{"taxonomy":"product_tag","embeddable":true,"href":"https:\/\/agrovetazerbaijan.az\/ru\/wp-json\/wp\/v2\/product_tag?post=989544"}],"curies":[{"name":"WP","href":"https:\/\/api.w.org\/{rel}","templated":true}]}}